{"id":87,"date":"2021-04-22T20:25:33","date_gmt":"2021-04-22T18:25:33","guid":{"rendered":"https:\/\/pb.edu.pl\/tnopc\/?page_id=87"},"modified":"2022-11-24T10:58:13","modified_gmt":"2022-11-24T09:58:13","slug":"program-konferencji","status":"publish","type":"page","link":"https:\/\/pb.edu.pl\/tnopc\/dla-uczestnikow\/program-konferencji\/","title":{"rendered":"Program"},"content":{"rendered":"<p><a class=\"pdf\" title=\"otworzy si\u0119 w nowej karcie\" href=\"https:\/\/pb.edu.pl\/tnopc\/wp-content\/uploads\/sites\/66\/2022\/11\/Program_TNOPC_2022.pdf\" target=\"_blank\" rel=\"noopener noreferrer\"><i class=\"fal fa-file-pdf\"><\/i> Program szczeg\u00f3\u0142owy (PDF, 224 KB)<\/a><br \/>\n&nbsp;<\/p>\n<div class=\"h3 niebieski-tytul\">DZIE\u0143 I. 28 LISTOPADA 2022 (PONIEDZIA\u0141EK)<\/div>\n<p><span class=\"czarny\"><em>Transmisja na kanale Youtube:<\/em><\/span> <a href=\"https:\/\/youtu.be\/AlBg6LsZxAs\" title=\"otworzy si\u0119 w nowej karcie\" target=\"_blank\" rel=\"noopener\"><i class=\"fab fa-youtube\"><\/i>youtu.be\/AlBg6LsZxAs<\/a><\/p>\n<div class=\"h3 niebieski-tytul\">DZIE\u0143 II. 29 LISTOPADA 2022 (WTOREK)<\/div>\n<p><span class=\"czarny\"><em>Transmisja na kanale Youtube:<\/em><\/span> <a href=\"https:\/\/youtu.be\/1YEXSk45xGI\" title=\"otworzy si\u0119 w nowej karcie\" target=\"_blank\" rel=\"noopener\"><i class=\"fab fa-youtube\"><\/i>youtu.be\/1YEXSk45xGI<\/a><\/p>\n<div class=\"h3 niebieski-tytul\">DZIE\u0143 III. 30 LISTOPADA 2022 (\u015aRODA)<\/div>\n<p><span class=\"czarny\"><em>Transmisja na kanale Youtube:<\/em><\/span> <a href=\"https:\/\/youtu.be\/gQ6xZZKTM_8\" title=\"otworzy si\u0119 w nowej karcie\" target=\"_blank\" rel=\"noopener\"><i class=\"fab fa-youtube\"><\/i>youtu.be\/gQ6xZZKTM_8<\/a><br \/>\n&nbsp;<\/p>\n","protected":false},"excerpt":{"rendered":"<p>Program szczeg\u00f3\u0142owy (PDF, 224 KB) &nbsp; DZIE\u0143 I. 28 LISTOPADA 2022 (PONIEDZIA\u0141EK) Transmisja na kanale Youtube: youtu.be\/AlBg6LsZxAs DZIE\u0143 II. 29 LISTOPADA 2022 (WTOREK) Transmisja na kanale Youtube: youtu.be\/1YEXSk45xGI DZIE\u0143 III. 30 LISTOPADA 2022 (\u015aRODA) Transmisja na kanale Youtube: youtu.be\/gQ6xZZKTM_8 &nbsp;<\/p>\n","protected":false},"author":2,"featured_media":0,"parent":167,"menu_order":2,"comment_status":"closed","ping_status":"closed","template":"","meta":{"_acf_changed":false,"ngg_post_thumbnail":0,"footnotes":""},"class_list":["post-87","page","type-page","status-publish","hentry"],"acf":[],"yoast_head":"<!-- This site is optimized with the Yoast SEO plugin v27.0 - https:\/\/yoast.com\/product\/yoast-seo-wordpress\/ -->\n<title>Program Konferencji - TnOPC<\/title>\n<meta name=\"description\" content=\"Program sesji naukowych - referaty konferencyjne wyg\u0142osz\u0105 eksperci z kraju i zagranicy\" \/>\n<meta name=\"robots\" content=\"index, follow, max-snippet:-1, max-image-preview:large, max-video-preview:-1\" \/>\n<link rel=\"canonical\" href=\"https:\/\/pb.edu.pl\/tnopc\/dla-uczestnikow\/program-konferencji\/\" \/>\n<meta property=\"og:locale\" content=\"pl_PL\" \/>\n<meta property=\"og:type\" content=\"article\" \/>\n<meta property=\"og:title\" content=\"Program Konferencji - TnOPC\" \/>\n<meta property=\"og:description\" content=\"Program sesji naukowych - referaty konferencyjne wyg\u0142osz\u0105 eksperci z kraju i zagranicy\" \/>\n<meta property=\"og:url\" content=\"https:\/\/pb.edu.pl\/tnopc\/dla-uczestnikow\/program-konferencji\/\" \/>\n<meta property=\"og:site_name\" content=\"VII Mi\u0119dzynarodowa Konferencja Naukowa Turystyka na Obszarach Przyrodniczo Cennych - TnOPC\" \/>\n<meta property=\"article:modified_time\" content=\"2022-11-24T09:58:13+00:00\" \/>\n<meta name=\"twitter:card\" content=\"summary_large_image\" \/>\n<meta name=\"twitter:label1\" content=\"Szacowany czas czytania\" \/>\n\t<meta name=\"twitter:data1\" content=\"6 minut\" \/>\n<script type=\"application\/ld+json\" class=\"yoast-schema-graph\">{\"@context\":\"https:\/\/schema.org\",\"@graph\":[{\"@type\":\"WebPage\",\"@id\":\"https:\/\/pb.edu.pl\/tnopc\/dla-uczestnikow\/program-konferencji\/\",\"url\":\"https:\/\/pb.edu.pl\/tnopc\/dla-uczestnikow\/program-konferencji\/\",\"name\":\"Program Konferencji - TnOPC\",\"isPartOf\":{\"@id\":\"https:\/\/pb.edu.pl\/tnopc\/#website\"},\"datePublished\":\"2021-04-22T18:25:33+00:00\",\"dateModified\":\"2022-11-24T09:58:13+00:00\",\"description\":\"Program sesji naukowych - referaty konferencyjne wyg\u0142osz\u0105 eksperci z kraju i zagranicy\",\"breadcrumb\":{\"@id\":\"https:\/\/pb.edu.pl\/tnopc\/dla-uczestnikow\/program-konferencji\/#breadcrumb\"},\"inLanguage\":\"pl-PL\",\"potentialAction\":[{\"@type\":\"ReadAction\",\"target\":[\"https:\/\/pb.edu.pl\/tnopc\/dla-uczestnikow\/program-konferencji\/\"]}]},{\"@type\":\"BreadcrumbList\",\"@id\":\"https:\/\/pb.edu.pl\/tnopc\/dla-uczestnikow\/program-konferencji\/#breadcrumb\",\"itemListElement\":[{\"@type\":\"ListItem\",\"position\":1,\"name\":\"Strona g\u0142\u00f3wna\",\"item\":\"https:\/\/pb.edu.pl\/tnopc\/\"},{\"@type\":\"ListItem\",\"position\":2,\"name\":\"Dla uczestnik\u00f3w\",\"item\":\"https:\/\/pb.edu.pl\/tnopc\/dla-uczestnikow\/\"},{\"@type\":\"ListItem\",\"position\":3,\"name\":\"Program\"}]},{\"@type\":\"WebSite\",\"@id\":\"https:\/\/pb.edu.pl\/tnopc\/#website\",\"url\":\"https:\/\/pb.edu.pl\/tnopc\/\",\"name\":\"VII Mi\u0119dzynarodowa Konferencja Naukowa Turystyka na Obszarach Przyrodniczo Cennych - TnOPC\",\"description\":\"\",\"potentialAction\":[{\"@type\":\"SearchAction\",\"target\":{\"@type\":\"EntryPoint\",\"urlTemplate\":\"https:\/\/pb.edu.pl\/tnopc\/?s={search_term_string}\"},\"query-input\":{\"@type\":\"PropertyValueSpecification\",\"valueRequired\":true,\"valueName\":\"search_term_string\"}}],\"inLanguage\":\"pl-PL\"}]}<\/script>\n<!-- \/ Yoast SEO plugin. -->","yoast_head_json":{"title":"Program Konferencji - TnOPC","description":"Program sesji naukowych - referaty konferencyjne wyg\u0142osz\u0105 eksperci z kraju i zagranicy","robots":{"index":"index","follow":"follow","max-snippet":"max-snippet:-1","max-image-preview":"max-image-preview:large","max-video-preview":"max-video-preview:-1"},"canonical":"https:\/\/pb.edu.pl\/tnopc\/dla-uczestnikow\/program-konferencji\/","og_locale":"pl_PL","og_type":"article","og_title":"Program Konferencji - TnOPC","og_description":"Program sesji naukowych - referaty konferencyjne wyg\u0142osz\u0105 eksperci z kraju i zagranicy","og_url":"https:\/\/pb.edu.pl\/tnopc\/dla-uczestnikow\/program-konferencji\/","og_site_name":"VII Mi\u0119dzynarodowa Konferencja Naukowa Turystyka na Obszarach Przyrodniczo Cennych - TnOPC","article_modified_time":"2022-11-24T09:58:13+00:00","twitter_card":"summary_large_image","twitter_misc":{"Szacowany czas czytania":"6 minut"},"schema":{"@context":"https:\/\/schema.org","@graph":[{"@type":"WebPage","@id":"https:\/\/pb.edu.pl\/tnopc\/dla-uczestnikow\/program-konferencji\/","url":"https:\/\/pb.edu.pl\/tnopc\/dla-uczestnikow\/program-konferencji\/","name":"Program Konferencji - TnOPC","isPartOf":{"@id":"https:\/\/pb.edu.pl\/tnopc\/#website"},"datePublished":"2021-04-22T18:25:33+00:00","dateModified":"2022-11-24T09:58:13+00:00","description":"Program sesji naukowych - referaty konferencyjne wyg\u0142osz\u0105 eksperci z kraju i zagranicy","breadcrumb":{"@id":"https:\/\/pb.edu.pl\/tnopc\/dla-uczestnikow\/program-konferencji\/#breadcrumb"},"inLanguage":"pl-PL","potentialAction":[{"@type":"ReadAction","target":["https:\/\/pb.edu.pl\/tnopc\/dla-uczestnikow\/program-konferencji\/"]}]},{"@type":"BreadcrumbList","@id":"https:\/\/pb.edu.pl\/tnopc\/dla-uczestnikow\/program-konferencji\/#breadcrumb","itemListElement":[{"@type":"ListItem","position":1,"name":"Strona g\u0142\u00f3wna","item":"https:\/\/pb.edu.pl\/tnopc\/"},{"@type":"ListItem","position":2,"name":"Dla uczestnik\u00f3w","item":"https:\/\/pb.edu.pl\/tnopc\/dla-uczestnikow\/"},{"@type":"ListItem","position":3,"name":"Program"}]},{"@type":"WebSite","@id":"https:\/\/pb.edu.pl\/tnopc\/#website","url":"https:\/\/pb.edu.pl\/tnopc\/","name":"VII Mi\u0119dzynarodowa Konferencja Naukowa Turystyka na Obszarach Przyrodniczo Cennych - TnOPC","description":"","potentialAction":[{"@type":"SearchAction","target":{"@type":"EntryPoint","urlTemplate":"https:\/\/pb.edu.pl\/tnopc\/?s={search_term_string}"},"query-input":{"@type":"PropertyValueSpecification","valueRequired":true,"valueName":"search_term_string"}}],"inLanguage":"pl-PL"}]}},"_links":{"self":[{"href":"https:\/\/pb.edu.pl\/tnopc\/wp-json\/wp\/v2\/pages\/87","targetHints":{"allow":["GET"]}}],"collection":[{"href":"https:\/\/pb.edu.pl\/tnopc\/wp-json\/wp\/v2\/pages"}],"about":[{"href":"https:\/\/pb.edu.pl\/tnopc\/wp-json\/wp\/v2\/types\/page"}],"author":[{"embeddable":true,"href":"https:\/\/pb.edu.pl\/tnopc\/wp-json\/wp\/v2\/users\/2"}],"replies":[{"embeddable":true,"href":"https:\/\/pb.edu.pl\/tnopc\/wp-json\/wp\/v2\/comments?post=87"}],"version-history":[{"count":0,"href":"https:\/\/pb.edu.pl\/tnopc\/wp-json\/wp\/v2\/pages\/87\/revisions"}],"up":[{"embeddable":true,"href":"https:\/\/pb.edu.pl\/tnopc\/wp-json\/wp\/v2\/pages\/167"}],"wp:attachment":[{"href":"https:\/\/pb.edu.pl\/tnopc\/wp-json\/wp\/v2\/media?parent=87"}],"curies":[{"name":"wp","href":"https:\/\/api.w.org\/{rel}","templated":true}]}}