{"id":55,"date":"2021-04-22T19:17:55","date_gmt":"2021-04-22T17:17:55","guid":{"rendered":"https:\/\/pb.edu.pl\/tnopc\/?page_id=55"},"modified":"2022-11-23T09:48:13","modified_gmt":"2022-11-23T08:48:13","slug":"rejestracja","status":"publish","type":"page","link":"https:\/\/pb.edu.pl\/tnopc\/dla-uczestnikow\/rejestracja\/","title":{"rendered":"Rejestracja"},"content":{"rendered":"<p><strong style=\"color: #247212\"> Dzi\u0119kujemy. Rejestracja zosta\u0142a zako\u0144czona<\/strong><\/p>\n","protected":false},"excerpt":{"rendered":"<p>Dzi\u0119kujemy. Rejestracja zosta\u0142a zako\u0144czona<\/p>\n","protected":false},"author":2,"featured_media":0,"parent":167,"menu_order":1,"comment_status":"closed","ping_status":"closed","template":"","meta":{"_acf_changed":false,"ngg_post_thumbnail":0,"footnotes":""},"class_list":["post-55","page","type-page","status-publish","hentry"],"acf":[],"yoast_head":"<!-- This site is optimized with the Yoast SEO plugin v27.0 - https:\/\/yoast.com\/product\/yoast-seo-wordpress\/ -->\n<title>Rejestracja - TnOPC<\/title>\n<meta name=\"description\" content=\"Formularz rejestracyjny na VII Mi\u0119dzynarodow\u0105 Konferencj\u0119 Naukow\u0105 Turystyka na Obszarach Przyrodniczo Cennych\" \/>\n<meta name=\"robots\" content=\"index, follow, max-snippet:-1, max-image-preview:large, max-video-preview:-1\" \/>\n<link rel=\"canonical\" href=\"https:\/\/pb.edu.pl\/tnopc\/dla-uczestnikow\/rejestracja\/\" \/>\n<meta property=\"og:locale\" content=\"pl_PL\" \/>\n<meta property=\"og:type\" content=\"article\" \/>\n<meta property=\"og:title\" content=\"Rejestracja - TnOPC\" \/>\n<meta property=\"og:description\" content=\"Formularz rejestracyjny na VII Mi\u0119dzynarodow\u0105 Konferencj\u0119 Naukow\u0105 Turystyka na Obszarach Przyrodniczo Cennych\" \/>\n<meta property=\"og:url\" content=\"https:\/\/pb.edu.pl\/tnopc\/dla-uczestnikow\/rejestracja\/\" \/>\n<meta property=\"og:site_name\" content=\"VII Mi\u0119dzynarodowa Konferencja Naukowa Turystyka na Obszarach Przyrodniczo Cennych - TnOPC\" \/>\n<meta property=\"article:modified_time\" content=\"2022-11-23T08:48:13+00:00\" \/>\n<meta name=\"twitter:card\" content=\"summary_large_image\" \/>\n<script type=\"application\/ld+json\" class=\"yoast-schema-graph\">{\"@context\":\"https:\/\/schema.org\",\"@graph\":[{\"@type\":\"WebPage\",\"@id\":\"https:\/\/pb.edu.pl\/tnopc\/dla-uczestnikow\/rejestracja\/\",\"url\":\"https:\/\/pb.edu.pl\/tnopc\/dla-uczestnikow\/rejestracja\/\",\"name\":\"Rejestracja - TnOPC\",\"isPartOf\":{\"@id\":\"https:\/\/pb.edu.pl\/tnopc\/#website\"},\"datePublished\":\"2021-04-22T17:17:55+00:00\",\"dateModified\":\"2022-11-23T08:48:13+00:00\",\"description\":\"Formularz rejestracyjny na VII Mi\u0119dzynarodow\u0105 Konferencj\u0119 Naukow\u0105 Turystyka na Obszarach Przyrodniczo Cennych\",\"breadcrumb\":{\"@id\":\"https:\/\/pb.edu.pl\/tnopc\/dla-uczestnikow\/rejestracja\/#breadcrumb\"},\"inLanguage\":\"pl-PL\",\"potentialAction\":[{\"@type\":\"ReadAction\",\"target\":[\"https:\/\/pb.edu.pl\/tnopc\/dla-uczestnikow\/rejestracja\/\"]}]},{\"@type\":\"BreadcrumbList\",\"@id\":\"https:\/\/pb.edu.pl\/tnopc\/dla-uczestnikow\/rejestracja\/#breadcrumb\",\"itemListElement\":[{\"@type\":\"ListItem\",\"position\":1,\"name\":\"Strona g\u0142\u00f3wna\",\"item\":\"https:\/\/pb.edu.pl\/tnopc\/\"},{\"@type\":\"ListItem\",\"position\":2,\"name\":\"Dla uczestnik\u00f3w\",\"item\":\"https:\/\/pb.edu.pl\/tnopc\/dla-uczestnikow\/\"},{\"@type\":\"ListItem\",\"position\":3,\"name\":\"Rejestracja\"}]},{\"@type\":\"WebSite\",\"@id\":\"https:\/\/pb.edu.pl\/tnopc\/#website\",\"url\":\"https:\/\/pb.edu.pl\/tnopc\/\",\"name\":\"VII Mi\u0119dzynarodowa Konferencja Naukowa Turystyka na Obszarach Przyrodniczo Cennych - TnOPC\",\"description\":\"\",\"potentialAction\":[{\"@type\":\"SearchAction\",\"target\":{\"@type\":\"EntryPoint\",\"urlTemplate\":\"https:\/\/pb.edu.pl\/tnopc\/?s={search_term_string}\"},\"query-input\":{\"@type\":\"PropertyValueSpecification\",\"valueRequired\":true,\"valueName\":\"search_term_string\"}}],\"inLanguage\":\"pl-PL\"}]}<\/script>\n<!-- \/ Yoast SEO plugin. -->","yoast_head_json":{"title":"Rejestracja - TnOPC","description":"Formularz rejestracyjny na VII Mi\u0119dzynarodow\u0105 Konferencj\u0119 Naukow\u0105 Turystyka na Obszarach Przyrodniczo Cennych","robots":{"index":"index","follow":"follow","max-snippet":"max-snippet:-1","max-image-preview":"max-image-preview:large","max-video-preview":"max-video-preview:-1"},"canonical":"https:\/\/pb.edu.pl\/tnopc\/dla-uczestnikow\/rejestracja\/","og_locale":"pl_PL","og_type":"article","og_title":"Rejestracja - TnOPC","og_description":"Formularz rejestracyjny na VII Mi\u0119dzynarodow\u0105 Konferencj\u0119 Naukow\u0105 Turystyka na Obszarach Przyrodniczo Cennych","og_url":"https:\/\/pb.edu.pl\/tnopc\/dla-uczestnikow\/rejestracja\/","og_site_name":"VII Mi\u0119dzynarodowa Konferencja Naukowa Turystyka na Obszarach Przyrodniczo Cennych - TnOPC","article_modified_time":"2022-11-23T08:48:13+00:00","twitter_card":"summary_large_image","schema":{"@context":"https:\/\/schema.org","@graph":[{"@type":"WebPage","@id":"https:\/\/pb.edu.pl\/tnopc\/dla-uczestnikow\/rejestracja\/","url":"https:\/\/pb.edu.pl\/tnopc\/dla-uczestnikow\/rejestracja\/","name":"Rejestracja - TnOPC","isPartOf":{"@id":"https:\/\/pb.edu.pl\/tnopc\/#website"},"datePublished":"2021-04-22T17:17:55+00:00","dateModified":"2022-11-23T08:48:13+00:00","description":"Formularz rejestracyjny na VII Mi\u0119dzynarodow\u0105 Konferencj\u0119 Naukow\u0105 Turystyka na Obszarach Przyrodniczo Cennych","breadcrumb":{"@id":"https:\/\/pb.edu.pl\/tnopc\/dla-uczestnikow\/rejestracja\/#breadcrumb"},"inLanguage":"pl-PL","potentialAction":[{"@type":"ReadAction","target":["https:\/\/pb.edu.pl\/tnopc\/dla-uczestnikow\/rejestracja\/"]}]},{"@type":"BreadcrumbList","@id":"https:\/\/pb.edu.pl\/tnopc\/dla-uczestnikow\/rejestracja\/#breadcrumb","itemListElement":[{"@type":"ListItem","position":1,"name":"Strona g\u0142\u00f3wna","item":"https:\/\/pb.edu.pl\/tnopc\/"},{"@type":"ListItem","position":2,"name":"Dla uczestnik\u00f3w","item":"https:\/\/pb.edu.pl\/tnopc\/dla-uczestnikow\/"},{"@type":"ListItem","position":3,"name":"Rejestracja"}]},{"@type":"WebSite","@id":"https:\/\/pb.edu.pl\/tnopc\/#website","url":"https:\/\/pb.edu.pl\/tnopc\/","name":"VII Mi\u0119dzynarodowa Konferencja Naukowa Turystyka na Obszarach Przyrodniczo Cennych - TnOPC","description":"","potentialAction":[{"@type":"SearchAction","target":{"@type":"EntryPoint","urlTemplate":"https:\/\/pb.edu.pl\/tnopc\/?s={search_term_string}"},"query-input":{"@type":"PropertyValueSpecification","valueRequired":true,"valueName":"search_term_string"}}],"inLanguage":"pl-PL"}]}},"_links":{"self":[{"href":"https:\/\/pb.edu.pl\/tnopc\/wp-json\/wp\/v2\/pages\/55","targetHints":{"allow":["GET"]}}],"collection":[{"href":"https:\/\/pb.edu.pl\/tnopc\/wp-json\/wp\/v2\/pages"}],"about":[{"href":"https:\/\/pb.edu.pl\/tnopc\/wp-json\/wp\/v2\/types\/page"}],"author":[{"embeddable":true,"href":"https:\/\/pb.edu.pl\/tnopc\/wp-json\/wp\/v2\/users\/2"}],"replies":[{"embeddable":true,"href":"https:\/\/pb.edu.pl\/tnopc\/wp-json\/wp\/v2\/comments?post=55"}],"version-history":[{"count":0,"href":"https:\/\/pb.edu.pl\/tnopc\/wp-json\/wp\/v2\/pages\/55\/revisions"}],"up":[{"embeddable":true,"href":"https:\/\/pb.edu.pl\/tnopc\/wp-json\/wp\/v2\/pages\/167"}],"wp:attachment":[{"href":"https:\/\/pb.edu.pl\/tnopc\/wp-json\/wp\/v2\/media?parent=55"}],"curies":[{"name":"wp","href":"https:\/\/api.w.org\/{rel}","templated":true}]}}