{"id":472,"date":"2021-07-08T18:05:56","date_gmt":"2021-07-08T16:05:56","guid":{"rendered":"https:\/\/pb.edu.pl\/tnopc\/?page_id=472"},"modified":"2022-09-06T19:41:19","modified_gmt":"2022-09-06T17:41:19","slug":"forum-idei-miast-turystycznych","status":"publish","type":"page","link":"https:\/\/pb.edu.pl\/tnopc\/o-konferencji\/forum-idei-miast-turystycznych\/","title":{"rendered":"Forum Idei Miast Turystycznych"},"content":{"rendered":"<p>Konferencja \u201eTurystyka na obszarach przyrodniczo cennych\u201d jest miejscem wyj\u0105tkowego dialogu naukowc\u00f3w i praktyk\u00f3w, w tym tak\u017ce reprezentant\u00f3w \u015brodowisk samorz\u0105dowych i biznesowych. Umo\u017cliwienie debaty samorz\u0105dowc\u00f3w i ekspert\u00f3w na temat problem\u00f3w rozwoju miast turystycznych, planowania przestrzennego, rozwoju gospodarczego czy problem\u00f3w depopulacji stanowi wyj\u0105tkow\u0105 warto\u015b\u0107 konferencji.<\/p>\n<p>Harmonizacja rozwoju miast i turystyki z wymogami ochrony \u015brodowiska staje si\u0119 obszarem koniecznej wsp\u00f3\u0142pracy instytucji i \u015brodowisko samorz\u0105dowych. Podczas tegorocznego X Forum Idei Miast Turystycznych eksperci i burmistrzowie miast turystycznych prowadzi\u0107 b\u0119d\u0105 dyskusj\u0119 pt.: \u201eStrategie rozwoju miast turystycznych &#8211; dylematy, planowania i u\u017cyteczno\u015bci\u201d.<\/p>\n","protected":false},"excerpt":{"rendered":"<p>Konferencja \u201eTurystyka na obszarach przyrodniczo cennych\u201d jest miejscem wyj\u0105tkowego dialogu naukowc\u00f3w i praktyk\u00f3w, w tym tak\u017ce reprezentant\u00f3w \u015brodowisk samorz\u0105dowych i biznesowych. Umo\u017cliwienie debaty samorz\u0105dowc\u00f3w i ekspert\u00f3w na temat problem\u00f3w rozwoju miast turystycznych, planowania przestrzennego, rozwoju gospodarczego czy problem\u00f3w depopulacji stanowi wyj\u0105tkow\u0105 warto\u015b\u0107 konferencji. Harmonizacja rozwoju miast i turystyki z wymogami ochrony \u015brodowiska staje si\u0119 obszarem [&hellip;]<\/p>\n","protected":false},"author":2,"featured_media":0,"parent":41,"menu_order":8,"comment_status":"closed","ping_status":"closed","template":"","meta":{"_acf_changed":false,"ngg_post_thumbnail":0,"footnotes":""},"class_list":["post-472","page","type-page","status-publish","hentry"],"acf":[],"yoast_head":"<!-- This site is optimized with the Yoast SEO plugin v27.0 - https:\/\/yoast.com\/product\/yoast-seo-wordpress\/ -->\n<title>Forum Idei Miast Turystycznych - TnOPC<\/title>\n<meta name=\"description\" content=\"Wyj\u0105tkowe miejsce dialogu naukowc\u00f3w i praktyk\u00f3w oraz reprezentant\u00f3w \u015brodowisk samorz\u0105dowych i biznesowych\" \/>\n<meta name=\"robots\" content=\"index, follow, max-snippet:-1, max-image-preview:large, max-video-preview:-1\" \/>\n<link rel=\"canonical\" href=\"https:\/\/pb.edu.pl\/tnopc\/o-konferencji\/forum-idei-miast-turystycznych\/\" \/>\n<meta property=\"og:locale\" content=\"pl_PL\" \/>\n<meta property=\"og:type\" content=\"article\" \/>\n<meta property=\"og:title\" content=\"Forum Idei Miast Turystycznych - TnOPC\" \/>\n<meta property=\"og:description\" content=\"Wyj\u0105tkowe miejsce dialogu naukowc\u00f3w i praktyk\u00f3w oraz reprezentant\u00f3w \u015brodowisk samorz\u0105dowych i biznesowych\" \/>\n<meta property=\"og:url\" content=\"https:\/\/pb.edu.pl\/tnopc\/o-konferencji\/forum-idei-miast-turystycznych\/\" \/>\n<meta property=\"og:site_name\" content=\"VII Mi\u0119dzynarodowa Konferencja Naukowa Turystyka na Obszarach Przyrodniczo Cennych - TnOPC\" \/>\n<meta property=\"article:modified_time\" content=\"2022-09-06T17:41:19+00:00\" \/>\n<meta name=\"twitter:card\" content=\"summary_large_image\" \/>\n<meta name=\"twitter:label1\" content=\"Szacowany czas czytania\" \/>\n\t<meta name=\"twitter:data1\" content=\"1 minuta\" \/>\n<script type=\"application\/ld+json\" class=\"yoast-schema-graph\">{\"@context\":\"https:\/\/schema.org\",\"@graph\":[{\"@type\":\"WebPage\",\"@id\":\"https:\/\/pb.edu.pl\/tnopc\/o-konferencji\/forum-idei-miast-turystycznych\/\",\"url\":\"https:\/\/pb.edu.pl\/tnopc\/o-konferencji\/forum-idei-miast-turystycznych\/\",\"name\":\"Forum Idei Miast Turystycznych - TnOPC\",\"isPartOf\":{\"@id\":\"https:\/\/pb.edu.pl\/tnopc\/#website\"},\"datePublished\":\"2021-07-08T16:05:56+00:00\",\"dateModified\":\"2022-09-06T17:41:19+00:00\",\"description\":\"Wyj\u0105tkowe miejsce dialogu naukowc\u00f3w i praktyk\u00f3w oraz reprezentant\u00f3w \u015brodowisk samorz\u0105dowych i biznesowych\",\"breadcrumb\":{\"@id\":\"https:\/\/pb.edu.pl\/tnopc\/o-konferencji\/forum-idei-miast-turystycznych\/#breadcrumb\"},\"inLanguage\":\"pl-PL\",\"potentialAction\":[{\"@type\":\"ReadAction\",\"target\":[\"https:\/\/pb.edu.pl\/tnopc\/o-konferencji\/forum-idei-miast-turystycznych\/\"]}]},{\"@type\":\"BreadcrumbList\",\"@id\":\"https:\/\/pb.edu.pl\/tnopc\/o-konferencji\/forum-idei-miast-turystycznych\/#breadcrumb\",\"itemListElement\":[{\"@type\":\"ListItem\",\"position\":1,\"name\":\"Strona g\u0142\u00f3wna\",\"item\":\"https:\/\/pb.edu.pl\/tnopc\/\"},{\"@type\":\"ListItem\",\"position\":2,\"name\":\"O konferencji\",\"item\":\"https:\/\/pb.edu.pl\/tnopc\/o-konferencji\/\"},{\"@type\":\"ListItem\",\"position\":3,\"name\":\"Forum Idei Miast Turystycznych\"}]},{\"@type\":\"WebSite\",\"@id\":\"https:\/\/pb.edu.pl\/tnopc\/#website\",\"url\":\"https:\/\/pb.edu.pl\/tnopc\/\",\"name\":\"VII Mi\u0119dzynarodowa Konferencja Naukowa Turystyka na Obszarach Przyrodniczo Cennych - TnOPC\",\"description\":\"\",\"potentialAction\":[{\"@type\":\"SearchAction\",\"target\":{\"@type\":\"EntryPoint\",\"urlTemplate\":\"https:\/\/pb.edu.pl\/tnopc\/?s={search_term_string}\"},\"query-input\":{\"@type\":\"PropertyValueSpecification\",\"valueRequired\":true,\"valueName\":\"search_term_string\"}}],\"inLanguage\":\"pl-PL\"}]}<\/script>\n<!-- \/ Yoast SEO plugin. -->","yoast_head_json":{"title":"Forum Idei Miast Turystycznych - TnOPC","description":"Wyj\u0105tkowe miejsce dialogu naukowc\u00f3w i praktyk\u00f3w oraz reprezentant\u00f3w \u015brodowisk samorz\u0105dowych i biznesowych","robots":{"index":"index","follow":"follow","max-snippet":"max-snippet:-1","max-image-preview":"max-image-preview:large","max-video-preview":"max-video-preview:-1"},"canonical":"https:\/\/pb.edu.pl\/tnopc\/o-konferencji\/forum-idei-miast-turystycznych\/","og_locale":"pl_PL","og_type":"article","og_title":"Forum Idei Miast Turystycznych - TnOPC","og_description":"Wyj\u0105tkowe miejsce dialogu naukowc\u00f3w i praktyk\u00f3w oraz reprezentant\u00f3w \u015brodowisk samorz\u0105dowych i biznesowych","og_url":"https:\/\/pb.edu.pl\/tnopc\/o-konferencji\/forum-idei-miast-turystycznych\/","og_site_name":"VII Mi\u0119dzynarodowa Konferencja Naukowa Turystyka na Obszarach Przyrodniczo Cennych - TnOPC","article_modified_time":"2022-09-06T17:41:19+00:00","twitter_card":"summary_large_image","twitter_misc":{"Szacowany czas czytania":"1 minuta"},"schema":{"@context":"https:\/\/schema.org","@graph":[{"@type":"WebPage","@id":"https:\/\/pb.edu.pl\/tnopc\/o-konferencji\/forum-idei-miast-turystycznych\/","url":"https:\/\/pb.edu.pl\/tnopc\/o-konferencji\/forum-idei-miast-turystycznych\/","name":"Forum Idei Miast Turystycznych - TnOPC","isPartOf":{"@id":"https:\/\/pb.edu.pl\/tnopc\/#website"},"datePublished":"2021-07-08T16:05:56+00:00","dateModified":"2022-09-06T17:41:19+00:00","description":"Wyj\u0105tkowe miejsce dialogu naukowc\u00f3w i praktyk\u00f3w oraz reprezentant\u00f3w \u015brodowisk samorz\u0105dowych i biznesowych","breadcrumb":{"@id":"https:\/\/pb.edu.pl\/tnopc\/o-konferencji\/forum-idei-miast-turystycznych\/#breadcrumb"},"inLanguage":"pl-PL","potentialAction":[{"@type":"ReadAction","target":["https:\/\/pb.edu.pl\/tnopc\/o-konferencji\/forum-idei-miast-turystycznych\/"]}]},{"@type":"BreadcrumbList","@id":"https:\/\/pb.edu.pl\/tnopc\/o-konferencji\/forum-idei-miast-turystycznych\/#breadcrumb","itemListElement":[{"@type":"ListItem","position":1,"name":"Strona g\u0142\u00f3wna","item":"https:\/\/pb.edu.pl\/tnopc\/"},{"@type":"ListItem","position":2,"name":"O konferencji","item":"https:\/\/pb.edu.pl\/tnopc\/o-konferencji\/"},{"@type":"ListItem","position":3,"name":"Forum Idei Miast Turystycznych"}]},{"@type":"WebSite","@id":"https:\/\/pb.edu.pl\/tnopc\/#website","url":"https:\/\/pb.edu.pl\/tnopc\/","name":"VII Mi\u0119dzynarodowa Konferencja Naukowa Turystyka na Obszarach Przyrodniczo Cennych - TnOPC","description":"","potentialAction":[{"@type":"SearchAction","target":{"@type":"EntryPoint","urlTemplate":"https:\/\/pb.edu.pl\/tnopc\/?s={search_term_string}"},"query-input":{"@type":"PropertyValueSpecification","valueRequired":true,"valueName":"search_term_string"}}],"inLanguage":"pl-PL"}]}},"_links":{"self":[{"href":"https:\/\/pb.edu.pl\/tnopc\/wp-json\/wp\/v2\/pages\/472","targetHints":{"allow":["GET"]}}],"collection":[{"href":"https:\/\/pb.edu.pl\/tnopc\/wp-json\/wp\/v2\/pages"}],"about":[{"href":"https:\/\/pb.edu.pl\/tnopc\/wp-json\/wp\/v2\/types\/page"}],"author":[{"embeddable":true,"href":"https:\/\/pb.edu.pl\/tnopc\/wp-json\/wp\/v2\/users\/2"}],"replies":[{"embeddable":true,"href":"https:\/\/pb.edu.pl\/tnopc\/wp-json\/wp\/v2\/comments?post=472"}],"version-history":[{"count":0,"href":"https:\/\/pb.edu.pl\/tnopc\/wp-json\/wp\/v2\/pages\/472\/revisions"}],"up":[{"embeddable":true,"href":"https:\/\/pb.edu.pl\/tnopc\/wp-json\/wp\/v2\/pages\/41"}],"wp:attachment":[{"href":"https:\/\/pb.edu.pl\/tnopc\/wp-json\/wp\/v2\/media?parent=472"}],"curies":[{"name":"wp","href":"https:\/\/api.w.org\/{rel}","templated":true}]}}