{"id":464,"date":"2021-07-08T17:57:14","date_gmt":"2021-07-08T15:57:14","guid":{"rendered":"https:\/\/pb.edu.pl\/tnopc\/?page_id=464"},"modified":"2022-09-06T19:39:05","modified_gmt":"2022-09-06T17:39:05","slug":"organizatorzy","status":"publish","type":"page","link":"https:\/\/pb.edu.pl\/tnopc\/o-konferencji\/organizatorzy\/","title":{"rendered":"Organizatorzy"},"content":{"rendered":"<p>&nbsp;<\/p>\n<div class=\"h3\">Instytut Nauk Le\u015bnych Politechniki Bia\u0142ostockiej<\/div>\n<p>Instytut Nauk Le\u015bnych Politechniki Bia\u0142ostockiej (INL PB) zosta\u0142 powo\u0142any z dniem 1 pa\u017adziernika 2019 roku. Prowadzi szerok\u0105 dzia\u0142alno\u015b\u0107 w dziedzinie nauk le\u015bnych, z wykorzystaniem nowoczesnej bazy laboratoryjnej, we wsp\u00f3\u0142pracy krajowej i mi\u0119dzynarodowej.<br \/>\nINL PB sukcesywnie realizuje wiele projekt\u00f3w w interdyscyplinarnych zespo\u0142ach ekspert\u00f3w, kt\u00f3rych to po\u0142\u0105czenie wiedzy, do\u015bwiadczenia, zaanga\u017cowania i pasji, zapewnia sukcesywne osi\u0105ganie dotychczasowych zamierze\u0144 i potencja\u0142 na realizacj\u0119 kolejnych, nowo stawianych cel\u00f3w.<\/p>\n<p>Aktualnie, wiod\u0105cy obszar bada\u0144 INL PB to pozyskiwanie i mo\u017cliwo\u015bci zastosowa\u0144 substancji czynnych z grzyb\u00f3w i ro\u015blin jako sk\u0142adnik\u00f3w potencjalnych lek\u00f3w, suplement\u00f3w, dodatk\u00f3w wykorzystywanych m.in. w medycynie, weterynarii, rolnictwie.<br \/>\nINL PB prowadzi szerok\u0105 rozumian\u0105 wsp\u00f3\u0142prac\u0119 z jednostkami naukowo-badawczymi w kraju i zagranic\u0105, a tak\u017ce z jednostkami Las\u00f3w Pa\u0144stwowych. W\u0142\u0105cza si\u0119 w r\u00f3\u017cnego rodzaju przedsi\u0119wzi\u0119cia i wydarzenia, kt\u00f3re s\u0105 m.in. zwi\u0105zane z potrzebami w\u0142a\u015bciwego gospodarowania oraz ochrony \u015brodowiska naturalnego i przysz\u0142o\u015bci Puszczy Bia\u0142owieskiej.<br \/>\nEfektem dzia\u0142a\u0144 INL PB s\u0105 liczne innowacyjne, krajowe i mi\u0119dzynarodowe projekty oraz patenty.<\/p>\n<p>Zainteresowania naukowe jednego z zespo\u0142\u00f3w badawczych doprowadzi\u0142y do utworzenia w 2017 roku innowacyjnego przedsi\u0119wzi\u0119cia w skali Polski (Europy a mo\u017ce i \u015bwiata), jakim jest <a title=\"otworzy si\u0119 w nowej karcie\" href=\"http:\/\/fungiextractbank.com\" target=\"_blank\" rel=\"noopener\">\u201eFungi Extract Bank \u2013 Bank Ekstrakt\u00f3w z Grzyb\u00f3w\u201d<\/a>, b\u0119d\u0105cy kolekcj\u0105 ekstrakt\u00f3w z kilkuset gatunk\u00f3w grzyb\u00f3w wielkoowocnikowych. Fungi Extract Bank jest punktem wyj\u015bcia do szeregu wsp\u00f3\u0142prac krajowych i mi\u0119dzynarodowych oraz podstaw\u0105 realizowanych projekt\u00f3w B+R, m.in. projektu \u201eFUMASTI \u2013 innowacyjna kompozycja do leczenia i przeciwdzia\u0142ania stanom zapalnym gruczo\u0142u mlekowego (mastitis) u byd\u0142a mlecznego\u201d. Spo\u015br\u00f3d innych dzia\u0142a\u0144, aktualnie realizowany jest m.in. projekt: \u201eRhodiola rosea \u2013 innowacyjna uprawa, innowacyjny surowiec\u201d.<\/p>\n<p>Kolejnym wa\u017cnym kierunkiem bada\u0144 jest podejmowanie temat\u00f3w zwi\u0105zanych z ochron\u0105 \u015brodowiska, dotycz\u0105cych nale\u017cytej ochrony zasob\u00f3w przyrodniczych w idei zr\u00f3wnowa\u017conego rozwoju, a szczeg\u00f3lnie w aspekcie turystyki na obszarach przyrodniczo cennych i bior\u00f3\u017cnorodno\u015bci Puszczy Bia\u0142owieskiej. Odzwierciedleniem troski o przysz\u0142o\u015bciowy rozw\u00f3j spo\u0142eczno-ekonomiczny, w uwzgl\u0119dnieniu integralno\u015bci z ochron\u0105 \u015brodowiska naturalnego, jest organizacja cyklicznego wydarzenia: Mi\u0119dzynarodowej Konferencji Naukowej \u201eTurystyka na obszarach przyrodniczo cennych\u201d. W efekcie realizacji ka\u017cdej edycji konferencji powstaje m.in. wyj\u0105tkowy zbi\u00f3r rekomendacji \u015brodowiskowych, spo\u0142ecznych i gospodarczych, kt\u00f3re s\u0105 publikowane w pokonferencyjnej monografii naukowej.<\/p>\n<p>&nbsp;<\/p>\n<div class=\"h2\">Instytut Kronenberga &#8211; Fundacja Przysz\u0142o\u015bci Obszar\u00f3w Chronionych<\/div>\n<p>Instytut Kronenberga &#8211; Fundacja Przysz\u0142o\u015bci Obszar\u00f3w Chronionych jest organizacj\u0105 pozarz\u0105dow\u0105 za\u0142o\u017con\u0105 3 marca 2015 roku. Fundacja swoj\u0105 siedzib\u0119 ma w Bia\u0142owieskim Parku Narodowym. Zosta\u0142a za\u0142o\u017cona przez grup\u0119 specjalist\u00f3w, \u015bwiadomych jak wa\u017cne s\u0105 relacje pomi\u0119dzy cz\u0142owiekiem a \u015brodowiskiem przyrodniczym i kulturowym. Za\u0142o\u017cycielami Instytutu Kronenberga s\u0105 nauczyciele akademiccy, urbani\u015bci, architekci, specjali\u015bci od ochrony \u015brodowiska i kszta\u0142towania przestrzeni, eksperci w zakresie planowania strategicznego i zarz\u0105dzania marketingowego.<\/p>\n<p>Patronem fundacji jest prof. Walerian Kronenberg, jeden z najwi\u0119kszych polskich planist\u00f3w za\u0142o\u017ce\u0144 parkowych i ogrodowych (300 realizacji, w tym projekty Parku Pa\u0142acowego i Parku Dyrekcyjnego w Bia\u0142owie\u017cy). Promotor stylu kaligraficznego i obwodnicowego.<br \/>\nG\u0142\u00f3wnym celem Instytutu Kronenberga jest animowanie dialogu mi\u0119dzy specjalistami z zakresu dziedzictwa kulturowego i przyrodniczego, samorz\u0105dami lokalnymi i podmiotami gospodarczymi funkcjonuj\u0105cymi na obszarach przyrodniczo cennych oraz inicjowanie bada\u0144 \u015brodowiskowych, spo\u0142ecznych i ekonomicznych.<\/p>\n<p>Za\u0142o\u017cyciele fundacji realizuj\u0105 misj\u0119 promowania zr\u00f3wnowa\u017conego rozwoju i planowania zintegrowanego. Instytut Kronenberga wsp\u00f3\u0142pracuje z podlaskimi uczelniami, przede wszystkim z Politechnik\u0105 Bia\u0142ostock\u0105 i Uniwersytetem w Bia\u0142ymstoku, a tak\u017ce z wieloma samorz\u0105dami i instytucjami. Od pocz\u0105tku swojego funkcjonowania Instytut Kronenberga jest inicjatorem i wsp\u00f3\u0142organizatorem wielu konferencji i seminari\u00f3w, w tym mi\u0119dzy innymi, Mi\u0119dzynarodowych Konferencji Naukowych \u201eTurystyka na obszarach przyrodniczo cennych\u201d, Og\u00f3lnopolskiej Konferencj\u0119 \u201e\u015arodowisko \u2013 Nauka \u2013 Odpowiedzialno\u015b\u0107\u201d. Og\u00f3lnopolskiej Konferencji \u201ePlanowanie przestrzenne jako instrument rozwoju spo\u0142eczno-gospodarczego miast powiatowych i powiat\u00f3w\u201d oraz M\u0142odzie\u017cowych Konferencji Naukowych. Organizacja raz w roku przyznaje Nagrod\u0119 Kronenberga \u201eOmne Trinum Perfectum\u201d &#8211; Biznes \u2013 \u015arodowisko \u2013 Dziedzictwo, kt\u00f3r\u0105 honorowane s\u0105 osoby prowadz\u0105ce swoje przedsi\u0119biorstwa z poszanowaniem dziedzictwa przyrodniczego i kulturowego. Instytut Kronenberga jest tak\u017ce organizatorem \u201eForum Idei Miast Turystycznych\u201d, w kt\u00f3rych uczestnicz\u0105 naukowcy i samorz\u0105dowcy.<\/p>\n","protected":false},"excerpt":{"rendered":"<p>&nbsp; Instytut Nauk Le\u015bnych Politechniki Bia\u0142ostockiej Instytut Nauk Le\u015bnych Politechniki Bia\u0142ostockiej (INL PB) zosta\u0142 powo\u0142any z dniem 1 pa\u017adziernika 2019 roku. Prowadzi szerok\u0105 dzia\u0142alno\u015b\u0107 w dziedzinie nauk le\u015bnych, z wykorzystaniem nowoczesnej bazy laboratoryjnej, we wsp\u00f3\u0142pracy krajowej i mi\u0119dzynarodowej. INL PB sukcesywnie realizuje wiele projekt\u00f3w w interdyscyplinarnych zespo\u0142ach ekspert\u00f3w, kt\u00f3rych to po\u0142\u0105czenie wiedzy, do\u015bwiadczenia, zaanga\u017cowania i [&hellip;]<\/p>\n","protected":false},"author":2,"featured_media":0,"parent":41,"menu_order":2,"comment_status":"closed","ping_status":"closed","template":"","meta":{"_acf_changed":false,"ngg_post_thumbnail":0,"footnotes":""},"class_list":["post-464","page","type-page","status-publish","hentry"],"acf":[],"yoast_head":"<!-- This site is optimized with the Yoast SEO plugin v27.0 - https:\/\/yoast.com\/product\/yoast-seo-wordpress\/ -->\n<title>Organizatorzy - TnOPC<\/title>\n<meta name=\"description\" content=\"Organizatorzy konferencji - Instytut Nauk Le\u015bnych Politechniki Bia\u0142ostockiej oraz Instytut Kronenberga - Fundacja Przysz\u0142o\u015bci Obszar\u00f3w Chronionych\" \/>\n<meta name=\"robots\" content=\"index, follow, max-snippet:-1, max-image-preview:large, max-video-preview:-1\" \/>\n<link rel=\"canonical\" href=\"https:\/\/pb.edu.pl\/tnopc\/o-konferencji\/organizatorzy\/\" \/>\n<meta property=\"og:locale\" content=\"pl_PL\" \/>\n<meta property=\"og:type\" content=\"article\" \/>\n<meta property=\"og:title\" content=\"Organizatorzy - TnOPC\" \/>\n<meta property=\"og:description\" content=\"Organizatorzy konferencji - Instytut Nauk Le\u015bnych Politechniki Bia\u0142ostockiej oraz Instytut Kronenberga - Fundacja Przysz\u0142o\u015bci Obszar\u00f3w Chronionych\" \/>\n<meta property=\"og:url\" content=\"https:\/\/pb.edu.pl\/tnopc\/o-konferencji\/organizatorzy\/\" \/>\n<meta property=\"og:site_name\" content=\"VII Mi\u0119dzynarodowa Konferencja Naukowa Turystyka na Obszarach Przyrodniczo Cennych - TnOPC\" \/>\n<meta property=\"article:modified_time\" content=\"2022-09-06T17:39:05+00:00\" \/>\n<meta name=\"twitter:card\" content=\"summary_large_image\" \/>\n<meta name=\"twitter:label1\" content=\"Szacowany czas czytania\" \/>\n\t<meta name=\"twitter:data1\" content=\"4 minuty\" \/>\n<script type=\"application\/ld+json\" class=\"yoast-schema-graph\">{\"@context\":\"https:\/\/schema.org\",\"@graph\":[{\"@type\":\"WebPage\",\"@id\":\"https:\/\/pb.edu.pl\/tnopc\/o-konferencji\/organizatorzy\/\",\"url\":\"https:\/\/pb.edu.pl\/tnopc\/o-konferencji\/organizatorzy\/\",\"name\":\"Organizatorzy - TnOPC\",\"isPartOf\":{\"@id\":\"https:\/\/pb.edu.pl\/tnopc\/#website\"},\"datePublished\":\"2021-07-08T15:57:14+00:00\",\"dateModified\":\"2022-09-06T17:39:05+00:00\",\"description\":\"Organizatorzy konferencji - Instytut Nauk Le\u015bnych Politechniki Bia\u0142ostockiej oraz Instytut Kronenberga - Fundacja Przysz\u0142o\u015bci Obszar\u00f3w Chronionych\",\"breadcrumb\":{\"@id\":\"https:\/\/pb.edu.pl\/tnopc\/o-konferencji\/organizatorzy\/#breadcrumb\"},\"inLanguage\":\"pl-PL\",\"potentialAction\":[{\"@type\":\"ReadAction\",\"target\":[\"https:\/\/pb.edu.pl\/tnopc\/o-konferencji\/organizatorzy\/\"]}]},{\"@type\":\"BreadcrumbList\",\"@id\":\"https:\/\/pb.edu.pl\/tnopc\/o-konferencji\/organizatorzy\/#breadcrumb\",\"itemListElement\":[{\"@type\":\"ListItem\",\"position\":1,\"name\":\"Strona g\u0142\u00f3wna\",\"item\":\"https:\/\/pb.edu.pl\/tnopc\/\"},{\"@type\":\"ListItem\",\"position\":2,\"name\":\"O konferencji\",\"item\":\"https:\/\/pb.edu.pl\/tnopc\/o-konferencji\/\"},{\"@type\":\"ListItem\",\"position\":3,\"name\":\"Organizatorzy\"}]},{\"@type\":\"WebSite\",\"@id\":\"https:\/\/pb.edu.pl\/tnopc\/#website\",\"url\":\"https:\/\/pb.edu.pl\/tnopc\/\",\"name\":\"VII Mi\u0119dzynarodowa Konferencja Naukowa Turystyka na Obszarach Przyrodniczo Cennych - TnOPC\",\"description\":\"\",\"potentialAction\":[{\"@type\":\"SearchAction\",\"target\":{\"@type\":\"EntryPoint\",\"urlTemplate\":\"https:\/\/pb.edu.pl\/tnopc\/?s={search_term_string}\"},\"query-input\":{\"@type\":\"PropertyValueSpecification\",\"valueRequired\":true,\"valueName\":\"search_term_string\"}}],\"inLanguage\":\"pl-PL\"}]}<\/script>\n<!-- \/ Yoast SEO plugin. -->","yoast_head_json":{"title":"Organizatorzy - TnOPC","description":"Organizatorzy konferencji - Instytut Nauk Le\u015bnych Politechniki Bia\u0142ostockiej oraz Instytut Kronenberga - Fundacja Przysz\u0142o\u015bci Obszar\u00f3w Chronionych","robots":{"index":"index","follow":"follow","max-snippet":"max-snippet:-1","max-image-preview":"max-image-preview:large","max-video-preview":"max-video-preview:-1"},"canonical":"https:\/\/pb.edu.pl\/tnopc\/o-konferencji\/organizatorzy\/","og_locale":"pl_PL","og_type":"article","og_title":"Organizatorzy - TnOPC","og_description":"Organizatorzy konferencji - Instytut Nauk Le\u015bnych Politechniki Bia\u0142ostockiej oraz Instytut Kronenberga - Fundacja Przysz\u0142o\u015bci Obszar\u00f3w Chronionych","og_url":"https:\/\/pb.edu.pl\/tnopc\/o-konferencji\/organizatorzy\/","og_site_name":"VII Mi\u0119dzynarodowa Konferencja Naukowa Turystyka na Obszarach Przyrodniczo Cennych - TnOPC","article_modified_time":"2022-09-06T17:39:05+00:00","twitter_card":"summary_large_image","twitter_misc":{"Szacowany czas czytania":"4 minuty"},"schema":{"@context":"https:\/\/schema.org","@graph":[{"@type":"WebPage","@id":"https:\/\/pb.edu.pl\/tnopc\/o-konferencji\/organizatorzy\/","url":"https:\/\/pb.edu.pl\/tnopc\/o-konferencji\/organizatorzy\/","name":"Organizatorzy - TnOPC","isPartOf":{"@id":"https:\/\/pb.edu.pl\/tnopc\/#website"},"datePublished":"2021-07-08T15:57:14+00:00","dateModified":"2022-09-06T17:39:05+00:00","description":"Organizatorzy konferencji - Instytut Nauk Le\u015bnych Politechniki Bia\u0142ostockiej oraz Instytut Kronenberga - Fundacja Przysz\u0142o\u015bci Obszar\u00f3w Chronionych","breadcrumb":{"@id":"https:\/\/pb.edu.pl\/tnopc\/o-konferencji\/organizatorzy\/#breadcrumb"},"inLanguage":"pl-PL","potentialAction":[{"@type":"ReadAction","target":["https:\/\/pb.edu.pl\/tnopc\/o-konferencji\/organizatorzy\/"]}]},{"@type":"BreadcrumbList","@id":"https:\/\/pb.edu.pl\/tnopc\/o-konferencji\/organizatorzy\/#breadcrumb","itemListElement":[{"@type":"ListItem","position":1,"name":"Strona g\u0142\u00f3wna","item":"https:\/\/pb.edu.pl\/tnopc\/"},{"@type":"ListItem","position":2,"name":"O konferencji","item":"https:\/\/pb.edu.pl\/tnopc\/o-konferencji\/"},{"@type":"ListItem","position":3,"name":"Organizatorzy"}]},{"@type":"WebSite","@id":"https:\/\/pb.edu.pl\/tnopc\/#website","url":"https:\/\/pb.edu.pl\/tnopc\/","name":"VII Mi\u0119dzynarodowa Konferencja Naukowa Turystyka na Obszarach Przyrodniczo Cennych - TnOPC","description":"","potentialAction":[{"@type":"SearchAction","target":{"@type":"EntryPoint","urlTemplate":"https:\/\/pb.edu.pl\/tnopc\/?s={search_term_string}"},"query-input":{"@type":"PropertyValueSpecification","valueRequired":true,"valueName":"search_term_string"}}],"inLanguage":"pl-PL"}]}},"_links":{"self":[{"href":"https:\/\/pb.edu.pl\/tnopc\/wp-json\/wp\/v2\/pages\/464","targetHints":{"allow":["GET"]}}],"collection":[{"href":"https:\/\/pb.edu.pl\/tnopc\/wp-json\/wp\/v2\/pages"}],"about":[{"href":"https:\/\/pb.edu.pl\/tnopc\/wp-json\/wp\/v2\/types\/page"}],"author":[{"embeddable":true,"href":"https:\/\/pb.edu.pl\/tnopc\/wp-json\/wp\/v2\/users\/2"}],"replies":[{"embeddable":true,"href":"https:\/\/pb.edu.pl\/tnopc\/wp-json\/wp\/v2\/comments?post=464"}],"version-history":[{"count":0,"href":"https:\/\/pb.edu.pl\/tnopc\/wp-json\/wp\/v2\/pages\/464\/revisions"}],"up":[{"embeddable":true,"href":"https:\/\/pb.edu.pl\/tnopc\/wp-json\/wp\/v2\/pages\/41"}],"wp:attachment":[{"href":"https:\/\/pb.edu.pl\/tnopc\/wp-json\/wp\/v2\/media?parent=464"}],"curies":[{"name":"wp","href":"https:\/\/api.w.org\/{rel}","templated":true}]}}