{"id":459,"date":"2021-07-08T17:52:17","date_gmt":"2021-07-08T15:52:17","guid":{"rendered":"https:\/\/pb.edu.pl\/tnopc\/?page_id=459"},"modified":"2022-10-11T09:59:53","modified_gmt":"2022-10-11T07:59:53","slug":"cele-konferencji","status":"publish","type":"page","link":"https:\/\/pb.edu.pl\/tnopc\/o-konferencji\/cele-konferencji\/","title":{"rendered":"Cele konferencji"},"content":{"rendered":"<p>Podstawowym zadaniem ka\u017cdej edycji <span style=\"color: #008000\"><strong>Konferencji Naukowej \u201eTurystyka na obszarach przyrodniczo cennych\u201d<\/strong><\/span> jest wzmacnianie dialogu naukowego, kt\u00f3ry ma sprzyja\u0107 sieciowaniu wsp\u00f3\u0142pracy mi\u0119dzy instytucjami ochrony przyrody, instytucjami ochrony dziedzictwa kultury, o\u015brodkami naukowymi i samorz\u0105dami lokalnymi.<\/p>\n<p>Konferencja \u0142\u0105czy problematyk\u0119 rozwoju turystyki na obszarach przyrodniczo i kulturowo cennych z metodyk\u0105 rozwi\u0105za\u0144 spo\u0142ecznych i gospodarczych, aktywizacj\u0105 spo\u0142eczno\u015bci lokalnych oraz zagospodarowaniem przestrzennym. Wszystkie planowane, merytoryczne obszary konferencji poddawane s\u0105 dyskursowi teoretycznemu wzbogaconemu o przyk\u0142ady rozwi\u0105za\u0144 praktycznych z kraju i zagranicy. Pozwala to na identyfikacj\u0119 szans i zagro\u017ce\u0144, kt\u00f3re w efekcie tworz\u0105 zas\u00f3b wyj\u0105tkowej wagi rekomendacji \u015brodowiskowych, spo\u0142ecznych i gospodarczych.<\/p>\n<p>G\u0142\u00f3wnym celem konferencji jest przegl\u0105d wynik\u00f3w prac naukowych oraz aktualnych rozwi\u0105za\u0144 dotycz\u0105cych problem\u00f3w rozwoju spo\u0142eczno-gospodarczego obszar\u00f3w przyrodniczo cennych.<\/p>\n<p>VIII Konferencja Naukowa \u201eTurystyka na obszarach przyrodniczo cennych\u201d (28-30 listopada 2022) realizowana jest pod has\u0142em: <strong>\u201e\u015arodowisko naturalne i dziedzictwo kulturowe jako obszar decyzji i dzia\u0142a\u0144\u201d<\/strong>.<\/p>\n<p>W 2022 roku organizatorzy chc\u0105 zwr\u00f3ci\u0107 uwag\u0119 na istotne uwarunkowania doktrynalne (<a href=\"https:\/\/isap.sejm.gov.pl\/isap.nsf\/download.xsp\/WDU19760320190\/O\/D19760190.pdf\">Konwencja w sprawie ochrony \u015bwiatowego dziedzictwa kulturalnego i naturalnego<\/a>, <a href=\"https:\/\/isap.sejm.gov.pl\/isap.nsf\/download.xsp\/WDU20021841532\/O\/D20021532.pdf\">Konwencja o r\u00f3\u017cnorodno\u015bci biologicznej<\/a>) i kluczowe procesy rozwojowe \u015bwiata i Europy. Planowany jest dialog naukowy na temat nowych rozwi\u0105za\u0144 ekosystemowych oraz form ochrony dziedzictwa przyrodniczego i kulturowego.<\/p>\n<p>Szczeg\u00f3lny wymiar b\u0119dzie mia\u0142a sesja po\u015bwi\u0119cona 50-tej rocznicy uchwalenia \u201eKonwencji w sprawie ochrony \u015bwiatowego dziedzictwa kulturalnego i naturalnego\u201d, sesja na temat znaczenia \u201eKonwencji o r\u00f3\u017cnorodno\u015bci biologicznej\u201d, sesja, kt\u00f3rej tematem b\u0119dzie &#8222;Ochrona Puszczy Bia\u0142owieskiej \u2013 przesz\u0142o\u015b\u0107, tera\u017aniejszo\u015b\u0107, przysz\u0142o\u015b\u0107&#8221; oraz sesja na temat przysz\u0142o\u015bci turystyki w parkach narodowych i krajobrazowych. Zaplanowane zosta\u0142y tak\u017ce X Forum Idei Miast Turystycznych oraz VI Gala Nagrody Kronenberga 2022 \u201eOmne Trinum Perfectum\u201d.<\/p>\n","protected":false},"excerpt":{"rendered":"<p>Podstawowym zadaniem ka\u017cdej edycji Konferencji Naukowej \u201eTurystyka na obszarach przyrodniczo cennych\u201d jest wzmacnianie dialogu naukowego, kt\u00f3ry ma sprzyja\u0107 sieciowaniu wsp\u00f3\u0142pracy mi\u0119dzy instytucjami ochrony przyrody, instytucjami ochrony dziedzictwa kultury, o\u015brodkami naukowymi i samorz\u0105dami lokalnymi. Konferencja \u0142\u0105czy problematyk\u0119 rozwoju turystyki na obszarach przyrodniczo i kulturowo cennych z metodyk\u0105 rozwi\u0105za\u0144 spo\u0142ecznych i gospodarczych, aktywizacj\u0105 spo\u0142eczno\u015bci lokalnych oraz zagospodarowaniem [&hellip;]<\/p>\n","protected":false},"author":2,"featured_media":0,"parent":41,"menu_order":1,"comment_status":"closed","ping_status":"closed","template":"","meta":{"_acf_changed":false,"ngg_post_thumbnail":0,"footnotes":""},"class_list":["post-459","page","type-page","status-publish","hentry"],"acf":[],"yoast_head":"<!-- This site is optimized with the Yoast SEO plugin v27.0 - https:\/\/yoast.com\/product\/yoast-seo-wordpress\/ -->\n<title>Cele konferencji - TnOPC<\/title>\n<meta name=\"description\" content=\"Podstawowym zadaniem ka\u017cdej edycji Konferencji Naukowej \u201eTurystyka na obszarach przyrodniczo cennych\u201d jest wzmacnianie dialogu naukowego, kt\u00f3ry ma\" \/>\n<meta name=\"robots\" content=\"index, follow, max-snippet:-1, max-image-preview:large, max-video-preview:-1\" \/>\n<link rel=\"canonical\" href=\"https:\/\/pb.edu.pl\/tnopc\/o-konferencji\/cele-konferencji\/\" \/>\n<meta property=\"og:locale\" content=\"pl_PL\" \/>\n<meta property=\"og:type\" content=\"article\" \/>\n<meta property=\"og:title\" content=\"Cele konferencji - TnOPC\" \/>\n<meta property=\"og:description\" content=\"Podstawowym zadaniem ka\u017cdej edycji Konferencji Naukowej \u201eTurystyka na obszarach przyrodniczo cennych\u201d jest wzmacnianie dialogu naukowego, kt\u00f3ry ma\" \/>\n<meta property=\"og:url\" content=\"https:\/\/pb.edu.pl\/tnopc\/o-konferencji\/cele-konferencji\/\" \/>\n<meta property=\"og:site_name\" content=\"VII Mi\u0119dzynarodowa Konferencja Naukowa Turystyka na Obszarach Przyrodniczo Cennych - TnOPC\" \/>\n<meta property=\"article:modified_time\" content=\"2022-10-11T07:59:53+00:00\" \/>\n<meta name=\"twitter:card\" content=\"summary_large_image\" \/>\n<meta name=\"twitter:label1\" content=\"Szacowany czas czytania\" \/>\n\t<meta name=\"twitter:data1\" content=\"1 minuta\" \/>\n<script type=\"application\/ld+json\" class=\"yoast-schema-graph\">{\"@context\":\"https:\/\/schema.org\",\"@graph\":[{\"@type\":\"WebPage\",\"@id\":\"https:\/\/pb.edu.pl\/tnopc\/o-konferencji\/cele-konferencji\/\",\"url\":\"https:\/\/pb.edu.pl\/tnopc\/o-konferencji\/cele-konferencji\/\",\"name\":\"Cele konferencji - TnOPC\",\"isPartOf\":{\"@id\":\"https:\/\/pb.edu.pl\/tnopc\/#website\"},\"datePublished\":\"2021-07-08T15:52:17+00:00\",\"dateModified\":\"2022-10-11T07:59:53+00:00\",\"description\":\"Podstawowym zadaniem ka\u017cdej edycji Konferencji Naukowej \u201eTurystyka na obszarach przyrodniczo cennych\u201d jest wzmacnianie dialogu naukowego, kt\u00f3ry ma\",\"breadcrumb\":{\"@id\":\"https:\/\/pb.edu.pl\/tnopc\/o-konferencji\/cele-konferencji\/#breadcrumb\"},\"inLanguage\":\"pl-PL\",\"potentialAction\":[{\"@type\":\"ReadAction\",\"target\":[\"https:\/\/pb.edu.pl\/tnopc\/o-konferencji\/cele-konferencji\/\"]}]},{\"@type\":\"BreadcrumbList\",\"@id\":\"https:\/\/pb.edu.pl\/tnopc\/o-konferencji\/cele-konferencji\/#breadcrumb\",\"itemListElement\":[{\"@type\":\"ListItem\",\"position\":1,\"name\":\"Strona g\u0142\u00f3wna\",\"item\":\"https:\/\/pb.edu.pl\/tnopc\/\"},{\"@type\":\"ListItem\",\"position\":2,\"name\":\"O konferencji\",\"item\":\"https:\/\/pb.edu.pl\/tnopc\/o-konferencji\/\"},{\"@type\":\"ListItem\",\"position\":3,\"name\":\"Cele konferencji\"}]},{\"@type\":\"WebSite\",\"@id\":\"https:\/\/pb.edu.pl\/tnopc\/#website\",\"url\":\"https:\/\/pb.edu.pl\/tnopc\/\",\"name\":\"VII Mi\u0119dzynarodowa Konferencja Naukowa Turystyka na Obszarach Przyrodniczo Cennych - TnOPC\",\"description\":\"\",\"potentialAction\":[{\"@type\":\"SearchAction\",\"target\":{\"@type\":\"EntryPoint\",\"urlTemplate\":\"https:\/\/pb.edu.pl\/tnopc\/?s={search_term_string}\"},\"query-input\":{\"@type\":\"PropertyValueSpecification\",\"valueRequired\":true,\"valueName\":\"search_term_string\"}}],\"inLanguage\":\"pl-PL\"}]}<\/script>\n<!-- \/ Yoast SEO plugin. -->","yoast_head_json":{"title":"Cele konferencji - TnOPC","description":"Podstawowym zadaniem ka\u017cdej edycji Konferencji Naukowej \u201eTurystyka na obszarach przyrodniczo cennych\u201d jest wzmacnianie dialogu naukowego, kt\u00f3ry ma","robots":{"index":"index","follow":"follow","max-snippet":"max-snippet:-1","max-image-preview":"max-image-preview:large","max-video-preview":"max-video-preview:-1"},"canonical":"https:\/\/pb.edu.pl\/tnopc\/o-konferencji\/cele-konferencji\/","og_locale":"pl_PL","og_type":"article","og_title":"Cele konferencji - TnOPC","og_description":"Podstawowym zadaniem ka\u017cdej edycji Konferencji Naukowej \u201eTurystyka na obszarach przyrodniczo cennych\u201d jest wzmacnianie dialogu naukowego, kt\u00f3ry ma","og_url":"https:\/\/pb.edu.pl\/tnopc\/o-konferencji\/cele-konferencji\/","og_site_name":"VII Mi\u0119dzynarodowa Konferencja Naukowa Turystyka na Obszarach Przyrodniczo Cennych - TnOPC","article_modified_time":"2022-10-11T07:59:53+00:00","twitter_card":"summary_large_image","twitter_misc":{"Szacowany czas czytania":"1 minuta"},"schema":{"@context":"https:\/\/schema.org","@graph":[{"@type":"WebPage","@id":"https:\/\/pb.edu.pl\/tnopc\/o-konferencji\/cele-konferencji\/","url":"https:\/\/pb.edu.pl\/tnopc\/o-konferencji\/cele-konferencji\/","name":"Cele konferencji - TnOPC","isPartOf":{"@id":"https:\/\/pb.edu.pl\/tnopc\/#website"},"datePublished":"2021-07-08T15:52:17+00:00","dateModified":"2022-10-11T07:59:53+00:00","description":"Podstawowym zadaniem ka\u017cdej edycji Konferencji Naukowej \u201eTurystyka na obszarach przyrodniczo cennych\u201d jest wzmacnianie dialogu naukowego, kt\u00f3ry ma","breadcrumb":{"@id":"https:\/\/pb.edu.pl\/tnopc\/o-konferencji\/cele-konferencji\/#breadcrumb"},"inLanguage":"pl-PL","potentialAction":[{"@type":"ReadAction","target":["https:\/\/pb.edu.pl\/tnopc\/o-konferencji\/cele-konferencji\/"]}]},{"@type":"BreadcrumbList","@id":"https:\/\/pb.edu.pl\/tnopc\/o-konferencji\/cele-konferencji\/#breadcrumb","itemListElement":[{"@type":"ListItem","position":1,"name":"Strona g\u0142\u00f3wna","item":"https:\/\/pb.edu.pl\/tnopc\/"},{"@type":"ListItem","position":2,"name":"O konferencji","item":"https:\/\/pb.edu.pl\/tnopc\/o-konferencji\/"},{"@type":"ListItem","position":3,"name":"Cele konferencji"}]},{"@type":"WebSite","@id":"https:\/\/pb.edu.pl\/tnopc\/#website","url":"https:\/\/pb.edu.pl\/tnopc\/","name":"VII Mi\u0119dzynarodowa Konferencja Naukowa Turystyka na Obszarach Przyrodniczo Cennych - TnOPC","description":"","potentialAction":[{"@type":"SearchAction","target":{"@type":"EntryPoint","urlTemplate":"https:\/\/pb.edu.pl\/tnopc\/?s={search_term_string}"},"query-input":{"@type":"PropertyValueSpecification","valueRequired":true,"valueName":"search_term_string"}}],"inLanguage":"pl-PL"}]}},"_links":{"self":[{"href":"https:\/\/pb.edu.pl\/tnopc\/wp-json\/wp\/v2\/pages\/459","targetHints":{"allow":["GET"]}}],"collection":[{"href":"https:\/\/pb.edu.pl\/tnopc\/wp-json\/wp\/v2\/pages"}],"about":[{"href":"https:\/\/pb.edu.pl\/tnopc\/wp-json\/wp\/v2\/types\/page"}],"author":[{"embeddable":true,"href":"https:\/\/pb.edu.pl\/tnopc\/wp-json\/wp\/v2\/users\/2"}],"replies":[{"embeddable":true,"href":"https:\/\/pb.edu.pl\/tnopc\/wp-json\/wp\/v2\/comments?post=459"}],"version-history":[{"count":0,"href":"https:\/\/pb.edu.pl\/tnopc\/wp-json\/wp\/v2\/pages\/459\/revisions"}],"up":[{"embeddable":true,"href":"https:\/\/pb.edu.pl\/tnopc\/wp-json\/wp\/v2\/pages\/41"}],"wp:attachment":[{"href":"https:\/\/pb.edu.pl\/tnopc\/wp-json\/wp\/v2\/media?parent=459"}],"curies":[{"name":"wp","href":"https:\/\/api.w.org\/{rel}","templated":true}]}}