{"id":419,"date":"2021-06-23T22:57:21","date_gmt":"2021-06-23T20:57:21","guid":{"rendered":"https:\/\/pb.edu.pl\/tnopc\/?page_id=419"},"modified":"2022-09-08T09:28:53","modified_gmt":"2022-09-08T07:28:53","slug":"tnopc-2016","status":"publish","type":"page","link":"https:\/\/pb.edu.pl\/tnopc\/archiwum\/tnopc-2016\/","title":{"rendered":"2016"},"content":{"rendered":"<p><strong style=\"color: #247212;font-size: 1.6rem\">III KONFERENCJA NAUKOWA \u201eTURYSTYKA NA OBSZARACH PRZYRODNICZO CENNYCH\u201d<\/strong><br \/>\nBia\u0142owie\u017ca, 22-24 wrze\u015bnia 2016 r.<\/p>\n","protected":false},"excerpt":{"rendered":"<p>III KONFERENCJA NAUKOWA \u201eTURYSTYKA NA OBSZARACH PRZYRODNICZO CENNYCH\u201d Bia\u0142owie\u017ca, 22-24 wrze\u015bnia 2016 r.<\/p>\n","protected":false},"author":2,"featured_media":0,"parent":205,"menu_order":4,"comment_status":"closed","ping_status":"closed","template":"","meta":{"_acf_changed":false,"ngg_post_thumbnail":0,"footnotes":""},"class_list":["post-419","page","type-page","status-publish","hentry"],"acf":[],"yoast_head":"<!-- This site is optimized with the Yoast SEO plugin v27.0 - https:\/\/yoast.com\/product\/yoast-seo-wordpress\/ -->\n<title>2016 - archiwum TnOPC<\/title>\n<meta name=\"description\" content=\"III KONFERENCJA NAUKOWA \u201eTURYSTYKA NA OBSZARACH PRZYRODNICZO CENNYCH\u201d Bia\u0142owie\u017ca, 22-24 wrze\u015bnia 2016 r.\" \/>\n<meta name=\"robots\" content=\"index, follow, max-snippet:-1, max-image-preview:large, max-video-preview:-1\" \/>\n<link rel=\"canonical\" href=\"https:\/\/pb.edu.pl\/tnopc\/archiwum\/tnopc-2016\/\" \/>\n<meta property=\"og:locale\" content=\"pl_PL\" \/>\n<meta property=\"og:type\" content=\"article\" \/>\n<meta property=\"og:title\" content=\"2016 - archiwum TnOPC\" \/>\n<meta property=\"og:description\" content=\"III KONFERENCJA NAUKOWA \u201eTURYSTYKA NA OBSZARACH PRZYRODNICZO CENNYCH\u201d Bia\u0142owie\u017ca, 22-24 wrze\u015bnia 2016 r.\" \/>\n<meta property=\"og:url\" content=\"https:\/\/pb.edu.pl\/tnopc\/archiwum\/tnopc-2016\/\" \/>\n<meta property=\"og:site_name\" content=\"VII Mi\u0119dzynarodowa Konferencja Naukowa Turystyka na Obszarach Przyrodniczo Cennych - TnOPC\" \/>\n<meta property=\"article:modified_time\" content=\"2022-09-08T07:28:53+00:00\" \/>\n<meta name=\"twitter:card\" content=\"summary_large_image\" \/>\n<script type=\"application\/ld+json\" class=\"yoast-schema-graph\">{\"@context\":\"https:\/\/schema.org\",\"@graph\":[{\"@type\":\"WebPage\",\"@id\":\"https:\/\/pb.edu.pl\/tnopc\/archiwum\/tnopc-2016\/\",\"url\":\"https:\/\/pb.edu.pl\/tnopc\/archiwum\/tnopc-2016\/\",\"name\":\"2016 - archiwum TnOPC\",\"isPartOf\":{\"@id\":\"https:\/\/pb.edu.pl\/tnopc\/#website\"},\"datePublished\":\"2021-06-23T20:57:21+00:00\",\"dateModified\":\"2022-09-08T07:28:53+00:00\",\"description\":\"III KONFERENCJA NAUKOWA \u201eTURYSTYKA NA OBSZARACH PRZYRODNICZO CENNYCH\u201d Bia\u0142owie\u017ca, 22-24 wrze\u015bnia 2016 r.\",\"breadcrumb\":{\"@id\":\"https:\/\/pb.edu.pl\/tnopc\/archiwum\/tnopc-2016\/#breadcrumb\"},\"inLanguage\":\"pl-PL\",\"potentialAction\":[{\"@type\":\"ReadAction\",\"target\":[\"https:\/\/pb.edu.pl\/tnopc\/archiwum\/tnopc-2016\/\"]}]},{\"@type\":\"BreadcrumbList\",\"@id\":\"https:\/\/pb.edu.pl\/tnopc\/archiwum\/tnopc-2016\/#breadcrumb\",\"itemListElement\":[{\"@type\":\"ListItem\",\"position\":1,\"name\":\"Strona g\u0142\u00f3wna\",\"item\":\"https:\/\/pb.edu.pl\/tnopc\/\"},{\"@type\":\"ListItem\",\"position\":2,\"name\":\"Archiwum\",\"item\":\"https:\/\/pb.edu.pl\/tnopc\/archiwum\/\"},{\"@type\":\"ListItem\",\"position\":3,\"name\":\"2016\"}]},{\"@type\":\"WebSite\",\"@id\":\"https:\/\/pb.edu.pl\/tnopc\/#website\",\"url\":\"https:\/\/pb.edu.pl\/tnopc\/\",\"name\":\"VII Mi\u0119dzynarodowa Konferencja Naukowa Turystyka na Obszarach Przyrodniczo Cennych - TnOPC\",\"description\":\"\",\"potentialAction\":[{\"@type\":\"SearchAction\",\"target\":{\"@type\":\"EntryPoint\",\"urlTemplate\":\"https:\/\/pb.edu.pl\/tnopc\/?s={search_term_string}\"},\"query-input\":{\"@type\":\"PropertyValueSpecification\",\"valueRequired\":true,\"valueName\":\"search_term_string\"}}],\"inLanguage\":\"pl-PL\"}]}<\/script>\n<!-- \/ Yoast SEO plugin. -->","yoast_head_json":{"title":"2016 - archiwum TnOPC","description":"III KONFERENCJA NAUKOWA \u201eTURYSTYKA NA OBSZARACH PRZYRODNICZO CENNYCH\u201d Bia\u0142owie\u017ca, 22-24 wrze\u015bnia 2016 r.","robots":{"index":"index","follow":"follow","max-snippet":"max-snippet:-1","max-image-preview":"max-image-preview:large","max-video-preview":"max-video-preview:-1"},"canonical":"https:\/\/pb.edu.pl\/tnopc\/archiwum\/tnopc-2016\/","og_locale":"pl_PL","og_type":"article","og_title":"2016 - archiwum TnOPC","og_description":"III KONFERENCJA NAUKOWA \u201eTURYSTYKA NA OBSZARACH PRZYRODNICZO CENNYCH\u201d Bia\u0142owie\u017ca, 22-24 wrze\u015bnia 2016 r.","og_url":"https:\/\/pb.edu.pl\/tnopc\/archiwum\/tnopc-2016\/","og_site_name":"VII Mi\u0119dzynarodowa Konferencja Naukowa Turystyka na Obszarach Przyrodniczo Cennych - TnOPC","article_modified_time":"2022-09-08T07:28:53+00:00","twitter_card":"summary_large_image","schema":{"@context":"https:\/\/schema.org","@graph":[{"@type":"WebPage","@id":"https:\/\/pb.edu.pl\/tnopc\/archiwum\/tnopc-2016\/","url":"https:\/\/pb.edu.pl\/tnopc\/archiwum\/tnopc-2016\/","name":"2016 - archiwum TnOPC","isPartOf":{"@id":"https:\/\/pb.edu.pl\/tnopc\/#website"},"datePublished":"2021-06-23T20:57:21+00:00","dateModified":"2022-09-08T07:28:53+00:00","description":"III KONFERENCJA NAUKOWA \u201eTURYSTYKA NA OBSZARACH PRZYRODNICZO CENNYCH\u201d Bia\u0142owie\u017ca, 22-24 wrze\u015bnia 2016 r.","breadcrumb":{"@id":"https:\/\/pb.edu.pl\/tnopc\/archiwum\/tnopc-2016\/#breadcrumb"},"inLanguage":"pl-PL","potentialAction":[{"@type":"ReadAction","target":["https:\/\/pb.edu.pl\/tnopc\/archiwum\/tnopc-2016\/"]}]},{"@type":"BreadcrumbList","@id":"https:\/\/pb.edu.pl\/tnopc\/archiwum\/tnopc-2016\/#breadcrumb","itemListElement":[{"@type":"ListItem","position":1,"name":"Strona g\u0142\u00f3wna","item":"https:\/\/pb.edu.pl\/tnopc\/"},{"@type":"ListItem","position":2,"name":"Archiwum","item":"https:\/\/pb.edu.pl\/tnopc\/archiwum\/"},{"@type":"ListItem","position":3,"name":"2016"}]},{"@type":"WebSite","@id":"https:\/\/pb.edu.pl\/tnopc\/#website","url":"https:\/\/pb.edu.pl\/tnopc\/","name":"VII Mi\u0119dzynarodowa Konferencja Naukowa Turystyka na Obszarach Przyrodniczo Cennych - TnOPC","description":"","potentialAction":[{"@type":"SearchAction","target":{"@type":"EntryPoint","urlTemplate":"https:\/\/pb.edu.pl\/tnopc\/?s={search_term_string}"},"query-input":{"@type":"PropertyValueSpecification","valueRequired":true,"valueName":"search_term_string"}}],"inLanguage":"pl-PL"}]}},"_links":{"self":[{"href":"https:\/\/pb.edu.pl\/tnopc\/wp-json\/wp\/v2\/pages\/419","targetHints":{"allow":["GET"]}}],"collection":[{"href":"https:\/\/pb.edu.pl\/tnopc\/wp-json\/wp\/v2\/pages"}],"about":[{"href":"https:\/\/pb.edu.pl\/tnopc\/wp-json\/wp\/v2\/types\/page"}],"author":[{"embeddable":true,"href":"https:\/\/pb.edu.pl\/tnopc\/wp-json\/wp\/v2\/users\/2"}],"replies":[{"embeddable":true,"href":"https:\/\/pb.edu.pl\/tnopc\/wp-json\/wp\/v2\/comments?post=419"}],"version-history":[{"count":0,"href":"https:\/\/pb.edu.pl\/tnopc\/wp-json\/wp\/v2\/pages\/419\/revisions"}],"up":[{"embeddable":true,"href":"https:\/\/pb.edu.pl\/tnopc\/wp-json\/wp\/v2\/pages\/205"}],"wp:attachment":[{"href":"https:\/\/pb.edu.pl\/tnopc\/wp-json\/wp\/v2\/media?parent=419"}],"curies":[{"name":"wp","href":"https:\/\/api.w.org\/{rel}","templated":true}]}}