{"id":415,"date":"2021-06-23T22:53:06","date_gmt":"2021-06-23T20:53:06","guid":{"rendered":"https:\/\/pb.edu.pl\/tnopc\/?page_id=415"},"modified":"2022-09-08T09:27:49","modified_gmt":"2022-09-08T07:27:49","slug":"tnopc-2017","status":"publish","type":"page","link":"https:\/\/pb.edu.pl\/tnopc\/archiwum\/tnopc-2017\/","title":{"rendered":"2017"},"content":{"rendered":"<p><strong style=\"color: #247212;font-size: 1.6rem\">IV KONFERENCJA NAUKOWA \u201eTURYSTYKA NA OBSZARACH PRZYRODNICZO CENNYCH\u201d<\/strong><br \/>\u201eMi\u0119dzynarodowy rok zr\u00f3wnowa\u017conej turystyki na rzecz rozwoju\u201d<br \/>\nBia\u0142owie\u017ca, 7-8 wrze\u015bnia 2017 r.<\/p>\n<p><strong style=\"color: #247212;font-size: 1.6rem\">Patronaty Honorowe:<\/strong><br \/>\n&#8211; Marsza\u0142ek Wojew\u00f3dztwa Podlaskiego<br \/>\n&#8211; Rektor Uniwersytetu w Bia\u0142ymstoku<br \/>\n&#8211; Rektor Uniwersytetu Medycznego w Bia\u0142ymstoku<br \/>\n&#8211; Rektor Politechniki Bia\u0142ostockiej<\/p>\n","protected":false},"excerpt":{"rendered":"<p>IV KONFERENCJA NAUKOWA \u201eTURYSTYKA NA OBSZARACH PRZYRODNICZO CENNYCH\u201d\u201eMi\u0119dzynarodowy rok zr\u00f3wnowa\u017conej turystyki na rzecz rozwoju\u201d Bia\u0142owie\u017ca, 7-8 wrze\u015bnia 2017 r. Patronaty Honorowe: &#8211; Marsza\u0142ek Wojew\u00f3dztwa Podlaskiego &#8211; Rektor Uniwersytetu w Bia\u0142ymstoku &#8211; Rektor Uniwersytetu Medycznego w Bia\u0142ymstoku &#8211; Rektor Politechniki Bia\u0142ostockiej<\/p>\n","protected":false},"author":2,"featured_media":0,"parent":205,"menu_order":3,"comment_status":"closed","ping_status":"closed","template":"","meta":{"_acf_changed":false,"ngg_post_thumbnail":0,"footnotes":""},"class_list":["post-415","page","type-page","status-publish","hentry"],"acf":[],"yoast_head":"<!-- This site is optimized with the Yoast SEO plugin v27.0 - https:\/\/yoast.com\/product\/yoast-seo-wordpress\/ -->\n<title>2017 - archiwum TnOPC<\/title>\n<meta name=\"description\" content=\"IV KONFERENCJA NAUKOWA \u201eTURYSTYKA NA OBSZARACH PRZYRODNICZO CENNYCH\u201d\u201eMi\u0119dzynarodowy rok zr\u00f3wnowa\u017conej turystyki na rzecz rozwoju\u201d Bia\u0142owie\u017ca, 7-8 wrze\u015bnia\" \/>\n<meta name=\"robots\" content=\"index, follow, max-snippet:-1, max-image-preview:large, max-video-preview:-1\" \/>\n<link rel=\"canonical\" href=\"https:\/\/pb.edu.pl\/tnopc\/archiwum\/tnopc-2017\/\" \/>\n<meta property=\"og:locale\" content=\"pl_PL\" \/>\n<meta property=\"og:type\" content=\"article\" \/>\n<meta property=\"og:title\" content=\"2017 - archiwum TnOPC\" \/>\n<meta property=\"og:description\" content=\"IV KONFERENCJA NAUKOWA \u201eTURYSTYKA NA OBSZARACH PRZYRODNICZO CENNYCH\u201d\u201eMi\u0119dzynarodowy rok zr\u00f3wnowa\u017conej turystyki na rzecz rozwoju\u201d Bia\u0142owie\u017ca, 7-8 wrze\u015bnia\" \/>\n<meta property=\"og:url\" content=\"https:\/\/pb.edu.pl\/tnopc\/archiwum\/tnopc-2017\/\" \/>\n<meta property=\"og:site_name\" content=\"VII Mi\u0119dzynarodowa Konferencja Naukowa Turystyka na Obszarach Przyrodniczo Cennych - TnOPC\" \/>\n<meta property=\"article:modified_time\" content=\"2022-09-08T07:27:49+00:00\" \/>\n<meta name=\"twitter:card\" content=\"summary_large_image\" \/>\n<script type=\"application\/ld+json\" class=\"yoast-schema-graph\">{\"@context\":\"https:\/\/schema.org\",\"@graph\":[{\"@type\":\"WebPage\",\"@id\":\"https:\/\/pb.edu.pl\/tnopc\/archiwum\/tnopc-2017\/\",\"url\":\"https:\/\/pb.edu.pl\/tnopc\/archiwum\/tnopc-2017\/\",\"name\":\"2017 - archiwum TnOPC\",\"isPartOf\":{\"@id\":\"https:\/\/pb.edu.pl\/tnopc\/#website\"},\"datePublished\":\"2021-06-23T20:53:06+00:00\",\"dateModified\":\"2022-09-08T07:27:49+00:00\",\"description\":\"IV KONFERENCJA NAUKOWA \u201eTURYSTYKA NA OBSZARACH PRZYRODNICZO CENNYCH\u201d\u201eMi\u0119dzynarodowy rok zr\u00f3wnowa\u017conej turystyki na rzecz rozwoju\u201d Bia\u0142owie\u017ca, 7-8 wrze\u015bnia\",\"breadcrumb\":{\"@id\":\"https:\/\/pb.edu.pl\/tnopc\/archiwum\/tnopc-2017\/#breadcrumb\"},\"inLanguage\":\"pl-PL\",\"potentialAction\":[{\"@type\":\"ReadAction\",\"target\":[\"https:\/\/pb.edu.pl\/tnopc\/archiwum\/tnopc-2017\/\"]}]},{\"@type\":\"BreadcrumbList\",\"@id\":\"https:\/\/pb.edu.pl\/tnopc\/archiwum\/tnopc-2017\/#breadcrumb\",\"itemListElement\":[{\"@type\":\"ListItem\",\"position\":1,\"name\":\"Strona g\u0142\u00f3wna\",\"item\":\"https:\/\/pb.edu.pl\/tnopc\/\"},{\"@type\":\"ListItem\",\"position\":2,\"name\":\"Archiwum\",\"item\":\"https:\/\/pb.edu.pl\/tnopc\/archiwum\/\"},{\"@type\":\"ListItem\",\"position\":3,\"name\":\"2017\"}]},{\"@type\":\"WebSite\",\"@id\":\"https:\/\/pb.edu.pl\/tnopc\/#website\",\"url\":\"https:\/\/pb.edu.pl\/tnopc\/\",\"name\":\"VII Mi\u0119dzynarodowa Konferencja Naukowa Turystyka na Obszarach Przyrodniczo Cennych - TnOPC\",\"description\":\"\",\"potentialAction\":[{\"@type\":\"SearchAction\",\"target\":{\"@type\":\"EntryPoint\",\"urlTemplate\":\"https:\/\/pb.edu.pl\/tnopc\/?s={search_term_string}\"},\"query-input\":{\"@type\":\"PropertyValueSpecification\",\"valueRequired\":true,\"valueName\":\"search_term_string\"}}],\"inLanguage\":\"pl-PL\"}]}<\/script>\n<!-- \/ Yoast SEO plugin. -->","yoast_head_json":{"title":"2017 - archiwum TnOPC","description":"IV KONFERENCJA NAUKOWA \u201eTURYSTYKA NA OBSZARACH PRZYRODNICZO CENNYCH\u201d\u201eMi\u0119dzynarodowy rok zr\u00f3wnowa\u017conej turystyki na rzecz rozwoju\u201d Bia\u0142owie\u017ca, 7-8 wrze\u015bnia","robots":{"index":"index","follow":"follow","max-snippet":"max-snippet:-1","max-image-preview":"max-image-preview:large","max-video-preview":"max-video-preview:-1"},"canonical":"https:\/\/pb.edu.pl\/tnopc\/archiwum\/tnopc-2017\/","og_locale":"pl_PL","og_type":"article","og_title":"2017 - archiwum TnOPC","og_description":"IV KONFERENCJA NAUKOWA \u201eTURYSTYKA NA OBSZARACH PRZYRODNICZO CENNYCH\u201d\u201eMi\u0119dzynarodowy rok zr\u00f3wnowa\u017conej turystyki na rzecz rozwoju\u201d Bia\u0142owie\u017ca, 7-8 wrze\u015bnia","og_url":"https:\/\/pb.edu.pl\/tnopc\/archiwum\/tnopc-2017\/","og_site_name":"VII Mi\u0119dzynarodowa Konferencja Naukowa Turystyka na Obszarach Przyrodniczo Cennych - TnOPC","article_modified_time":"2022-09-08T07:27:49+00:00","twitter_card":"summary_large_image","schema":{"@context":"https:\/\/schema.org","@graph":[{"@type":"WebPage","@id":"https:\/\/pb.edu.pl\/tnopc\/archiwum\/tnopc-2017\/","url":"https:\/\/pb.edu.pl\/tnopc\/archiwum\/tnopc-2017\/","name":"2017 - archiwum TnOPC","isPartOf":{"@id":"https:\/\/pb.edu.pl\/tnopc\/#website"},"datePublished":"2021-06-23T20:53:06+00:00","dateModified":"2022-09-08T07:27:49+00:00","description":"IV KONFERENCJA NAUKOWA \u201eTURYSTYKA NA OBSZARACH PRZYRODNICZO CENNYCH\u201d\u201eMi\u0119dzynarodowy rok zr\u00f3wnowa\u017conej turystyki na rzecz rozwoju\u201d Bia\u0142owie\u017ca, 7-8 wrze\u015bnia","breadcrumb":{"@id":"https:\/\/pb.edu.pl\/tnopc\/archiwum\/tnopc-2017\/#breadcrumb"},"inLanguage":"pl-PL","potentialAction":[{"@type":"ReadAction","target":["https:\/\/pb.edu.pl\/tnopc\/archiwum\/tnopc-2017\/"]}]},{"@type":"BreadcrumbList","@id":"https:\/\/pb.edu.pl\/tnopc\/archiwum\/tnopc-2017\/#breadcrumb","itemListElement":[{"@type":"ListItem","position":1,"name":"Strona g\u0142\u00f3wna","item":"https:\/\/pb.edu.pl\/tnopc\/"},{"@type":"ListItem","position":2,"name":"Archiwum","item":"https:\/\/pb.edu.pl\/tnopc\/archiwum\/"},{"@type":"ListItem","position":3,"name":"2017"}]},{"@type":"WebSite","@id":"https:\/\/pb.edu.pl\/tnopc\/#website","url":"https:\/\/pb.edu.pl\/tnopc\/","name":"VII Mi\u0119dzynarodowa Konferencja Naukowa Turystyka na Obszarach Przyrodniczo Cennych - TnOPC","description":"","potentialAction":[{"@type":"SearchAction","target":{"@type":"EntryPoint","urlTemplate":"https:\/\/pb.edu.pl\/tnopc\/?s={search_term_string}"},"query-input":{"@type":"PropertyValueSpecification","valueRequired":true,"valueName":"search_term_string"}}],"inLanguage":"pl-PL"}]}},"_links":{"self":[{"href":"https:\/\/pb.edu.pl\/tnopc\/wp-json\/wp\/v2\/pages\/415","targetHints":{"allow":["GET"]}}],"collection":[{"href":"https:\/\/pb.edu.pl\/tnopc\/wp-json\/wp\/v2\/pages"}],"about":[{"href":"https:\/\/pb.edu.pl\/tnopc\/wp-json\/wp\/v2\/types\/page"}],"author":[{"embeddable":true,"href":"https:\/\/pb.edu.pl\/tnopc\/wp-json\/wp\/v2\/users\/2"}],"replies":[{"embeddable":true,"href":"https:\/\/pb.edu.pl\/tnopc\/wp-json\/wp\/v2\/comments?post=415"}],"version-history":[{"count":0,"href":"https:\/\/pb.edu.pl\/tnopc\/wp-json\/wp\/v2\/pages\/415\/revisions"}],"up":[{"embeddable":true,"href":"https:\/\/pb.edu.pl\/tnopc\/wp-json\/wp\/v2\/pages\/205"}],"wp:attachment":[{"href":"https:\/\/pb.edu.pl\/tnopc\/wp-json\/wp\/v2\/media?parent=415"}],"curies":[{"name":"wp","href":"https:\/\/api.w.org\/{rel}","templated":true}]}}