{"id":411,"date":"2021-06-23T22:51:39","date_gmt":"2021-06-23T20:51:39","guid":{"rendered":"https:\/\/pb.edu.pl\/tnopc\/?page_id=411"},"modified":"2022-09-08T09:25:24","modified_gmt":"2022-09-08T07:25:24","slug":"tnopc-2019","status":"publish","type":"page","link":"https:\/\/pb.edu.pl\/tnopc\/archiwum\/tnopc-2019\/","title":{"rendered":"2019"},"content":{"rendered":"<p><strong style=\"color: #247212;font-size: 1.6rem\">VI KONFERENCJA NAUKOWA \u201eTURYSTYKA NA OBSZARACH PRZYRODNICZO CENNYCH\u201d<\/strong><br \/> \u201eZr\u00f3wnowa\u017cony rozw\u00f3j w ochronie \u015brodowiska naturalnego\u201d<br \/>\nBia\u0142owie\u017ca, 17-18-19 pa\u017adziernika 2019 r.<\/p>\n<p><strong style=\"color: #247212;font-size: 1.6rem\">Patronaty Honorowe:<\/strong><br \/>\n&#8211; Polski Komitet ds. UNESCO<br \/>\n&#8211; Minister Nauki i Szkolnictwa Wy\u017cszego<br \/>\n&#8211; Minister \u015arodowiska<br \/>\n&#8211; Minister Sportu i Turystyki<br \/>\n&#8211; Marsza\u0142ek Wojew\u00f3dztwa Podlaskiego<br \/>\n&#8211; Generalny Dyrektor Ochrony \u015arodowiska<br \/>\n&#8211; Dyrektor Generalny Las\u00f3w Pa\u0144stwowych<br \/>\n&#8211; Prezes Polskiej Izby Turystyki<br \/>\n&#8211; Rektor Politechniki Bia\u0142ostockiej<br \/>\n&#8211; Przewodnicz\u0105cy Komitetu Przestrzennego Zagospodarowania Kraju PAN<br \/>\n&#8211; Prezes Podlaskiej Regionalnej Organizacji Turystycznej<\/p>\n","protected":false},"excerpt":{"rendered":"<p>VI KONFERENCJA NAUKOWA \u201eTURYSTYKA NA OBSZARACH PRZYRODNICZO CENNYCH\u201d \u201eZr\u00f3wnowa\u017cony rozw\u00f3j w ochronie \u015brodowiska naturalnego\u201d Bia\u0142owie\u017ca, 17-18-19 pa\u017adziernika 2019 r. Patronaty Honorowe: &#8211; Polski Komitet ds. UNESCO &#8211; Minister Nauki i Szkolnictwa Wy\u017cszego &#8211; Minister \u015arodowiska &#8211; Minister Sportu i Turystyki &#8211; Marsza\u0142ek Wojew\u00f3dztwa Podlaskiego &#8211; Generalny Dyrektor Ochrony \u015arodowiska &#8211; Dyrektor Generalny Las\u00f3w Pa\u0144stwowych &#8211; [&hellip;]<\/p>\n","protected":false},"author":2,"featured_media":0,"parent":205,"menu_order":1,"comment_status":"closed","ping_status":"closed","template":"","meta":{"_acf_changed":false,"ngg_post_thumbnail":0,"footnotes":""},"class_list":["post-411","page","type-page","status-publish","hentry"],"acf":[],"yoast_head":"<!-- This site is optimized with the Yoast SEO plugin v27.0 - https:\/\/yoast.com\/product\/yoast-seo-wordpress\/ -->\n<title>2019 - archiwum TnOPC<\/title>\n<meta name=\"description\" content=\"VI KONFERENCJA NAUKOWA \u201eTURYSTYKA NA OBSZARACH PRZYRODNICZO CENNYCH\u201d \u201eZr\u00f3wnowa\u017cony rozw\u00f3j w ochronie \u015brodowiska naturalnego\u201d Bia\u0142owie\u017ca, 17-18-19\" \/>\n<meta name=\"robots\" content=\"index, follow, max-snippet:-1, max-image-preview:large, max-video-preview:-1\" \/>\n<link rel=\"canonical\" href=\"https:\/\/pb.edu.pl\/tnopc\/archiwum\/tnopc-2019\/\" \/>\n<meta property=\"og:locale\" content=\"pl_PL\" \/>\n<meta property=\"og:type\" content=\"article\" \/>\n<meta property=\"og:title\" content=\"2019 - archiwum TnOPC\" \/>\n<meta property=\"og:description\" content=\"VI KONFERENCJA NAUKOWA \u201eTURYSTYKA NA OBSZARACH PRZYRODNICZO CENNYCH\u201d \u201eZr\u00f3wnowa\u017cony rozw\u00f3j w ochronie \u015brodowiska naturalnego\u201d Bia\u0142owie\u017ca, 17-18-19\" \/>\n<meta property=\"og:url\" content=\"https:\/\/pb.edu.pl\/tnopc\/archiwum\/tnopc-2019\/\" \/>\n<meta property=\"og:site_name\" content=\"VII Mi\u0119dzynarodowa Konferencja Naukowa Turystyka na Obszarach Przyrodniczo Cennych - TnOPC\" \/>\n<meta property=\"article:modified_time\" content=\"2022-09-08T07:25:24+00:00\" \/>\n<meta name=\"twitter:card\" content=\"summary_large_image\" \/>\n<script type=\"application\/ld+json\" class=\"yoast-schema-graph\">{\"@context\":\"https:\/\/schema.org\",\"@graph\":[{\"@type\":\"WebPage\",\"@id\":\"https:\/\/pb.edu.pl\/tnopc\/archiwum\/tnopc-2019\/\",\"url\":\"https:\/\/pb.edu.pl\/tnopc\/archiwum\/tnopc-2019\/\",\"name\":\"2019 - archiwum TnOPC\",\"isPartOf\":{\"@id\":\"https:\/\/pb.edu.pl\/tnopc\/#website\"},\"datePublished\":\"2021-06-23T20:51:39+00:00\",\"dateModified\":\"2022-09-08T07:25:24+00:00\",\"description\":\"VI KONFERENCJA NAUKOWA \u201eTURYSTYKA NA OBSZARACH PRZYRODNICZO CENNYCH\u201d \u201eZr\u00f3wnowa\u017cony rozw\u00f3j w ochronie \u015brodowiska naturalnego\u201d Bia\u0142owie\u017ca, 17-18-19\",\"breadcrumb\":{\"@id\":\"https:\/\/pb.edu.pl\/tnopc\/archiwum\/tnopc-2019\/#breadcrumb\"},\"inLanguage\":\"pl-PL\",\"potentialAction\":[{\"@type\":\"ReadAction\",\"target\":[\"https:\/\/pb.edu.pl\/tnopc\/archiwum\/tnopc-2019\/\"]}]},{\"@type\":\"BreadcrumbList\",\"@id\":\"https:\/\/pb.edu.pl\/tnopc\/archiwum\/tnopc-2019\/#breadcrumb\",\"itemListElement\":[{\"@type\":\"ListItem\",\"position\":1,\"name\":\"Strona g\u0142\u00f3wna\",\"item\":\"https:\/\/pb.edu.pl\/tnopc\/\"},{\"@type\":\"ListItem\",\"position\":2,\"name\":\"Archiwum\",\"item\":\"https:\/\/pb.edu.pl\/tnopc\/archiwum\/\"},{\"@type\":\"ListItem\",\"position\":3,\"name\":\"2019\"}]},{\"@type\":\"WebSite\",\"@id\":\"https:\/\/pb.edu.pl\/tnopc\/#website\",\"url\":\"https:\/\/pb.edu.pl\/tnopc\/\",\"name\":\"VII Mi\u0119dzynarodowa Konferencja Naukowa Turystyka na Obszarach Przyrodniczo Cennych - TnOPC\",\"description\":\"\",\"potentialAction\":[{\"@type\":\"SearchAction\",\"target\":{\"@type\":\"EntryPoint\",\"urlTemplate\":\"https:\/\/pb.edu.pl\/tnopc\/?s={search_term_string}\"},\"query-input\":{\"@type\":\"PropertyValueSpecification\",\"valueRequired\":true,\"valueName\":\"search_term_string\"}}],\"inLanguage\":\"pl-PL\"}]}<\/script>\n<!-- \/ Yoast SEO plugin. -->","yoast_head_json":{"title":"2019 - archiwum TnOPC","description":"VI KONFERENCJA NAUKOWA \u201eTURYSTYKA NA OBSZARACH PRZYRODNICZO CENNYCH\u201d \u201eZr\u00f3wnowa\u017cony rozw\u00f3j w ochronie \u015brodowiska naturalnego\u201d Bia\u0142owie\u017ca, 17-18-19","robots":{"index":"index","follow":"follow","max-snippet":"max-snippet:-1","max-image-preview":"max-image-preview:large","max-video-preview":"max-video-preview:-1"},"canonical":"https:\/\/pb.edu.pl\/tnopc\/archiwum\/tnopc-2019\/","og_locale":"pl_PL","og_type":"article","og_title":"2019 - archiwum TnOPC","og_description":"VI KONFERENCJA NAUKOWA \u201eTURYSTYKA NA OBSZARACH PRZYRODNICZO CENNYCH\u201d \u201eZr\u00f3wnowa\u017cony rozw\u00f3j w ochronie \u015brodowiska naturalnego\u201d Bia\u0142owie\u017ca, 17-18-19","og_url":"https:\/\/pb.edu.pl\/tnopc\/archiwum\/tnopc-2019\/","og_site_name":"VII Mi\u0119dzynarodowa Konferencja Naukowa Turystyka na Obszarach Przyrodniczo Cennych - TnOPC","article_modified_time":"2022-09-08T07:25:24+00:00","twitter_card":"summary_large_image","schema":{"@context":"https:\/\/schema.org","@graph":[{"@type":"WebPage","@id":"https:\/\/pb.edu.pl\/tnopc\/archiwum\/tnopc-2019\/","url":"https:\/\/pb.edu.pl\/tnopc\/archiwum\/tnopc-2019\/","name":"2019 - archiwum TnOPC","isPartOf":{"@id":"https:\/\/pb.edu.pl\/tnopc\/#website"},"datePublished":"2021-06-23T20:51:39+00:00","dateModified":"2022-09-08T07:25:24+00:00","description":"VI KONFERENCJA NAUKOWA \u201eTURYSTYKA NA OBSZARACH PRZYRODNICZO CENNYCH\u201d \u201eZr\u00f3wnowa\u017cony rozw\u00f3j w ochronie \u015brodowiska naturalnego\u201d Bia\u0142owie\u017ca, 17-18-19","breadcrumb":{"@id":"https:\/\/pb.edu.pl\/tnopc\/archiwum\/tnopc-2019\/#breadcrumb"},"inLanguage":"pl-PL","potentialAction":[{"@type":"ReadAction","target":["https:\/\/pb.edu.pl\/tnopc\/archiwum\/tnopc-2019\/"]}]},{"@type":"BreadcrumbList","@id":"https:\/\/pb.edu.pl\/tnopc\/archiwum\/tnopc-2019\/#breadcrumb","itemListElement":[{"@type":"ListItem","position":1,"name":"Strona g\u0142\u00f3wna","item":"https:\/\/pb.edu.pl\/tnopc\/"},{"@type":"ListItem","position":2,"name":"Archiwum","item":"https:\/\/pb.edu.pl\/tnopc\/archiwum\/"},{"@type":"ListItem","position":3,"name":"2019"}]},{"@type":"WebSite","@id":"https:\/\/pb.edu.pl\/tnopc\/#website","url":"https:\/\/pb.edu.pl\/tnopc\/","name":"VII Mi\u0119dzynarodowa Konferencja Naukowa Turystyka na Obszarach Przyrodniczo Cennych - TnOPC","description":"","potentialAction":[{"@type":"SearchAction","target":{"@type":"EntryPoint","urlTemplate":"https:\/\/pb.edu.pl\/tnopc\/?s={search_term_string}"},"query-input":{"@type":"PropertyValueSpecification","valueRequired":true,"valueName":"search_term_string"}}],"inLanguage":"pl-PL"}]}},"_links":{"self":[{"href":"https:\/\/pb.edu.pl\/tnopc\/wp-json\/wp\/v2\/pages\/411","targetHints":{"allow":["GET"]}}],"collection":[{"href":"https:\/\/pb.edu.pl\/tnopc\/wp-json\/wp\/v2\/pages"}],"about":[{"href":"https:\/\/pb.edu.pl\/tnopc\/wp-json\/wp\/v2\/types\/page"}],"author":[{"embeddable":true,"href":"https:\/\/pb.edu.pl\/tnopc\/wp-json\/wp\/v2\/users\/2"}],"replies":[{"embeddable":true,"href":"https:\/\/pb.edu.pl\/tnopc\/wp-json\/wp\/v2\/comments?post=411"}],"version-history":[{"count":0,"href":"https:\/\/pb.edu.pl\/tnopc\/wp-json\/wp\/v2\/pages\/411\/revisions"}],"up":[{"embeddable":true,"href":"https:\/\/pb.edu.pl\/tnopc\/wp-json\/wp\/v2\/pages\/205"}],"wp:attachment":[{"href":"https:\/\/pb.edu.pl\/tnopc\/wp-json\/wp\/v2\/media?parent=411"}],"curies":[{"name":"wp","href":"https:\/\/api.w.org\/{rel}","templated":true}]}}