{"id":216,"date":"2021-06-20T23:21:24","date_gmt":"2021-06-20T21:21:24","guid":{"rendered":"https:\/\/pb.edu.pl\/tnopc\/?page_id=216"},"modified":"2022-09-06T19:42:39","modified_gmt":"2022-09-06T17:42:39","slug":"regulacje","status":"publish","type":"page","link":"https:\/\/pb.edu.pl\/tnopc\/dla-uczestnikow\/regulacje\/","title":{"rendered":"Regulacje"},"content":{"rendered":"<p><strong>Zasady uczestnictwa w VIII Konferencji Naukowej ,,Turystyka na obszarach przyrodniczo cennych&#8221;<\/strong><\/p>\n<ol>\n<li>Organizatorem VIII edycji Konferencji Naukowej ,,Turystyka na obszarach przyrodniczo cennych&#8221; jest Politechnika Bia\u0142ostocka i Instytut Kronenberga &#8211; Fundacja Przysz\u0142o\u015bci Obszar\u00f3w Chronionych.<\/li>\n<li>Konferencja odb\u0119dzie si\u0119 w dniach 28-30.11.2022 i b\u0119dzie prowadzona w systemie hybrydowym przy wykorzystaniu MS Teams oraz na \u017cywo w studiu konferencyjnym .<\/li>\n<li>Konferencja b\u0119dzie rejestrowana przez Organizatora. Wybrane nagrania z wydarzenia zostan\u0105 udost\u0119pnione na stronie internetowej Organizatora oraz streamowane na platformach spo\u0142eczno\u015bciowych m.in. Youtube, FB, IG. W wyniku dokonywanej rejestracji dojdzie do utrwalenia, zarejestrowania wizerunku oraz wypowiedzi Uczestnik\u00f3w.<\/li>\n<li>W celu informacyjno-promocyjnym Konferencji dokonujemy rejestracji jej przebiegu za pomoc\u0105 relacji fotograficznych oraz audio-video. Wybrane fragmenty Konferencji mog\u0105 by\u0107 udost\u0119pnianie wszystkim Uczestnikom Konferencji oraz upubliczniane na naszej stronie internetowej, stronach m.in. Youtube, FB, IG, kana\u0142ach bran\u017cowych.<\/li>\n<li>Uczestnicy (nie dotyczy Prelegent\u00f3w), kt\u00f3rzy nie chc\u0105, aby ich wizerunek by\u0142 rozpowszechniany w ramach dzia\u0142a\u0144 informacyjno-promocyjnych konferencji, zobowi\u0105zani s\u0105 do wy\u0142\u0105czenia kamery na swoim urz\u0105dzeniu.<\/li>\n<li>W\u0142\u0105czaj\u0105c kamer\u0119 w swoim urz\u0105dzeniu podczas Konferencji, Uczestnik wyra\u017ca przez to dzia\u0142anie zgod\u0119 na nieodp\u0142atne rozpowszechnianie jego wizerunku przez Organizatora Konferencji w zwi\u0105zku z dzia\u0142aniami promocyjnymi dotycz\u0105cymi Konferencji.<\/li>\n<li>Przes\u0142anie do Organizatora zg\u0142oszenia uczestnictwa w konferencji jest r\u00f3wnoznaczne z zapoznaniem si\u0119 i akceptacj\u0105 Zasad uczestnictwa w Konferencji.<\/li>\n<\/ol>\n<p><strong>Informacja Administratora \u2013 zgodnie z art. 13 ust. 1 i 2 og\u00f3lnego rozporz\u0105dzenia o ochronie danych osobowych nr 2016\/679 z dnia 27 kwietnia 2016 r. (dalej RODO)<\/strong><\/p>\n<ol>\n<li>Administratorem Pani\/Pana danych osobowych jest Politechnika Bia\u0142ostocka, ul. Wiejska 45A, 15-351 Bia\u0142ystok, tel.: 85 746 90 00, <a title=\"otworzy si\u0119 w nowej zak\u0142adce\" href=\"https:\/\/pb.edu.pl\" target=\"_blank\" rel=\"noopener\">pb.edu.pl<\/a> (dalej Uczelnia).<\/li>\n<li>Administrator, zgodnie z art. 37 ust. 1 lit. a RODO, powo\u0142a\u0142 Inspektora Ochrony Danych, z kt\u00f3rym w sprawach zwi\u0105zanych z przetwarzaniem danych osobowych mo\u017ce si\u0119 Pani\/Pan kontaktowa\u0107 za pomoc\u0105 poczty elektronicznej pod adresem: iod@pb.edu.pl.<\/li>\n<li>Pani\/Pana dane osobowe przetwarzane b\u0119d\u0105 w celu:<br \/>\na. rejestracji uczestnictwa,<br \/>\nb. organizacji konferencji przy wykorzystaniu narz\u0119dzia MS Teams,<br \/>\nc. komunikowania si\u0119 z Uczestnikami w sprawach zwi\u0105zanych z konferencj\u0105 i udokumentowania jej przebiegu<br \/>\n&#8211; na podstawie art. 6 ust. 1 lit. e RODO, gdy\u017c jest to niezb\u0119dne do wykonania zadania realizowanego w interesie publicznym w zwi\u0105zku z misj\u0105 systemu szkolnictwa wy\u017cszego i nauki w zakresie kszta\u0142cenia, dzia\u0142alno\u015bci naukowej, kszta\u0142towania postaw obywatelskich,<br \/>\nd. promocyjnym i informacyjnym \u2013 przetwarzanie danych osobowych Uczestnik\u00f3w i Prelegent\u00f3w odbywa si\u0119 na podstawie art. 6 ust. 1 lit. e RODO oraz na podstawie art. 6 ust. 1 lit. a RODO w zakresie publikacji wizerunku.<\/li>\n<li>Odbiorcami Pani\/Pana danych osobowych mog\u0105 by\u0107 podmioty realizuj\u0105ce us\u0142ugi na rzecz Uczelni m.in. dostawcy us\u0142ug internetowych, obs\u0142uga prawna oraz inne podmioty uprawnione na podstawie przepis\u00f3w prawa, u\u017cytkownicy stron internetowych administratora i portali spo\u0142eczno\u015bciowych na kt\u00f3rych administrator posiada konta.<\/li>\n<li>Pani\/Pana dane osobowe b\u0119d\u0105 przechowywane okres niezb\u0119dny do prawid\u0142owej organizacji konferencji a nast\u0119pnie przez okres 6 miesi\u0119cy oraz do czasu cofni\u0119cia udzielonej zgody \u2013 w zakresie danych przetwarzanych na podstawie udzielonej zgody.<\/li>\n<li>Przys\u0142uguje Pani\/Panu prawo dost\u0119pu do tre\u015bci swoich danych, oraz z zastrze\u017ceniem przepis\u00f3w prawa przys\u0142uguje Pani\/Panu prawo do:<br \/>\na) cofni\u0119cia udzielonej zgody, z zastrze\u017ceniem, \u017ce cofni\u0119cie zgody nie b\u0119dzie wp\u0142ywa\u0107 ma zgodno\u015b\u0107 z prawem przetwarzania, kt\u00f3rego dokonano na podstawie Pani\/Pana zgody przed jej wycofaniem;<br \/>\nb) sprostowania danych,<br \/>\nc) usuni\u0119cia danych,<br \/>\nd) ograniczenia przetwarzania danych,<br \/>\ne) wniesienia sprzeciwu wobec przetwarzania danych osobowych.<\/li>\n<li>Gdy uzna Pani\/Pan, \u017ce przetwarzanie danych osobowych narusza powszechnie obowi\u0105zuj\u0105ce przepisy w tym zakresie przys\u0142uguje Pani\/Panu prawo do wniesienia skargi do organu nadzorczego. W Polsce jest to Prezes Urz\u0119du Ochrony Danych Osobowych.<\/li>\n<li>Podanie danych osobowych jest dobrowolne, lecz niezb\u0119dne w celu rejestracji i udzia\u0142u w konferencji. Konsekwencj\u0105 niepodania danych osobowych b\u0119dzie brak mo\u017cliwo\u015bci uczestniczenia w ww. konferencji.<\/li>\n<li>Pani\/Pana dane osobowe nie b\u0119d\u0105 wykorzystywane do zautomatyzowanego podejmowania decyzji ani profilowania, o kt\u00f3rym mowa w art. 22 rozporz\u0105dzenia.<\/li>\n<\/ol>\n","protected":false},"excerpt":{"rendered":"<p>Zasady uczestnictwa w VIII Konferencji Naukowej ,,Turystyka na obszarach przyrodniczo cennych&#8221; Organizatorem VIII edycji Konferencji Naukowej ,,Turystyka na obszarach przyrodniczo cennych&#8221; jest Politechnika Bia\u0142ostocka i Instytut Kronenberga &#8211; Fundacja Przysz\u0142o\u015bci Obszar\u00f3w Chronionych. Konferencja odb\u0119dzie si\u0119 w dniach 28-30.11.2022 i b\u0119dzie prowadzona w systemie hybrydowym przy wykorzystaniu MS Teams oraz na \u017cywo w studiu konferencyjnym . [&hellip;]<\/p>\n","protected":false},"author":2,"featured_media":0,"parent":167,"menu_order":6,"comment_status":"closed","ping_status":"closed","template":"","meta":{"_acf_changed":false,"ngg_post_thumbnail":0,"footnotes":""},"class_list":["post-216","page","type-page","status-publish","hentry"],"acf":[],"yoast_head":"<!-- This site is optimized with the Yoast SEO plugin v27.0 - https:\/\/yoast.com\/product\/yoast-seo-wordpress\/ -->\n<title>Regulacje - TnOPC<\/title>\n<meta name=\"description\" content=\"Zasady uczestnictwa w VII Mi\u0119dzynarodowej Konferencji Naukowej Turystyka na obszarach przyrodniczo cennych. Klauzula informacyjna ODO.\" \/>\n<meta name=\"robots\" content=\"index, follow, max-snippet:-1, max-image-preview:large, max-video-preview:-1\" \/>\n<link rel=\"canonical\" href=\"https:\/\/pb.edu.pl\/tnopc\/dla-uczestnikow\/regulacje\/\" \/>\n<meta property=\"og:locale\" content=\"pl_PL\" \/>\n<meta property=\"og:type\" content=\"article\" \/>\n<meta property=\"og:title\" content=\"Regulacje - TnOPC\" \/>\n<meta property=\"og:description\" content=\"Zasady uczestnictwa w VII Mi\u0119dzynarodowej Konferencji Naukowej Turystyka na obszarach przyrodniczo cennych. Klauzula informacyjna ODO.\" \/>\n<meta property=\"og:url\" content=\"https:\/\/pb.edu.pl\/tnopc\/dla-uczestnikow\/regulacje\/\" \/>\n<meta property=\"og:site_name\" content=\"VII Mi\u0119dzynarodowa Konferencja Naukowa Turystyka na Obszarach Przyrodniczo Cennych - TnOPC\" \/>\n<meta property=\"article:modified_time\" content=\"2022-09-06T17:42:39+00:00\" \/>\n<meta name=\"twitter:card\" content=\"summary_large_image\" \/>\n<meta name=\"twitter:label1\" content=\"Szacowany czas czytania\" \/>\n\t<meta name=\"twitter:data1\" content=\"3 minuty\" \/>\n<script type=\"application\/ld+json\" class=\"yoast-schema-graph\">{\"@context\":\"https:\/\/schema.org\",\"@graph\":[{\"@type\":\"WebPage\",\"@id\":\"https:\/\/pb.edu.pl\/tnopc\/dla-uczestnikow\/regulacje\/\",\"url\":\"https:\/\/pb.edu.pl\/tnopc\/dla-uczestnikow\/regulacje\/\",\"name\":\"Regulacje - TnOPC\",\"isPartOf\":{\"@id\":\"https:\/\/pb.edu.pl\/tnopc\/#website\"},\"datePublished\":\"2021-06-20T21:21:24+00:00\",\"dateModified\":\"2022-09-06T17:42:39+00:00\",\"description\":\"Zasady uczestnictwa w VII Mi\u0119dzynarodowej Konferencji Naukowej Turystyka na obszarach przyrodniczo cennych. Klauzula informacyjna ODO.\",\"breadcrumb\":{\"@id\":\"https:\/\/pb.edu.pl\/tnopc\/dla-uczestnikow\/regulacje\/#breadcrumb\"},\"inLanguage\":\"pl-PL\",\"potentialAction\":[{\"@type\":\"ReadAction\",\"target\":[\"https:\/\/pb.edu.pl\/tnopc\/dla-uczestnikow\/regulacje\/\"]}]},{\"@type\":\"BreadcrumbList\",\"@id\":\"https:\/\/pb.edu.pl\/tnopc\/dla-uczestnikow\/regulacje\/#breadcrumb\",\"itemListElement\":[{\"@type\":\"ListItem\",\"position\":1,\"name\":\"Strona g\u0142\u00f3wna\",\"item\":\"https:\/\/pb.edu.pl\/tnopc\/\"},{\"@type\":\"ListItem\",\"position\":2,\"name\":\"Dla uczestnik\u00f3w\",\"item\":\"https:\/\/pb.edu.pl\/tnopc\/dla-uczestnikow\/\"},{\"@type\":\"ListItem\",\"position\":3,\"name\":\"Regulacje\"}]},{\"@type\":\"WebSite\",\"@id\":\"https:\/\/pb.edu.pl\/tnopc\/#website\",\"url\":\"https:\/\/pb.edu.pl\/tnopc\/\",\"name\":\"VII Mi\u0119dzynarodowa Konferencja Naukowa Turystyka na Obszarach Przyrodniczo Cennych - TnOPC\",\"description\":\"\",\"potentialAction\":[{\"@type\":\"SearchAction\",\"target\":{\"@type\":\"EntryPoint\",\"urlTemplate\":\"https:\/\/pb.edu.pl\/tnopc\/?s={search_term_string}\"},\"query-input\":{\"@type\":\"PropertyValueSpecification\",\"valueRequired\":true,\"valueName\":\"search_term_string\"}}],\"inLanguage\":\"pl-PL\"}]}<\/script>\n<!-- \/ Yoast SEO plugin. -->","yoast_head_json":{"title":"Regulacje - TnOPC","description":"Zasady uczestnictwa w VII Mi\u0119dzynarodowej Konferencji Naukowej Turystyka na obszarach przyrodniczo cennych. Klauzula informacyjna ODO.","robots":{"index":"index","follow":"follow","max-snippet":"max-snippet:-1","max-image-preview":"max-image-preview:large","max-video-preview":"max-video-preview:-1"},"canonical":"https:\/\/pb.edu.pl\/tnopc\/dla-uczestnikow\/regulacje\/","og_locale":"pl_PL","og_type":"article","og_title":"Regulacje - TnOPC","og_description":"Zasady uczestnictwa w VII Mi\u0119dzynarodowej Konferencji Naukowej Turystyka na obszarach przyrodniczo cennych. Klauzula informacyjna ODO.","og_url":"https:\/\/pb.edu.pl\/tnopc\/dla-uczestnikow\/regulacje\/","og_site_name":"VII Mi\u0119dzynarodowa Konferencja Naukowa Turystyka na Obszarach Przyrodniczo Cennych - TnOPC","article_modified_time":"2022-09-06T17:42:39+00:00","twitter_card":"summary_large_image","twitter_misc":{"Szacowany czas czytania":"3 minuty"},"schema":{"@context":"https:\/\/schema.org","@graph":[{"@type":"WebPage","@id":"https:\/\/pb.edu.pl\/tnopc\/dla-uczestnikow\/regulacje\/","url":"https:\/\/pb.edu.pl\/tnopc\/dla-uczestnikow\/regulacje\/","name":"Regulacje - TnOPC","isPartOf":{"@id":"https:\/\/pb.edu.pl\/tnopc\/#website"},"datePublished":"2021-06-20T21:21:24+00:00","dateModified":"2022-09-06T17:42:39+00:00","description":"Zasady uczestnictwa w VII Mi\u0119dzynarodowej Konferencji Naukowej Turystyka na obszarach przyrodniczo cennych. Klauzula informacyjna ODO.","breadcrumb":{"@id":"https:\/\/pb.edu.pl\/tnopc\/dla-uczestnikow\/regulacje\/#breadcrumb"},"inLanguage":"pl-PL","potentialAction":[{"@type":"ReadAction","target":["https:\/\/pb.edu.pl\/tnopc\/dla-uczestnikow\/regulacje\/"]}]},{"@type":"BreadcrumbList","@id":"https:\/\/pb.edu.pl\/tnopc\/dla-uczestnikow\/regulacje\/#breadcrumb","itemListElement":[{"@type":"ListItem","position":1,"name":"Strona g\u0142\u00f3wna","item":"https:\/\/pb.edu.pl\/tnopc\/"},{"@type":"ListItem","position":2,"name":"Dla uczestnik\u00f3w","item":"https:\/\/pb.edu.pl\/tnopc\/dla-uczestnikow\/"},{"@type":"ListItem","position":3,"name":"Regulacje"}]},{"@type":"WebSite","@id":"https:\/\/pb.edu.pl\/tnopc\/#website","url":"https:\/\/pb.edu.pl\/tnopc\/","name":"VII Mi\u0119dzynarodowa Konferencja Naukowa Turystyka na Obszarach Przyrodniczo Cennych - TnOPC","description":"","potentialAction":[{"@type":"SearchAction","target":{"@type":"EntryPoint","urlTemplate":"https:\/\/pb.edu.pl\/tnopc\/?s={search_term_string}"},"query-input":{"@type":"PropertyValueSpecification","valueRequired":true,"valueName":"search_term_string"}}],"inLanguage":"pl-PL"}]}},"_links":{"self":[{"href":"https:\/\/pb.edu.pl\/tnopc\/wp-json\/wp\/v2\/pages\/216","targetHints":{"allow":["GET"]}}],"collection":[{"href":"https:\/\/pb.edu.pl\/tnopc\/wp-json\/wp\/v2\/pages"}],"about":[{"href":"https:\/\/pb.edu.pl\/tnopc\/wp-json\/wp\/v2\/types\/page"}],"author":[{"embeddable":true,"href":"https:\/\/pb.edu.pl\/tnopc\/wp-json\/wp\/v2\/users\/2"}],"replies":[{"embeddable":true,"href":"https:\/\/pb.edu.pl\/tnopc\/wp-json\/wp\/v2\/comments?post=216"}],"version-history":[{"count":0,"href":"https:\/\/pb.edu.pl\/tnopc\/wp-json\/wp\/v2\/pages\/216\/revisions"}],"up":[{"embeddable":true,"href":"https:\/\/pb.edu.pl\/tnopc\/wp-json\/wp\/v2\/pages\/167"}],"wp:attachment":[{"href":"https:\/\/pb.edu.pl\/tnopc\/wp-json\/wp\/v2\/media?parent=216"}],"curies":[{"name":"wp","href":"https:\/\/api.w.org\/{rel}","templated":true}]}}