{"id":165,"date":"2021-06-17T13:32:33","date_gmt":"2021-06-17T11:32:33","guid":{"rendered":"https:\/\/pb.edu.pl\/tnopc\/?page_id=165"},"modified":"2022-10-27T13:07:48","modified_gmt":"2022-10-27T11:07:48","slug":"miejsce-konferencji","status":"publish","type":"page","link":"https:\/\/pb.edu.pl\/tnopc\/o-konferencji\/miejsce-konferencji\/","title":{"rendered":"Miejsce konferencji"},"content":{"rendered":"<p>VIII Konferencja Naukowa \u201eTurystyka na obszarach przyrodniczo cennych\u201d odb\u0119dzie si\u0119 w dniach 28-29-30 listopada 2022 roku, w Bia\u0142ymstoku, na Politechnice Bia\u0142ostockiej w Auli <a href=\"https:\/\/pb.edu.pl\/uczelnia\/mapa-kampusu\/miasteczko-akademickie-plan-przestrzenny\/\">Wydzia\u0142u Elektrycznego<\/a> (ul. Wiejska 45D, 15-351 Bia\u0142ystok), w formule hybrydowej, kt\u00f3ra umo\u017cliwi uczestnictwo zainteresowanych naukowc\u00f3w i ekspert\u00f3w z kraju i zagranicy. G\u0142\u00f3wnym tematem tegorocznej edycji konferencji b\u0119dzie &#8222;\u015arodowisko naturalne i dziedzictwo kulturowe jako obszar decyzji i dzia\u0142a\u0144&#8221;. Transmisje sesji i meet-up\u00f3w b\u0119d\u0105 dost\u0119pne w streaming-u konferencyjnym oraz poprzez wybrane, og\u00f3lnodost\u0119pne kana\u0142y i media spo\u0142eczno\u015bciowe.<\/p>\n<p><img loading=\"lazy\" decoding=\"async\" class=\"aligncenter wp-image-581\" src=\"https:\/\/pb.edu.pl\/tnopc\/wp-content\/uploads\/sites\/66\/2021\/09\/tnopc-o-konferencji-cnk.jpg\" alt=\"CNK\" width=\"600\" height=\"398\" srcset=\"https:\/\/pb.edu.pl\/tnopc\/wp-content\/uploads\/sites\/66\/2021\/09\/tnopc-o-konferencji-cnk.jpg 800w, https:\/\/pb.edu.pl\/tnopc\/wp-content\/uploads\/sites\/66\/2021\/09\/tnopc-o-konferencji-cnk-300x199.jpg 300w, https:\/\/pb.edu.pl\/tnopc\/wp-content\/uploads\/sites\/66\/2021\/09\/tnopc-o-konferencji-cnk-768x510.jpg 768w\" sizes=\"auto, (max-width: 600px) 100vw, 600px\" \/><\/p>\n","protected":false},"excerpt":{"rendered":"<p>VIII Konferencja Naukowa \u201eTurystyka na obszarach przyrodniczo cennych\u201d odb\u0119dzie si\u0119 w dniach 28-29-30 listopada 2022 roku, w Bia\u0142ymstoku, na Politechnice Bia\u0142ostockiej w Auli Wydzia\u0142u Elektrycznego (ul. Wiejska 45D, 15-351 Bia\u0142ystok), w formule hybrydowej, kt\u00f3ra umo\u017cliwi uczestnictwo zainteresowanych naukowc\u00f3w i ekspert\u00f3w z kraju i zagranicy. G\u0142\u00f3wnym tematem tegorocznej edycji konferencji b\u0119dzie &#8222;\u015arodowisko naturalne i dziedzictwo kulturowe [&hellip;]<\/p>\n","protected":false},"author":2,"featured_media":0,"parent":41,"menu_order":2,"comment_status":"closed","ping_status":"closed","template":"","meta":{"_acf_changed":false,"ngg_post_thumbnail":0,"footnotes":""},"class_list":["post-165","page","type-page","status-publish","hentry"],"acf":[],"yoast_head":"<!-- This site is optimized with the Yoast SEO plugin v27.0 - https:\/\/yoast.com\/product\/yoast-seo-wordpress\/ -->\n<title>Miejsce konferencji - TnOPC<\/title>\n<meta name=\"description\" content=\"Studio Konferencyjne w nowoczesnym kampusie Politechniki Bia\u0142ostockiej\" \/>\n<meta name=\"robots\" content=\"index, follow, max-snippet:-1, max-image-preview:large, max-video-preview:-1\" \/>\n<link rel=\"canonical\" href=\"https:\/\/pb.edu.pl\/tnopc\/o-konferencji\/miejsce-konferencji\/\" \/>\n<meta property=\"og:locale\" content=\"pl_PL\" \/>\n<meta property=\"og:type\" content=\"article\" \/>\n<meta property=\"og:title\" content=\"Miejsce konferencji - TnOPC\" \/>\n<meta property=\"og:description\" content=\"Studio Konferencyjne w nowoczesnym kampusie Politechniki Bia\u0142ostockiej\" \/>\n<meta property=\"og:url\" content=\"https:\/\/pb.edu.pl\/tnopc\/o-konferencji\/miejsce-konferencji\/\" \/>\n<meta property=\"og:site_name\" content=\"VII Mi\u0119dzynarodowa Konferencja Naukowa Turystyka na Obszarach Przyrodniczo Cennych - TnOPC\" \/>\n<meta property=\"article:modified_time\" content=\"2022-10-27T11:07:48+00:00\" \/>\n<meta property=\"og:image\" content=\"https:\/\/pb.edu.pl\/tnopc\/wp-content\/uploads\/sites\/66\/2021\/09\/tnopc-o-konferencji-cnk.jpg\" \/>\n<meta name=\"twitter:card\" content=\"summary_large_image\" \/>\n<script type=\"application\/ld+json\" class=\"yoast-schema-graph\">{\"@context\":\"https:\/\/schema.org\",\"@graph\":[{\"@type\":\"WebPage\",\"@id\":\"https:\/\/pb.edu.pl\/tnopc\/o-konferencji\/miejsce-konferencji\/\",\"url\":\"https:\/\/pb.edu.pl\/tnopc\/o-konferencji\/miejsce-konferencji\/\",\"name\":\"Miejsce konferencji - TnOPC\",\"isPartOf\":{\"@id\":\"https:\/\/pb.edu.pl\/tnopc\/#website\"},\"primaryImageOfPage\":{\"@id\":\"https:\/\/pb.edu.pl\/tnopc\/o-konferencji\/miejsce-konferencji\/#primaryimage\"},\"image\":{\"@id\":\"https:\/\/pb.edu.pl\/tnopc\/o-konferencji\/miejsce-konferencji\/#primaryimage\"},\"thumbnailUrl\":\"https:\/\/pb.edu.pl\/tnopc\/wp-content\/uploads\/sites\/66\/2021\/09\/tnopc-o-konferencji-cnk.jpg\",\"datePublished\":\"2021-06-17T11:32:33+00:00\",\"dateModified\":\"2022-10-27T11:07:48+00:00\",\"description\":\"Studio Konferencyjne w nowoczesnym kampusie Politechniki Bia\u0142ostockiej\",\"breadcrumb\":{\"@id\":\"https:\/\/pb.edu.pl\/tnopc\/o-konferencji\/miejsce-konferencji\/#breadcrumb\"},\"inLanguage\":\"pl-PL\",\"potentialAction\":[{\"@type\":\"ReadAction\",\"target\":[\"https:\/\/pb.edu.pl\/tnopc\/o-konferencji\/miejsce-konferencji\/\"]}]},{\"@type\":\"ImageObject\",\"inLanguage\":\"pl-PL\",\"@id\":\"https:\/\/pb.edu.pl\/tnopc\/o-konferencji\/miejsce-konferencji\/#primaryimage\",\"url\":\"https:\/\/pb.edu.pl\/tnopc\/wp-content\/uploads\/sites\/66\/2021\/09\/tnopc-o-konferencji-cnk.jpg\",\"contentUrl\":\"https:\/\/pb.edu.pl\/tnopc\/wp-content\/uploads\/sites\/66\/2021\/09\/tnopc-o-konferencji-cnk.jpg\",\"width\":800,\"height\":531,\"caption\":\"CNK\"},{\"@type\":\"BreadcrumbList\",\"@id\":\"https:\/\/pb.edu.pl\/tnopc\/o-konferencji\/miejsce-konferencji\/#breadcrumb\",\"itemListElement\":[{\"@type\":\"ListItem\",\"position\":1,\"name\":\"Strona g\u0142\u00f3wna\",\"item\":\"https:\/\/pb.edu.pl\/tnopc\/\"},{\"@type\":\"ListItem\",\"position\":2,\"name\":\"O konferencji\",\"item\":\"https:\/\/pb.edu.pl\/tnopc\/o-konferencji\/\"},{\"@type\":\"ListItem\",\"position\":3,\"name\":\"Miejsce konferencji\"}]},{\"@type\":\"WebSite\",\"@id\":\"https:\/\/pb.edu.pl\/tnopc\/#website\",\"url\":\"https:\/\/pb.edu.pl\/tnopc\/\",\"name\":\"VII Mi\u0119dzynarodowa Konferencja Naukowa Turystyka na Obszarach Przyrodniczo Cennych - TnOPC\",\"description\":\"\",\"potentialAction\":[{\"@type\":\"SearchAction\",\"target\":{\"@type\":\"EntryPoint\",\"urlTemplate\":\"https:\/\/pb.edu.pl\/tnopc\/?s={search_term_string}\"},\"query-input\":{\"@type\":\"PropertyValueSpecification\",\"valueRequired\":true,\"valueName\":\"search_term_string\"}}],\"inLanguage\":\"pl-PL\"}]}<\/script>\n<!-- \/ Yoast SEO plugin. -->","yoast_head_json":{"title":"Miejsce konferencji - TnOPC","description":"Studio Konferencyjne w nowoczesnym kampusie Politechniki Bia\u0142ostockiej","robots":{"index":"index","follow":"follow","max-snippet":"max-snippet:-1","max-image-preview":"max-image-preview:large","max-video-preview":"max-video-preview:-1"},"canonical":"https:\/\/pb.edu.pl\/tnopc\/o-konferencji\/miejsce-konferencji\/","og_locale":"pl_PL","og_type":"article","og_title":"Miejsce konferencji - TnOPC","og_description":"Studio Konferencyjne w nowoczesnym kampusie Politechniki Bia\u0142ostockiej","og_url":"https:\/\/pb.edu.pl\/tnopc\/o-konferencji\/miejsce-konferencji\/","og_site_name":"VII Mi\u0119dzynarodowa Konferencja Naukowa Turystyka na Obszarach Przyrodniczo Cennych - TnOPC","article_modified_time":"2022-10-27T11:07:48+00:00","og_image":[{"url":"https:\/\/pb.edu.pl\/tnopc\/wp-content\/uploads\/sites\/66\/2021\/09\/tnopc-o-konferencji-cnk.jpg","type":"","width":"","height":""}],"twitter_card":"summary_large_image","schema":{"@context":"https:\/\/schema.org","@graph":[{"@type":"WebPage","@id":"https:\/\/pb.edu.pl\/tnopc\/o-konferencji\/miejsce-konferencji\/","url":"https:\/\/pb.edu.pl\/tnopc\/o-konferencji\/miejsce-konferencji\/","name":"Miejsce konferencji - TnOPC","isPartOf":{"@id":"https:\/\/pb.edu.pl\/tnopc\/#website"},"primaryImageOfPage":{"@id":"https:\/\/pb.edu.pl\/tnopc\/o-konferencji\/miejsce-konferencji\/#primaryimage"},"image":{"@id":"https:\/\/pb.edu.pl\/tnopc\/o-konferencji\/miejsce-konferencji\/#primaryimage"},"thumbnailUrl":"https:\/\/pb.edu.pl\/tnopc\/wp-content\/uploads\/sites\/66\/2021\/09\/tnopc-o-konferencji-cnk.jpg","datePublished":"2021-06-17T11:32:33+00:00","dateModified":"2022-10-27T11:07:48+00:00","description":"Studio Konferencyjne w nowoczesnym kampusie Politechniki Bia\u0142ostockiej","breadcrumb":{"@id":"https:\/\/pb.edu.pl\/tnopc\/o-konferencji\/miejsce-konferencji\/#breadcrumb"},"inLanguage":"pl-PL","potentialAction":[{"@type":"ReadAction","target":["https:\/\/pb.edu.pl\/tnopc\/o-konferencji\/miejsce-konferencji\/"]}]},{"@type":"ImageObject","inLanguage":"pl-PL","@id":"https:\/\/pb.edu.pl\/tnopc\/o-konferencji\/miejsce-konferencji\/#primaryimage","url":"https:\/\/pb.edu.pl\/tnopc\/wp-content\/uploads\/sites\/66\/2021\/09\/tnopc-o-konferencji-cnk.jpg","contentUrl":"https:\/\/pb.edu.pl\/tnopc\/wp-content\/uploads\/sites\/66\/2021\/09\/tnopc-o-konferencji-cnk.jpg","width":800,"height":531,"caption":"CNK"},{"@type":"BreadcrumbList","@id":"https:\/\/pb.edu.pl\/tnopc\/o-konferencji\/miejsce-konferencji\/#breadcrumb","itemListElement":[{"@type":"ListItem","position":1,"name":"Strona g\u0142\u00f3wna","item":"https:\/\/pb.edu.pl\/tnopc\/"},{"@type":"ListItem","position":2,"name":"O konferencji","item":"https:\/\/pb.edu.pl\/tnopc\/o-konferencji\/"},{"@type":"ListItem","position":3,"name":"Miejsce konferencji"}]},{"@type":"WebSite","@id":"https:\/\/pb.edu.pl\/tnopc\/#website","url":"https:\/\/pb.edu.pl\/tnopc\/","name":"VII Mi\u0119dzynarodowa Konferencja Naukowa Turystyka na Obszarach Przyrodniczo Cennych - TnOPC","description":"","potentialAction":[{"@type":"SearchAction","target":{"@type":"EntryPoint","urlTemplate":"https:\/\/pb.edu.pl\/tnopc\/?s={search_term_string}"},"query-input":{"@type":"PropertyValueSpecification","valueRequired":true,"valueName":"search_term_string"}}],"inLanguage":"pl-PL"}]}},"_links":{"self":[{"href":"https:\/\/pb.edu.pl\/tnopc\/wp-json\/wp\/v2\/pages\/165","targetHints":{"allow":["GET"]}}],"collection":[{"href":"https:\/\/pb.edu.pl\/tnopc\/wp-json\/wp\/v2\/pages"}],"about":[{"href":"https:\/\/pb.edu.pl\/tnopc\/wp-json\/wp\/v2\/types\/page"}],"author":[{"embeddable":true,"href":"https:\/\/pb.edu.pl\/tnopc\/wp-json\/wp\/v2\/users\/2"}],"replies":[{"embeddable":true,"href":"https:\/\/pb.edu.pl\/tnopc\/wp-json\/wp\/v2\/comments?post=165"}],"version-history":[{"count":0,"href":"https:\/\/pb.edu.pl\/tnopc\/wp-json\/wp\/v2\/pages\/165\/revisions"}],"up":[{"embeddable":true,"href":"https:\/\/pb.edu.pl\/tnopc\/wp-json\/wp\/v2\/pages\/41"}],"wp:attachment":[{"href":"https:\/\/pb.edu.pl\/tnopc\/wp-json\/wp\/v2\/media?parent=165"}],"curies":[{"name":"wp","href":"https:\/\/api.w.org\/{rel}","templated":true}]}}