{"id":1144,"date":"2022-12-04T13:56:08","date_gmt":"2022-12-04T12:56:08","guid":{"rendered":"https:\/\/pb.edu.pl\/tnopc\/?page_id=1144"},"modified":"2023-01-10T09:14:02","modified_gmt":"2023-01-10T08:14:02","slug":"tnopc-2022","status":"publish","type":"page","link":"https:\/\/pb.edu.pl\/tnopc\/archiwum\/tnopc-2022\/","title":{"rendered":"2022"},"content":{"rendered":"<p><strong style=\"color: #247212;font-size: 1.6rem\">VIII KONFERENCJA NAUKOWA \u201eTURYSTYKA NA OBSZARACH PRZYRODNICZO CENNYCH\u201d<\/strong><br \/> \u201e\u015arodowisko naturalne i dziedzictwo kulturowe jako obszar decyzji i dzia\u0142a\u0144\u201d<br \/>\nBia\u0142ystok, 28-29-30 listopada 2022 r.<\/p>\n<p><strong style=\"color: #247212;font-size: 1.6rem\">Program konferencji:<\/strong><br \/><a href=\"https:\/\/pb.edu.pl\/tnopc\/wp-content\/uploads\/sites\/66\/2023\/01\/Program-VIII-MKN-TnOPC_2022.pdf\">Program VIII MKN TnOPC_2022<\/a><\/p>\n<p><strong style=\"color: #247212;font-size: 1.6rem\">Transmisja on-line:<\/strong><br \/>\n<a href=\"https:\/\/youtu.be\/AlBg6LsZxAs\" title=\"I dzie\u0144 konferencji, 28.11.2022\" target=\"_blank\" rel=\"noopener\">I dzie\u0144 konferencji, 28.11.2022 <\/a><br \/>\n<a href=\"https:\/\/youtu.be\/1YEXSk45xGI\" title=\"II dzie\u0144 konferencji, 29.11.2022\" target=\"_blank\" rel=\"noopener\">II dzie\u0144 konferencji, 29.11.2022 <\/a><br \/>\n<a href=\"https:\/\/youtu.be\/gQ6xZZKTM_8\" title=\"III dzie\u0144 konferencji, 30.11.2022, cz.1\" target=\"_blank\" rel=\"noopener\">III dzie\u0144 konferencji, 30.11.2022, cz.1<\/a><br \/>\n<a href=\"https:\/\/www.youtube.com\/watch?v=fD_XL_afPJY\" title=\"III dzie\u0144 konferencji, 30.11.2022, cz.2\" target=\"_blank\" rel=\"noopener\">III dzie\u0144 konferencji, 30.11.2022, cz.2 <\/a><\/p>\n<p><strong style=\"color: #247212;font-size: 1.6rem\">Patronaty Honorowe:<\/strong><br \/>\n\u2022\tMinister Edukacji i Nauki<br \/>\n\u2022\tMinistra Sportu i Turystyki<br \/>\n\u2022\tMinistra Funduszy i Polityki Regionalnej<br \/>\n\u2022\tPolskiego Komitetu ds. spraw UNESCO<br \/>\n\u2022\tPolskiego Komitetu Narodowego Mi\u0119dzynarodowej Rady Ochrony Zabytk\u00f3w ICOMOS-POLSKA<br \/>\n\u2022\tMarsza\u0142ka Wojew\u00f3dztwa Podlaskiego<br \/>\n\u2022\tWojewody Podlaskiego<br \/>\n\u2022\tDyrektora Generalnego Las\u00f3w Pa\u0144stwowych<br \/>\n\u2022\tGeneralnego Dyrektora Ochrony \u015arodowiska<br \/>\n\u2022\tPrezesa Narodowego Funduszu Ochrony \u015arodowiska i Gospodarki Wodnej<br \/>\n\u2022\tJM Rektor Politechniki Bia\u0142ostockiej<br \/>\n\u2022\tPrezesa Polskiej Organizacji Turystycznej<br \/>\n\u2022\tDyrektora Narodowego Instytutu Dziedzictwa<br \/>\n\u2022\tPrzewodnicz\u0105cego Komitetu Przestrzennego Zagospodarowania Kraju PAN<\/p>\n<p><strong style=\"color: #247212;font-size: 1.6rem\">Patronaty Medialne:<\/strong><br \/>\n\u2022\tTVP3 Bia\u0142ystok<br \/>\n\u2022\tPolskie Radio Bia\u0142ystok<br \/>\n\u2022\tLas Polski<br \/>\n\u2022\tRadio Akadera<\/p>\n<p><strong style=\"color: #247212;font-size: 1.6rem\">Notatka prasowa:<\/strong><br \/><a href=\"https:\/\/pb.edu.pl\/2022\/12\/02\/podsumowanie-viii-konferencji-naukowej-turystyka-na-obszarach-przyrodniczo-cennych\/\" title=\"Notatka VIII TnOPC 2022\" target=\"_blank\" rel=\"noopener\">Notatka VIII TnOPC 2022<\/a><\/p>\n","protected":false},"excerpt":{"rendered":"<p>VIII KONFERENCJA NAUKOWA \u201eTURYSTYKA NA OBSZARACH PRZYRODNICZO CENNYCH\u201d \u201e\u015arodowisko naturalne i dziedzictwo kulturowe jako obszar decyzji i dzia\u0142a\u0144\u201d Bia\u0142ystok, 28-29-30 listopada 2022 r. Program konferencji:Program VIII MKN TnOPC_2022 Transmisja on-line: I dzie\u0144 konferencji, 28.11.2022 II dzie\u0144 konferencji, 29.11.2022 III dzie\u0144 konferencji, 30.11.2022, cz.1 III dzie\u0144 konferencji, 30.11.2022, cz.2 Patronaty Honorowe: \u2022 Minister Edukacji i Nauki [&hellip;]<\/p>\n","protected":false},"author":2,"featured_media":0,"parent":205,"menu_order":0,"comment_status":"closed","ping_status":"closed","template":"","meta":{"_acf_changed":false,"ngg_post_thumbnail":0,"footnotes":""},"class_list":["post-1144","page","type-page","status-publish","hentry"],"acf":[],"yoast_head":"<!-- This site is optimized with the Yoast SEO plugin v27.0 - https:\/\/yoast.com\/product\/yoast-seo-wordpress\/ -->\n<title>2022 - TnOPC 2021<\/title>\n<meta name=\"description\" content=\"VIII KONFERENCJA NAUKOWA \u201eTURYSTYKA NA OBSZARACH PRZYRODNICZO CENNYCH\u201d \u201e\u015arodowisko naturalne i dziedzictwo kulturowe jako obszar decyzji i dzia\u0142a\u0144\u201d\" \/>\n<meta name=\"robots\" content=\"index, follow, max-snippet:-1, max-image-preview:large, max-video-preview:-1\" \/>\n<link rel=\"canonical\" href=\"https:\/\/pb.edu.pl\/tnopc\/archiwum\/tnopc-2022\/\" \/>\n<meta property=\"og:locale\" content=\"pl_PL\" \/>\n<meta property=\"og:type\" content=\"article\" \/>\n<meta property=\"og:title\" content=\"2022 - TnOPC 2021\" \/>\n<meta property=\"og:description\" content=\"VIII KONFERENCJA NAUKOWA \u201eTURYSTYKA NA OBSZARACH PRZYRODNICZO CENNYCH\u201d \u201e\u015arodowisko naturalne i dziedzictwo kulturowe jako obszar decyzji i dzia\u0142a\u0144\u201d\" \/>\n<meta property=\"og:url\" content=\"https:\/\/pb.edu.pl\/tnopc\/archiwum\/tnopc-2022\/\" \/>\n<meta property=\"og:site_name\" content=\"VII Mi\u0119dzynarodowa Konferencja Naukowa Turystyka na Obszarach Przyrodniczo Cennych - TnOPC\" \/>\n<meta property=\"article:modified_time\" content=\"2023-01-10T08:14:02+00:00\" \/>\n<meta name=\"twitter:card\" content=\"summary_large_image\" \/>\n<meta name=\"twitter:label1\" content=\"Szacowany czas czytania\" \/>\n\t<meta name=\"twitter:data1\" content=\"1 minuta\" \/>\n<script type=\"application\/ld+json\" class=\"yoast-schema-graph\">{\"@context\":\"https:\/\/schema.org\",\"@graph\":[{\"@type\":\"WebPage\",\"@id\":\"https:\/\/pb.edu.pl\/tnopc\/archiwum\/tnopc-2022\/\",\"url\":\"https:\/\/pb.edu.pl\/tnopc\/archiwum\/tnopc-2022\/\",\"name\":\"2022 - TnOPC 2021\",\"isPartOf\":{\"@id\":\"https:\/\/pb.edu.pl\/tnopc\/#website\"},\"datePublished\":\"2022-12-04T12:56:08+00:00\",\"dateModified\":\"2023-01-10T08:14:02+00:00\",\"description\":\"VIII KONFERENCJA NAUKOWA \u201eTURYSTYKA NA OBSZARACH PRZYRODNICZO CENNYCH\u201d \u201e\u015arodowisko naturalne i dziedzictwo kulturowe jako obszar decyzji i dzia\u0142a\u0144\u201d\",\"breadcrumb\":{\"@id\":\"https:\/\/pb.edu.pl\/tnopc\/archiwum\/tnopc-2022\/#breadcrumb\"},\"inLanguage\":\"pl-PL\",\"potentialAction\":[{\"@type\":\"ReadAction\",\"target\":[\"https:\/\/pb.edu.pl\/tnopc\/archiwum\/tnopc-2022\/\"]}]},{\"@type\":\"BreadcrumbList\",\"@id\":\"https:\/\/pb.edu.pl\/tnopc\/archiwum\/tnopc-2022\/#breadcrumb\",\"itemListElement\":[{\"@type\":\"ListItem\",\"position\":1,\"name\":\"Strona g\u0142\u00f3wna\",\"item\":\"https:\/\/pb.edu.pl\/tnopc\/\"},{\"@type\":\"ListItem\",\"position\":2,\"name\":\"Archiwum\",\"item\":\"https:\/\/pb.edu.pl\/tnopc\/archiwum\/\"},{\"@type\":\"ListItem\",\"position\":3,\"name\":\"2022\"}]},{\"@type\":\"WebSite\",\"@id\":\"https:\/\/pb.edu.pl\/tnopc\/#website\",\"url\":\"https:\/\/pb.edu.pl\/tnopc\/\",\"name\":\"VII Mi\u0119dzynarodowa Konferencja Naukowa Turystyka na Obszarach Przyrodniczo Cennych - TnOPC\",\"description\":\"\",\"potentialAction\":[{\"@type\":\"SearchAction\",\"target\":{\"@type\":\"EntryPoint\",\"urlTemplate\":\"https:\/\/pb.edu.pl\/tnopc\/?s={search_term_string}\"},\"query-input\":{\"@type\":\"PropertyValueSpecification\",\"valueRequired\":true,\"valueName\":\"search_term_string\"}}],\"inLanguage\":\"pl-PL\"}]}<\/script>\n<!-- \/ Yoast SEO plugin. -->","yoast_head_json":{"title":"2022 - TnOPC 2021","description":"VIII KONFERENCJA NAUKOWA \u201eTURYSTYKA NA OBSZARACH PRZYRODNICZO CENNYCH\u201d \u201e\u015arodowisko naturalne i dziedzictwo kulturowe jako obszar decyzji i dzia\u0142a\u0144\u201d","robots":{"index":"index","follow":"follow","max-snippet":"max-snippet:-1","max-image-preview":"max-image-preview:large","max-video-preview":"max-video-preview:-1"},"canonical":"https:\/\/pb.edu.pl\/tnopc\/archiwum\/tnopc-2022\/","og_locale":"pl_PL","og_type":"article","og_title":"2022 - TnOPC 2021","og_description":"VIII KONFERENCJA NAUKOWA \u201eTURYSTYKA NA OBSZARACH PRZYRODNICZO CENNYCH\u201d \u201e\u015arodowisko naturalne i dziedzictwo kulturowe jako obszar decyzji i dzia\u0142a\u0144\u201d","og_url":"https:\/\/pb.edu.pl\/tnopc\/archiwum\/tnopc-2022\/","og_site_name":"VII Mi\u0119dzynarodowa Konferencja Naukowa Turystyka na Obszarach Przyrodniczo Cennych - TnOPC","article_modified_time":"2023-01-10T08:14:02+00:00","twitter_card":"summary_large_image","twitter_misc":{"Szacowany czas czytania":"1 minuta"},"schema":{"@context":"https:\/\/schema.org","@graph":[{"@type":"WebPage","@id":"https:\/\/pb.edu.pl\/tnopc\/archiwum\/tnopc-2022\/","url":"https:\/\/pb.edu.pl\/tnopc\/archiwum\/tnopc-2022\/","name":"2022 - TnOPC 2021","isPartOf":{"@id":"https:\/\/pb.edu.pl\/tnopc\/#website"},"datePublished":"2022-12-04T12:56:08+00:00","dateModified":"2023-01-10T08:14:02+00:00","description":"VIII KONFERENCJA NAUKOWA \u201eTURYSTYKA NA OBSZARACH PRZYRODNICZO CENNYCH\u201d \u201e\u015arodowisko naturalne i dziedzictwo kulturowe jako obszar decyzji i dzia\u0142a\u0144\u201d","breadcrumb":{"@id":"https:\/\/pb.edu.pl\/tnopc\/archiwum\/tnopc-2022\/#breadcrumb"},"inLanguage":"pl-PL","potentialAction":[{"@type":"ReadAction","target":["https:\/\/pb.edu.pl\/tnopc\/archiwum\/tnopc-2022\/"]}]},{"@type":"BreadcrumbList","@id":"https:\/\/pb.edu.pl\/tnopc\/archiwum\/tnopc-2022\/#breadcrumb","itemListElement":[{"@type":"ListItem","position":1,"name":"Strona g\u0142\u00f3wna","item":"https:\/\/pb.edu.pl\/tnopc\/"},{"@type":"ListItem","position":2,"name":"Archiwum","item":"https:\/\/pb.edu.pl\/tnopc\/archiwum\/"},{"@type":"ListItem","position":3,"name":"2022"}]},{"@type":"WebSite","@id":"https:\/\/pb.edu.pl\/tnopc\/#website","url":"https:\/\/pb.edu.pl\/tnopc\/","name":"VII Mi\u0119dzynarodowa Konferencja Naukowa Turystyka na Obszarach Przyrodniczo Cennych - TnOPC","description":"","potentialAction":[{"@type":"SearchAction","target":{"@type":"EntryPoint","urlTemplate":"https:\/\/pb.edu.pl\/tnopc\/?s={search_term_string}"},"query-input":{"@type":"PropertyValueSpecification","valueRequired":true,"valueName":"search_term_string"}}],"inLanguage":"pl-PL"}]}},"_links":{"self":[{"href":"https:\/\/pb.edu.pl\/tnopc\/wp-json\/wp\/v2\/pages\/1144","targetHints":{"allow":["GET"]}}],"collection":[{"href":"https:\/\/pb.edu.pl\/tnopc\/wp-json\/wp\/v2\/pages"}],"about":[{"href":"https:\/\/pb.edu.pl\/tnopc\/wp-json\/wp\/v2\/types\/page"}],"author":[{"embeddable":true,"href":"https:\/\/pb.edu.pl\/tnopc\/wp-json\/wp\/v2\/users\/2"}],"replies":[{"embeddable":true,"href":"https:\/\/pb.edu.pl\/tnopc\/wp-json\/wp\/v2\/comments?post=1144"}],"version-history":[{"count":0,"href":"https:\/\/pb.edu.pl\/tnopc\/wp-json\/wp\/v2\/pages\/1144\/revisions"}],"up":[{"embeddable":true,"href":"https:\/\/pb.edu.pl\/tnopc\/wp-json\/wp\/v2\/pages\/205"}],"wp:attachment":[{"href":"https:\/\/pb.edu.pl\/tnopc\/wp-json\/wp\/v2\/media?parent=1144"}],"curies":[{"name":"wp","href":"https:\/\/api.w.org\/{rel}","templated":true}]}}