{"id":110,"date":"2021-04-22T21:04:34","date_gmt":"2021-04-22T19:04:34","guid":{"rendered":"https:\/\/pb.edu.pl\/tnopc\/?page_id=110"},"modified":"2022-09-06T19:40:37","modified_gmt":"2022-09-06T17:40:37","slug":"komitet-organizacyjny","status":"publish","type":"page","link":"https:\/\/pb.edu.pl\/tnopc\/o-konferencji\/komitet-organizacyjny\/","title":{"rendered":"Komitet organizacyjny"},"content":{"rendered":"<p>dr Ewa Zapora, Politechnika Bia\u0142ostocka &#8211; <span class=\"zielony\">przewodnicz\u0105ca<\/span><\/p>\n<p>Adam Walicki, Instytut Kronenberga &#8211; <span class=\"zielony\">z-ca przewodnicz\u0105cego<\/span><\/p>\n<p>mgr in\u017c. Sylwia Lewsza, Politechnika Bia\u0142ostocka \u2013 <span class=\"zielony\">sekretarz<\/span><\/p>\n<p>mgr in\u017c. Urszula Waszczuk, Politechnika Bia\u0142ostocka  \u2013 <span class=\"zielony\">sekretarz<\/span><\/p>\n","protected":false},"excerpt":{"rendered":"<p>dr Ewa Zapora, Politechnika Bia\u0142ostocka &#8211; przewodnicz\u0105ca Adam Walicki, Instytut Kronenberga &#8211; z-ca przewodnicz\u0105cego mgr in\u017c. Sylwia Lewsza, Politechnika Bia\u0142ostocka \u2013 sekretarz mgr in\u017c. Urszula Waszczuk, Politechnika Bia\u0142ostocka \u2013 sekretarz<\/p>\n","protected":false},"author":2,"featured_media":0,"parent":41,"menu_order":4,"comment_status":"closed","ping_status":"closed","template":"","meta":{"_acf_changed":false,"ngg_post_thumbnail":0,"footnotes":""},"class_list":["post-110","page","type-page","status-publish","hentry"],"acf":[],"yoast_head":"<!-- This site is optimized with the Yoast SEO plugin v27.0 - https:\/\/yoast.com\/product\/yoast-seo-wordpress\/ -->\n<title>Komitet organizacyjny - TnOPC<\/title>\n<meta name=\"description\" content=\"Komitet Organizacyjny VII Mi\u0119dzynarodowej Konferencji Naukowej Turystyka na Obszarach Przyrodniczo Cennych\" \/>\n<meta name=\"robots\" content=\"index, follow, max-snippet:-1, max-image-preview:large, max-video-preview:-1\" \/>\n<link rel=\"canonical\" href=\"https:\/\/pb.edu.pl\/tnopc\/o-konferencji\/komitet-organizacyjny\/\" \/>\n<meta property=\"og:locale\" content=\"pl_PL\" \/>\n<meta property=\"og:type\" content=\"article\" \/>\n<meta property=\"og:title\" content=\"Komitet organizacyjny - TnOPC\" \/>\n<meta property=\"og:description\" content=\"Komitet Organizacyjny VII Mi\u0119dzynarodowej Konferencji Naukowej Turystyka na Obszarach Przyrodniczo Cennych\" \/>\n<meta property=\"og:url\" content=\"https:\/\/pb.edu.pl\/tnopc\/o-konferencji\/komitet-organizacyjny\/\" \/>\n<meta property=\"og:site_name\" content=\"VII Mi\u0119dzynarodowa Konferencja Naukowa Turystyka na Obszarach Przyrodniczo Cennych - TnOPC\" \/>\n<meta property=\"article:modified_time\" content=\"2022-09-06T17:40:37+00:00\" \/>\n<meta name=\"twitter:card\" content=\"summary_large_image\" \/>\n<script type=\"application\/ld+json\" class=\"yoast-schema-graph\">{\"@context\":\"https:\/\/schema.org\",\"@graph\":[{\"@type\":\"WebPage\",\"@id\":\"https:\/\/pb.edu.pl\/tnopc\/o-konferencji\/komitet-organizacyjny\/\",\"url\":\"https:\/\/pb.edu.pl\/tnopc\/o-konferencji\/komitet-organizacyjny\/\",\"name\":\"Komitet organizacyjny - TnOPC\",\"isPartOf\":{\"@id\":\"https:\/\/pb.edu.pl\/tnopc\/#website\"},\"datePublished\":\"2021-04-22T19:04:34+00:00\",\"dateModified\":\"2022-09-06T17:40:37+00:00\",\"description\":\"Komitet Organizacyjny VII Mi\u0119dzynarodowej Konferencji Naukowej Turystyka na Obszarach Przyrodniczo Cennych\",\"breadcrumb\":{\"@id\":\"https:\/\/pb.edu.pl\/tnopc\/o-konferencji\/komitet-organizacyjny\/#breadcrumb\"},\"inLanguage\":\"pl-PL\",\"potentialAction\":[{\"@type\":\"ReadAction\",\"target\":[\"https:\/\/pb.edu.pl\/tnopc\/o-konferencji\/komitet-organizacyjny\/\"]}]},{\"@type\":\"BreadcrumbList\",\"@id\":\"https:\/\/pb.edu.pl\/tnopc\/o-konferencji\/komitet-organizacyjny\/#breadcrumb\",\"itemListElement\":[{\"@type\":\"ListItem\",\"position\":1,\"name\":\"Strona g\u0142\u00f3wna\",\"item\":\"https:\/\/pb.edu.pl\/tnopc\/\"},{\"@type\":\"ListItem\",\"position\":2,\"name\":\"O konferencji\",\"item\":\"https:\/\/pb.edu.pl\/tnopc\/o-konferencji\/\"},{\"@type\":\"ListItem\",\"position\":3,\"name\":\"Komitet organizacyjny\"}]},{\"@type\":\"WebSite\",\"@id\":\"https:\/\/pb.edu.pl\/tnopc\/#website\",\"url\":\"https:\/\/pb.edu.pl\/tnopc\/\",\"name\":\"VII Mi\u0119dzynarodowa Konferencja Naukowa Turystyka na Obszarach Przyrodniczo Cennych - TnOPC\",\"description\":\"\",\"potentialAction\":[{\"@type\":\"SearchAction\",\"target\":{\"@type\":\"EntryPoint\",\"urlTemplate\":\"https:\/\/pb.edu.pl\/tnopc\/?s={search_term_string}\"},\"query-input\":{\"@type\":\"PropertyValueSpecification\",\"valueRequired\":true,\"valueName\":\"search_term_string\"}}],\"inLanguage\":\"pl-PL\"}]}<\/script>\n<!-- \/ Yoast SEO plugin. -->","yoast_head_json":{"title":"Komitet organizacyjny - TnOPC","description":"Komitet Organizacyjny VII Mi\u0119dzynarodowej Konferencji Naukowej Turystyka na Obszarach Przyrodniczo Cennych","robots":{"index":"index","follow":"follow","max-snippet":"max-snippet:-1","max-image-preview":"max-image-preview:large","max-video-preview":"max-video-preview:-1"},"canonical":"https:\/\/pb.edu.pl\/tnopc\/o-konferencji\/komitet-organizacyjny\/","og_locale":"pl_PL","og_type":"article","og_title":"Komitet organizacyjny - TnOPC","og_description":"Komitet Organizacyjny VII Mi\u0119dzynarodowej Konferencji Naukowej Turystyka na Obszarach Przyrodniczo Cennych","og_url":"https:\/\/pb.edu.pl\/tnopc\/o-konferencji\/komitet-organizacyjny\/","og_site_name":"VII Mi\u0119dzynarodowa Konferencja Naukowa Turystyka na Obszarach Przyrodniczo Cennych - TnOPC","article_modified_time":"2022-09-06T17:40:37+00:00","twitter_card":"summary_large_image","schema":{"@context":"https:\/\/schema.org","@graph":[{"@type":"WebPage","@id":"https:\/\/pb.edu.pl\/tnopc\/o-konferencji\/komitet-organizacyjny\/","url":"https:\/\/pb.edu.pl\/tnopc\/o-konferencji\/komitet-organizacyjny\/","name":"Komitet organizacyjny - TnOPC","isPartOf":{"@id":"https:\/\/pb.edu.pl\/tnopc\/#website"},"datePublished":"2021-04-22T19:04:34+00:00","dateModified":"2022-09-06T17:40:37+00:00","description":"Komitet Organizacyjny VII Mi\u0119dzynarodowej Konferencji Naukowej Turystyka na Obszarach Przyrodniczo Cennych","breadcrumb":{"@id":"https:\/\/pb.edu.pl\/tnopc\/o-konferencji\/komitet-organizacyjny\/#breadcrumb"},"inLanguage":"pl-PL","potentialAction":[{"@type":"ReadAction","target":["https:\/\/pb.edu.pl\/tnopc\/o-konferencji\/komitet-organizacyjny\/"]}]},{"@type":"BreadcrumbList","@id":"https:\/\/pb.edu.pl\/tnopc\/o-konferencji\/komitet-organizacyjny\/#breadcrumb","itemListElement":[{"@type":"ListItem","position":1,"name":"Strona g\u0142\u00f3wna","item":"https:\/\/pb.edu.pl\/tnopc\/"},{"@type":"ListItem","position":2,"name":"O konferencji","item":"https:\/\/pb.edu.pl\/tnopc\/o-konferencji\/"},{"@type":"ListItem","position":3,"name":"Komitet organizacyjny"}]},{"@type":"WebSite","@id":"https:\/\/pb.edu.pl\/tnopc\/#website","url":"https:\/\/pb.edu.pl\/tnopc\/","name":"VII Mi\u0119dzynarodowa Konferencja Naukowa Turystyka na Obszarach Przyrodniczo Cennych - TnOPC","description":"","potentialAction":[{"@type":"SearchAction","target":{"@type":"EntryPoint","urlTemplate":"https:\/\/pb.edu.pl\/tnopc\/?s={search_term_string}"},"query-input":{"@type":"PropertyValueSpecification","valueRequired":true,"valueName":"search_term_string"}}],"inLanguage":"pl-PL"}]}},"_links":{"self":[{"href":"https:\/\/pb.edu.pl\/tnopc\/wp-json\/wp\/v2\/pages\/110","targetHints":{"allow":["GET"]}}],"collection":[{"href":"https:\/\/pb.edu.pl\/tnopc\/wp-json\/wp\/v2\/pages"}],"about":[{"href":"https:\/\/pb.edu.pl\/tnopc\/wp-json\/wp\/v2\/types\/page"}],"author":[{"embeddable":true,"href":"https:\/\/pb.edu.pl\/tnopc\/wp-json\/wp\/v2\/users\/2"}],"replies":[{"embeddable":true,"href":"https:\/\/pb.edu.pl\/tnopc\/wp-json\/wp\/v2\/comments?post=110"}],"version-history":[{"count":0,"href":"https:\/\/pb.edu.pl\/tnopc\/wp-json\/wp\/v2\/pages\/110\/revisions"}],"up":[{"embeddable":true,"href":"https:\/\/pb.edu.pl\/tnopc\/wp-json\/wp\/v2\/pages\/41"}],"wp:attachment":[{"href":"https:\/\/pb.edu.pl\/tnopc\/wp-json\/wp\/v2\/media?parent=110"}],"curies":[{"name":"wp","href":"https:\/\/api.w.org\/{rel}","templated":true}]}}