{"id":1559,"date":"2025-07-08T09:21:12","date_gmt":"2025-07-08T07:21:12","guid":{"rendered":"https:\/\/pb.edu.pl\/tefen\/?page_id=1559"},"modified":"2025-07-08T09:21:12","modified_gmt":"2025-07-08T07:21:12","slug":"konkurs-ptetis","status":"publish","type":"page","link":"https:\/\/pb.edu.pl\/tefen\/konkurs-ptetis\/","title":{"rendered":"Konkurs &#8211; PTETIS"},"content":{"rendered":"<p>Drogie Studentki, Drodzy Studenci<\/p>\n<p>Zapraszam do zg\u0142aszania wniosk\u00f3w do konkursu o Nagrody Oddzia\u0142u Bia\u0142ostockiego Polskiego Towarzystwa Elektrotechniki Teoretycznej i Stosowanej&nbsp;<strong>na najlepsze prace magisterskie z obszaru transformacji energetycznej&nbsp;<\/strong><\/p>\n<p>Jednocze\u015bnie prosz\u0119 o przekazywanie informacji i zaproszenia do udzia\u0142u w konkursie student\u00f3w wszystkich Wydzia\u0142\u00f3w Politechniki Bia\u0142ostockiej.<\/p>\n<ul type=\"disc\">\n<li><strong>Nagrody s\u0105 przyznawane za najlepsze prace magisterskie z obszaru transformacji energetycznej, a w szczeg\u00f3lno\u015bci dotycz\u0105ce zmiany sposobu wytwarzania, dystrybucji i zu\u017cycia energii w celu zwi\u0119kszenia efektywno\u015bci oraz ograniczenia negatywnego wp\u0142ywu na \u015brodowisko<\/strong>.<\/li>\n<li>Nagroda ma charakter indywidualny.&nbsp;<\/li>\n<li>Laureatem mo\u017ce by\u0107 absolwentka\/absolwent studi\u00f3w II stopnia na wszystkich wydzia\u0142ach Politechniki Bia\u0142ostockiej.<\/li>\n<li>W ramach konkursu przyznane zostan\u0105 pierwsza, druga i trzecia nagroda za zaj\u0119cie odpowiednio pierwszego, drugiego i trzeciego miejsca.<\/li>\n<li>Nagrody s\u0105 przyznawane raz w roku za prace obronione nie wcze\u015bniej ni\u017c jeden rok przed dat\u0105 wyznaczonego terminu sk\u0142adania wniosk\u00f3w.<\/li>\n<li>Nagrody s\u0105 przyznawane w formie okoliczno\u015bciowego dyplomu uznania oraz zwi\u0105zanej z tym nagrody pieni\u0119\u017cnej.<\/li>\n<li>Nagrody pieni\u0119\u017cne wynosz\u0105:&nbsp;<br \/>\n&nbsp;za pierwsze miejsce 1000,- z\u0142otych;<br \/>\n&nbsp;za drugie miejsce 750,- z\u0142otych;<br \/>\n&nbsp;za trzecie miejsce 500,- z\u0142otych.<\/li>\n<li>Zg\u0142oszenie do konkursu wymaga przes\u0142ania wniosku wraz z wersj\u0105 cyfrow\u0105 pracy magisterskiej zapisan\u0105 w formacie pdf na adres&nbsp;<a href=\"mailto:ptetis@pb.edu.pl\" target=\"_blank\" rel=\"noopener noreferrer\">ptetis@pb.edu.pl<\/a>. Do wniosku mog\u0105 zosta\u0107 do\u0142\u0105czone inne materia\u0142y zwi\u0105zane ze zg\u0142aszanym osi\u0105gni\u0119ciem, kt\u00f3re wnioskodawca uzna za istotne do uzasadnienia wniosku.<\/li>\n<li><strong>Wniosek nale\u017cy z\u0142o\u017cy\u0107 nie p\u00f3\u017aniej ni\u017c do 10 wrze\u015bnia 2025 roku.<\/strong><\/li>\n<li>Wniosek o przyznanie nagrody mo\u017ce z\u0142o\u017cy\u0107 autor pracy magisterskiej.<\/li>\n<li>Wniosek musi zawiera\u0107 rekomendacj\u0119 opiekuna lub recenzenta pracy.<\/li>\n<\/ul>\n<p>Przydatne dokumenty:<\/p>\n<ul type=\"disc\">\n<li><a href=\"http:\/\/ptetis.pl\/bialystok\/wp-content\/uploads\/sites\/4\/2015\/09\/Transformacja-Energetyczna-Regulamin_konkursu_prac_mag-2025.pdf\" target=\"_blank\" rel=\"noopener noreferrer\">Transformacja Energetyczna-Regulamin_konkursu_prac_mag<\/a><\/li>\n<li><a href=\"http:\/\/ptetis.pl\/bialystok\/wp-content\/uploads\/sites\/4\/2015\/09\/wniosek-Transformacja-Energetyczna-konkurs_prac_mag-2025.doc\" target=\"_blank\" rel=\"noopener noreferrer\">wniosek-Transformacja Energetyczna-konkurs_prac_mag-2025<\/a><\/li>\n<\/ul>\n<p>wz\u00f3r wniosku i informacje szczeg\u00f3\u0142owe na temat konkursu mo\u017cna znale\u017a\u0107 na stronach:<a href=\"http:\/\/ptetis.pl\/bialystok\/konkursy\/\" target=\"_blank\" rel=\"noopener noreferrer\">&nbsp;http:\/\/ptetis.pl\/bialystok\/konkursy\/<\/a>&nbsp;oraz&nbsp;<a href=\"https:\/\/ptetis.pl\/bialystok\/\" target=\"_blank\" rel=\"noopener noreferrer\">https:\/\/ptetis.pl\/bialystok\/<\/a><\/p>\n<p id=\"isPasted\">Zapraszam do zg\u0142aszania prac obejmuj\u0105ce zagadnienia:&nbsp;<span id=\"isPasted\">nowych technologii i materia\u0142\u00f3w w transformacji energetycznej, efektywno\u015bci energetycznej, odnawialnych \u017ar\u00f3de\u0142 energii, system\u00f3w magazynowania energii, budynk\u00f3w niskoenergetycznych, in\u017cynierii cieplnej, ch\u0142odnictwa, technologii klimatyzacji i pomp ciep\u0142a, przep\u0142ywu ciep\u0142a, rozwi\u0105za\u0144 smart oraz zastosowania uczenia maszynowego i sztucznej inteligencji w prognozowaniu, generacji, modelowaniu i zarz\u0105dzaniu energi\u0105.<\/span><\/p>\n<div><span id=\"isPasted\"><strong>Wszelkie pytania w sprawie konkursu prosz\u0119 kierowa\u0107 na adres&nbsp;<a href=\"mailto:ptetis@pb.edu.pl\" target=\"_blank\" rel=\"noopener noreferrer\">ptetis@pb.edu.pl<\/a>.&nbsp;<\/strong><\/span><\/div>\n","protected":false},"excerpt":{"rendered":"<p>Drogie Studentki, Drodzy Studenci Zapraszam do zg\u0142aszania wniosk\u00f3w do konkursu o Nagrody Oddzia\u0142u Bia\u0142ostockiego Polskiego<\/p>\n","protected":false},"author":139,"featured_media":0,"parent":0,"menu_order":0,"comment_status":"closed","ping_status":"closed","template":"","meta":{"_acf_changed":false,"ngg_post_thumbnail":0,"footnotes":""},"class_list":["post-1559","page","type-page","status-publish","hentry"],"acf":[],"_links":{"self":[{"href":"https:\/\/pb.edu.pl\/tefen\/wp-json\/wp\/v2\/pages\/1559","targetHints":{"allow":["GET"]}}],"collection":[{"href":"https:\/\/pb.edu.pl\/tefen\/wp-json\/wp\/v2\/pages"}],"about":[{"href":"https:\/\/pb.edu.pl\/tefen\/wp-json\/wp\/v2\/types\/page"}],"author":[{"embeddable":true,"href":"https:\/\/pb.edu.pl\/tefen\/wp-json\/wp\/v2\/users\/139"}],"replies":[{"embeddable":true,"href":"https:\/\/pb.edu.pl\/tefen\/wp-json\/wp\/v2\/comments?post=1559"}],"version-history":[{"count":0,"href":"https:\/\/pb.edu.pl\/tefen\/wp-json\/wp\/v2\/pages\/1559\/revisions"}],"wp:attachment":[{"href":"https:\/\/pb.edu.pl\/tefen\/wp-json\/wp\/v2\/media?parent=1559"}],"curies":[{"name":"wp","href":"https:\/\/api.w.org\/{rel}","templated":true}]}}