{"id":1116,"date":"2022-01-04T22:54:37","date_gmt":"2022-01-04T21:54:37","guid":{"rendered":"https:\/\/pb.edu.pl\/tefen\/?page_id=1116"},"modified":"2025-07-25T07:41:13","modified_gmt":"2025-07-25T05:41:13","slug":"informacje-dla-autorow","status":"publish","type":"page","link":"https:\/\/pb.edu.pl\/tefen\/o-konferencji\/informacje-dla-autorow\/","title":{"rendered":"Informacje dla autor\u00f3w"},"content":{"rendered":"<p>Zapraszamy Autor\u00f3w do przygotowania publikacji do monografii wydawanej przez Oficyn\u0119 Wydawnicz\u0105 Politechniki Bia\u0142ostockiej (80pkt) <a class=\"doc\" title=\"pobierz plik\" href=\"https:\/\/pb.edu.pl\/tefen\/wp-content\/uploads\/sites\/100\/2025\/07\/formatka-TEFEN_monografia.doc\" data-id=\"1555\">formatka TEFEN_monografia (DOC, 81 KB)<\/a><\/p>\n<p>Zach\u0119camy r\u00f3wnie\u017c do publikacji w specjalnych numerach czasopisma ENERGIES (140pkt):<\/p>\n<p><a href=\"https:\/\/www.mdpi.com\/journal\/energies\/special_issues\/41M34D86E6\">Advances in Solar Systems and Energy Efficiency: 2nd Edition<\/a><br \/>\n<a href=\"https:\/\/www.mdpi.com\/journal\/energies\/special_issues\/E697JE4F82\">New Technologies and Materials in the Energy Transformation&nbsp;<\/a><br \/>\n&nbsp;<\/p>\n<p>Zapraszamy do przygotowania artyku\u0142\u00f3w w czasopismach krajowych:<\/p>\n<p><a href=\"https:\/\/pe.org.pl\/\">Przegl\u0105d Elektrotechniczny (70pkt)<\/a><br \/>\n<a href=\"https:\/\/czasopismo-elektronika.pl\/\">Elektronika \u2013 konstrukcje, technologie, zastosowania (20pkt)<\/a><\/p>\n<p><strong>Zg\u0142oszenia tytu\u0142\u00f3w prezentacji na konferencj\u0119 oraz streszczenia<\/strong> nale\u017cy przesy\u0142a\u0107 do dnia <strong>15 wrze\u015bnia 2025 r.<\/strong>&nbsp;za pomoc\u0105 <a title=\"Rejestracja\" href=\"https:\/\/pb.edu.pl\/tefen\/rejestracja\/\">formularza rejestracyjnego<\/a>.<\/p>\n","protected":false},"excerpt":{"rendered":"<p>Zapraszamy Autor\u00f3w do przygotowania publikacji do monografii wydawanej przez Oficyn\u0119 Wydawnicz\u0105 Politechniki Bia\u0142ostockiej (80pkt) formatka<\/p>\n","protected":false},"author":2,"featured_media":0,"parent":1084,"menu_order":8,"comment_status":"closed","ping_status":"closed","template":"","meta":{"_acf_changed":false,"ngg_post_thumbnail":0,"footnotes":""},"class_list":["post-1116","page","type-page","status-publish","hentry"],"acf":[],"_links":{"self":[{"href":"https:\/\/pb.edu.pl\/tefen\/wp-json\/wp\/v2\/pages\/1116","targetHints":{"allow":["GET"]}}],"collection":[{"href":"https:\/\/pb.edu.pl\/tefen\/wp-json\/wp\/v2\/pages"}],"about":[{"href":"https:\/\/pb.edu.pl\/tefen\/wp-json\/wp\/v2\/types\/page"}],"author":[{"embeddable":true,"href":"https:\/\/pb.edu.pl\/tefen\/wp-json\/wp\/v2\/users\/2"}],"replies":[{"embeddable":true,"href":"https:\/\/pb.edu.pl\/tefen\/wp-json\/wp\/v2\/comments?post=1116"}],"version-history":[{"count":0,"href":"https:\/\/pb.edu.pl\/tefen\/wp-json\/wp\/v2\/pages\/1116\/revisions"}],"up":[{"embeddable":true,"href":"https:\/\/pb.edu.pl\/tefen\/wp-json\/wp\/v2\/pages\/1084"}],"wp:attachment":[{"href":"https:\/\/pb.edu.pl\/tefen\/wp-json\/wp\/v2\/media?parent=1116"}],"curies":[{"name":"wp","href":"https:\/\/api.w.org\/{rel}","templated":true}]}}