{"id":1112,"date":"2022-01-04T22:53:33","date_gmt":"2022-01-04T21:53:33","guid":{"rendered":"https:\/\/pb.edu.pl\/tefen\/?page_id=1112"},"modified":"2025-07-25T07:36:13","modified_gmt":"2025-07-25T05:36:13","slug":"miejsce-konferencji","status":"publish","type":"page","link":"https:\/\/pb.edu.pl\/tefen\/o-konferencji\/miejsce-konferencji\/","title":{"rendered":"Miejsce konferencji"},"content":{"rendered":"<p>Obrady odb\u0119d\u0105 si\u0119 w dniu 22 wrze\u015bnia 2025r. na Wydziale Elektrycznym Politechniki Bia\u0142ostockiej, przy ul. Wiejskiej 45D, Aula I<\/p>\n<p><a title=\"\" href=\"https:\/\/maps.app.goo.gl\/zPN1m2wic3zavLZP6\" target=\"_blank\" rel=\"noopener\">MAPA<\/a><br \/>\n&nbsp;<\/p>\n","protected":false},"excerpt":{"rendered":"<p>Obrady odb\u0119d\u0105 si\u0119 w dniu 22 wrze\u015bnia 2025r. na Wydziale Elektrycznym Politechniki Bia\u0142ostockiej, przy ul.<\/p>\n","protected":false},"author":2,"featured_media":0,"parent":1084,"menu_order":6,"comment_status":"closed","ping_status":"closed","template":"","meta":{"_acf_changed":false,"ngg_post_thumbnail":0,"footnotes":""},"class_list":["post-1112","page","type-page","status-publish","hentry"],"acf":[],"_links":{"self":[{"href":"https:\/\/pb.edu.pl\/tefen\/wp-json\/wp\/v2\/pages\/1112","targetHints":{"allow":["GET"]}}],"collection":[{"href":"https:\/\/pb.edu.pl\/tefen\/wp-json\/wp\/v2\/pages"}],"about":[{"href":"https:\/\/pb.edu.pl\/tefen\/wp-json\/wp\/v2\/types\/page"}],"author":[{"embeddable":true,"href":"https:\/\/pb.edu.pl\/tefen\/wp-json\/wp\/v2\/users\/2"}],"replies":[{"embeddable":true,"href":"https:\/\/pb.edu.pl\/tefen\/wp-json\/wp\/v2\/comments?post=1112"}],"version-history":[{"count":0,"href":"https:\/\/pb.edu.pl\/tefen\/wp-json\/wp\/v2\/pages\/1112\/revisions"}],"up":[{"embeddable":true,"href":"https:\/\/pb.edu.pl\/tefen\/wp-json\/wp\/v2\/pages\/1084"}],"wp:attachment":[{"href":"https:\/\/pb.edu.pl\/tefen\/wp-json\/wp\/v2\/media?parent=1112"}],"curies":[{"name":"wp","href":"https:\/\/api.w.org\/{rel}","templated":true}]}}