{"id":1108,"date":"2022-01-04T22:52:48","date_gmt":"2022-01-04T21:52:48","guid":{"rendered":"https:\/\/pb.edu.pl\/tefen\/?page_id=1108"},"modified":"2025-08-26T10:01:21","modified_gmt":"2025-08-26T08:01:21","slug":"komitet-naukowy","status":"publish","type":"page","link":"https:\/\/pb.edu.pl\/tefen\/o-konferencji\/komitet-naukowy\/","title":{"rendered":"Komitet naukowy"},"content":{"rendered":"<p>prof. dr hab. in\u017c. Andrzej Sikorski, PB<\/p>\n<p>prof. dr hab. in\u017c. Tomasz Pop\u0142awski, PCz<\/p>\n<p>prof. dr hab. in\u017c. Marcin Kochanowicz, PB<\/p>\n<p>prof. dr hab. in\u017c. Piotr Miluski, PB<\/p>\n<p>dr hab. in\u017c. Irena Fryc, prof. PB<\/p>\n<p>dr hab. in\u017c. Miros\u0142aw \u015awiercz, prof. PB<\/p>\n<p>dr hab. in\u017c. Bogus\u0142aw Butry\u0142o, prof. PB<\/p>\n<p>dr hab. in\u017c. Zbigniew Skibko. prof. PB<\/p>\n<p>dr hab. in\u017c. Maciej Zajkowski, prof. PB<\/p>\n<p>dr hab. in\u017c. Jacek Mariusz \u017bmojda, prof. PB<\/p>\n<p>dr hab. in\u017c. Piotr Pracki, prof. PW<\/p>\n<p>dr hab. in\u017c. Piotr Tomczuk, prof. PW<\/p>\n<p>dr in\u017c. Marek Kurkowski, PCz<\/p>\n<p>&nbsp;<\/p>\n","protected":false},"excerpt":{"rendered":"<p>prof. dr hab. in\u017c. Andrzej Sikorski, PB prof. dr hab. in\u017c. Tomasz Pop\u0142awski, PCz prof.<\/p>\n","protected":false},"author":2,"featured_media":0,"parent":1084,"menu_order":4,"comment_status":"closed","ping_status":"closed","template":"","meta":{"_acf_changed":false,"ngg_post_thumbnail":0,"footnotes":""},"class_list":["post-1108","page","type-page","status-publish","hentry"],"acf":[],"_links":{"self":[{"href":"https:\/\/pb.edu.pl\/tefen\/wp-json\/wp\/v2\/pages\/1108","targetHints":{"allow":["GET"]}}],"collection":[{"href":"https:\/\/pb.edu.pl\/tefen\/wp-json\/wp\/v2\/pages"}],"about":[{"href":"https:\/\/pb.edu.pl\/tefen\/wp-json\/wp\/v2\/types\/page"}],"author":[{"embeddable":true,"href":"https:\/\/pb.edu.pl\/tefen\/wp-json\/wp\/v2\/users\/2"}],"replies":[{"embeddable":true,"href":"https:\/\/pb.edu.pl\/tefen\/wp-json\/wp\/v2\/comments?post=1108"}],"version-history":[{"count":0,"href":"https:\/\/pb.edu.pl\/tefen\/wp-json\/wp\/v2\/pages\/1108\/revisions"}],"up":[{"embeddable":true,"href":"https:\/\/pb.edu.pl\/tefen\/wp-json\/wp\/v2\/pages\/1084"}],"wp:attachment":[{"href":"https:\/\/pb.edu.pl\/tefen\/wp-json\/wp\/v2\/media?parent=1108"}],"curies":[{"name":"wp","href":"https:\/\/api.w.org\/{rel}","templated":true}]}}