{"id":1106,"date":"2022-01-04T22:52:23","date_gmt":"2022-01-04T21:52:23","guid":{"rendered":"https:\/\/pb.edu.pl\/tefen\/?page_id=1106"},"modified":"2025-09-22T08:58:56","modified_gmt":"2025-09-22T06:58:56","slug":"program","status":"publish","type":"page","link":"https:\/\/pb.edu.pl\/tefen\/o-konferencji\/program\/","title":{"rendered":"Program"},"content":{"rendered":"<h4 style=\"text-align: center\"><strong>Program VIII Konferencji Naukowo &#8211; Technicznej TEFEN&#8217;2025<\/strong><\/h4>\n<p>&nbsp;<\/p>\n<div>9:00-10:00 Rejestracja<\/div>\n<div>&nbsp;<\/div>\n<div>10:00-11:45 I sesja<\/div>\n<div>&nbsp;<\/div>\n<div>1. &#8222;Innowacyjne rozwi\u0105zania kompaktowych skruber\u00f3w w zastosowaniach morskich&#8221; &#8211; Jerzy Gagan &#8211; PB<\/div>\n<div>2. &#8222;Examination of the temperature dependence between the measuring points of the electronic cost divider&#8221; &#8211; Mariusz Adamski &#8211; PB<\/div>\n<div>3. &#8222;Zgazowanie plazmowe wysokoenergetycznych odpad\u00f3w w uk\u0142adzie sp\u00f3\u0142dzielni energetycznej&#8221; &#8211; Andrzej Pawluczuk, Grzegorz Siemi\u0105tkowski, Wilhelm Tic &#8211; PB, PO<\/div>\n<div>4. &#8222;Metoda cable pooling i magazynowanie energii w odniesieniu do wsp\u00f3\u0142pracy OZE i biogazowni&#8221; &#8211; Julia K\u0119dzierska &#8211; PB<\/div>\n<div>5. &#8222;Analiza por\u00f3wnawcza zu\u017cycia energii elektrycznej w budynkach przedszkolnych i szkolnych w gminach wojew\u00f3dztwa podlaskiego&#8221; &#8211; Agnieszka Rusak &#8211; PB<\/div>\n<div>&nbsp;<\/div>\n<div>11:45 &#8211; 12:00 &#8211; przerwa kawowa<\/div>\n<div>&nbsp;<\/div>\n<div>12:00-13:30 II sesja<\/div>\n<div>&nbsp;<\/div>\n<div>1. &#8222;Wska\u017anik umo\u017cliwiaj\u0105cy szybk\u0105 ocen\u0119 potencja\u0142u sieci elektroenergetycznej do przy\u0142\u0105czania \u017ar\u00f3de\u0142 energii elektrycznej&#8221; &#8211; Grzegorz Ho\u0142dy\u0144ski &#8211; PB<\/div>\n<div>2. &#8222;Nowoczesne technologie LED i inteligentne systemy zarz\u0105dzania o\u015bwietleniem publicznym&#8221; &#8211; B\u0142a\u017cej Gajewski &#8211; PB<\/div>\n<div>3. &#8222;Zr\u00f3wnowa\u017cona energetycznie z poszanowaniem \u015brodowiska naturalnego iluminacja kaplicy Buchholtz\u00f3w w Supra\u015blu&#8221; &#8211; Piotr Ba\u0142dyga &#8211; PB<\/div>\n<div>4. &#8222;Analiza wp\u0142ywu sztucznego o\u015bwietlenia na ekosystemy nocne i zanieczyszczenie \u015bwiat\u0142em&#8221; &#8211; Aneta Stypu\u0142kowska &#8211; PB<\/div>\n<div>5. &#8222;Wymiana o\u015bwietlenia jako pierwszy krok do systematycznego zarz\u0105dzania energi\u0105 elektryczn\u0105&#8221; &#8211; Honorata Sierocka, PB<\/div>\n<div>6. &#8222;Wp\u0142yw parametr\u00f3w zasilania modu\u0142\u00f3w i opraw LED na ich w\u0142a\u015bciwo\u015bci spektrofotometryczne&#8221; &#8211; Marek Kurkowski, PCz<\/div>\n<div>&nbsp;<\/div>\n<div>13:30-15:00 sesja&nbsp; <span id=\"isPasted\"><strong>Nowe technologie i materia\u0142y w transformacji energetycznej&nbsp;<\/strong><\/span><span id=\"isPasted\"> w ramach kt\u00f3rej b\u0119d\u0105 przedstawione 4 referaty oraz zostanie rozstrzygni\u0119ty <a href=\"https:\/\/pb.edu.pl\/tefen\/konkurs-ptetis\/\">konkurs &#8211; og\u0142oszenie laureat\u00f3w na najlepsze prace magisterskie student\u00f3w PB z obszaru transformacji energetycznej.&nbsp;<\/a><\/span><\/div>\n<div>&nbsp;<\/div>\n<div>1. &#8222;Innowacyjne technologie konwersji niskotemperaturowego ciep\u0142a odpadowego na ch\u0142\u00f3d dla cel\u00f3w klimatyzacji&#8221; &#8211; Jerzy Gagan &#8211; PB<\/div>\n<div>2. &#8222;Zastosowanie hydrodynamicznej kawitacji w dezintegracji biomasy przed fermentacj\u0105 metanow\u0105 &#8211; ocena efekt\u00f3w technologicznych i energetycznych na podstawie bada\u0144 w\u0142asnych&#8221; &#8211; Marcin D\u0119bowski &#8211; UWM, IIiO\u015a<\/div>\n<div>3. &#8222;Sterowanie modelowo-predykcyjne w w systemach grzewczych oraz zarz\u0105dzaniu energi\u0105 w budynkach&#8221; &#8211; Piotr Rynkowski &#8211; PB<\/div>\n<div>4. &#8222;Wyzwania i cele transformacji energetycznej&#8221; &#8211; Jacek Kusznier &#8211; PB<\/div>\n<div>&nbsp;<\/div>\n<div>15:00 Lunch<\/div>\n<p>&nbsp;<\/p>\n","protected":false},"excerpt":{"rendered":"<p>Program VIII Konferencji Naukowo &#8211; Technicznej TEFEN&#8217;2025 &nbsp; 9:00-10:00 Rejestracja &nbsp; 10:00-11:45 I sesja &nbsp;<\/p>\n","protected":false},"author":2,"featured_media":0,"parent":1084,"menu_order":3,"comment_status":"closed","ping_status":"closed","template":"","meta":{"_acf_changed":false,"ngg_post_thumbnail":0,"footnotes":""},"class_list":["post-1106","page","type-page","status-publish","hentry"],"acf":[],"_links":{"self":[{"href":"https:\/\/pb.edu.pl\/tefen\/wp-json\/wp\/v2\/pages\/1106","targetHints":{"allow":["GET"]}}],"collection":[{"href":"https:\/\/pb.edu.pl\/tefen\/wp-json\/wp\/v2\/pages"}],"about":[{"href":"https:\/\/pb.edu.pl\/tefen\/wp-json\/wp\/v2\/types\/page"}],"author":[{"embeddable":true,"href":"https:\/\/pb.edu.pl\/tefen\/wp-json\/wp\/v2\/users\/2"}],"replies":[{"embeddable":true,"href":"https:\/\/pb.edu.pl\/tefen\/wp-json\/wp\/v2\/comments?post=1106"}],"version-history":[{"count":0,"href":"https:\/\/pb.edu.pl\/tefen\/wp-json\/wp\/v2\/pages\/1106\/revisions"}],"up":[{"embeddable":true,"href":"https:\/\/pb.edu.pl\/tefen\/wp-json\/wp\/v2\/pages\/1084"}],"wp:attachment":[{"href":"https:\/\/pb.edu.pl\/tefen\/wp-json\/wp\/v2\/media?parent=1106"}],"curies":[{"name":"wp","href":"https:\/\/api.w.org\/{rel}","templated":true}]}}