{"id":1096,"date":"2022-01-04T22:45:37","date_gmt":"2022-01-04T21:45:37","guid":{"rendered":"https:\/\/pb.edu.pl\/tefen\/?page_id=1096"},"modified":"2025-07-14T12:43:23","modified_gmt":"2025-07-14T10:43:23","slug":"kontakt","status":"publish","type":"page","link":"https:\/\/pb.edu.pl\/tefen\/kontakt\/","title":{"rendered":"Kontakt"},"content":{"rendered":"<div class=\"h2\">Biuro Konferencji:<\/div>\n<p><strong>Katedra Fotoniki, Elektroniki i Techniki \u015awietlnej<\/strong><br \/>\nWydzia\u0142 Elektryczny<br \/>\nPolitechnika Bia\u0142ostocka<br \/>\nul. Wiejska 45D\/124<br \/>\n15-351 Bia\u0142ystok<\/p>\n<p><i class=\"fal fa-envelope\"><\/i> <a href=\"#\" rel=\"nofollow\"  onclick=\"this.href='mailto:' + 'ctt.biuro' + '@' + 'pb.edu.pl'\">ctt.biuro [at] pb.edu.pl<\/a>\n<p><i class=\"fal fa-envelope\"><\/i> <a href=\"#\" rel=\"nofollow\"  onclick=\"this.href='mailto:' + 'm.zajkowski' + '@' + 'pb.edu.pl'\">m.zajkowski [at] pb.edu.pl<\/a>\n<p><i class=\"fal fa-phone\"><\/i> 604-895-326<br \/>\n&nbsp;<\/p>\n","protected":false},"excerpt":{"rendered":"<p>Biuro Konferencji: Katedra Fotoniki, Elektroniki i Techniki \u015awietlnej Wydzia\u0142 Elektryczny Politechnika Bia\u0142ostocka ul. Wiejska 45D\/124<\/p>\n","protected":false},"author":2,"featured_media":0,"parent":0,"menu_order":3,"comment_status":"closed","ping_status":"closed","template":"","meta":{"_acf_changed":false,"ngg_post_thumbnail":0,"footnotes":""},"class_list":["post-1096","page","type-page","status-publish","hentry"],"acf":[],"_links":{"self":[{"href":"https:\/\/pb.edu.pl\/tefen\/wp-json\/wp\/v2\/pages\/1096","targetHints":{"allow":["GET"]}}],"collection":[{"href":"https:\/\/pb.edu.pl\/tefen\/wp-json\/wp\/v2\/pages"}],"about":[{"href":"https:\/\/pb.edu.pl\/tefen\/wp-json\/wp\/v2\/types\/page"}],"author":[{"embeddable":true,"href":"https:\/\/pb.edu.pl\/tefen\/wp-json\/wp\/v2\/users\/2"}],"replies":[{"embeddable":true,"href":"https:\/\/pb.edu.pl\/tefen\/wp-json\/wp\/v2\/comments?post=1096"}],"version-history":[{"count":0,"href":"https:\/\/pb.edu.pl\/tefen\/wp-json\/wp\/v2\/pages\/1096\/revisions"}],"wp:attachment":[{"href":"https:\/\/pb.edu.pl\/tefen\/wp-json\/wp\/v2\/media?parent=1096"}],"curies":[{"name":"wp","href":"https:\/\/api.w.org\/{rel}","templated":true}]}}