{"id":1084,"date":"2022-01-04T22:31:09","date_gmt":"2022-01-04T21:31:09","guid":{"rendered":"https:\/\/pb.edu.pl\/tefen\/?page_id=1084"},"modified":"2025-08-27T11:02:00","modified_gmt":"2025-08-27T09:02:00","slug":"o-konferencji","status":"publish","type":"page","link":"https:\/\/pb.edu.pl\/tefen\/o-konferencji\/","title":{"rendered":"O konferencji"},"content":{"rendered":"<p>W dniu 22 wrze\u015bnia 2025 r. odb\u0119dzie si\u0119 VIII edycja Konferencji Naukowo-Technicznej \u201cTechnologie Efektywno\u015bci Energetycznej\u201d TEFEN\u20192025.<\/p>\n<p>Tematyka konferencji obejmuje:<\/p>\n<ul>\n<li>technologie OZE,<\/li>\n<li>rozwi\u0105zania techniczne dla wsp\u00f3lnot energetycznych,<\/li>\n<li>sp\u00f3\u0142dzielczo\u015b\u0107 energetyczna,<\/li>\n<li>technologie efektywno\u015bci energetycznej,<\/li>\n<li>efektywne energetycznie budownictwo i architektura,<\/li>\n<li>elektromobilno\u015b\u0107,<\/li>\n<li>technologie SMART.<\/li>\n<\/ul>\n<p>Organizatorem Konferencji TEFEN&#8217;2025 jest <a href=\"http:\/\/we.pb.edu.pl\">Wydzia\u0142 Elektryczny Politechniki Bia\u0142ostockiej<\/a><\/p>\n<p>&nbsp;<\/p>\n<p>Projekt finansowany ze \u015brodk\u00f3w bud\u017cetu pa\u0144stwa, przyznanych przez Ministra Nauki i Szkolnictwa Wy\u017cszego w ramach Programu \u201eNauka dla Spo\u0142ecze\u0144stwa II\u201d.<\/p>\n<p><img loading=\"lazy\" decoding=\"async\" class=\"alignnone size-medium wp-image-1548\" src=\"https:\/\/pb.edu.pl\/tefen\/wp-content\/uploads\/sites\/100\/2025\/07\/01_znak_siatka_podstawowy_kolor_biale_tlo_Ministerstwo-300x93.png\" alt=\"\" width=\"300\" height=\"93\" srcset=\"https:\/\/pb.edu.pl\/tefen\/wp-content\/uploads\/sites\/100\/2025\/07\/01_znak_siatka_podstawowy_kolor_biale_tlo_Ministerstwo-300x93.png 300w, https:\/\/pb.edu.pl\/tefen\/wp-content\/uploads\/sites\/100\/2025\/07\/01_znak_siatka_podstawowy_kolor_biale_tlo_Ministerstwo-1024x319.png 1024w, https:\/\/pb.edu.pl\/tefen\/wp-content\/uploads\/sites\/100\/2025\/07\/01_znak_siatka_podstawowy_kolor_biale_tlo_Ministerstwo-768x239.png 768w, https:\/\/pb.edu.pl\/tefen\/wp-content\/uploads\/sites\/100\/2025\/07\/01_znak_siatka_podstawowy_kolor_biale_tlo_Ministerstwo.png 1388w\" sizes=\"auto, (max-width: 300px) 100vw, 300px\" \/> <img loading=\"lazy\" decoding=\"async\" class=\"alignnone size-medium wp-image-1547\" src=\"https:\/\/pb.edu.pl\/tefen\/wp-content\/uploads\/sites\/100\/2025\/07\/logoNdS-300x168.jpg\" alt=\"\" width=\"300\" height=\"168\" srcset=\"https:\/\/pb.edu.pl\/tefen\/wp-content\/uploads\/sites\/100\/2025\/07\/logoNdS-300x168.jpg 300w, https:\/\/pb.edu.pl\/tefen\/wp-content\/uploads\/sites\/100\/2025\/07\/logoNdS-1024x573.jpg 1024w, https:\/\/pb.edu.pl\/tefen\/wp-content\/uploads\/sites\/100\/2025\/07\/logoNdS-768x430.jpg 768w, https:\/\/pb.edu.pl\/tefen\/wp-content\/uploads\/sites\/100\/2025\/07\/logoNdS-1536x860.jpg 1536w, https:\/\/pb.edu.pl\/tefen\/wp-content\/uploads\/sites\/100\/2025\/07\/logoNdS.jpg 1601w\" sizes=\"auto, (max-width: 300px) 100vw, 300px\" \/> <img loading=\"lazy\" decoding=\"async\" class=\"alignnone size-medium wp-image-1546\" src=\"https:\/\/pb.edu.pl\/tefen\/wp-content\/uploads\/sites\/100\/2025\/07\/01_znak_siatka_podstawowy_kolor_biale_tlo_Minister-300x93.png\" alt=\"\" width=\"300\" height=\"93\" srcset=\"https:\/\/pb.edu.pl\/tefen\/wp-content\/uploads\/sites\/100\/2025\/07\/01_znak_siatka_podstawowy_kolor_biale_tlo_Minister-300x93.png 300w, https:\/\/pb.edu.pl\/tefen\/wp-content\/uploads\/sites\/100\/2025\/07\/01_znak_siatka_podstawowy_kolor_biale_tlo_Minister-1024x319.png 1024w, https:\/\/pb.edu.pl\/tefen\/wp-content\/uploads\/sites\/100\/2025\/07\/01_znak_siatka_podstawowy_kolor_biale_tlo_Minister-768x239.png 768w, https:\/\/pb.edu.pl\/tefen\/wp-content\/uploads\/sites\/100\/2025\/07\/01_znak_siatka_podstawowy_kolor_biale_tlo_Minister.png 1388w\" sizes=\"auto, (max-width: 300px) 100vw, 300px\" \/><\/p>\n","protected":false},"excerpt":{"rendered":"<p>W dniu 22 wrze\u015bnia 2025 r. odb\u0119dzie si\u0119 VIII edycja Konferencji Naukowo-Technicznej \u201cTechnologie Efektywno\u015bci Energetycznej\u201d<\/p>\n","protected":false},"author":2,"featured_media":0,"parent":0,"menu_order":1,"comment_status":"closed","ping_status":"closed","template":"","meta":{"_acf_changed":false,"ngg_post_thumbnail":0,"footnotes":""},"class_list":["post-1084","page","type-page","status-publish","hentry"],"acf":[],"_links":{"self":[{"href":"https:\/\/pb.edu.pl\/tefen\/wp-json\/wp\/v2\/pages\/1084","targetHints":{"allow":["GET"]}}],"collection":[{"href":"https:\/\/pb.edu.pl\/tefen\/wp-json\/wp\/v2\/pages"}],"about":[{"href":"https:\/\/pb.edu.pl\/tefen\/wp-json\/wp\/v2\/types\/page"}],"author":[{"embeddable":true,"href":"https:\/\/pb.edu.pl\/tefen\/wp-json\/wp\/v2\/users\/2"}],"replies":[{"embeddable":true,"href":"https:\/\/pb.edu.pl\/tefen\/wp-json\/wp\/v2\/comments?post=1084"}],"version-history":[{"count":0,"href":"https:\/\/pb.edu.pl\/tefen\/wp-json\/wp\/v2\/pages\/1084\/revisions"}],"wp:attachment":[{"href":"https:\/\/pb.edu.pl\/tefen\/wp-json\/wp\/v2\/media?parent=1084"}],"curies":[{"name":"wp","href":"https:\/\/api.w.org\/{rel}","templated":true}]}}