{"id":552,"date":"2025-01-25T20:52:47","date_gmt":"2025-01-25T19:52:47","guid":{"rendered":"https:\/\/pb.edu.pl\/szbi\/?page_id=552"},"modified":"2025-01-25T21:58:15","modified_gmt":"2025-01-25T20:58:15","slug":"zgloszenie-incydentu","status":"publish","type":"page","link":"https:\/\/pb.edu.pl\/szbi\/zgloszenie-incydentu\/","title":{"rendered":"Zg\u0142oszenie incydentu bezpiecze\u0144stwa w Politechnice Bia\u0142ostockiej"},"content":{"rendered":"\n<div class=\"wpcf7 no-js\" id=\"wpcf7-f563-o1\" lang=\"pl-PL\" dir=\"ltr\" data-wpcf7-id=\"563\">\n<div class=\"screen-reader-response\"><p role=\"status\" aria-live=\"polite\" aria-atomic=\"true\"><\/p> <ul><\/ul><\/div>\n<form action=\"\/szbi\/wp-json\/wp\/v2\/pages\/552#wpcf7-f563-o1\" method=\"post\" class=\"wpcf7-form init\" aria-label=\"Formularz kontaktowy\" enctype=\"multipart\/form-data\" novalidate=\"novalidate\" data-status=\"init\">\n<fieldset class=\"hidden-fields-container\"><input type=\"hidden\" name=\"_wpcf7\" value=\"563\" \/><input type=\"hidden\" name=\"_wpcf7_version\" value=\"6.1.5\" \/><input type=\"hidden\" name=\"_wpcf7_locale\" value=\"pl_PL\" \/><input type=\"hidden\" name=\"_wpcf7_unit_tag\" value=\"wpcf7-f563-o1\" \/><input type=\"hidden\" name=\"_wpcf7_container_post\" value=\"0\" \/><input type=\"hidden\" name=\"_wpcf7_posted_data_hash\" value=\"\" \/><input type=\"hidden\" name=\"_wpcf7cf_hidden_group_fields\" value=\"[]\" \/><input type=\"hidden\" name=\"_wpcf7cf_hidden_groups\" value=\"[]\" \/><input type=\"hidden\" name=\"_wpcf7cf_visible_groups\" value=\"[]\" \/><input type=\"hidden\" name=\"_wpcf7cf_repeaters\" value=\"[]\" \/><input type=\"hidden\" name=\"_wpcf7cf_steps\" value=\"{}\" \/><input type=\"hidden\" name=\"_wpcf7cf_options\" value=\"{&quot;form_id&quot;:563,&quot;conditions&quot;:[],&quot;settings&quot;:{&quot;animation&quot;:&quot;yes&quot;,&quot;animation_intime&quot;:200,&quot;animation_outtime&quot;:200,&quot;conditions_ui&quot;:&quot;normal&quot;,&quot;notice_dismissed&quot;:false,&quot;notice_dismissed_update-cf7-6.0.2&quot;:true}}\" \/>\n<\/fieldset>\n<div class=\"wpcf7-turnstile cf-turnstile\" data-sitekey=\"0x4AAAAAACDP-G-k0g-pygWP\" data-response-field-name=\"_wpcf7_turnstile_response\"><\/div>\n\n<div class=\"row\">\n\t<div class=\"col-md-12 mx-auto\">\n\t\t<div class=\"row\">\n\t\t\t<div class=\"col-md-6\">\n\t\t\t\t<p><label for=\"nazwisko\"> Imi\u0119 Nazwisko: * <\/label><br \/>\n<span class=\"wpcf7-form-control-wrap\" data-name=\"nazwisko\"><input size=\"40\" maxlength=\"400\" class=\"wpcf7-form-control wpcf7-text wpcf7-validates-as-required\" id=\"nazwisko\" aria-required=\"true\" aria-invalid=\"false\" value=\"\" type=\"text\" name=\"nazwisko\" \/><\/span>\n\t\t\t\t<\/p>\n\t\t\t<\/div>\n\t\t\t<div class=\"col-md-6\">\n\t\t\t\t<p><label for=\"email-pb-biaman\"> Adres e-mail: * <\/label><br \/>\n<span class=\"wpcf7-form-control-wrap\" data-name=\"email-pb-biaman\"><input size=\"40\" maxlength=\"400\" class=\"wpcf7-form-control wpcf7-email wpcf7-validates-as-required wpcf7-text wpcf7-validates-as-email\" id=\"email-pb-biaman\" aria-required=\"true\" aria-invalid=\"false\" value=\"\" type=\"email\" name=\"email-pb-biaman\" \/><\/span>\n\t\t\t\t<\/p>\n\t\t\t<\/div>\n\t\t<\/div>\n\t\t<div class=\"row\">\n\t\t\t<div class=\"col-md-6\">\n\t\t\t\t<p><label for=\"incydent-bezpie\"> Incydent bezpiecze\u0144stwa: <\/label><br \/>\n<span class=\"wpcf7-form-control-wrap\" data-name=\"incydent-bezpie\"><select class=\"wpcf7-form-control wpcf7-select\" id=\"incydent-bezpie\" aria-invalid=\"false\" name=\"incydent-bezpie\"><option value=\"\">&#8212;Prosz\u0119 wybra\u0107 opcj\u0119&#8212;<\/option><option value=\"nieprawid\u0142owe dzia\u0142anie infrastruktury technicznej (np. klimatyzacja, wentylacja)\">nieprawid\u0142owe dzia\u0142anie infrastruktury technicznej (np. klimatyzacja, wentylacja)<\/option><option value=\"nieprawid\u0142owe dzia\u0142anie sprz\u0119tu komputerowego (np. awaria wi\u0119cej ni\u017c 5 stacji roboczych)\">nieprawid\u0142owe dzia\u0142anie sprz\u0119tu komputerowego (np. awaria wi\u0119cej ni\u017c 5 stacji roboczych)<\/option><option value=\"naruszenie zabezpiecze\u0144 fizycznych (np. w\u0142amanie)\">naruszenie zabezpiecze\u0144 fizycznych (np. w\u0142amanie)<\/option><option value=\"zdarzenie losowe zewn\u0119trzne (np. po\u017car, przerwy w zasilaniu)\">zdarzenie losowe zewn\u0119trzne (np. po\u017car, przerwy w zasilaniu)<\/option><option value=\"zdarzenie losowe wewn\u0119trzne (np. pomy\u0142ki pracownik\u00f3w, przypadkowe awarie sprz\u0119towe)\">zdarzenie losowe wewn\u0119trzne (np. pomy\u0142ki pracownik\u00f3w, przypadkowe awarie sprz\u0119towe)<\/option><option value=\"zdarzenie losowe wewn\u0119trzne przy tradycyjnym przetwarzaniu informacji (np. zniszczenie dokumentu papierowego z naruszeniem RODO)\">zdarzenie losowe wewn\u0119trzne przy tradycyjnym przetwarzaniu informacji (np. zniszczenie dokumentu papierowego z naruszeniem RODO)<\/option><option value=\"nieuprawniony dost\u0119p do danych\/system\u00f3w z zewn\u0105trz (np. w\u0142amanie do system\u00f3w uczelni)\">nieuprawniony dost\u0119p do danych\/system\u00f3w z zewn\u0105trz (np. w\u0142amanie do system\u00f3w uczelni)<\/option><option value=\"nieuprawniony dost\u0119p do danych\/system\u00f3w z sieci wewn\u0119trznej\">nieuprawniony dost\u0119p do danych\/system\u00f3w z sieci wewn\u0119trznej<\/option><option value=\"zainfekowanie sprz\u0119tu w celu uszkodzenia danych (np. z\u0142o\u015bliwe oprogramowanie)\">zainfekowanie sprz\u0119tu w celu uszkodzenia danych (np. z\u0142o\u015bliwe oprogramowanie)<\/option><option value=\"fizyczne zagro\u017cenie materialnych element\u00f3w systemu (np. kradzie\u017c\/zagubienie sprz\u0119tu)\">fizyczne zagro\u017cenie materialnych element\u00f3w systemu (np. kradzie\u017c\/zagubienie sprz\u0119tu)<\/option><option value=\"ujawnienie osobom nieupowa\u017cnionym danych osobowych\">ujawnienie osobom nieupowa\u017cnionym danych osobowych<\/option><option value=\"niestabilne dzia\u0142anie sieci komputerowej (np. nieuprawniona analiza ruchu sieciowego)\">niestabilne dzia\u0142anie sieci komputerowej (np. nieuprawniona analiza ruchu sieciowego)<\/option><option value=\"niszczenie no\u015bnik\u00f3w danych niezgodnie z procedurami\">niszczenie no\u015bnik\u00f3w danych niezgodnie z procedurami<\/option><\/select><\/span>\n\t\t\t\t<\/p>\n\t\t\t<\/div>\n\t\t\t<div class=\"col-md-6\">\n\t\t\t\t<p><label for=\"zgloszenie\"> Zg\u0142oszenie informacyjne: <\/label><br \/>\n<span class=\"wpcf7-form-control-wrap\" data-name=\"zgloszenie\"><select class=\"wpcf7-form-control wpcf7-select\" id=\"zgloszenie\" aria-invalid=\"false\" name=\"zgloszenie\"><option value=\"\">&#8212;Prosz\u0119 wybra\u0107 opcj\u0119&#8212;<\/option><option value=\"z\u0142o\u015bliwa domena (np. domeny wy\u0142udzaj\u0105ce dane logowania)\">z\u0142o\u015bliwa domena (np. domeny wy\u0142udzaj\u0105ce dane logowania)<\/option><option value=\"podejrzana wiadomo\u015b\u0107 e-mail (np. phishing)\">podejrzana wiadomo\u015b\u0107 e-mail (np. phishing)<\/option><option value=\"dezinformacja (np. tre\u015bci o charakterze myl\u0105cym)\">dezinformacja (np. tre\u015bci o charakterze myl\u0105cym)<\/option><option value=\"inne (np. wszystkie pozosta\u0142e)\">inne (np. wszystkie pozosta\u0142e)<\/option><\/select><\/span>\n\t\t\t\t<\/p>\n\t\t\t<\/div>\n\t\t<\/div>\n\t\t<div class=\"row\">\n\t\t\t<div class=\"col-md-12\">\n\t\t\t\t<p><label for=\"opis\"> Opis wydarzenia zwi\u0105zany ze zdarzeniem: * <\/label><br \/>\n<span class=\"wpcf7-form-control-wrap\" data-name=\"opis\"><textarea cols=\"40\" rows=\"10\" maxlength=\"2000\" class=\"wpcf7-form-control wpcf7-textarea wpcf7-validates-as-required\" id=\"opis\" aria-required=\"true\" aria-invalid=\"false\" name=\"opis\"><\/textarea><\/span>\n\t\t\t\t<\/p>\n\t\t\t<\/div>\n\t\t<\/div>\n\t\t<div class=\"row\">\n\t\t\t<div class=\"col-md-12\">\n\t\t\t\t<p><label>Dodaj za\u0142\u0105cznik w formacie: .jpg, .jpeg, .png, .docx, .pdf:<br \/>\nMaksymalny rozmiar wszystkich za\u0142\u0105czonych plik\u00f3w to 5 MB <\/label><br \/>\n<div id=\"mfcf7_zl_multifilecontainer\"><span class=\"mfcf7-zl-multiline-sample\" style=\"display:none\"><p class=\"wpcf7-form-control-wrap multilinefile-abstract\"><input size=\"40\" class=\"wpcf7-form-control wpcf7-multilinefile\" multiple=\"multiple\" value=\"Upload\" aria-invalid=\"false\" type=\"file\" name=\"multilinefile-abstract[]\" \/> <span class=\"mfcf7-zl-multifile-name\"><\/span><a href=\"javascript:void(0);\" class=\"mfcf7_zl_delete_file\"><span class=\"delete-file\" aria-hidden=\"true\">&#x274C;<\/span><\/a><\/p><\/span><\/div><span class=\"wpcf7-form-control-wrap zl-form-control-wrap multilinefile-abstract\"><input size=\"40\" class=\"wpcf7-form-control wpcf7-multilinefile\" multiple=\"multiple\" value=\"Upload\" aria-invalid=\"false\" type=\"file\" name=\"multilinefile-abstract[]\" \/> <span class=\"mfcf7-zl-multifile-name\"><\/span><a href=\"javascript:void(0);\" class=\"mfcf7_zl_delete_file\"><span class=\"delete-file\" aria-hidden=\"true\">&#x274C;<\/span><\/a><\/span><p><label><span class=\"wpcf7-form-control-wrap\" data-name=\"multilinefile-abstract-zl-mfcf7-upld-btn\"><input type=\"button\" name=\"multilinefile-abstract-zl-mfcf7-upld-btn\" class=\"button button-primary qbutton\" id=\"mfcf7_zl_add_file\" value=\"Upload\"><\/span><\/label><\/p>\n\t\t\t\t<\/p>\n\t\t\t<\/div>\n\t\t<\/div>\n\t\t<div class=\"row\">\n\t\t\t<div class=\"col-12 text-right\">\n\t\t\t\t<p>&nbsp;<br \/>\n<input class=\"wpcf7-form-control wpcf7-submit has-spinner\" type=\"submit\" value=\"Wy\u015blij zg\u0142oszenie\" \/>\n\t\t\t\t<\/p>\n\t\t\t<\/div>\n\t\t<\/div>\n\t<\/div>\n<\/div><div class=\"wpcf7-response-output\" aria-hidden=\"true\"><\/div>\n<\/form>\n<\/div>\n\n","protected":false},"excerpt":{"rendered":"","protected":false},"author":2,"featured_media":0,"parent":0,"menu_order":5,"comment_status":"closed","ping_status":"closed","template":"","meta":{"_acf_changed":false,"ngg_post_thumbnail":0,"footnotes":""},"class_list":["post-552","page","type-page","status-publish","hentry"],"acf":[],"_links":{"self":[{"href":"https:\/\/pb.edu.pl\/szbi\/wp-json\/wp\/v2\/pages\/552","targetHints":{"allow":["GET"]}}],"collection":[{"href":"https:\/\/pb.edu.pl\/szbi\/wp-json\/wp\/v2\/pages"}],"about":[{"href":"https:\/\/pb.edu.pl\/szbi\/wp-json\/wp\/v2\/types\/page"}],"author":[{"embeddable":true,"href":"https:\/\/pb.edu.pl\/szbi\/wp-json\/wp\/v2\/users\/2"}],"replies":[{"embeddable":true,"href":"https:\/\/pb.edu.pl\/szbi\/wp-json\/wp\/v2\/comments?post=552"}],"version-history":[{"count":1,"href":"https:\/\/pb.edu.pl\/szbi\/wp-json\/wp\/v2\/pages\/552\/revisions"}],"predecessor-version":[{"id":613,"href":"https:\/\/pb.edu.pl\/szbi\/wp-json\/wp\/v2\/pages\/552\/revisions\/613"}],"wp:attachment":[{"href":"https:\/\/pb.edu.pl\/szbi\/wp-json\/wp\/v2\/media?parent=552"}],"curies":[{"name":"wp","href":"https:\/\/api.w.org\/{rel}","templated":true}]}}