{"id":18,"date":"2020-09-22T23:35:35","date_gmt":"2020-09-22T21:35:35","guid":{"rendered":"https:\/\/pb.edu.pl\/da\/?page_id=18"},"modified":"2026-03-27T21:12:28","modified_gmt":"2026-03-27T20:12:28","slug":"home","status":"publish","type":"page","link":"https:\/\/pb.edu.pl\/szbi\/","title":{"rendered":""},"content":{"rendered":"<p>&nbsp;<\/p>\n<div class=\"row\" style=\"margin-top: 20px;margin-bottom: 10px\">\n<div class=\"col-sm-12 text-center\"><a class=\"button wynajem text-center animated zoomIn lead font-500\" style=\"width: 100%\" href=\"\/szbi\/zgloszenie-incydentu\">Zg\u0142aszanie incydentu bezpiecze\u0144stwa w Politechnice Bia\u0142ostockiej<\/a><\/div>\n<\/div>\n<div id=\"box-menu\" class=\"href\"><\/div>\n<div class=\"row\">\n<div class=\"col-md-4\">\n\t<div class=\"boxlink animated zoomIn \">\n\t\t<a href=\"\/szbi\/obowiazek-informacyjny\/\" class=\"no-icon\">\n\t\t\t<div class=\"boxlink-title\">Obowi\u0105zek informacyjny<span><\/span><\/div>\n\t\t\t<div class=\"boxlink-content\">\n\t\t\t\t<img loading=\"lazy\" decoding=\"async\" class=\"aligncenter size-full wp-image-543\" src=\"https:\/\/pb.edu.pl\/szbi\/wp-content\/uploads\/sites\/144\/2025\/01\/obowiazek-info.png\" alt=\"grafika informacja\" width=\"600\" height=\"363\" srcset=\"https:\/\/pb.edu.pl\/szbi\/wp-content\/uploads\/sites\/144\/2025\/01\/obowiazek-info.png 600w, https:\/\/pb.edu.pl\/szbi\/wp-content\/uploads\/sites\/144\/2025\/01\/obowiazek-info-300x182.png 300w\" sizes=\"auto, (max-width: 600px) 100vw, 600px\" \/>\t\t\t<\/div>\n\t\t<\/a>\n\t<\/div>\n\n<\/div>\n<div class=\"col-md-4\">\n\t<div class=\"boxlink animated zoomIn \">\n\t\t<a href=\"\/szbi\/szkolenia\/\" class=\"no-icon\">\n\t\t\t<div class=\"boxlink-title\">Szkolenia<span><\/span><\/div>\n\t\t\t<div class=\"boxlink-content\">\n\t\t\t\t<img loading=\"lazy\" decoding=\"async\" class=\"aligncenter size-full wp-image-544\" src=\"https:\/\/pb.edu.pl\/szbi\/wp-content\/uploads\/sites\/144\/2025\/01\/3-szkolenia.png\" alt=\"grafika szkolenia\" width=\"600\" height=\"363\" srcset=\"https:\/\/pb.edu.pl\/szbi\/wp-content\/uploads\/sites\/144\/2025\/01\/3-szkolenia.png 600w, https:\/\/pb.edu.pl\/szbi\/wp-content\/uploads\/sites\/144\/2025\/01\/3-szkolenia-300x182.png 300w\" sizes=\"auto, (max-width: 600px) 100vw, 600px\" \/>\t\t\t<\/div>\n\t\t<\/a>\n\t<\/div>\n\n<\/div>\n<div class=\"col-md-4\">\n\t<div class=\"boxlink animated zoomIn \">\n\t\t<a href=\"\/szbi\/kontakt\/\" class=\"no-icon\">\n\t\t\t<div class=\"boxlink-title\">Kontakt<span><\/span><\/div>\n\t\t\t<div class=\"boxlink-content\">\n\t\t\t\t<img loading=\"lazy\" decoding=\"async\" class=\"aligncenter size-full wp-image-546\" src=\"https:\/\/pb.edu.pl\/szbi\/wp-content\/uploads\/sites\/144\/2025\/01\/kontakt.png\" alt=\"grafika e-mail\" width=\"600\" height=\"363\" srcset=\"https:\/\/pb.edu.pl\/szbi\/wp-content\/uploads\/sites\/144\/2025\/01\/kontakt.png 600w, https:\/\/pb.edu.pl\/szbi\/wp-content\/uploads\/sites\/144\/2025\/01\/kontakt-300x182.png 300w\" sizes=\"auto, (max-width: 600px) 100vw, 600px\" \/>\t\t\t<\/div>\n\t\t<\/a>\n\t<\/div>\n\n<\/div>\n<\/div>\n<div class=\"row\" style=\"margin-top: 0px\">\n<div class=\"col-sm-12 text-center\"><a class=\"button wynajem text-center animated zoomIn lead font-500\" style=\"width: 100%\" href=\"https:\/\/bip.pb.edu.pl\/index.php?event=informacja&amp;id=21958\">Polityka Bezpiecze\u0144stwa Informacji w Politechnice Bia\u0142ostockiej<\/a><\/div>\n<\/div>\n","protected":false},"excerpt":{"rendered":"<p>&nbsp; Zg\u0142aszanie incydentu bezpiecze\u0144stwa w Politechnice Bia\u0142ostockiej Polityka Bezpiecze\u0144stwa Informacji w Politechnice Bia\u0142ostockiej<\/p>\n","protected":false},"author":2,"featured_media":0,"parent":0,"menu_order":0,"comment_status":"closed","ping_status":"closed","template":"","meta":{"_acf_changed":false,"ngg_post_thumbnail":0,"footnotes":""},"class_list":["post-18","page","type-page","status-publish","hentry"],"acf":[],"_links":{"self":[{"href":"https:\/\/pb.edu.pl\/szbi\/wp-json\/wp\/v2\/pages\/18","targetHints":{"allow":["GET"]}}],"collection":[{"href":"https:\/\/pb.edu.pl\/szbi\/wp-json\/wp\/v2\/pages"}],"about":[{"href":"https:\/\/pb.edu.pl\/szbi\/wp-json\/wp\/v2\/types\/page"}],"author":[{"embeddable":true,"href":"https:\/\/pb.edu.pl\/szbi\/wp-json\/wp\/v2\/users\/2"}],"replies":[{"embeddable":true,"href":"https:\/\/pb.edu.pl\/szbi\/wp-json\/wp\/v2\/comments?post=18"}],"version-history":[{"count":1,"href":"https:\/\/pb.edu.pl\/szbi\/wp-json\/wp\/v2\/pages\/18\/revisions"}],"predecessor-version":[{"id":621,"href":"https:\/\/pb.edu.pl\/szbi\/wp-json\/wp\/v2\/pages\/18\/revisions\/621"}],"wp:attachment":[{"href":"https:\/\/pb.edu.pl\/szbi\/wp-json\/wp\/v2\/media?parent=18"}],"curies":[{"name":"wp","href":"https:\/\/api.w.org\/{rel}","templated":true}]}}