{"id":369,"date":"2023-11-08T23:42:11","date_gmt":"2023-11-08T22:42:11","guid":{"rendered":"https:\/\/pb.edu.pl\/sympozjum-ufd-2025\/?page_id=369"},"modified":"2025-06-27T10:31:55","modified_gmt":"2025-06-27T08:31:55","slug":"jak-dojechac","status":"publish","type":"page","link":"https:\/\/pb.edu.pl\/sympozjum-ufd-2025\/jak-dojechac\/","title":{"rendered":"Jak dojecha\u0107"},"content":{"rendered":"<p>Zobacz jak dojecha\u0107 na <a href=\"https:\/\/www.google.com\/maps\/place\/Wydzia%C5%82+Mechaniczny+Politechniki+Bia%C5%82ostockiej\/@53.117512,23.1465553,16z\/data=!3m1!4b1!4m6!3m5!1s0x471ffbfbf87db5fd:0xec7410d5a2b7888d!8m2!3d53.1175088!4d23.1491302!16s%2Fg%2F11h1t833y?hl=pl&#038;entry=ttu&#038;g_ep=EgoyMDI1MDYyMy4yIKXMDSoASAFQAw%3D%3D\">Wydzia\u0142 Mechaniczny Politechniki Bia\u0142ostockiej<\/a>.<\/p>\n","protected":false},"excerpt":{"rendered":"<p>Zobacz jak dojecha\u0107 na Wydzia\u0142 Mechaniczny Politechniki Bia\u0142ostockiej.<\/p>\n","protected":false},"author":2,"featured_media":0,"parent":0,"menu_order":4,"comment_status":"closed","ping_status":"closed","template":"","meta":{"_acf_changed":false,"ngg_post_thumbnail":0,"footnotes":""},"class_list":["post-369","page","type-page","status-publish","hentry"],"acf":[],"_links":{"self":[{"href":"https:\/\/pb.edu.pl\/sympozjum-ufd-2025\/wp-json\/wp\/v2\/pages\/369","targetHints":{"allow":["GET"]}}],"collection":[{"href":"https:\/\/pb.edu.pl\/sympozjum-ufd-2025\/wp-json\/wp\/v2\/pages"}],"about":[{"href":"https:\/\/pb.edu.pl\/sympozjum-ufd-2025\/wp-json\/wp\/v2\/types\/page"}],"author":[{"embeddable":true,"href":"https:\/\/pb.edu.pl\/sympozjum-ufd-2025\/wp-json\/wp\/v2\/users\/2"}],"replies":[{"embeddable":true,"href":"https:\/\/pb.edu.pl\/sympozjum-ufd-2025\/wp-json\/wp\/v2\/comments?post=369"}],"version-history":[{"count":0,"href":"https:\/\/pb.edu.pl\/sympozjum-ufd-2025\/wp-json\/wp\/v2\/pages\/369\/revisions"}],"wp:attachment":[{"href":"https:\/\/pb.edu.pl\/sympozjum-ufd-2025\/wp-json\/wp\/v2\/media?parent=369"}],"curies":[{"name":"wp","href":"https:\/\/api.w.org\/{rel}","templated":true}]}}