{"id":15,"date":"2021-12-23T12:22:51","date_gmt":"2021-12-23T11:22:51","guid":{"rendered":"https:\/\/pb.edu.pl\/sympozjum-ufd-2025\/?page_id=15"},"modified":"2025-07-11T11:48:29","modified_gmt":"2025-07-11T09:48:29","slug":"zaprojektowani-pb","status":"publish","type":"page","link":"https:\/\/pb.edu.pl\/sympozjum-ufd-2025\/","title":{"rendered":""},"content":{"rendered":"<p>&nbsp;<\/p>\n<div class=\"h1\" style=\"color: #2a7859\">Sympozjum Pracownik\u00f3w Dziekanat\u00f3w pt. \u201eDobre praktyki w dziekanacie\u201d<\/div>\n<p>&nbsp;<\/p>\n<p><a href=\"https:\/\/pb.edu.pl\/sympozjum-ufd-2025\/wp-content\/uploads\/sites\/153\/2025\/06\/2025-06-sympozjum-dziekanatow-relacja-1200px.jpg\"><img loading=\"lazy\" decoding=\"async\" class=\"alignright wp-image-458\" src=\"https:\/\/pb.edu.pl\/sympozjum-ufd-2025\/wp-content\/uploads\/sites\/153\/2025\/06\/2025-06-sympozjum-dziekanatow-relacja-1200px.jpg\" alt=\"ulotka reklamowa o sympozjum\" width=\"400\" height=\"711\" srcset=\"https:\/\/pb.edu.pl\/sympozjum-ufd-2025\/wp-content\/uploads\/sites\/153\/2025\/06\/2025-06-sympozjum-dziekanatow-relacja-1200px.jpg 1200w, https:\/\/pb.edu.pl\/sympozjum-ufd-2025\/wp-content\/uploads\/sites\/153\/2025\/06\/2025-06-sympozjum-dziekanatow-relacja-1200px-169x300.jpg 169w, https:\/\/pb.edu.pl\/sympozjum-ufd-2025\/wp-content\/uploads\/sites\/153\/2025\/06\/2025-06-sympozjum-dziekanatow-relacja-1200px-576x1024.jpg 576w, https:\/\/pb.edu.pl\/sympozjum-ufd-2025\/wp-content\/uploads\/sites\/153\/2025\/06\/2025-06-sympozjum-dziekanatow-relacja-1200px-768x1365.jpg 768w, https:\/\/pb.edu.pl\/sympozjum-ufd-2025\/wp-content\/uploads\/sites\/153\/2025\/06\/2025-06-sympozjum-dziekanatow-relacja-1200px-864x1536.jpg 864w, https:\/\/pb.edu.pl\/sympozjum-ufd-2025\/wp-content\/uploads\/sites\/153\/2025\/06\/2025-06-sympozjum-dziekanatow-relacja-1200px-1152x2048.jpg 1152w\" sizes=\"auto, (max-width: 400px) 100vw, 400px\" \/><\/a><\/p>\n<div class=\"h3\">Serdecznie zapraszamy do udzia\u0142u w Sympozjum Pracownik\u00f3w Dziekanat\u00f3w<br \/>\npt. \u201eDobre praktyki w dziekanacie\u201d.<\/div>\n<p>Sympozjum odb\u0119dzie si\u0119 w dniach <strong>4\u20135 wrze\u015bnia 2025 roku<\/strong> na Wydziale Mechanicznym Politechniki Bia\u0142ostockiej, <a href=\"https:\/\/box.biaman.pl\/f\/145aca6c8f45431eae4b\/\">Aula 447<\/a>, <a href=\"https:\/\/wm.pb.edu.pl\/kontakt\/dane-teleadresowe\/\">ul. Wiejska 45C, 15-351 Bia\u0142ystok<\/a>.<\/p>\n<p>Wydarzenie skierowane jest do pracownik\u00f3w\u202fdziekanat\u00f3w\u202fuczelni\u202fwy\u017cszych wsp\u00f3\u0142pracuj\u0105cych\u202fw\u202framach projektu\u202f<a href=\"https:\/\/pb.edu.pl\/via-carpatia\/\">Politechnicznej Sieci Via Carpatia im. Prezydenta Lecha Kaczy\u0144skiego<\/a>, kt\u00f3r\u0105 tworz\u0105 Politechnika Bia\u0142ostocka, Politechnika Lubelska, Politechnika Rzeszowska.<\/p>\n<p>Sympozjum b\u0119dzie okazj\u0105 do wymiany do\u015bwiadcze\u0144, prezentacji dobrych praktyk oraz integracji pracownik\u00f3w dziekanat\u00f3w uczelni partnerskich. Chcieliby\u015bmy wsp\u00f3lnie przyjrze\u0107 si\u0119 procesom obs\u0142ugi student\u00f3w oraz wyzwaniom z jakimi mierz\u0105 si\u0119 pracownicy dziekanat\u00f3w, a tak\u017ce porozmawia\u0107 o sprawdzonych rozwi\u0105zaniach.<\/p>\n<p><a class=\"h3\" href=\"\/sympozjum-ufd-2025\/program\/\">Program Sympozjum<\/a><\/p>\n<p><strong>Uczestnictwo w sympozjum jest bezp\u0142atne.<\/strong><\/p>\n<p>Koszty noclegu i dojazdu uczestnik pokrywa we w\u0142asnym zakresie.<\/p>\n<p>Ka\u017cdy uczestnik otrzyma certyfikat.<\/p>\n<p>Zg\u0142oszenia udzia\u0142u nale\u017cy dokona\u0107 za po\u015brednictwem <a href=\"https:\/\/pb.edu.pl\/sympozjum-ufd-2025\/rejestracja\/\">formularza rejestracyjnego<\/a> do 31 lipca 2025 r.<\/p>\n<p>Liczba miejsc ograniczona. Decyduje kolejno\u015b\u0107 zg\u0142osze\u0144.<\/p>\n<p>Oprawa graficzna i fotograficzna oraz promocja wydarzenia \u2013 <a href=\"https:\/\/pb.edu.pl\/uczelnia\/promocja-i-komunikacja\/\">Dzia\u0142 Promocji PB<\/a>.<\/p>\n","protected":false},"excerpt":{"rendered":"<p>&nbsp; Sympozjum Pracownik\u00f3w Dziekanat\u00f3w pt. \u201eDobre praktyki w dziekanacie\u201d &nbsp; Serdecznie zapraszamy do udzia\u0142u w<\/p>\n","protected":false},"author":2,"featured_media":0,"parent":0,"menu_order":1,"comment_status":"closed","ping_status":"closed","template":"","meta":{"_acf_changed":false,"ngg_post_thumbnail":0,"footnotes":""},"class_list":["post-15","page","type-page","status-publish","hentry"],"acf":[],"_links":{"self":[{"href":"https:\/\/pb.edu.pl\/sympozjum-ufd-2025\/wp-json\/wp\/v2\/pages\/15","targetHints":{"allow":["GET"]}}],"collection":[{"href":"https:\/\/pb.edu.pl\/sympozjum-ufd-2025\/wp-json\/wp\/v2\/pages"}],"about":[{"href":"https:\/\/pb.edu.pl\/sympozjum-ufd-2025\/wp-json\/wp\/v2\/types\/page"}],"author":[{"embeddable":true,"href":"https:\/\/pb.edu.pl\/sympozjum-ufd-2025\/wp-json\/wp\/v2\/users\/2"}],"replies":[{"embeddable":true,"href":"https:\/\/pb.edu.pl\/sympozjum-ufd-2025\/wp-json\/wp\/v2\/comments?post=15"}],"version-history":[{"count":0,"href":"https:\/\/pb.edu.pl\/sympozjum-ufd-2025\/wp-json\/wp\/v2\/pages\/15\/revisions"}],"wp:attachment":[{"href":"https:\/\/pb.edu.pl\/sympozjum-ufd-2025\/wp-json\/wp\/v2\/media?parent=15"}],"curies":[{"name":"wp","href":"https:\/\/api.w.org\/{rel}","templated":true}]}}