{"id":369,"date":"2023-11-08T23:42:11","date_gmt":"2023-11-08T22:42:11","guid":{"rendered":"https:\/\/pb.edu.pl\/sympozjum-ufd-2024\/?page_id=369"},"modified":"2023-11-09T00:19:42","modified_gmt":"2023-11-08T23:19:42","slug":"jak-dojechac","status":"publish","type":"page","link":"https:\/\/pb.edu.pl\/sympozjum-ufd-2024\/jak-dojechac\/","title":{"rendered":"Jak dojecha\u0107"},"content":{"rendered":"<p>Zobacz jak dojecha\u0107 na <a href=\"https:\/\/maps.app.goo.gl\/8q62yBdeAkz9nAzk9\">Wydzia\u0142 In\u017cynierii Zarz\u0105dzania Politechniki Bia\u0142ostockiej<\/a>.<\/p>\n","protected":false},"excerpt":{"rendered":"<p>Zobacz jak dojecha\u0107 na Wydzia\u0142 In\u017cynierii Zarz\u0105dzania Politechniki Bia\u0142ostockiej.<\/p>\n","protected":false},"author":2,"featured_media":0,"parent":0,"menu_order":4,"comment_status":"closed","ping_status":"closed","template":"","meta":{"_acf_changed":false,"ngg_post_thumbnail":0,"footnotes":""},"class_list":["post-369","page","type-page","status-publish","hentry"],"acf":[],"_links":{"self":[{"href":"https:\/\/pb.edu.pl\/sympozjum-ufd-2024\/wp-json\/wp\/v2\/pages\/369","targetHints":{"allow":["GET"]}}],"collection":[{"href":"https:\/\/pb.edu.pl\/sympozjum-ufd-2024\/wp-json\/wp\/v2\/pages"}],"about":[{"href":"https:\/\/pb.edu.pl\/sympozjum-ufd-2024\/wp-json\/wp\/v2\/types\/page"}],"author":[{"embeddable":true,"href":"https:\/\/pb.edu.pl\/sympozjum-ufd-2024\/wp-json\/wp\/v2\/users\/2"}],"replies":[{"embeddable":true,"href":"https:\/\/pb.edu.pl\/sympozjum-ufd-2024\/wp-json\/wp\/v2\/comments?post=369"}],"version-history":[{"count":0,"href":"https:\/\/pb.edu.pl\/sympozjum-ufd-2024\/wp-json\/wp\/v2\/pages\/369\/revisions"}],"wp:attachment":[{"href":"https:\/\/pb.edu.pl\/sympozjum-ufd-2024\/wp-json\/wp\/v2\/media?parent=369"}],"curies":[{"name":"wp","href":"https:\/\/api.w.org\/{rel}","templated":true}]}}