{"id":258,"date":"2022-11-16T19:33:46","date_gmt":"2022-11-16T18:33:46","guid":{"rendered":"https:\/\/pb.edu.pl\/sympozjum-ufd-2024\/?page_id=258"},"modified":"2024-12-13T20:31:06","modified_gmt":"2024-12-13T19:31:06","slug":"program","status":"publish","type":"page","link":"https:\/\/pb.edu.pl\/sympozjum-ufd-2024\/program\/","title":{"rendered":"Program Sympozjum"},"content":{"rendered":"<p><img decoding=\"async\" class=\"alignright wp-image-398\" src=\"https:\/\/pb.edu.pl\/sympozjum-ufd-2024\/wp-content\/uploads\/sites\/141\/2024\/11\/2024-11-sympozjum-dziekanatow-fb-ig-1080x1080-1.jpg\" alt=\"Sympozjum Dziekanat\u00f3w Podlaskich Uczelni\" width=\"400\"><br \/>\n8:30 &#8211; Rejestracja uczestnik\u00f3w sympozjum<br \/>\n8:45 &#8211; Koncert Miejskiej Orkiestry D\u0119tej Miasta Bia\u0142ystok im. Franciszka Mocarskiego pod batut\u0105 Rafa\u0142a Broneckiego<br \/>\n9:00 &#8211; Uroczyste otwarcie wydarzenia<\/p>\n<p>9:15 &#8211; Zdj\u0119cie grupowe<\/p>\n<p>9:30 &#8211; <em>Procedury wsparcia os\u00f3b w procesie tranzycji p\u0142ci oraz przeciwdzia\u0142aj\u0105ce dyskryminacji w Politechnice Bia\u0142ostockiej<\/em> &#8211; Joanna Szyd\u0142o, Pe\u0142nomocnik do spraw R\u00f3wnego Traktowania i Przeciwdzia\u0142ania Dyskryminacji w Politechnice Bia\u0142ostockiej<br \/>\n10.15 &#8211; Przerwa kawowa<\/p>\n<p>10:30 &#8211; <em>Budowanie dobrych praktyk w obszarze inkluzywno\u015bci i r\u00f3wnego traktowania na przyk\u0142adzie Uniwersytetu Warszawskiego<\/em> &#8211; Magdalena Miksa, p.o. Rzeczniczki akademickiej ds. studenckich i pracowniczych w Uniwersytecie Warszawskim<\/p>\n<p>11:45 &#8211; Przerwa kawowa<\/p>\n<p>12:15 &#8211; <em>Kszta\u0142cenie w ramach um\u00f3w podw\u00f3jnego dyplomowania (double degree)<\/em> &#8211; Katarzyna Zgudko-Perkowska, Kierownik dziekanatu Wydzia\u0142u Budownictwa i Nauk o \u015arodowisku w Politechnice Bia\u0142ostockiej<\/p>\n<p>12:45 &#8211; <em>Dor\u0119czenia elektroniczne<\/em> &#8211; Ma\u0142gorzata Jegli\u0144ska-Krupa, Kierownik Centrum Danych i Analiz Strategicznych w Politechnice Bia\u0142ostockiej<\/p>\n<p>13:15 &#8211; Podsumowanie i podzi\u0119kowanie uczestnikom sympozjum<br \/>\n&nbsp;<\/p>\n<p><a class=\"pdf\" href=\"https:\/\/pb.edu.pl\/sympozjum-ufd-2024\/wp-content\/uploads\/sites\/141\/2024\/11\/2024-11_sympozjum-dziekanatow-zaproszenie_A4.pdf\" target=\"_blank\" rel=\"noopener\" data-id=\"403\">Pobierz zaproszenie (PDF, 284 KB, otworzy si\u0119 w nowej karcie)<\/a><\/p>\n","protected":false},"excerpt":{"rendered":"<p>8:30 &#8211; Rejestracja uczestnik\u00f3w sympozjum 8:45 &#8211; Koncert Miejskiej Orkiestry D\u0119tej Miasta Bia\u0142ystok im. Franciszka<\/p>\n","protected":false},"author":2,"featured_media":0,"parent":0,"menu_order":3,"comment_status":"closed","ping_status":"closed","template":"","meta":{"_acf_changed":false,"ngg_post_thumbnail":0,"footnotes":""},"class_list":["post-258","page","type-page","status-publish","hentry"],"acf":[],"_links":{"self":[{"href":"https:\/\/pb.edu.pl\/sympozjum-ufd-2024\/wp-json\/wp\/v2\/pages\/258","targetHints":{"allow":["GET"]}}],"collection":[{"href":"https:\/\/pb.edu.pl\/sympozjum-ufd-2024\/wp-json\/wp\/v2\/pages"}],"about":[{"href":"https:\/\/pb.edu.pl\/sympozjum-ufd-2024\/wp-json\/wp\/v2\/types\/page"}],"author":[{"embeddable":true,"href":"https:\/\/pb.edu.pl\/sympozjum-ufd-2024\/wp-json\/wp\/v2\/users\/2"}],"replies":[{"embeddable":true,"href":"https:\/\/pb.edu.pl\/sympozjum-ufd-2024\/wp-json\/wp\/v2\/comments?post=258"}],"version-history":[{"count":0,"href":"https:\/\/pb.edu.pl\/sympozjum-ufd-2024\/wp-json\/wp\/v2\/pages\/258\/revisions"}],"wp:attachment":[{"href":"https:\/\/pb.edu.pl\/sympozjum-ufd-2024\/wp-json\/wp\/v2\/media?parent=258"}],"curies":[{"name":"wp","href":"https:\/\/api.w.org\/{rel}","templated":true}]}}