{"id":15,"date":"2021-12-23T12:22:51","date_gmt":"2021-12-23T11:22:51","guid":{"rendered":"https:\/\/pb.edu.pl\/sympozjum-ufd-2024\/?page_id=15"},"modified":"2024-11-19T23:00:52","modified_gmt":"2024-11-19T22:00:52","slug":"zaprojektowani-pb","status":"publish","type":"page","link":"https:\/\/pb.edu.pl\/sympozjum-ufd-2024\/","title":{"rendered":""},"content":{"rendered":"<p>&nbsp;<\/p>\n<div class=\"h1\" style=\"color: #2a7859\">Sympozjum Dziekanat\u00f3w Podlaskich Uczelni pt. \u201eDobre praktyki w dziekanacie\u201d<\/div>\n<p>&nbsp;<\/p>\n<p><img decoding=\"async\" class=\"alignright wp-image-398\" src=\"https:\/\/pb.edu.pl\/sympozjum-ufd-2024\/wp-content\/uploads\/sites\/141\/2024\/11\/2024-11-sympozjum-dziekanatow-fb-ig-1080x1080-1.jpg\" alt=\"Sympozjum Dziekanat\u00f3w Podlaskich Uczelni\" width=\"400\"><\/p>\n<div class=\"h3\">Serdecznie zapraszamy do udzia\u0142u w III edycji Sympozjum Dziekanat\u00f3w Podlaskich Uczelni<br \/>\n pt. \u201eDobre praktyki w dziekanacie\u201d.<\/div>\n<p>Sympozjum odb\u0119dzie si\u0119 dnia 13 grudnia 2024 r.<\/strong> w godz. 9.00 &#8211; 14.00 na <a href=\"https:\/\/maps.app.goo.gl\/8q62yBdeAkz9nAzk9\">Wydziale In\u017cynierii Zarz\u0105dzania Politechniki Bia\u0142ostockiej, Aula 18, Hala Berlin, ul. Ojca Stefana Tarasiuka 2, 16-001 Kleosin<\/a>.<\/p>\n<p>Wydarzenie dedykowane jest pracownikom dziekanat\u00f3w wszystkich uczelni wy\u017cszych maj\u0105cych swoj\u0105 siedzib\u0119 w wojew\u00f3dztwie podlaskim.<\/p>\n<p>Sympozjum ma celu  wymian\u0119 do\u015bwiadcze\u0144, integracj\u0119 \u015brodowiska pracownik\u00f3w dziekanat\u00f3w oraz budowanie dobrych praktyk i nowoczesnych rozwi\u0105za\u0144 w obs\u0142udze student\u00f3w.<\/p>\n<p>Tegoroczna edycja b\u0119dzie okazj\u0105 do pog\u0142\u0119bienia wiedzy na temat tworzenia otwartego i przyjaznego \u015brodowiska akademickiego, a tak\u017ce mo\u017cliwo\u015bci rozwoju mi\u0119dzynarodowej wsp\u00f3\u0142pracy edukacyjnej i nowoczesnych rozwi\u0105za\u0144 administracyjnych.   <\/p>\n<p> <a class=\"h3\" href=\"\/sympozjum-ufd-2024\/program\/\">Program Sympozjum<\/a><\/p>\n<p><strong>Uczestnictwo w sympozjum jest bezp\u0142atne.<\/strong><\/p>\n<p>Ka\u017cdy uczestnik otrzyma certyfikat.<\/p>\n<p>Zg\u0142oszenia udzia\u0142u nale\u017cy dokona\u0107 za po\u015brednictwem <a href=\"\/sympozjum-ufd-2024\/rejestracja\/\">formularza rejestracyjnego<\/a> od 25 listopada do 2 grudnia 2024 r.<\/p>\n<p>Liczba miejsc ograniczona. Decyduje kolejno\u015b\u0107 zg\u0142osze\u0144.<\/p>\n<p>Oprawa graficzna i fotograficzna oraz promocja wydarzenia &#8211; Dzia\u0142 Promocji PB.<\/p>\n","protected":false},"excerpt":{"rendered":"<p>&nbsp; Sympozjum Dziekanat\u00f3w Podlaskich Uczelni pt. \u201eDobre praktyki w dziekanacie\u201d &nbsp; Serdecznie zapraszamy do udzia\u0142u<\/p>\n","protected":false},"author":2,"featured_media":0,"parent":0,"menu_order":1,"comment_status":"closed","ping_status":"closed","template":"","meta":{"_acf_changed":false,"ngg_post_thumbnail":0,"footnotes":""},"class_list":["post-15","page","type-page","status-publish","hentry"],"acf":[],"_links":{"self":[{"href":"https:\/\/pb.edu.pl\/sympozjum-ufd-2024\/wp-json\/wp\/v2\/pages\/15","targetHints":{"allow":["GET"]}}],"collection":[{"href":"https:\/\/pb.edu.pl\/sympozjum-ufd-2024\/wp-json\/wp\/v2\/pages"}],"about":[{"href":"https:\/\/pb.edu.pl\/sympozjum-ufd-2024\/wp-json\/wp\/v2\/types\/page"}],"author":[{"embeddable":true,"href":"https:\/\/pb.edu.pl\/sympozjum-ufd-2024\/wp-json\/wp\/v2\/users\/2"}],"replies":[{"embeddable":true,"href":"https:\/\/pb.edu.pl\/sympozjum-ufd-2024\/wp-json\/wp\/v2\/comments?post=15"}],"version-history":[{"count":0,"href":"https:\/\/pb.edu.pl\/sympozjum-ufd-2024\/wp-json\/wp\/v2\/pages\/15\/revisions"}],"wp:attachment":[{"href":"https:\/\/pb.edu.pl\/sympozjum-ufd-2024\/wp-json\/wp\/v2\/media?parent=15"}],"curies":[{"name":"wp","href":"https:\/\/api.w.org\/{rel}","templated":true}]}}