{"id":258,"date":"2022-11-16T19:33:46","date_gmt":"2022-11-16T18:33:46","guid":{"rendered":"https:\/\/pb.edu.pl\/sympozjum-ufd\/?page_id=258"},"modified":"2025-06-25T23:55:17","modified_gmt":"2025-06-25T21:55:17","slug":"program","status":"publish","type":"page","link":"https:\/\/pb.edu.pl\/sympozjum-ufd-2023\/program\/","title":{"rendered":"Program Sympozjum"},"content":{"rendered":"<p>8:30 &#8211; Rejestracja uczestnik\u00f3w sympozjum<br \/>\n9:00 &#8211; Powitanie uczestnik\u00f3w wydarzenia<br \/>\n9:10 &#8211; Efektywny przep\u0142yw pracy i komunikacji dzi\u0119ki narz\u0119dziom Office365 \u2013 Integrity Partners *<br \/>\n10:45 &#8211; Przerwa kawowa<br \/>\n11:00 &#8211; Wyst\u0105pienia w\u0142adz Uczelni<br \/>\n11:10 &#8211; Zdj\u0119cie grupowe<\/p>\n<p><strong>I PANEL DYSKUSYJNY (w drodze ku cyfryzacji)\u202f <\/strong><br \/>\n11:15 &#8211; Cyfryzacja toku studi\u00f3w w Politechnice Bia\u0142ostockiej<br \/>\n11:40 &#8211; Elektroniczne narz\u0119dzia wykorzystywane w dziekanatach Uniwersytetu w Bia\u0142ymstoku<br \/>\n12:10 &#8211; E-dor\u0119czenia w uczelniach wy\u017cszych<br \/>\n12:30 &#8211; Przerwa obiadowa<\/p>\n<p><strong>II PANEL DYSKUSYJNY (kompetencje mi\u0119kkie w dziekanacie)\u202f <\/strong><br \/>\n13:30 &#8211; R\u00f3\u017cnorodno\u015b\u0107 zachowa\u0144 w \u015brodowisku akademickim<br \/>\n14:30 &#8211; Oddech jako jeden z element\u00f3w wp\u0142ywaj\u0105cych na obni\u017cenie poziomu stresu<br \/>\n15:30 &#8211; Podsumowanie sympozjum<br \/>\n16:00 &#8211; Networking<\/p>\n<p><a class=\"pdf\" href=\"https:\/\/pb.edu.pl\/sympozjum-ufd-2023\/wp-content\/uploads\/sites\/90\/2023\/11\/2023_Sympozjum-dziekanatow-zaproszenie.pdf\" target=\"_blank\" rel=\"noopener\" data-id=\"403\">Pobierz zaproszenie (PDF, 261 KB, otworzy si\u0119 w nowej karcie)<\/a><\/p>\n<p>* Prelekcja odbywa\u0107 si\u0119 b\u0119dzie w trybie hybrydowym &#8211; stacjonarnie &#8211; dla uczestnik\u00f3w sympozjum oraz on-line dla wszystkich ch\u0119tnych.<br \/>\nMo\u017cliwo\u015b\u0107 zdalnego do\u0142\u0105czenia: poprzez aplikacj\u0119 Teams.<br \/>\nLink do transmisji:<br \/>\n<a href=\"https:\/\/teams.microsoft.com\/l\/meetup-join\/19%3ameeting_MDg5NGIxMTUtZTBlNC00YzU1LTgwYzUtMjExMjVkYjg3ZDBl%40thread.v2\/0?context=%7B%22Tid%22%3A%227860fa8d-a421-40a5-8327-0712026e90e4%22%2C%22Oid%22%3A%226d069a4e-9f56-4592-8a44-e8cb80c68f9e%22%2C%22IsBroadcastMeeting%22%3Atrue%2C%22role%22%3A%22a%22%7D&amp;btype=a&amp;role=a\" target=\"_blank\" rel=\"noopener\">Efektywny przep\u0142yw pracy i komunikacji dzi\u0119ki narz\u0119dziom Office365<\/a><\/p>\n<p><strong>Transmisja realizowana b\u0119dzie przez Uczelniane Centrum Informatyczne Politechniki Bia\u0142ostockiej.<\/strong><\/p>\n","protected":false},"excerpt":{"rendered":"<p>8:30 &#8211; Rejestracja uczestnik\u00f3w sympozjum 9:00 &#8211; Powitanie uczestnik\u00f3w wydarzenia 9:10 &#8211; Efektywny przep\u0142yw pracy<\/p>\n","protected":false},"author":2,"featured_media":0,"parent":0,"menu_order":3,"comment_status":"closed","ping_status":"closed","template":"","meta":{"_acf_changed":false,"ngg_post_thumbnail":0,"footnotes":""},"class_list":["post-258","page","type-page","status-publish","hentry"],"acf":[],"_links":{"self":[{"href":"https:\/\/pb.edu.pl\/sympozjum-ufd-2023\/wp-json\/wp\/v2\/pages\/258","targetHints":{"allow":["GET"]}}],"collection":[{"href":"https:\/\/pb.edu.pl\/sympozjum-ufd-2023\/wp-json\/wp\/v2\/pages"}],"about":[{"href":"https:\/\/pb.edu.pl\/sympozjum-ufd-2023\/wp-json\/wp\/v2\/types\/page"}],"author":[{"embeddable":true,"href":"https:\/\/pb.edu.pl\/sympozjum-ufd-2023\/wp-json\/wp\/v2\/users\/2"}],"replies":[{"embeddable":true,"href":"https:\/\/pb.edu.pl\/sympozjum-ufd-2023\/wp-json\/wp\/v2\/comments?post=258"}],"version-history":[{"count":0,"href":"https:\/\/pb.edu.pl\/sympozjum-ufd-2023\/wp-json\/wp\/v2\/pages\/258\/revisions"}],"wp:attachment":[{"href":"https:\/\/pb.edu.pl\/sympozjum-ufd-2023\/wp-json\/wp\/v2\/media?parent=258"}],"curies":[{"name":"wp","href":"https:\/\/api.w.org\/{rel}","templated":true}]}}