{"id":15,"date":"2021-12-23T12:22:51","date_gmt":"2021-12-23T11:22:51","guid":{"rendered":"https:\/\/pb.edu.pl\/sympozjum-ufd\/?page_id=15"},"modified":"2025-06-25T23:53:31","modified_gmt":"2025-06-25T21:53:31","slug":"zaprojektowani-pb","status":"publish","type":"page","link":"https:\/\/pb.edu.pl\/sympozjum-ufd-2023\/","title":{"rendered":""},"content":{"rendered":"<p>&nbsp;<\/p>\n<div class=\"h1\" style=\"color: #2a7859\">Sympozjum Dziekanat\u00f3w Podlaskich Uczelni pt. \u201eDobre praktyki w dziekanacie\u201d<\/div>\n<p>&nbsp;<\/p>\n<p><img decoding=\"async\" class=\"alignright wp-image-398\" src=\"https:\/\/pb.edu.pl\/sympozjum-ufd-2023\/wp-content\/uploads\/sites\/90\/2023\/11\/2023-11_sympozjum-dziekanatow_relacja_1080-1920.jpg\" alt=\"Sympozjum Dziekanat\u00f3w Podlaskich Uczelni\" width=\"400\"><\/p>\n<div class=\"h3\">Serdecznie zapraszamy do udzia\u0142u w II edycji Sympozjum Dziekanat\u00f3w Podlaskich Uczelni<br \/>\npt. \u201eDobre praktyki w dziekanacie\u201d.<\/div>\n<p>Sympozjum odb\u0119dzie si\u0119 dnia <strong>8 grudnia 2023 r.<\/strong> na <a href=\"https:\/\/maps.app.goo.gl\/8q62yBdeAkz9nAzk9\">Wydziale In\u017cynierii Zarz\u0105dzania Politechniki Bia\u0142ostockiej, Aula 18, Hala Berlin, ul. Ojca Stefana Tarasiuka 2, 16-001 Kleosin<\/a>.<\/p>\n<p>Sympozjum dedykowane jest pracownikom dziekanat\u00f3w wszystkich uczelni wy\u017cszych maj\u0105cych swoj\u0105 siedzib\u0119 w&nbsp;wojew\u00f3dztwie podlaskim.<\/p>\n<p>Najwa\u017cniejszym celem sympozjum jest wymiana do\u015bwiadcze\u0144 pracownik\u00f3w dziekanat\u00f3w oraz integracja ich \u015brodowiska.<\/p>\n<p>Bior\u0105c pod uwag\u0119 dynamicznie rozwijaj\u0105c\u0105 si\u0119 sytuacj\u0119 w szkolnictwie wy\u017cszym, Uczelniane Forum Dziekanat\u00f3w PB pragnie stworzy\u0107 platform\u0119 wymiany do\u015bwiadcze\u0144, pos\u0142uguj\u0105c si\u0119 has\u0142em \u201eRazem mo\u017cemy wi\u0119cej\u201d.<\/p>\n<p>Uczestnicy sympozjum b\u0119d\u0105 mieli mo\u017cliwo\u015b\u0107 zabrania g\u0142osu i zaprezentowania dobrych praktyk stosowanych w swoich dziekanatach. Mimo, \u017ce pochodzimy z r\u00f3\u017cnych uczelni stajemy cz\u0119sto przed podobnymi wyzwaniami. Warto wi\u0119c podzieli\u0107 si\u0119 swoimi do\u015bwiadczeniami i dowiedzie\u0107 si\u0119, jak inni rozwi\u0105zuj\u0105 te same lub podobne problemy.<\/p>\n<p> <a class=\"h3\" href=\"\/sympozjum-ufd-2023\/program\/\">Program Sympozjum<\/a><\/p>\n<p><strong>Uczestnictwo w sympozjum jest bezp\u0142atne.<\/strong><\/p>\n<p>Ka\u017cdy uczestnik otrzyma certyfikat.<\/p>\n<p>Zg\u0142oszenia udzia\u0142u nale\u017cy dokona\u0107 za po\u015brednictwem <a href=\"https:\/\/pb.edu.pl\/sympozjum-ufd-2023\/rejestracja\/\">formularza rejestracyjnego<\/a> do dnia 26 listopada 2023 r.<\/p>\n<p>Liczba miejsc ograniczona. Decyduje kolejno\u015b\u0107 zg\u0142osze\u0144.<\/p>\n","protected":false},"excerpt":{"rendered":"<p>&nbsp; Sympozjum Dziekanat\u00f3w Podlaskich Uczelni pt. \u201eDobre praktyki w dziekanacie\u201d &nbsp; Serdecznie zapraszamy do udzia\u0142u<\/p>\n","protected":false},"author":2,"featured_media":0,"parent":0,"menu_order":1,"comment_status":"closed","ping_status":"closed","template":"","meta":{"_acf_changed":false,"ngg_post_thumbnail":0,"footnotes":""},"class_list":["post-15","page","type-page","status-publish","hentry"],"acf":[],"_links":{"self":[{"href":"https:\/\/pb.edu.pl\/sympozjum-ufd-2023\/wp-json\/wp\/v2\/pages\/15","targetHints":{"allow":["GET"]}}],"collection":[{"href":"https:\/\/pb.edu.pl\/sympozjum-ufd-2023\/wp-json\/wp\/v2\/pages"}],"about":[{"href":"https:\/\/pb.edu.pl\/sympozjum-ufd-2023\/wp-json\/wp\/v2\/types\/page"}],"author":[{"embeddable":true,"href":"https:\/\/pb.edu.pl\/sympozjum-ufd-2023\/wp-json\/wp\/v2\/users\/2"}],"replies":[{"embeddable":true,"href":"https:\/\/pb.edu.pl\/sympozjum-ufd-2023\/wp-json\/wp\/v2\/comments?post=15"}],"version-history":[{"count":0,"href":"https:\/\/pb.edu.pl\/sympozjum-ufd-2023\/wp-json\/wp\/v2\/pages\/15\/revisions"}],"wp:attachment":[{"href":"https:\/\/pb.edu.pl\/sympozjum-ufd-2023\/wp-json\/wp\/v2\/media?parent=15"}],"curies":[{"name":"wp","href":"https:\/\/api.w.org\/{rel}","templated":true}]}}