{"id":2446,"date":"2025-02-14T14:11:45","date_gmt":"2025-02-14T13:11:45","guid":{"rendered":"https:\/\/pb.edu.pl\/swiatowy-dzien-inzyniera\/?page_id=2446"},"modified":"2025-02-14T14:12:01","modified_gmt":"2025-02-14T13:12:01","slug":"aktualnosci","status":"publish","type":"page","link":"https:\/\/pb.edu.pl\/swiatowy-dzien-inzyniera\/aktualnosci\/","title":{"rendered":"Aktualno\u015bci"},"content":{"rendered":"\t\t<div class=\"box news-box \">\n\t\t<div class=\"row\">\n\t\t\t\n\t\t\t\n\t\t\t\t\n\t\t\t\t\t\t\t\t\t\t<div class=\"col-sm-3\">\n\t\t\t\t\t\t\t\n<article class=\"format-standard\">\n    <span class=\"date text-right\"><i class=\"fal fa-calendar-alt\"><\/i> 04-03-2026<\/span>\n    <a href=\"https:\/\/pb.edu.pl\/swiatowy-dzien-inzyniera\/2026\/03\/04\/swiatowy-dzien-inzyniera-2026-w-politechnice-bialostockiej\/\">\n      <div class=\"article-image\">\n        <img loading=\"lazy\" decoding=\"async\" width=\"480\" height=\"300\" src=\"https:\/\/pb.edu.pl\/swiatowy-dzien-inzyniera\/wp-content\/uploads\/sites\/123\/2026\/03\/2026-03-04-Swiatowy-Dzien-Inzyniera-fot-Iryna-Mikhno-PB-1-480x300.jpg\" class=\"attachment-medium-image-16x10 size-medium-image-16x10 wp-post-image\" alt=\"\" srcset=\"https:\/\/pb.edu.pl\/swiatowy-dzien-inzyniera\/wp-content\/uploads\/sites\/123\/2026\/03\/2026-03-04-Swiatowy-Dzien-Inzyniera-fot-Iryna-Mikhno-PB-1-480x300.jpg 480w, https:\/\/pb.edu.pl\/swiatowy-dzien-inzyniera\/wp-content\/uploads\/sites\/123\/2026\/03\/2026-03-04-Swiatowy-Dzien-Inzyniera-fot-Iryna-Mikhno-PB-1-300x188.jpg 300w, https:\/\/pb.edu.pl\/swiatowy-dzien-inzyniera\/wp-content\/uploads\/sites\/123\/2026\/03\/2026-03-04-Swiatowy-Dzien-Inzyniera-fot-Iryna-Mikhno-PB-1-1024x640.jpg 1024w, https:\/\/pb.edu.pl\/swiatowy-dzien-inzyniera\/wp-content\/uploads\/sites\/123\/2026\/03\/2026-03-04-Swiatowy-Dzien-Inzyniera-fot-Iryna-Mikhno-PB-1-768x480.jpg 768w, https:\/\/pb.edu.pl\/swiatowy-dzien-inzyniera\/wp-content\/uploads\/sites\/123\/2026\/03\/2026-03-04-Swiatowy-Dzien-Inzyniera-fot-Iryna-Mikhno-PB-1-1536x960.jpg 1536w, https:\/\/pb.edu.pl\/swiatowy-dzien-inzyniera\/wp-content\/uploads\/sites\/123\/2026\/03\/2026-03-04-Swiatowy-Dzien-Inzyniera-fot-Iryna-Mikhno-PB-1-2048x1280.jpg 2048w\" sizes=\"auto, (max-width: 480px) 100vw, 480px\" \/>      <\/div>\n      <h3>\u015awiatowy Dzie\u0144 In\u017cyniera 2026<\/h3>\n      Pe\u0142ni tw\u00f3rczego zapa\u0142u studenci, nauczyciele akademiccy, kt\u00f3rzy rozwijaj\u0105 technologie i zdobywaj\u0105    <\/a>\n<\/article>\t\t\t\t\t\t<\/div>\n\t\t\t\t\t\t\t\t\t\t\t<div class=\"col-sm-3\">\n\t\t\t\t\t\t\t\n<article class=\"format-standard\">\n    <span class=\"date text-right\"><i class=\"fal fa-calendar-alt\"><\/i> 04-03-2025<\/span>\n    <a href=\"https:\/\/pb.edu.pl\/swiatowy-dzien-inzyniera\/2025\/03\/04\/swiatowy-dzien-inzyniera-w-politechnice-bialostockiej-2025\/\">\n      <div class=\"article-image\">\n        <img loading=\"lazy\" decoding=\"async\" width=\"480\" height=\"300\" src=\"https:\/\/pb.edu.pl\/swiatowy-dzien-inzyniera\/wp-content\/uploads\/sites\/123\/2025\/04\/2025-02-28-Swiatowy-dzien-inzyniera-fot-Pawel-Jankowski-2-480x300.jpg\" class=\"attachment-medium-image-16x10 size-medium-image-16x10 wp-post-image\" alt=\"\" srcset=\"https:\/\/pb.edu.pl\/swiatowy-dzien-inzyniera\/wp-content\/uploads\/sites\/123\/2025\/04\/2025-02-28-Swiatowy-dzien-inzyniera-fot-Pawel-Jankowski-2-480x300.jpg 480w, https:\/\/pb.edu.pl\/swiatowy-dzien-inzyniera\/wp-content\/uploads\/sites\/123\/2025\/04\/2025-02-28-Swiatowy-dzien-inzyniera-fot-Pawel-Jankowski-2-300x188.jpg 300w, https:\/\/pb.edu.pl\/swiatowy-dzien-inzyniera\/wp-content\/uploads\/sites\/123\/2025\/04\/2025-02-28-Swiatowy-dzien-inzyniera-fot-Pawel-Jankowski-2-1024x640.jpg 1024w, https:\/\/pb.edu.pl\/swiatowy-dzien-inzyniera\/wp-content\/uploads\/sites\/123\/2025\/04\/2025-02-28-Swiatowy-dzien-inzyniera-fot-Pawel-Jankowski-2-768x480.jpg 768w, https:\/\/pb.edu.pl\/swiatowy-dzien-inzyniera\/wp-content\/uploads\/sites\/123\/2025\/04\/2025-02-28-Swiatowy-dzien-inzyniera-fot-Pawel-Jankowski-2-1536x960.jpg 1536w, https:\/\/pb.edu.pl\/swiatowy-dzien-inzyniera\/wp-content\/uploads\/sites\/123\/2025\/04\/2025-02-28-Swiatowy-dzien-inzyniera-fot-Pawel-Jankowski-2-2048x1280.jpg 2048w\" sizes=\"auto, (max-width: 480px) 100vw, 480px\" \/>      <\/div>\n      <h3>\u015awiatowy Dzie\u0144 In\u017cyniera w Politechnice Bia\u0142ostockiej 2025<\/h3>\n      \u015awiatowy Dzie\u0144 In\u017cyniera poprowadzili studenci Politechniki Bia\u0142ostockiej    <\/a>\n<\/article>\t\t\t\t\t\t<\/div>\n\t\t\t\t\t\t\t\t\t\t\t<div class=\"col-sm-3\">\n\t\t\t\t\t\t\t\n<article class=\"format-standard\">\n    <span class=\"date text-right\"><i class=\"fal fa-calendar-alt\"><\/i> 03-03-2025<\/span>\n    <a href=\"https:\/\/pb.edu.pl\/swiatowy-dzien-inzyniera\/2025\/03\/03\/inzynier-to-nie-tylko-zawod-ale-rowniez-sposob-myslenia\/\">\n      <div class=\"article-image\">\n        <img loading=\"lazy\" decoding=\"async\" width=\"480\" height=\"300\" src=\"https:\/\/pb.edu.pl\/swiatowy-dzien-inzyniera\/wp-content\/uploads\/sites\/123\/2025\/04\/marta-kosior-kazberuk-fot-heller-www-2048x1280-1-480x300.jpg\" class=\"attachment-medium-image-16x10 size-medium-image-16x10 wp-post-image\" alt=\"\" srcset=\"https:\/\/pb.edu.pl\/swiatowy-dzien-inzyniera\/wp-content\/uploads\/sites\/123\/2025\/04\/marta-kosior-kazberuk-fot-heller-www-2048x1280-1-480x300.jpg 480w, https:\/\/pb.edu.pl\/swiatowy-dzien-inzyniera\/wp-content\/uploads\/sites\/123\/2025\/04\/marta-kosior-kazberuk-fot-heller-www-2048x1280-1-300x188.jpg 300w, https:\/\/pb.edu.pl\/swiatowy-dzien-inzyniera\/wp-content\/uploads\/sites\/123\/2025\/04\/marta-kosior-kazberuk-fot-heller-www-2048x1280-1-1024x640.jpg 1024w, https:\/\/pb.edu.pl\/swiatowy-dzien-inzyniera\/wp-content\/uploads\/sites\/123\/2025\/04\/marta-kosior-kazberuk-fot-heller-www-2048x1280-1-768x480.jpg 768w, https:\/\/pb.edu.pl\/swiatowy-dzien-inzyniera\/wp-content\/uploads\/sites\/123\/2025\/04\/marta-kosior-kazberuk-fot-heller-www-2048x1280-1-1536x960.jpg 1536w, https:\/\/pb.edu.pl\/swiatowy-dzien-inzyniera\/wp-content\/uploads\/sites\/123\/2025\/04\/marta-kosior-kazberuk-fot-heller-www-2048x1280-1.jpg 2048w\" sizes=\"auto, (max-width: 480px) 100vw, 480px\" \/>      <\/div>\n      <h3>In\u017cynier to nie tylko zaw\u00f3d, ale r\u00f3wnie\u017c spos\u00f3b my\u015blenia<\/h3>\n      Rozmowa z Rektor Politechniki Bia\u0142ostockiej     <\/a>\n<\/article>\t\t\t\t\t\t<\/div>\n\t\t\t\t\t\t\t\t\t\t\t<div class=\"col-sm-3\">\n\t\t\t\t\t\t\t\n<article class=\"format-standard\">\n    <span class=\"date text-right\"><i class=\"fal fa-calendar-alt\"><\/i> 05-03-2024<\/span>\n    <a href=\"https:\/\/pb.edu.pl\/swiatowy-dzien-inzyniera\/2024\/03\/05\/politechnika-bialostocka-obchodzila-swiatowy-dzien-inzyniera-2024\/\">\n      <div class=\"article-image\">\n        <img loading=\"lazy\" decoding=\"async\" width=\"480\" height=\"300\" src=\"https:\/\/pb.edu.pl\/swiatowy-dzien-inzyniera\/wp-content\/uploads\/sites\/123\/2023\/08\/2024.03.04_Swiatowy-Dzien-Inzyniera_fot.Dariusz-Piekut-41-480x300.jpg\" class=\"attachment-medium-image-16x10 size-medium-image-16x10 wp-post-image\" alt=\"\" srcset=\"https:\/\/pb.edu.pl\/swiatowy-dzien-inzyniera\/wp-content\/uploads\/sites\/123\/2023\/08\/2024.03.04_Swiatowy-Dzien-Inzyniera_fot.Dariusz-Piekut-41-480x300.jpg 480w, https:\/\/pb.edu.pl\/swiatowy-dzien-inzyniera\/wp-content\/uploads\/sites\/123\/2023\/08\/2024.03.04_Swiatowy-Dzien-Inzyniera_fot.Dariusz-Piekut-41-300x188.jpg 300w, https:\/\/pb.edu.pl\/swiatowy-dzien-inzyniera\/wp-content\/uploads\/sites\/123\/2023\/08\/2024.03.04_Swiatowy-Dzien-Inzyniera_fot.Dariusz-Piekut-41-1024x640.jpg 1024w, https:\/\/pb.edu.pl\/swiatowy-dzien-inzyniera\/wp-content\/uploads\/sites\/123\/2023\/08\/2024.03.04_Swiatowy-Dzien-Inzyniera_fot.Dariusz-Piekut-41-768x480.jpg 768w, https:\/\/pb.edu.pl\/swiatowy-dzien-inzyniera\/wp-content\/uploads\/sites\/123\/2023\/08\/2024.03.04_Swiatowy-Dzien-Inzyniera_fot.Dariusz-Piekut-41-1536x960.jpg 1536w, https:\/\/pb.edu.pl\/swiatowy-dzien-inzyniera\/wp-content\/uploads\/sites\/123\/2023\/08\/2024.03.04_Swiatowy-Dzien-Inzyniera_fot.Dariusz-Piekut-41-2048x1280.jpg 2048w\" sizes=\"auto, (max-width: 480px) 100vw, 480px\" \/>      <\/div>\n      <h3>Politechnika Bia\u0142ostocka obchodzi\u0142a \u015awiatowy Dzie\u0144 In\u017cyniera 2024<\/h3>\n      Bycie in\u017cynierem to fantastyczny spos\u00f3b na karier\u0119 zawodow\u0105 i bezpo\u015bredni wp\u0142yw    <\/a>\n<\/article>\t\t\t\t\t\t<\/div>\n\t\t\t\t\t\t\t\t\t\t\t<div class=\"col-sm-3\">\n\t\t\t\t\t\t\t\n<article class=\"format-standard\">\n    <span class=\"date text-right\"><i class=\"fal fa-calendar-alt\"><\/i> 04-03-2024<\/span>\n    <a href=\"https:\/\/pb.edu.pl\/swiatowy-dzien-inzyniera\/2024\/03\/04\/swiatowy-dzien-inzyniera-2024\/\">\n      <div class=\"article-image\">\n        <img loading=\"lazy\" decoding=\"async\" width=\"480\" height=\"300\" src=\"https:\/\/pb.edu.pl\/swiatowy-dzien-inzyniera\/wp-content\/uploads\/sites\/123\/2023\/08\/2024-02-12_swiatowy-dzien-inzyniera-480x300.jpg\" class=\"attachment-medium-image-16x10 size-medium-image-16x10 wp-post-image\" alt=\"\" srcset=\"https:\/\/pb.edu.pl\/swiatowy-dzien-inzyniera\/wp-content\/uploads\/sites\/123\/2023\/08\/2024-02-12_swiatowy-dzien-inzyniera-480x300.jpg 480w, https:\/\/pb.edu.pl\/swiatowy-dzien-inzyniera\/wp-content\/uploads\/sites\/123\/2023\/08\/2024-02-12_swiatowy-dzien-inzyniera-300x188.jpg 300w, https:\/\/pb.edu.pl\/swiatowy-dzien-inzyniera\/wp-content\/uploads\/sites\/123\/2023\/08\/2024-02-12_swiatowy-dzien-inzyniera-1024x640.jpg 1024w, https:\/\/pb.edu.pl\/swiatowy-dzien-inzyniera\/wp-content\/uploads\/sites\/123\/2023\/08\/2024-02-12_swiatowy-dzien-inzyniera-768x480.jpg 768w, https:\/\/pb.edu.pl\/swiatowy-dzien-inzyniera\/wp-content\/uploads\/sites\/123\/2023\/08\/2024-02-12_swiatowy-dzien-inzyniera-1536x960.jpg 1536w, https:\/\/pb.edu.pl\/swiatowy-dzien-inzyniera\/wp-content\/uploads\/sites\/123\/2023\/08\/2024-02-12_swiatowy-dzien-inzyniera-2048x1280.jpg 2048w\" sizes=\"auto, (max-width: 480px) 100vw, 480px\" \/>      <\/div>\n      <h3>\u015awiatowy Dzie\u0144 In\u017cyniera 2024<\/h3>\n      \u015awiatowy Dzie\u0144 In\u017cyniera to inicjatywa \u015awiatowej Federacji Organizacji In\u017cynierskich.    <\/a>\n<\/article>\t\t\t\t\t\t<\/div>\n\t\t\t\t\t\n\t\t\t\t\n\t\t\t\t\t<\/div>\n\t\t\t\t\t<\/div>\n\n","protected":false},"excerpt":{"rendered":"","protected":false},"author":1,"featured_media":0,"parent":0,"menu_order":0,"comment_status":"closed","ping_status":"closed","template":"","meta":{"_acf_changed":false,"ngg_post_thumbnail":0,"footnotes":""},"class_list":["post-2446","page","type-page","status-publish","hentry"],"acf":[],"_links":{"self":[{"href":"https:\/\/pb.edu.pl\/swiatowy-dzien-inzyniera\/wp-json\/wp\/v2\/pages\/2446","targetHints":{"allow":["GET"]}}],"collection":[{"href":"https:\/\/pb.edu.pl\/swiatowy-dzien-inzyniera\/wp-json\/wp\/v2\/pages"}],"about":[{"href":"https:\/\/pb.edu.pl\/swiatowy-dzien-inzyniera\/wp-json\/wp\/v2\/types\/page"}],"author":[{"embeddable":true,"href":"https:\/\/pb.edu.pl\/swiatowy-dzien-inzyniera\/wp-json\/wp\/v2\/users\/1"}],"replies":[{"embeddable":true,"href":"https:\/\/pb.edu.pl\/swiatowy-dzien-inzyniera\/wp-json\/wp\/v2\/comments?post=2446"}],"version-history":[{"count":0,"href":"https:\/\/pb.edu.pl\/swiatowy-dzien-inzyniera\/wp-json\/wp\/v2\/pages\/2446\/revisions"}],"wp:attachment":[{"href":"https:\/\/pb.edu.pl\/swiatowy-dzien-inzyniera\/wp-json\/wp\/v2\/media?parent=2446"}],"curies":[{"name":"wp","href":"https:\/\/api.w.org\/{rel}","templated":true}]}}