{"id":1058,"date":"2022-01-04T22:38:25","date_gmt":"2022-01-04T21:38:25","guid":{"rendered":"https:\/\/pb.edu.pl\/swiatowy-dzien-inzyniera\/?page_id=1058"},"modified":"2024-02-08T23:16:58","modified_gmt":"2024-02-08T22:16:58","slug":"redakcja-serwisu-www","status":"publish","type":"page","link":"https:\/\/pb.edu.pl\/swiatowy-dzien-inzyniera\/redakcja-serwisu-www\/","title":{"rendered":"Redakcja serwisu www"},"content":{"rendered":"<p>Uwagi dotycz\u0105ce zawarto\u015bci (opisy, fotografie itp.) poszczeg\u00f3lnych stron www serwisu internetowego prosz\u0119 przysy\u0142a\u0107 na adres:<br \/>\n<i class=\"fal fa-envelope\"><\/i> <a href=\"#\" rel=\"nofollow\"  onclick=\"this.href='mailto:' + 'biuroprasowe' + '@' + 'pb.edu.pl'\">biuroprasowe [at] pb.edu.pl<\/a>.<\/p>\n<p>Uwagi dotycz\u0105ce funkcjonowania poszczeg\u00f3lnych stron www serwisu internetowego prosz\u0119 przysy\u0142a\u0107 na adres:<br \/>\n<i class=\"fal fa-envelope\"><\/i> <a href=\"#\" rel=\"nofollow\"  onclick=\"this.href='mailto:' + 't.huscio' + '@' + 'pb.edu.pl'\">t.huscio [at] pb.edu.pl<\/a>.<\/p>\n","protected":false},"excerpt":{"rendered":"<p>Uwagi dotycz\u0105ce zawarto\u015bci (opisy, fotografie itp.) poszczeg\u00f3lnych stron www serwisu internetowego prosz\u0119 przysy\u0142a\u0107 na adres:<\/p>\n","protected":false},"author":2,"featured_media":0,"parent":0,"menu_order":7,"comment_status":"closed","ping_status":"closed","template":"","meta":{"_acf_changed":false,"ngg_post_thumbnail":0,"footnotes":""},"class_list":["post-1058","page","type-page","status-publish","hentry"],"acf":[],"_links":{"self":[{"href":"https:\/\/pb.edu.pl\/swiatowy-dzien-inzyniera\/wp-json\/wp\/v2\/pages\/1058","targetHints":{"allow":["GET"]}}],"collection":[{"href":"https:\/\/pb.edu.pl\/swiatowy-dzien-inzyniera\/wp-json\/wp\/v2\/pages"}],"about":[{"href":"https:\/\/pb.edu.pl\/swiatowy-dzien-inzyniera\/wp-json\/wp\/v2\/types\/page"}],"author":[{"embeddable":true,"href":"https:\/\/pb.edu.pl\/swiatowy-dzien-inzyniera\/wp-json\/wp\/v2\/users\/2"}],"replies":[{"embeddable":true,"href":"https:\/\/pb.edu.pl\/swiatowy-dzien-inzyniera\/wp-json\/wp\/v2\/comments?post=1058"}],"version-history":[{"count":0,"href":"https:\/\/pb.edu.pl\/swiatowy-dzien-inzyniera\/wp-json\/wp\/v2\/pages\/1058\/revisions"}],"wp:attachment":[{"href":"https:\/\/pb.edu.pl\/swiatowy-dzien-inzyniera\/wp-json\/wp\/v2\/media?parent=1058"}],"curies":[{"name":"wp","href":"https:\/\/api.w.org\/{rel}","templated":true}]}}