{"id":786,"date":"2020-06-15T23:57:16","date_gmt":"2020-06-15T21:57:16","guid":{"rendered":"https:\/\/pb.edu.pl\/swfis\/?page_id=786"},"modified":"2025-10-27T15:04:34","modified_gmt":"2025-10-27T14:04:34","slug":"studenci-z-niepelnosprawnoscia","status":"publish","type":"page","link":"https:\/\/pb.edu.pl\/swfis\/studenci-z-niepelnosprawnoscia\/","title":{"rendered":"Studenci z niepe\u0142nosprawno\u015bci\u0105"},"content":{"rendered":"<div class=\"h3\">Opiekun os\u00f3b z niepe\u0142nosprawno\u015bciami w SWFiS PB<\/div>\n<p><strong>dr Piotr Klimowicz<\/strong><br \/>\nul. Wiejska 41, Akademickie Centrum Sportu, pok\u00f3j B-26<br \/>\n<i class=\"fa fa-mobile\" aria-hidden=\"true\"><\/i> 509 999 209<br \/>\n<i class=\"fa fa-envelope-o\" aria-hidden=\"true\"><\/i> <a href=\"#\" rel=\"nofollow\"  onclick=\"this.href='mailto:' + 'p.klimowicz' + '@' + 'pb.edu.pl'\">p.klimowicz [at] pb.edu.pl<\/a>\n<p>dy\u017cury poniedzia\u0142ek 12:30 &#8211; 14:00 (dy\u017cur stacjonarny)<\/p>\n<p>Adres uczelnianej strony www: <a href=\"https:\/\/pb.edu.pl\/studenci\/studenci-z-niepelnosprawnoscia\/\">Studenci z niepe\u0142nosprawno\u015bci\u0105 Politechniki Bia\u0142ostockiej<\/a><\/p>\n","protected":false},"excerpt":{"rendered":"<p>Opiekun os\u00f3b z niepe\u0142nosprawno\u015bciami w SWFiS PB dr Piotr Klimowicz ul. Wiejska 41, Akademickie Centrum<\/p>\n","protected":false},"author":2,"featured_media":0,"parent":0,"menu_order":13,"comment_status":"closed","ping_status":"closed","template":"","meta":{"_acf_changed":false,"ngg_post_thumbnail":0,"footnotes":""},"class_list":["post-786","page","type-page","status-publish","hentry"],"acf":[],"_links":{"self":[{"href":"https:\/\/pb.edu.pl\/swfis\/wp-json\/wp\/v2\/pages\/786","targetHints":{"allow":["GET"]}}],"collection":[{"href":"https:\/\/pb.edu.pl\/swfis\/wp-json\/wp\/v2\/pages"}],"about":[{"href":"https:\/\/pb.edu.pl\/swfis\/wp-json\/wp\/v2\/types\/page"}],"author":[{"embeddable":true,"href":"https:\/\/pb.edu.pl\/swfis\/wp-json\/wp\/v2\/users\/2"}],"replies":[{"embeddable":true,"href":"https:\/\/pb.edu.pl\/swfis\/wp-json\/wp\/v2\/comments?post=786"}],"version-history":[{"count":0,"href":"https:\/\/pb.edu.pl\/swfis\/wp-json\/wp\/v2\/pages\/786\/revisions"}],"wp:attachment":[{"href":"https:\/\/pb.edu.pl\/swfis\/wp-json\/wp\/v2\/media?parent=786"}],"curies":[{"name":"wp","href":"https:\/\/api.w.org\/{rel}","templated":true}]}}