{"id":48,"date":"2017-10-19T22:27:37","date_gmt":"2017-10-19T20:27:37","guid":{"rendered":"https:\/\/pb.edu.pl\/swfis\/?page_id=48"},"modified":"2025-10-03T12:31:57","modified_gmt":"2025-10-03T10:31:57","slug":"plan-treningowy-sekcji-ku-azs","status":"publish","type":"page","link":"https:\/\/pb.edu.pl\/swfis\/plan-treningowy-sekcji-ku-azs\/","title":{"rendered":"Harmonogram trening\u00f3w Klubu Uczelnianego AZS PB"},"content":{"rendered":"<p><strong>PLAN TRENINGOWY SEKCJI KLUBU UCZELNIANEGO AZS POLITECHNIKI BIA\u0141OSTOCKIEJ W ROKU AKADEMICKIM 2025\/2026<\/strong><\/p>\n<p>&nbsp;<\/p>\n<p><strong>Judo<\/strong> \u2013 trener dr Piotr Klimowicz (p.klimowicz@pb.edu.pl) &nbsp;(Hala ACS Politechniki Bia\u0142ostockiej)<\/p>\n<p>Poniedzia\u0142ek: 19:30 \u2013 21:00<\/p>\n<p>&nbsp;<\/p>\n<p><strong>Lekka Atletyka<\/strong> &#8211; trener mgr Pawe\u0142 Kukli\u0144ski (<a href=\"mailto:p.kuklinski@pb.edu.pl)%20(Stadion\">p.kuklinski@pb.edu.pl)<\/a> &nbsp;(Hala ACS Politechniki Bia\u0142ostockiej)<\/p>\n<p>Wtorek: 17:00 \u2013 18:30<\/p>\n<p>&nbsp;<\/p>\n<p><strong>Koszyk\u00f3wka M\u0119\u017cczyzn i Kobiet<\/strong> \u2013 trener mgr Dawid Szczerbi\u0144ski (d.szczerbinski@pb.edu.pl) (Hala ACS PB)<\/p>\n<p>Wtorek: 18.30 \u2013 20.00<\/p>\n<p>Czwartek: 17:00 \u2013 18.30<\/p>\n<p>&nbsp;<\/p>\n<p><strong>Futsal (Pi\u0142ka No\u017cna) M\u0119\u017cczyzn <\/strong>&#8211; trener mgr Jaros\u0142aw Kierdelewicz (Hala ACS Politechniki Bia\u0142ostockiej)<\/p>\n<p>Poniedzia\u0142ek: 20:00 \u2013 21:30<\/p>\n<p>\u015aroda: 20:00 \u2013 21:30<\/p>\n<p>&nbsp;<\/p>\n<p><strong>P\u0142ywanie<\/strong> \u2013 trener mgr Marcin Sztachelski&nbsp; (Basen BOSiR&nbsp; ul. W\u0142\u00f3kiennicza 4) (tel.:606 \u2013 333 \u2013 496)<\/p>\n<p>Poniedzia\u0142ek: 20:45 \u2013 21:30<\/p>\n<p>Czwartek: 20.45 \u2013 21:30<\/p>\n<p>&nbsp;<\/p>\n<p><strong>Pi\u0142ka Siatkowa Kobiet<\/strong> \u2013 trener mgr \u0141ukasz Ku\u017ama (Hala ACS Politechniki Bia\u0142ostockiej)<\/p>\n<p>Wtorek: 18:30 \u2013 20:00<\/p>\n<p>Czwartek: 18:30 \u2013 20:00<\/p>\n<p>&nbsp;<\/p>\n<p><strong>Pi\u0142ka Siatkowa M\u0119\u017cczyzn<\/strong> \u2013trener mgr \u0141ukasz Ku\u017ama (Hala ACS Politechniki Bia\u0142ostockiej)<\/p>\n<p>Wtorek: 20:00 &nbsp;&#8211; 21:30<\/p>\n<p>Czwartek: 20:00 \u2013 21:30<\/p>\n<p>&nbsp;<\/p>\n<p><strong>Tenis Sto\u0142owy<\/strong> \u2013 trener mgr Pawe\u0142 Kukli\u0144ski (Sala tenisa ACS Politechniki Bia\u0142ostockiej)<\/p>\n<p>\u015aroda: 17:00 \u2013 18:30<\/p>\n<p>&nbsp;<\/p>\n<p><strong>Tr\u00f3jb\u00f3j Si\u0142owy<\/strong> \u2013 trener mgr Dawid Szczerbi\u0144ski (Si\u0142ownia ACS Politechniki Bia\u0142ostockiej)<\/p>\n<p>Poniedzia\u0142ek: 18:30 \u2013 20:00<\/p>\n<p>Wtorek: 18:30 \u2013 20:00<\/p>\n<p>&nbsp;<\/p>\n<p><strong>Ergometr wio\u015blarski<\/strong> \u2013 trener mgr Jaros\u0142aw Kierdelewicz i mgr Pawe\u0142 Kukli\u0144ski (Si\u0142ownia ACS PB)<\/p>\n<p>\u015aroda: 18:30 \u2013 20:00<\/p>\n<p>Czwartek: 18:30 \u2013 20:00<\/p>\n<p>&nbsp;<\/p>\n<p><strong>Kolarstwo G\u00f3rskie<\/strong> &#8211; opiekun dr in\u017c. Wojciech Kruszy\u0144ski (w.kruszynski@pb.edu.pl)<\/p>\n<p>&nbsp;<\/p>\n<p><strong>Szachy<\/strong> &#8211; opiekun mgr Jaros\u0142aw Kierdelewicz&nbsp; (j.kierdelewicz@pb.edu.pl)<\/p>\n<p>&nbsp;<\/p>\n<p><strong>Strzelectwo sportowe<\/strong> \u2013 opiekun dr Piotr Klimowicz (p.klimowicz@pb.edu.pl)<\/p>\n<p>&nbsp;<\/p>\n<p><strong>WSZYSTKICH&nbsp; STUDENT\u00d3W, SPORTOWC\u00d3W <\/strong><strong>ZAPRASZAMY NA TRENINGI SEKCJI !!!<\/strong><\/p>\n","protected":false},"excerpt":{"rendered":"<p>PLAN TRENINGOWY SEKCJI KLUBU UCZELNIANEGO AZS POLITECHNIKI BIA\u0141OSTOCKIEJ W ROKU AKADEMICKIM 2025\/2026 &nbsp; Judo \u2013<\/p>\n","protected":false},"author":2,"featured_media":0,"parent":0,"menu_order":8,"comment_status":"closed","ping_status":"closed","template":"","meta":{"_acf_changed":false,"ngg_post_thumbnail":0,"footnotes":""},"class_list":["post-48","page","type-page","status-publish","hentry"],"acf":[],"_links":{"self":[{"href":"https:\/\/pb.edu.pl\/swfis\/wp-json\/wp\/v2\/pages\/48","targetHints":{"allow":["GET"]}}],"collection":[{"href":"https:\/\/pb.edu.pl\/swfis\/wp-json\/wp\/v2\/pages"}],"about":[{"href":"https:\/\/pb.edu.pl\/swfis\/wp-json\/wp\/v2\/types\/page"}],"author":[{"embeddable":true,"href":"https:\/\/pb.edu.pl\/swfis\/wp-json\/wp\/v2\/users\/2"}],"replies":[{"embeddable":true,"href":"https:\/\/pb.edu.pl\/swfis\/wp-json\/wp\/v2\/comments?post=48"}],"version-history":[{"count":0,"href":"https:\/\/pb.edu.pl\/swfis\/wp-json\/wp\/v2\/pages\/48\/revisions"}],"wp:attachment":[{"href":"https:\/\/pb.edu.pl\/swfis\/wp-json\/wp\/v2\/media?parent=48"}],"curies":[{"name":"wp","href":"https:\/\/api.w.org\/{rel}","templated":true}]}}