{"id":37,"date":"2017-10-19T22:09:14","date_gmt":"2017-10-19T20:09:14","guid":{"rendered":"https:\/\/pb.edu.pl\/swfis\/?page_id=37"},"modified":"2025-10-27T15:03:50","modified_gmt":"2025-10-27T14:03:50","slug":"konsultacje-nauczycieli","status":"publish","type":"page","link":"https:\/\/pb.edu.pl\/swfis\/konsultacje-nauczycieli\/","title":{"rendered":"Konsultacje nauczycieli"},"content":{"rendered":"<p><span style=\"font-size: 18pt\"><strong>Semestr zimowy 2025\/2026<\/strong><\/span><\/p>\n<p><strong>\u00d7 mgr Pawe\u0142 Kukli\u0144ski \u21d2 pok. B &#8211; 22<\/strong><\/p>\n<p>&nbsp; &nbsp;poniedzia\u0142ek 9:30-11:00<\/p>\n<p><strong>\u00d7 mgr Jaros\u0142aw Kierdelewicz \u21d2 pok. B &#8211; 23<\/strong><\/p>\n<p>&nbsp; poniedzia\u0142ek 11:00-12:30<\/p>\n<p><strong>\u00d7 mgr Dawid Szczerbi\u0144ski \u21d2 pok. B &#8211; 23<\/strong><\/p>\n<p>&nbsp; poniedzia\u0142ek 9:30 &#8211; 11:00<\/p>\n<p><strong>\u00d7 dr Piotr Klimowicz \u21d2 pok. B &#8211; 26<\/strong><\/p>\n<p>&nbsp; poniedzia\u0142ek 12:30-14:00<\/p>\n<p>&nbsp;<\/p>\n","protected":false},"excerpt":{"rendered":"<p>Semestr zimowy 2025\/2026 \u00d7 mgr Pawe\u0142 Kukli\u0144ski \u21d2 pok. B &#8211; 22 &nbsp; &nbsp;poniedzia\u0142ek 9:30-11:00<\/p>\n","protected":false},"author":2,"featured_media":0,"parent":0,"menu_order":7,"comment_status":"closed","ping_status":"closed","template":"","meta":{"_acf_changed":false,"ngg_post_thumbnail":0,"footnotes":""},"class_list":["post-37","page","type-page","status-publish","hentry"],"acf":[],"_links":{"self":[{"href":"https:\/\/pb.edu.pl\/swfis\/wp-json\/wp\/v2\/pages\/37","targetHints":{"allow":["GET"]}}],"collection":[{"href":"https:\/\/pb.edu.pl\/swfis\/wp-json\/wp\/v2\/pages"}],"about":[{"href":"https:\/\/pb.edu.pl\/swfis\/wp-json\/wp\/v2\/types\/page"}],"author":[{"embeddable":true,"href":"https:\/\/pb.edu.pl\/swfis\/wp-json\/wp\/v2\/users\/2"}],"replies":[{"embeddable":true,"href":"https:\/\/pb.edu.pl\/swfis\/wp-json\/wp\/v2\/comments?post=37"}],"version-history":[{"count":0,"href":"https:\/\/pb.edu.pl\/swfis\/wp-json\/wp\/v2\/pages\/37\/revisions"}],"wp:attachment":[{"href":"https:\/\/pb.edu.pl\/swfis\/wp-json\/wp\/v2\/media?parent=37"}],"curies":[{"name":"wp","href":"https:\/\/api.w.org\/{rel}","templated":true}]}}