{"id":19,"date":"2017-10-19T21:40:44","date_gmt":"2017-10-19T19:40:44","guid":{"rendered":"https:\/\/pb.edu.pl\/swfis\/?page_id=19"},"modified":"2024-02-27T11:34:16","modified_gmt":"2024-02-27T10:34:16","slug":"nauczyciele-swfis","status":"publish","type":"page","link":"https:\/\/pb.edu.pl\/swfis\/nauczyciele-swfis\/","title":{"rendered":"Nauczyciele SWFiS"},"content":{"rendered":"<div class=\"h4\">Kierownik Studium WFiS<\/div>\n<div class=\"h5\">dr Piotr Klimowicz &#8211; trener sekcji judo KU AZS PB<\/div>\n<p><i class=\"fa fa-envelope-o\"><\/i> <span style=\"font-size: 12pt\"><a href=\"#\" rel=\"nofollow\"  onclick=\"this.href='mailto:' + 'p.klimowicz' + '@' + 'pb.edu.pl'\">p.klimowicz [at] pb.edu.pl<\/a><\/span>,&nbsp;&nbsp;&nbsp;<i class=\"fa fa-phone\"><\/i> 85 746 97 01<\/p>\n<p>&nbsp;<br \/>\n&nbsp;<\/p>\n<div class=\"h5\">\n<p>mgr Jaros\u0142aw Kierdelewicz \u2013 trener sekcji pi\u0142ki no\u017cnej (futsalu) oraz ergometru wio\u015blarskiego KU AZS PB<i class=\"fa fa-envelope-o\"><\/i><\/p>\n<a href=\"#\" rel=\"nofollow\"  onclick=\"this.href='mailto:' + 'j.kierdelewicz' + '@' + 'pb.edu.pl'\">j.kierdelewicz [at] pb.edu.pl<\/a>\n<div class=\"h5\">mgr Pawe\u0142 Kukli\u0144ski \u2013 trener sekcji Lekkiej Atletyki oraz ergometru wio\u015blarskiego KU AZS PB<\/div>\n<p><i class=\"fa fa-envelope-o\"><\/i> <a href=\"#\" rel=\"nofollow\"  onclick=\"this.href='mailto:' + 'p.kuklinski' + '@' + 'pb.edu.pl'\">p.kuklinski [at] pb.edu.pl<\/a>\n<div class=\"h5\">mgr Dawid Szczerbi\u0144ski \u2013 trener sekcji koszyk\u00f3wki m\u0119\u017cczyzn, badmintona, tr\u00f3jboju si\u0142owego KU AZS PB<\/div>\n<p><i class=\"fa fa-envelope-o\"><\/i> <a href=\"#\" rel=\"nofollow\"  onclick=\"this.href='mailto:' + 'd.szczerbinski' + '@' + 'pb.edu.pl'\">d.szczerbinski [at] pb.edu.pl<\/a>\n<p>&nbsp;<\/p>\n<\/div>\n","protected":false},"excerpt":{"rendered":"<p>Kierownik Studium WFiS dr Piotr Klimowicz &#8211; trener sekcji judo KU AZS PB ,&nbsp;&nbsp;&nbsp; 85<\/p>\n","protected":false},"author":2,"featured_media":0,"parent":0,"menu_order":3,"comment_status":"closed","ping_status":"closed","template":"","meta":{"_acf_changed":false,"ngg_post_thumbnail":0,"footnotes":""},"class_list":["post-19","page","type-page","status-publish","hentry"],"acf":[],"_links":{"self":[{"href":"https:\/\/pb.edu.pl\/swfis\/wp-json\/wp\/v2\/pages\/19","targetHints":{"allow":["GET"]}}],"collection":[{"href":"https:\/\/pb.edu.pl\/swfis\/wp-json\/wp\/v2\/pages"}],"about":[{"href":"https:\/\/pb.edu.pl\/swfis\/wp-json\/wp\/v2\/types\/page"}],"author":[{"embeddable":true,"href":"https:\/\/pb.edu.pl\/swfis\/wp-json\/wp\/v2\/users\/2"}],"replies":[{"embeddable":true,"href":"https:\/\/pb.edu.pl\/swfis\/wp-json\/wp\/v2\/comments?post=19"}],"version-history":[{"count":0,"href":"https:\/\/pb.edu.pl\/swfis\/wp-json\/wp\/v2\/pages\/19\/revisions"}],"wp:attachment":[{"href":"https:\/\/pb.edu.pl\/swfis\/wp-json\/wp\/v2\/media?parent=19"}],"curies":[{"name":"wp","href":"https:\/\/api.w.org\/{rel}","templated":true}]}}