{"id":14,"date":"2017-10-19T21:25:47","date_gmt":"2017-10-19T19:25:47","guid":{"rendered":"https:\/\/pb.edu.pl\/swfis\/?page_id=14"},"modified":"2017-10-21T21:01:26","modified_gmt":"2017-10-21T19:01:26","slug":"aktualnosci","status":"publish","type":"page","link":"https:\/\/pb.edu.pl\/swfis\/aktualnosci\/","title":{"rendered":"Aktualno\u015bci"},"content":{"rendered":"\t\t<div class=\"box news-box \">\n\t\t<div class=\"row\">\n\t\t\t\n\t\t\t\n\t\t\t\t\n\t\t\t\t\t\t\t\t\t\t<div class=\"col-sm-3\">\n\t\t\t\t\t\t\t\n<article class=\"format-standard\">\n    <span class=\"date text-right\"><i class=\"fal fa-calendar-alt\"><\/i> 18-02-2025<\/span>\n    <a href=\"https:\/\/pb.edu.pl\/swfis\/2025\/02\/18\/zajecia-sportowo-rekreacyjne-siatkowki-oraz-koszykowki-pracownikom-pb-bylym-pracownikom-oraz-czlonkom-ich-rodzin-w-semestrze-letnim-2024-2025\/\">\n      <div class=\"article-image\">\n              <\/div>\n      <h3>Zaj\u0119cia sportowo &#8211; rekreacyjne siatk\u00f3wki oraz koszyk\u00f3wki pracownikom PB, by\u0142ym pracownikom oraz cz\u0142onkom ich rodzin w semestrze letnim 2024\/2025<\/h3>\n      Szanowni Pa\u0144stwo, Studium Wychowania Fizycznego i Sportu Politechniki Bia\u0142ostockiej zaprasza wszystkich    <\/a>\n<\/article>\t\t\t\t\t\t<\/div>\n\t\t\t\t\t\t\t\t\t\t\t<div class=\"col-sm-3\">\n\t\t\t\t\t\t\t\n<article class=\"format-standard\">\n    <span class=\"date text-right\"><i class=\"fal fa-calendar-alt\"><\/i> 18-02-2025<\/span>\n    <a href=\"https:\/\/pb.edu.pl\/swfis\/2025\/02\/18\/akademickie-mistrzostwa-polski-w-karate-wkf-2\/\">\n      <div class=\"article-image\">\n        <img loading=\"lazy\" decoding=\"async\" width=\"480\" height=\"300\" src=\"https:\/\/pb.edu.pl\/swfis\/wp-content\/uploads\/sites\/3\/2025\/02\/Karate-2025-480x300.jpg\" class=\"attachment-medium-image-16x10 size-medium-image-16x10 wp-post-image\" alt=\"\" \/>      <\/div>\n      <h3>AMP w Karate WKF<\/h3>\n      &nbsp;Hej, mamy wielkie wie\u015bci!&nbsp;Z ogromn\u0105 przyjemno\u015bci\u0105 informujemy, \u017ce jeste\u015bmy organizatorami Akademickich    <\/a>\n<\/article>\t\t\t\t\t\t<\/div>\n\t\t\t\t\t\t\t\t\t\t\t<div class=\"col-sm-3\">\n\t\t\t\t\t\t\t\n<article class=\"format-standard\">\n    <span class=\"date text-right\"><i class=\"fal fa-calendar-alt\"><\/i> 24-01-2025<\/span>\n    <a href=\"https:\/\/pb.edu.pl\/swfis\/2025\/01\/24\/akdemickie-mistrzostwa-polski-w-judo\/\">\n      <div class=\"article-image\">\n        <img loading=\"lazy\" decoding=\"async\" width=\"480\" height=\"300\" src=\"https:\/\/pb.edu.pl\/swfis\/wp-content\/uploads\/sites\/3\/2025\/01\/Judo-480x300.jpg\" class=\"attachment-medium-image-16x10 size-medium-image-16x10 wp-post-image\" alt=\"\" \/>      <\/div>\n      <h3>AMP w Judo<\/h3>\n      Z ogromn\u0105 przyjemno\u015bci\u0105 informujemy, \u017ce jeste\u015bmy organizatorami Akademickich Mistrzostw Polski w    <\/a>\n<\/article>\t\t\t\t\t\t<\/div>\n\t\t\t\t\t\t\t\t\t\t\t<div class=\"col-sm-3\">\n\t\t\t\t\t\t\t\n<article class=\"format-standard\">\n    <span class=\"date text-right\"><i class=\"fal fa-calendar-alt\"><\/i> 01-10-2024<\/span>\n    <a href=\"https:\/\/pb.edu.pl\/swfis\/2024\/10\/01\/zajecia-sportowo-rekreacyjne-siatkowki-oraz-koszykowki-pracownikom-pb-bylym-pracownikom-oraz-czlonkom-ich-rodzin-w-semestrze-zimowym-2024-2025\/\">\n      <div class=\"article-image\">\n              <\/div>\n      <h3>Zaj\u0119cia sportowo &#8211; rekreacyjne siatk\u00f3wki oraz koszyk\u00f3wki pracownikom PB, by\u0142ym pracownikom oraz cz\u0142onkom ich rodzin w semestrze zimowym 2024\/2025<\/h3>\n      Szanowni Pa\u0144stwo, Studium Wychowania Fizycznego i Sportu Politechniki Bia\u0142ostockiej zaprasza wszystkich    <\/a>\n<\/article>\t\t\t\t\t\t<\/div>\n\t\t\t\t\t\t\t\t\t\t\t<div class=\"col-sm-3\">\n\t\t\t\t\t\t\t\n<article class=\"format-standard\">\n    <span class=\"date text-right\"><i class=\"fal fa-calendar-alt\"><\/i> 27-09-2024<\/span>\n    <a href=\"https:\/\/pb.edu.pl\/swfis\/2024\/09\/27\/szkola-pelna-aktywnosci-na-politechnice-bialostockiej\/\">\n      <div class=\"article-image\">\n        <img loading=\"lazy\" decoding=\"async\" width=\"480\" height=\"300\" src=\"https:\/\/pb.edu.pl\/swfis\/wp-content\/uploads\/sites\/3\/2024\/09\/SPA-3-480x300.jpg\" class=\"attachment-medium-image-16x10 size-medium-image-16x10 wp-post-image\" alt=\"\" \/>      <\/div>\n      <h3>Szko\u0142a Pe\u0142na Aktywno\u015bci na Politechnice Bia\u0142ostockiej<\/h3>\n      To by\u0142 dzie\u0144 pe\u0142en energii i promieni s\u0142o\u0144ca. 240 uczni\u00f3w z    <\/a>\n<\/article>\t\t\t\t\t\t<\/div>\n\t\t\t\t\t\t\t\t\t\t\t<div class=\"col-sm-3\">\n\t\t\t\t\t\t\t\n<article class=\"format-standard\">\n    <span class=\"date text-right\"><i class=\"fal fa-calendar-alt\"><\/i> 27-09-2024<\/span>\n    <a href=\"https:\/\/pb.edu.pl\/swfis\/2024\/09\/27\/harmonogram-treningow-sekcji-sportowych-azs-pb-w-roku-akademickim-2024-2025\/\">\n      <div class=\"article-image\">\n              <\/div>\n      <h3>Harmonogram trening\u00f3w sekcji sportowych AZS PB w roku akademickim 2024\/2025<\/h3>\n      Od 1 pa\u017adziernika 2024 roku ruszaj\u0105 zaj\u0119cia sportowe w sekcjach Klubu    <\/a>\n<\/article>\t\t\t\t\t\t<\/div>\n\t\t\t\t\t\t\t\t\t\t\t<div class=\"col-sm-3\">\n\t\t\t\t\t\t\t\n<article class=\"format-standard\">\n    <span class=\"date text-right\"><i class=\"fal fa-calendar-alt\"><\/i> 27-10-2023<\/span>\n    <a href=\"https:\/\/pb.edu.pl\/swfis\/2023\/10\/27\/test-coopera-dla-wszystkich\/\">\n      <div class=\"article-image\">\n        <img loading=\"lazy\" decoding=\"async\" width=\"480\" height=\"300\" src=\"https:\/\/pb.edu.pl\/swfis\/wp-content\/uploads\/sites\/3\/2023\/10\/BIALYSTOK_test_coopera_2023-480x300.jpg\" class=\"attachment-medium-image-16x10 size-medium-image-16x10 wp-post-image\" alt=\"\" \/>      <\/div>\n      <h3>Test Coopera dla Wszystkich !!!<\/h3>\n      Zapraszamy Wszystkich Student\u00f3w, Pracownik\u00f3w oraz sympatyk\u00f3w Politechniki Bia\u0142ostockiej na bezp\u0142atny Test    <\/a>\n<\/article>\t\t\t\t\t\t<\/div>\n\t\t\t\t\t\t\t\t\t\t\t<div class=\"col-sm-3\">\n\t\t\t\t\t\t\t\n<article class=\"format-standard\">\n    <span class=\"date text-right\"><i class=\"fal fa-calendar-alt\"><\/i> 22-09-2023<\/span>\n    <a href=\"https:\/\/pb.edu.pl\/swfis\/2023\/09\/22\/harmonogram-treningowy-klubu-uczelnianego-azs-politechniki-bialostockiej\/\">\n      <div class=\"article-image\">\n              <\/div>\n      <h3>Harmonogram treningowy Klubu Uczelnianego AZS Politechniki Bia\u0142ostockiej<\/h3>\n      Od 2 pa\u017adziernika 2023 roku ruszaj\u0105 zaj\u0119cia sportowe w sekcjach Klubu    <\/a>\n<\/article>\t\t\t\t\t\t<\/div>\n\t\t\t\t\t\t\t\t\t\t\t<div class=\"col-sm-3\">\n\t\t\t\t\t\t\t\n<article class=\"format-standard\">\n    <span class=\"date text-right\"><i class=\"fal fa-calendar-alt\"><\/i> 25-10-2022<\/span>\n    <a href=\"https:\/\/pb.edu.pl\/swfis\/2022\/10\/25\/akademicki-turniej-sportowy-14-16-11-2022\/\">\n      <div class=\"article-image\">\n              <\/div>\n      <h3>Akademicki Turniej Sportowy 14-16.11.2022<\/h3>\n      Zapraszamy student\u00f3w i pracownik\u00f3w Politechniki Bia\u0142ostockiej do udzia\u0142u w Akademickim Turnieju    <\/a>\n<\/article>\t\t\t\t\t\t<\/div>\n\t\t\t\t\t\t\t\t\t\t\t<div class=\"col-sm-3\">\n\t\t\t\t\t\t\t\n<article class=\"format-standard\">\n    <span class=\"date text-right\"><i class=\"fal fa-calendar-alt\"><\/i> 27-06-2022<\/span>\n    <a href=\"https:\/\/pb.edu.pl\/swfis\/2022\/06\/27\/dyzury-wakacyjne-nauczycieli-studium-wf-i-sportu-2022\/\">\n      <div class=\"article-image\">\n              <\/div>\n      <h3>Dy\u017cury wakacyjne nauczycieli Studium WF i Sportu 2022<\/h3>\n      Konsultacje &#8211; lato 2022    <\/a>\n<\/article>\t\t\t\t\t\t<\/div>\n\t\t\t\t\t\n\t\t\t\t\n\t\t\t\t\t<\/div>\n\t\t\n\t<nav class=\"navigation pagination\" aria-label=\"Stronicowanie wpis\u00f3w\">\n\t\t<h2 class=\"screen-reader-text\">Stronicowanie wpis\u00f3w<\/h2>\n\t\t<div class=\"nav-links\"><span aria-current=\"page\" class=\"page-numbers current\">1<\/span>\n<a class=\"page-numbers\" href=\"https:\/\/pb.edu.pl\/swfis\/wp-json\/wp\/v2\/pages\/14\/page\/2\/\">2<\/a>\n<a class=\"page-numbers\" href=\"https:\/\/pb.edu.pl\/swfis\/wp-json\/wp\/v2\/pages\/14\/page\/3\/\">3<\/a>\n<span class=\"page-numbers dots\">&hellip;<\/span>\n<a class=\"page-numbers\" href=\"https:\/\/pb.edu.pl\/swfis\/wp-json\/wp\/v2\/pages\/14\/page\/5\/\">5<\/a>\n<a class=\"next page-numbers\" href=\"https:\/\/pb.edu.pl\/swfis\/wp-json\/wp\/v2\/pages\/14\/page\/2\/\">Nast\u0119pne<\/a><\/div>\n\t<\/nav>\t\t\t<\/div>\n\n","protected":false},"excerpt":{"rendered":"","protected":false},"author":2,"featured_media":0,"parent":0,"menu_order":1,"comment_status":"closed","ping_status":"closed","template":"","meta":{"_acf_changed":false,"ngg_post_thumbnail":0,"footnotes":""},"class_list":["post-14","page","type-page","status-publish","hentry"],"acf":[],"_links":{"self":[{"href":"https:\/\/pb.edu.pl\/swfis\/wp-json\/wp\/v2\/pages\/14","targetHints":{"allow":["GET"]}}],"collection":[{"href":"https:\/\/pb.edu.pl\/swfis\/wp-json\/wp\/v2\/pages"}],"about":[{"href":"https:\/\/pb.edu.pl\/swfis\/wp-json\/wp\/v2\/types\/page"}],"author":[{"embeddable":true,"href":"https:\/\/pb.edu.pl\/swfis\/wp-json\/wp\/v2\/users\/2"}],"replies":[{"embeddable":true,"href":"https:\/\/pb.edu.pl\/swfis\/wp-json\/wp\/v2\/comments?post=14"}],"version-history":[{"count":0,"href":"https:\/\/pb.edu.pl\/swfis\/wp-json\/wp\/v2\/pages\/14\/revisions"}],"wp:attachment":[{"href":"https:\/\/pb.edu.pl\/swfis\/wp-json\/wp\/v2\/media?parent=14"}],"curies":[{"name":"wp","href":"https:\/\/api.w.org\/{rel}","templated":true}]}}