{"id":102,"date":"2017-10-21T20:14:53","date_gmt":"2017-10-21T18:14:53","guid":{"rendered":"https:\/\/pb.edu.pl\/swfis\/?page_id=102"},"modified":"2024-02-27T09:14:30","modified_gmt":"2024-02-27T08:14:30","slug":"akademickie-centrum-sportu-hala-sportowa","status":"publish","type":"page","link":"https:\/\/pb.edu.pl\/swfis\/informacje-ogolne\/akademickie-centrum-sportu-hala-sportowa\/","title":{"rendered":"Akademickie Centrum Sportu &#8211; Hala sportowa"},"content":{"rendered":"<p><img loading=\"lazy\" decoding=\"async\" class=\"alignright wp-image-98\" src=\"https:\/\/pb.edu.pl\/swfis\/wp-content\/uploads\/sites\/3\/2017\/10\/A_trojboj-silowy-300x244.jpg\" alt=\"m\u0119\u017cczyzna podnosi sztang\u0119\" width=\"400\" height=\"325\" srcset=\"https:\/\/pb.edu.pl\/swfis\/wp-content\/uploads\/sites\/3\/2017\/10\/A_trojboj-silowy-300x244.jpg 300w, https:\/\/pb.edu.pl\/swfis\/wp-content\/uploads\/sites\/3\/2017\/10\/A_trojboj-silowy.jpg 600w\" sizes=\"auto, (max-width: 400px) 100vw, 400px\" \/><br \/>\n<img loading=\"lazy\" decoding=\"async\" class=\"alignright wp-image-87\" style=\"clear: both\" src=\"https:\/\/pb.edu.pl\/swfis\/wp-content\/uploads\/sites\/3\/2017\/10\/A_Mata_Akademickie_MP-300x200.jpg\" alt=\"walka judo\" width=\"400\" height=\"267\" srcset=\"https:\/\/pb.edu.pl\/swfis\/wp-content\/uploads\/sites\/3\/2017\/10\/A_Mata_Akademickie_MP-300x200.jpg 300w, https:\/\/pb.edu.pl\/swfis\/wp-content\/uploads\/sites\/3\/2017\/10\/A_Mata_Akademickie_MP-480x320.jpg 480w, https:\/\/pb.edu.pl\/swfis\/wp-content\/uploads\/sites\/3\/2017\/10\/A_Mata_Akademickie_MP.jpg 600w\" sizes=\"auto, (max-width: 400px) 100vw, 400px\" \/>Politechnika Bia\u0142ostocka ma bardzo dobr\u0105 baz\u0119 sportow\u0105, usytuowan\u0105 w jednym kompleksie uczelnianym. Wi\u0119kszo\u015b\u0107 zaj\u0119\u0107 odbywa si\u0119 w hali \u2013 <strong>Akademickim Centrum Sportu (ACS)<\/strong> \u2013 cze\u015b\u0107 B, oddana do u\u017cytku w marcu 2006 roku.<\/p>\n<p>Jest ona obiektem dwukondygnacyjnym o \u0142\u0105cznej powierzchni u\u017cytkowej 3987 m<sup>2<\/sup>.<\/p>\n<p>Na pierwszym poziomie znajduj\u0105 si\u0119:<\/p>\n<ul>\n<li><strong>si\u0142ownia <\/strong>\u2013 226 m<sup>2<\/sup>,<\/li>\n<li><strong>sala sport\u00f3w walki<\/strong> &#8211; 271 m<sup>2<\/sup>,<\/li>\n<li><strong>sala tenisa sto\u0142owego<\/strong> \u2013&nbsp;216&nbsp;m<sup>2<\/sup>,<\/li>\n<li><strong>sala aerobiku<\/strong> &#8211; 213&nbsp;m<sup>2<\/sup>.<\/li>\n<\/ul>\n<p>Na drugim poziomie znajduje si\u0119&nbsp;<strong>sala gier zespo\u0142owych<\/strong> o&nbsp;\u0142\u0105cznej powierzchni 968&nbsp;m<sup>2<\/sup>, z&nbsp;pe\u0142nym wyposa\u017ceniem, na&nbsp;kt\u00f3rej mo\u017cna prowadzi\u0107 zaj\u0119cia z:<\/p>\n<ul>\n<li>siatk\u00f3wki,<\/li>\n<li>koszyk\u00f3wki,<\/li>\n<li>pi\u0142ki r\u0119cznej,<\/li>\n<li>futsalu,<\/li>\n<li>badmintona,<\/li>\n<li>tenisa ziemnego.<\/li>\n<\/ul>\n<p><img loading=\"lazy\" decoding=\"async\" class=\"aligncenter wp-image-86 size-full\" src=\"https:\/\/pb.edu.pl\/swfis\/wp-content\/uploads\/sites\/3\/2017\/10\/2016_04_16-mistrzostwa-judo-20.jpg\" alt=\"zdj\u0119cie grupowe student\u00f3w Politechniki Bia\u0142ostockiej z mistrzostw w judo\" width=\"1200\" height=\"403\" srcset=\"https:\/\/pb.edu.pl\/swfis\/wp-content\/uploads\/sites\/3\/2017\/10\/2016_04_16-mistrzostwa-judo-20.jpg 1200w, https:\/\/pb.edu.pl\/swfis\/wp-content\/uploads\/sites\/3\/2017\/10\/2016_04_16-mistrzostwa-judo-20-300x101.jpg 300w, https:\/\/pb.edu.pl\/swfis\/wp-content\/uploads\/sites\/3\/2017\/10\/2016_04_16-mistrzostwa-judo-20-768x258.jpg 768w, https:\/\/pb.edu.pl\/swfis\/wp-content\/uploads\/sites\/3\/2017\/10\/2016_04_16-mistrzostwa-judo-20-1024x344.jpg 1024w\" sizes=\"auto, (max-width: 1200px) 100vw, 1200px\" \/><br \/>\nOpr\u00f3cz hali Akademickiego Centrum Sportu Politechnika ma nowoczesn\u0105 si\u0142owni\u0119 w budynku Wydzia\u0142u Budownictwa i Nauk o \u015arodowisku.<\/p>\n<p style=\"text-align: right\"><em>opr.&nbsp;Anna&nbsp;Pietraszko<\/em><\/p>\n<div id='gallery-1' class='gallery galleryid-102 gallery-columns-5 gallery-size-medium'><figure class='gallery-item'>\n\t\t\t<div class='gallery-icon landscape'>\n\t\t\t\t<a href='https:\/\/pb.edu.pl\/swfis\/wp-content\/uploads\/sites\/3\/2017\/10\/img_8770.jpg'><img loading=\"lazy\" decoding=\"async\" width=\"300\" height=\"200\" src=\"https:\/\/pb.edu.pl\/swfis\/wp-content\/uploads\/sites\/3\/2017\/10\/img_8770-300x200.jpg\" class=\"attachment-medium size-medium\" alt=\"Sala do pi\u0142ki no\u017cnej\" srcset=\"https:\/\/pb.edu.pl\/swfis\/wp-content\/uploads\/sites\/3\/2017\/10\/img_8770-300x200.jpg 300w, https:\/\/pb.edu.pl\/swfis\/wp-content\/uploads\/sites\/3\/2017\/10\/img_8770-768x512.jpg 768w, https:\/\/pb.edu.pl\/swfis\/wp-content\/uploads\/sites\/3\/2017\/10\/img_8770-480x320.jpg 480w, https:\/\/pb.edu.pl\/swfis\/wp-content\/uploads\/sites\/3\/2017\/10\/img_8770.jpg 999w\" sizes=\"auto, (max-width: 300px) 100vw, 300px\" \/><\/a>\n\t\t\t<\/div><\/figure><figure class='gallery-item'>\n\t\t\t<div class='gallery-icon landscape'>\n\t\t\t\t<a href='https:\/\/pb.edu.pl\/swfis\/wp-content\/uploads\/sites\/3\/2017\/10\/img_8852.jpg'><img loading=\"lazy\" decoding=\"async\" width=\"300\" height=\"200\" src=\"https:\/\/pb.edu.pl\/swfis\/wp-content\/uploads\/sites\/3\/2017\/10\/img_8852-300x200.jpg\" class=\"attachment-medium size-medium\" alt=\"Sala fitness\" srcset=\"https:\/\/pb.edu.pl\/swfis\/wp-content\/uploads\/sites\/3\/2017\/10\/img_8852-300x200.jpg 300w, https:\/\/pb.edu.pl\/swfis\/wp-content\/uploads\/sites\/3\/2017\/10\/img_8852-768x512.jpg 768w, https:\/\/pb.edu.pl\/swfis\/wp-content\/uploads\/sites\/3\/2017\/10\/img_8852-480x320.jpg 480w, https:\/\/pb.edu.pl\/swfis\/wp-content\/uploads\/sites\/3\/2017\/10\/img_8852.jpg 999w\" sizes=\"auto, (max-width: 300px) 100vw, 300px\" \/><\/a>\n\t\t\t<\/div><\/figure><figure class='gallery-item'>\n\t\t\t<div class='gallery-icon landscape'>\n\t\t\t\t<a href='https:\/\/pb.edu.pl\/swfis\/wp-content\/uploads\/sites\/3\/2017\/10\/img_8826.jpg'><img loading=\"lazy\" decoding=\"async\" width=\"300\" height=\"200\" src=\"https:\/\/pb.edu.pl\/swfis\/wp-content\/uploads\/sites\/3\/2017\/10\/img_8826-300x200.jpg\" class=\"attachment-medium size-medium\" alt=\"Sala tenisa sto\u0142owego\" srcset=\"https:\/\/pb.edu.pl\/swfis\/wp-content\/uploads\/sites\/3\/2017\/10\/img_8826-300x200.jpg 300w, https:\/\/pb.edu.pl\/swfis\/wp-content\/uploads\/sites\/3\/2017\/10\/img_8826-768x512.jpg 768w, https:\/\/pb.edu.pl\/swfis\/wp-content\/uploads\/sites\/3\/2017\/10\/img_8826-480x320.jpg 480w, https:\/\/pb.edu.pl\/swfis\/wp-content\/uploads\/sites\/3\/2017\/10\/img_8826.jpg 999w\" sizes=\"auto, (max-width: 300px) 100vw, 300px\" \/><\/a>\n\t\t\t<\/div><\/figure><figure class='gallery-item'>\n\t\t\t<div class='gallery-icon landscape'>\n\t\t\t\t<a href='https:\/\/pb.edu.pl\/swfis\/wp-content\/uploads\/sites\/3\/2017\/10\/img_8825.jpg'><img loading=\"lazy\" decoding=\"async\" width=\"300\" height=\"200\" src=\"https:\/\/pb.edu.pl\/swfis\/wp-content\/uploads\/sites\/3\/2017\/10\/img_8825-300x200.jpg\" class=\"attachment-medium size-medium\" alt=\"Sala karate\" srcset=\"https:\/\/pb.edu.pl\/swfis\/wp-content\/uploads\/sites\/3\/2017\/10\/img_8825-300x200.jpg 300w, https:\/\/pb.edu.pl\/swfis\/wp-content\/uploads\/sites\/3\/2017\/10\/img_8825-768x512.jpg 768w, https:\/\/pb.edu.pl\/swfis\/wp-content\/uploads\/sites\/3\/2017\/10\/img_8825-480x320.jpg 480w, https:\/\/pb.edu.pl\/swfis\/wp-content\/uploads\/sites\/3\/2017\/10\/img_8825.jpg 999w\" sizes=\"auto, (max-width: 300px) 100vw, 300px\" \/><\/a>\n\t\t\t<\/div><\/figure><figure class='gallery-item'>\n\t\t\t<div class='gallery-icon landscape'>\n\t\t\t\t<a href='https:\/\/pb.edu.pl\/swfis\/wp-content\/uploads\/sites\/3\/2017\/10\/img_8736.jpg'><img loading=\"lazy\" decoding=\"async\" width=\"300\" height=\"200\" src=\"https:\/\/pb.edu.pl\/swfis\/wp-content\/uploads\/sites\/3\/2017\/10\/img_8736-300x200.jpg\" class=\"attachment-medium size-medium\" alt=\"Si\u0142ownia\" srcset=\"https:\/\/pb.edu.pl\/swfis\/wp-content\/uploads\/sites\/3\/2017\/10\/img_8736-300x200.jpg 300w, https:\/\/pb.edu.pl\/swfis\/wp-content\/uploads\/sites\/3\/2017\/10\/img_8736-768x512.jpg 768w, https:\/\/pb.edu.pl\/swfis\/wp-content\/uploads\/sites\/3\/2017\/10\/img_8736-480x320.jpg 480w, https:\/\/pb.edu.pl\/swfis\/wp-content\/uploads\/sites\/3\/2017\/10\/img_8736.jpg 999w\" sizes=\"auto, (max-width: 300px) 100vw, 300px\" \/><\/a>\n\t\t\t<\/div><\/figure><figure class='gallery-item'>\n\t\t\t<div class='gallery-icon landscape'>\n\t\t\t\t<a href='https:\/\/pb.edu.pl\/swfis\/wp-content\/uploads\/sites\/3\/2017\/10\/img_8785.jpg'><img loading=\"lazy\" decoding=\"async\" width=\"300\" height=\"200\" src=\"https:\/\/pb.edu.pl\/swfis\/wp-content\/uploads\/sites\/3\/2017\/10\/img_8785-300x200.jpg\" class=\"attachment-medium size-medium\" alt=\"Si\u0142ownia\" srcset=\"https:\/\/pb.edu.pl\/swfis\/wp-content\/uploads\/sites\/3\/2017\/10\/img_8785-300x200.jpg 300w, https:\/\/pb.edu.pl\/swfis\/wp-content\/uploads\/sites\/3\/2017\/10\/img_8785-768x512.jpg 768w, https:\/\/pb.edu.pl\/swfis\/wp-content\/uploads\/sites\/3\/2017\/10\/img_8785-480x320.jpg 480w, https:\/\/pb.edu.pl\/swfis\/wp-content\/uploads\/sites\/3\/2017\/10\/img_8785.jpg 999w\" sizes=\"auto, (max-width: 300px) 100vw, 300px\" \/><\/a>\n\t\t\t<\/div><\/figure><figure class='gallery-item'>\n\t\t\t<div class='gallery-icon landscape'>\n\t\t\t\t<a href='https:\/\/pb.edu.pl\/swfis\/wp-content\/uploads\/sites\/3\/2017\/10\/img_8791.jpg'><img loading=\"lazy\" decoding=\"async\" width=\"300\" height=\"200\" src=\"https:\/\/pb.edu.pl\/swfis\/wp-content\/uploads\/sites\/3\/2017\/10\/img_8791-300x200.jpg\" class=\"attachment-medium size-medium\" alt=\"Si\u0142ownia\" srcset=\"https:\/\/pb.edu.pl\/swfis\/wp-content\/uploads\/sites\/3\/2017\/10\/img_8791-300x200.jpg 300w, https:\/\/pb.edu.pl\/swfis\/wp-content\/uploads\/sites\/3\/2017\/10\/img_8791-768x512.jpg 768w, https:\/\/pb.edu.pl\/swfis\/wp-content\/uploads\/sites\/3\/2017\/10\/img_8791-480x320.jpg 480w, https:\/\/pb.edu.pl\/swfis\/wp-content\/uploads\/sites\/3\/2017\/10\/img_8791.jpg 999w\" sizes=\"auto, (max-width: 300px) 100vw, 300px\" \/><\/a>\n\t\t\t<\/div><\/figure><figure class='gallery-item'>\n\t\t\t<div class='gallery-icon landscape'>\n\t\t\t\t<a href='https:\/\/pb.edu.pl\/swfis\/wp-content\/uploads\/sites\/3\/2017\/10\/img_8817.jpg'><img loading=\"lazy\" decoding=\"async\" width=\"300\" height=\"200\" src=\"https:\/\/pb.edu.pl\/swfis\/wp-content\/uploads\/sites\/3\/2017\/10\/img_8817-300x200.jpg\" class=\"attachment-medium size-medium\" alt=\"Si\u0142ownia\" srcset=\"https:\/\/pb.edu.pl\/swfis\/wp-content\/uploads\/sites\/3\/2017\/10\/img_8817-300x200.jpg 300w, https:\/\/pb.edu.pl\/swfis\/wp-content\/uploads\/sites\/3\/2017\/10\/img_8817-768x512.jpg 768w, https:\/\/pb.edu.pl\/swfis\/wp-content\/uploads\/sites\/3\/2017\/10\/img_8817-480x320.jpg 480w, https:\/\/pb.edu.pl\/swfis\/wp-content\/uploads\/sites\/3\/2017\/10\/img_8817.jpg 999w\" sizes=\"auto, (max-width: 300px) 100vw, 300px\" \/><\/a>\n\t\t\t<\/div><\/figure><figure class='gallery-item'>\n\t\t\t<div class='gallery-icon landscape'>\n\t\t\t\t<a href='https:\/\/pb.edu.pl\/swfis\/wp-content\/uploads\/sites\/3\/2017\/10\/img_8783.jpg'><img loading=\"lazy\" decoding=\"async\" width=\"300\" height=\"200\" src=\"https:\/\/pb.edu.pl\/swfis\/wp-content\/uploads\/sites\/3\/2017\/10\/img_8783-300x200.jpg\" class=\"attachment-medium size-medium\" alt=\"Ergometr wio\u015blarski\" srcset=\"https:\/\/pb.edu.pl\/swfis\/wp-content\/uploads\/sites\/3\/2017\/10\/img_8783-300x200.jpg 300w, https:\/\/pb.edu.pl\/swfis\/wp-content\/uploads\/sites\/3\/2017\/10\/img_8783-768x512.jpg 768w, https:\/\/pb.edu.pl\/swfis\/wp-content\/uploads\/sites\/3\/2017\/10\/img_8783-480x320.jpg 480w, https:\/\/pb.edu.pl\/swfis\/wp-content\/uploads\/sites\/3\/2017\/10\/img_8783.jpg 999w\" sizes=\"auto, (max-width: 300px) 100vw, 300px\" \/><\/a>\n\t\t\t<\/div><\/figure><figure class='gallery-item'>\n\t\t\t<div class='gallery-icon landscape'>\n\t\t\t\t<a href='https:\/\/pb.edu.pl\/swfis\/wp-content\/uploads\/sites\/3\/2017\/10\/img_8780.jpg'><img loading=\"lazy\" decoding=\"async\" width=\"300\" height=\"200\" src=\"https:\/\/pb.edu.pl\/swfis\/wp-content\/uploads\/sites\/3\/2017\/10\/img_8780-300x200.jpg\" class=\"attachment-medium size-medium\" alt=\"Rower stacjonarny\" srcset=\"https:\/\/pb.edu.pl\/swfis\/wp-content\/uploads\/sites\/3\/2017\/10\/img_8780-300x200.jpg 300w, https:\/\/pb.edu.pl\/swfis\/wp-content\/uploads\/sites\/3\/2017\/10\/img_8780-768x512.jpg 768w, https:\/\/pb.edu.pl\/swfis\/wp-content\/uploads\/sites\/3\/2017\/10\/img_8780-480x320.jpg 480w, https:\/\/pb.edu.pl\/swfis\/wp-content\/uploads\/sites\/3\/2017\/10\/img_8780.jpg 999w\" sizes=\"auto, (max-width: 300px) 100vw, 300px\" \/><\/a>\n\t\t\t<\/div><\/figure>\n\t\t<\/div>\n\n","protected":false},"excerpt":{"rendered":"<p>Politechnika Bia\u0142ostocka ma bardzo dobr\u0105 baz\u0119 sportow\u0105, usytuowan\u0105 w jednym kompleksie uczelnianym. Wi\u0119kszo\u015b\u0107 zaj\u0119\u0107 odbywa<\/p>\n","protected":false},"author":2,"featured_media":0,"parent":17,"menu_order":1,"comment_status":"closed","ping_status":"closed","template":"","meta":{"_acf_changed":false,"ngg_post_thumbnail":0,"footnotes":""},"class_list":["post-102","page","type-page","status-publish","hentry"],"acf":[],"_links":{"self":[{"href":"https:\/\/pb.edu.pl\/swfis\/wp-json\/wp\/v2\/pages\/102","targetHints":{"allow":["GET"]}}],"collection":[{"href":"https:\/\/pb.edu.pl\/swfis\/wp-json\/wp\/v2\/pages"}],"about":[{"href":"https:\/\/pb.edu.pl\/swfis\/wp-json\/wp\/v2\/types\/page"}],"author":[{"embeddable":true,"href":"https:\/\/pb.edu.pl\/swfis\/wp-json\/wp\/v2\/users\/2"}],"replies":[{"embeddable":true,"href":"https:\/\/pb.edu.pl\/swfis\/wp-json\/wp\/v2\/comments?post=102"}],"version-history":[{"count":0,"href":"https:\/\/pb.edu.pl\/swfis\/wp-json\/wp\/v2\/pages\/102\/revisions"}],"up":[{"embeddable":true,"href":"https:\/\/pb.edu.pl\/swfis\/wp-json\/wp\/v2\/pages\/17"}],"wp:attachment":[{"href":"https:\/\/pb.edu.pl\/swfis\/wp-json\/wp\/v2\/media?parent=102"}],"curies":[{"name":"wp","href":"https:\/\/api.w.org\/{rel}","templated":true}]}}