{"id":63,"date":"2021-05-25T18:23:32","date_gmt":"2021-05-25T16:23:32","guid":{"rendered":"https:\/\/pb.edu.pl\/strategiarozwoju\/?page_id=63"},"modified":"2021-09-16T16:56:54","modified_gmt":"2021-09-16T14:56:54","slug":"zespoly-do-realizacji-strategii-rozwoju-pb","status":"publish","type":"page","link":"https:\/\/pb.edu.pl\/strategiarozwoju\/zespoly-do-realizacji-strategii-rozwoju-pb\/","title":{"rendered":"Zespo\u0142y do realizacji Strategii Rozwoju PB"},"content":{"rendered":"<p><img loading=\"lazy\" decoding=\"async\" src=\"https:\/\/pb.edu.pl\/strategiarozwoju\/wp-content\/uploads\/sites\/68\/2021\/05\/zespoly.jpg\" alt=\"Politechnika Bia\u0142ostocka z lotu ptaka\" width=\"1140\" height=\"541\" class=\"aligncenter size-full wp-image-181 fototop\" srcset=\"https:\/\/pb.edu.pl\/strategiarozwoju\/wp-content\/uploads\/sites\/68\/2021\/05\/zespoly.jpg 1140w, https:\/\/pb.edu.pl\/strategiarozwoju\/wp-content\/uploads\/sites\/68\/2021\/05\/zespoly-300x142.jpg 300w, https:\/\/pb.edu.pl\/strategiarozwoju\/wp-content\/uploads\/sites\/68\/2021\/05\/zespoly-1024x486.jpg 1024w, https:\/\/pb.edu.pl\/strategiarozwoju\/wp-content\/uploads\/sites\/68\/2021\/05\/zespoly-768x364.jpg 768w\" sizes=\"auto, (max-width: 1140px) 100vw, 1140px\" \/><\/p>\n<div class=\"green medium size-30\">Zespo\u0142y do realizacji Strategii Rozwoju PB<\/div>\n<p>&nbsp;<\/p>\n<div class=\"orange bold size-18 margines-bottom\">Zesp\u00f3\u0142 Steruj\u0105cy w nast\u0119puj\u0105cym sk\u0142adzie osobowym:<\/div>\n<div class=\"green\"><span class=\"orange medium\">1)<\/span> Rektor Politechniki Bia\u0142ostockiej &#8211; przewodnicz\u0105ca;<br \/>\n<span class=\"orange medium\">2)<\/span> osoby pe\u0142ni\u0105ce funkcje kierownicze w Politechnice Bia\u0142ostockiej;<br \/>\n<span class=\"orange medium\">3)<\/span> dziekani wydzia\u0142\u00f3w.<\/div>\n<p>&nbsp;<\/p>\n<div class=\"orange bold size-18 margines-bottom\">Zesp\u00f3\u0142 do spraw doboru metod bada\u0144 w nast\u0119puj\u0105cym sk\u0142adzie osobowym:<\/div>\n<div class=\"green\"><span class=\"orange medium\">1)<\/span> dr hab. in\u017c. Katarzyna Halicka, prof. PB \u2013 przewodnicz\u0105ca, dziekan Wydzia\u0142u In\u017cynierii Zarz\u0105dzania;<\/span><br \/>\n<span class=\"orange medium\">2)<\/span> dr hab. Katarzyna Czerewacz-Filipowicz, prof. PB \u2013 dyrektor Instytutu Nauk o Zarz\u0105dzaniu i Jako\u015bci;<\/span><br \/>\n<span class=\"orange medium\">3)<\/span> dr hab. Ewa Gli\u0144ska, prof. PB \u2013 kierownik Katedry Marketingu i Turystyki;<br \/>\n<span class=\"orange medium\">4)<\/span> dr \u0141ukasz Nazarko \u2013 prodziekan ds. rozwoju i wsp\u00f3\u0142pracy Wydzia\u0142u In\u017cynierii Zarz\u0105dzania;<br \/>\n<span class=\"orange medium\">5)<\/span> mgr in\u017c. Wojciech Puchalski \u2013 zast\u0119pca kierownika Centrum Danych i Analiz Strategicznych;<br \/>\n<span class=\"orange medium\">6)<\/span> mgr Agnieszka Sakowicz-Stasiulewicz \u2013 specjalista ds. marki;<br \/>\n<span class=\"orange medium\">7)<\/span> mgr Ma\u0142gorzata Jegli\u0144ska-Krupa \u2013 kierownik Centrum Danych i Analiz Strategicznych.<\/div>\n<p>&nbsp;<\/p>\n<div class=\"orange bold size-18 margines-bottom\"> Zesp\u00f3\u0142 do spraw programu dzia\u0142a\u0144 operacyjnych w nast\u0119puj\u0105cym sk\u0142adzie osobowym:<\/div>\n<div class=\"green\"><span class=\"orange medium\">1)<\/span> dr hab. Agnieszka Dardzi\u0144ska-G\u0142\u0119bocka, prof. PB \u2013 przewodnicz\u0105ca, prorektor ds. kszta\u0142cenia;<br \/>\n<span class=\"orange medium\">2)<\/span> dr hab. Katarzyna Czerewacz-Filipowicz, prof. PB \u2013 zast\u0119pca przewodnicz\u0105cej, dyrektor Instytutu Nauk o Zarz\u0105dzaniu i Jako\u015bci;<br \/>\n<span class=\"orange medium\">3)<\/span> prof. dr hab. in\u017c. Krzysztof Kurzyd\u0142owski \u2013 dyrektor Instytutu In\u017cynierii Mechanicznej;<br \/>\n<span class=\"orange medium\">4)<\/span> prof. dr hab. in\u017c. Micha\u0142 Kuciej \u2013 dyrektor Szko\u0142y Doktorskiej PB;<br \/>\n<span class=\"orange medium\">5)<\/span> dr hab. Ewa Gli\u0144ska, prof. PB \u2013 kierownik Katedry Marketingu i Turystyki;<br \/>\n<span class=\"orange medium\">6)<\/span> dr hab. in\u017c. Katarzyna Halicka, prof. PB \u2013 dziekan Wydzia\u0142u In\u017cynierii Zarz\u0105dzania;<br \/>\n<span class=\"orange medium\">7)<\/span> dr hab. in\u017c. Maciej Zajkowski, prof. PB \u2013 pracownik Wydzia\u0142u Elektrycznego;<br \/>\n<span class=\"orange medium\">8)<\/span> dr hab. in\u017c. Ireneusz Mrozek \u2013 prodziekan ds. rozwoju i wsp\u00f3\u0142pracy Wydzia\u0142u Informatyki;<br \/>\n<span class=\"orange medium\">9)<\/span> dr hab. in\u017c. Janusz Krentowski \u2013 pracownik Wydzia\u0142u Budownictwa i Nauk o \u015arodowisku;<br \/>\n<span class=\"orange medium\">10)<\/span> dr hab. in\u017c. \u0141ukasz Derpe\u0144ski \u2013 prodziekan ds. rozwoju i wsp\u00f3\u0142pracy Wydzia\u0142u Mechanicznego;<br \/>\n<span class=\"orange medium\">11)<\/span> dr in\u017c. arch. Maciej K\u0142opotowski \u2013 dyrektor Archiwum Uczelnianego i Centrum Historii;<br \/>\n<span class=\"orange medium\">12)<\/span> dr in\u017c. Adam Jakimowicz \u2013 prodziekan ds. rozwoju i wsp\u00f3\u0142pracy Wydzia\u0142u Architektury;<br \/>\n<span class=\"orange medium\">13)<\/span> dr in\u017c. Joanna Kr\u0119towska \u2013 kierownik Dzia\u0142u Jako\u015bci Kszta\u0142cenia;<br \/>\n<span class=\"orange medium\">14)<\/span> dr in\u017c. Katarzyna Kalinowska-Wichrowska \u2013 prodziekan ds. rozwoju i wsp\u00f3\u0142pracy Wydzia\u0142u Budownictwa i Nauk o \u015arodowisku;<br \/>\n<span class=\"orange medium\">15)<\/span> dr in\u017c. Wojciech Trzasko \u2013 prodziekan ds. rozwoju i wsp\u00f3\u0142pracy Wydzia\u0142u Elektrycznego;<br \/>\n<span class=\"orange medium\">16)<\/span> dr \u0141ukasz Nazarko \u2013 prodziekan ds. rozwoju i wsp\u00f3\u0142pracy Wydzia\u0142u In\u017cynierii Zarz\u0105dzania;<br \/>\n<span class=\"orange medium\">17)<\/span> mgr in\u017c. El\u017cbieta Denysiuk \u2013 kierownik Dzia\u0142u Elektroenergetycznego;<br \/>\n<span class=\"orange medium\">18)<\/span> mgr in\u017c. Janina Panasewicz-Godlewska \u2013 zast\u0119pca kierownika Dzia\u0142u Eksploatacyjno-Budowlanego;<br \/>\n<span class=\"orange medium\">19)<\/span> mgr in\u017c. Marcin Rodzianko \u2013 kierownik Uczelnianego Centrum Informatycznego;<br \/>\n<span class=\"orange medium\">20)<\/span> mgr in\u017c. Piotr Golonko \u2013 przedstawiciel Samorz\u0105du Doktorat\u00f3w;<br \/>\n<span class=\"orange medium\">21)<\/span> mgr in\u017c. Wojciech Konopacki \u2013 zast\u0119pca Kanclerza;<br \/>\n<span class=\"orange medium\">22)<\/span> mgr in\u017c. Wojciech Puchalski \u2013 zast\u0119pca kierownika Centrum Danych i Analiz Strategicznych;<br \/>\n<span class=\"orange medium\">23)<\/span> mgr Agnieszka Sakowicz-Stasiulewicz \u2013 specjalista ds. marki;<br \/>\n<span class=\"orange medium\">24)<\/span> mgr Andrzej Mierzy\u0144ski \u2013 kierownik Dzia\u0142u Zam\u00f3wie\u0144 Publicznych;<br \/>\n<span class=\"orange medium\">25)<\/span> mgr Anna Kukor-B\u0105k \u2013 kierownik Dzia\u0142u Zarz\u0105dzania;<br \/>\n<span class=\"orange medium\">26)<\/span> mgr Beata Jakuszewicz \u2013 kierownik Dzia\u0142u Administracyjnego;<br \/>\n<span class=\"orange medium\">27)<\/span> mgr Daniel Puch \u2013 kierownik Biura ds. Rozwoju i Program\u00f3w Mi\u0119dzynarodowych;<br \/>\n<span class=\"orange medium\">28)<\/span> mgr Ewa Janczewska \u2013 kierownik Dzia\u0142u Spraw Personalnych;<br \/>\n<span class=\"orange medium\">29)<\/span> mgr Irena Werdoni \u2013 kierownik Dzia\u0142u Spraw Studenckich i Dydaktyki;<br \/>\n<span class=\"orange medium\">30)<\/span> mgr Jadwiga Drobniuch \u2013 pracownik Dzia\u0142u Nauki;<br \/>\n<span class=\"orange medium\">31)<\/span> mgr Jolanta Jarmo\u0142owicz \u2013 zast\u0119pca Kwestora;<br \/>\n<span class=\"orange medium\">32)<\/span> mgr Ma\u0142gorzata Jegli\u0144ska-Krupa \u2013 kierownik Centrum Danych i Analiz Strategicznych;<br \/>\n<span class=\"orange medium\">33)<\/span> mgr Ma\u0142gorzata Malinowska-Czuprys \u2013 kierownik Biura ds. Wsp\u00f3\u0142pracy Mi\u0119dzynarodowej;<br \/>\n<span class=\"orange medium\">34)<\/span> mgr Maria Czy\u017cewska \u2013 dyrektor Biblioteki Politechniki Bia\u0142ostockiej;<br \/>\n<span class=\"orange medium\">35)<\/span> mgr Marta Tomiczek \u2013 pracownik Centrum Rekrutacji i Wspierania Edukacji;<br \/>\n<span class=\"orange medium\">36)<\/span> mgr Micha\u0142 Citko \u2013 kierownik Studium J\u0119zyk\u00f3w Obcych;<br \/>\n<span class=\"orange medium\">37)<\/span> in\u017c. Mariusz Seroka \u2013 kierownik Dzia\u0142u Aparatury i Zakup\u00f3w;<br \/>\n<span class=\"orange medium\">38)<\/span> Mateusz Adaszczyk \u2013 kierownik Biura Karier i Wsp\u00f3\u0142pracy z Absolwentami;<br \/>\n<span class=\"orange medium\">39)<\/span> Kamil Kulesza \u2013 przedstawiciel Samorz\u0105du Student\u00f3w.<\/div>\n<p>&nbsp;<br \/>\n&nbsp;<br \/>\n<a href=\"https:\/\/bip.pb.edu.pl\/index.php?event=informacja&#038;id=18261\"><strong>Zarz\u0105dzenie nr 25\/2021 Rektora Politechniki Bia\u0142ostockiej z dnia 9 marca 2021 roku<\/strong><br \/>\nw sprawie powo\u0142ania Zespo\u0142\u00f3w do spraw zaprojektowania i przeprowadzenia procesu weryfikacji realizacji Strategii rozwoju Politechniki Bia\u0142ostockiej na lata 2021-2024 z perspektyw\u0105 przed\u0142u\u017cenia do 2030<\/a><br \/>\n&nbsp;<br \/>\n&nbsp;<\/p>\n","protected":false},"excerpt":{"rendered":"<p>Zespo\u0142y do realizacji Strategii Rozwoju PB &nbsp; Zesp\u00f3\u0142 Steruj\u0105cy w nast\u0119puj\u0105cym sk\u0142adzie osobowym: 1) Rektor<\/p>\n","protected":false},"author":2,"featured_media":0,"parent":0,"menu_order":3,"comment_status":"closed","ping_status":"closed","template":"templates\/dzial.php","meta":{"_acf_changed":false,"ngg_post_thumbnail":0,"footnotes":""},"class_list":["post-63","page","type-page","status-publish","hentry"],"acf":[],"_links":{"self":[{"href":"https:\/\/pb.edu.pl\/strategiarozwoju\/wp-json\/wp\/v2\/pages\/63","targetHints":{"allow":["GET"]}}],"collection":[{"href":"https:\/\/pb.edu.pl\/strategiarozwoju\/wp-json\/wp\/v2\/pages"}],"about":[{"href":"https:\/\/pb.edu.pl\/strategiarozwoju\/wp-json\/wp\/v2\/types\/page"}],"author":[{"embeddable":true,"href":"https:\/\/pb.edu.pl\/strategiarozwoju\/wp-json\/wp\/v2\/users\/2"}],"replies":[{"embeddable":true,"href":"https:\/\/pb.edu.pl\/strategiarozwoju\/wp-json\/wp\/v2\/comments?post=63"}],"version-history":[{"count":0,"href":"https:\/\/pb.edu.pl\/strategiarozwoju\/wp-json\/wp\/v2\/pages\/63\/revisions"}],"wp:attachment":[{"href":"https:\/\/pb.edu.pl\/strategiarozwoju\/wp-json\/wp\/v2\/media?parent=63"}],"curies":[{"name":"wp","href":"https:\/\/api.w.org\/{rel}","templated":true}]}}