{"id":610,"date":"2025-10-16T19:04:59","date_gmt":"2025-10-16T17:04:59","guid":{"rendered":"https:\/\/pb.edu.pl\/strategiarozwoju\/?page_id=610"},"modified":"2025-10-16T19:06:53","modified_gmt":"2025-10-16T17:06:53","slug":"strategia-rozwoju-pb-2025-2028","status":"publish","type":"page","link":"https:\/\/pb.edu.pl\/strategiarozwoju\/strategia-rozwoju-pb-2025-2028\/","title":{"rendered":"Strategia Rozwoju Politechniki Bia\u0142ostockiej 2025-2028"},"content":{"rendered":"<div class=\"green medium size-30\">Strategia Rozwoju Politechniki Bia\u0142ostockiej 2025-2028<\/div>\n<div class=\"buttons\"><a class=\"button bg-orange medium size-24 text-center no-icon\" href=\"https:\/\/pb.edu.pl\/strategiarozwoju\/wp-content\/uploads\/sites\/68\/2025\/10\/Strategia-Rozowju-PB-na-lata-2025-2038.pdf\" target=\"_blank\" rel=\"noopener\">Strategia Rozwoju Politechniki Bia\u0142ostockiej 2025-2028<br \/>z perspektyw\u0105 przed\u0142u\u017cenia do 2035<br \/><span style=\"font-weight:300\">(PDF, 236 KB, otworzy si\u0119 w nowej karcie)<\/span><\/a><\/div>\n","protected":false},"excerpt":{"rendered":"<p>Strategia Rozwoju Politechniki Bia\u0142ostockiej 2025-2028 Strategia Rozwoju Politechniki Bia\u0142ostockiej 2025-2028z perspektyw\u0105 przed\u0142u\u017cenia do 2035(PDF, 236<\/p>\n","protected":false},"author":2,"featured_media":0,"parent":0,"menu_order":0,"comment_status":"closed","ping_status":"closed","template":"templates\/dzial.php","meta":{"_acf_changed":false,"ngg_post_thumbnail":0,"footnotes":""},"class_list":["post-610","page","type-page","status-publish","hentry"],"acf":[],"_links":{"self":[{"href":"https:\/\/pb.edu.pl\/strategiarozwoju\/wp-json\/wp\/v2\/pages\/610","targetHints":{"allow":["GET"]}}],"collection":[{"href":"https:\/\/pb.edu.pl\/strategiarozwoju\/wp-json\/wp\/v2\/pages"}],"about":[{"href":"https:\/\/pb.edu.pl\/strategiarozwoju\/wp-json\/wp\/v2\/types\/page"}],"author":[{"embeddable":true,"href":"https:\/\/pb.edu.pl\/strategiarozwoju\/wp-json\/wp\/v2\/users\/2"}],"replies":[{"embeddable":true,"href":"https:\/\/pb.edu.pl\/strategiarozwoju\/wp-json\/wp\/v2\/comments?post=610"}],"version-history":[{"count":0,"href":"https:\/\/pb.edu.pl\/strategiarozwoju\/wp-json\/wp\/v2\/pages\/610\/revisions"}],"wp:attachment":[{"href":"https:\/\/pb.edu.pl\/strategiarozwoju\/wp-json\/wp\/v2\/media?parent=610"}],"curies":[{"name":"wp","href":"https:\/\/api.w.org\/{rel}","templated":true}]}}