{"id":60,"date":"2021-05-25T18:21:49","date_gmt":"2021-05-25T16:21:49","guid":{"rendered":"https:\/\/pb.edu.pl\/strategiarozwoju\/?page_id=60"},"modified":"2023-01-12T23:38:18","modified_gmt":"2023-01-12T22:38:18","slug":"opis-metodyki","status":"publish","type":"page","link":"https:\/\/pb.edu.pl\/strategiarozwoju\/opis-metodyki\/","title":{"rendered":"Opis metodyki"},"content":{"rendered":"<div class=\"green medium size-30\">Opis metodyki<\/div>\n<div class=\"film\">\n<div class=\"embed-responsive embed-responsive-16by9\"><iframe loading=\"lazy\" title=\"Strategia Rozwoju Politechniki Bia\u0142ostockiej na lata 2021-2024 z perspektyw\u0105 przed\u0142u\u017cenia do 2030 r.\" width=\"500\" height=\"281\" src=\"https:\/\/www.youtube.com\/embed\/YKaRA0UwoBw?feature=oembed\" frameborder=\"0\" allow=\"accelerometer; autoplay; clipboard-write; encrypted-media; gyroscope; picture-in-picture; web-share\" referrerpolicy=\"strict-origin-when-cross-origin\" allowfullscreen><\/iframe><\/div>\n<\/div>\n<p>&nbsp;<\/p>\n<p>G\u0142\u00f3wnym celem badania by\u0142o <strong>uzupe\u0142nienie<\/strong> <em>Strategii Rozwoju Politechniki Bia\u0142ostockiej na lata 2020-2024 z perspektyw\u0105 przed\u0142u\u017cenia do 2030 przy zaanga\u017cowaniu interesariuszy wewn\u0119trznych <strong>(pracownik\u00f3w, student\u00f3w i doktorant\u00f3w)<\/strong><br \/>\ni zewn\u0119trznych <strong>(instytucje otoczenia spo\u0142eczno-gospodarczego)<\/strong><\/em> o nast\u0119puj\u0105ce elementy:<br \/>\n&nbsp;<\/p>\n<div class=\"row\">\n<div class=\"col-sm-3 image\"><a href=\"\/strategiarozwoju\/etap-1-diagnoza-stanu-istniejacego\/\"><img loading=\"lazy\" decoding=\"async\" class=\"aligncenter size-full wp-image-29\" src=\"https:\/\/pb.edu.pl\/strategiarozwoju\/wp-content\/uploads\/sites\/68\/2021\/05\/1-diagnoza.jpg\" alt=\"1. Diagnoza stanu istniej\u0105cego\" width=\"706\" height=\"464\" srcset=\"https:\/\/pb.edu.pl\/strategiarozwoju\/wp-content\/uploads\/sites\/68\/2021\/05\/1-diagnoza.jpg 706w, https:\/\/pb.edu.pl\/strategiarozwoju\/wp-content\/uploads\/sites\/68\/2021\/05\/1-diagnoza-300x197.jpg 300w\" sizes=\"auto, (max-width: 706px) 100vw, 706px\" \/><\/a><\/div>\n<div class=\"col-sm-3 image\"><a href=\"\/strategiarozwoju\/etap-2-kierunki-dzialan-strategicznych\/\"><img loading=\"lazy\" decoding=\"async\" class=\"aligncenter size-full wp-image-30\" src=\"https:\/\/pb.edu.pl\/strategiarozwoju\/wp-content\/uploads\/sites\/68\/2021\/05\/1-kierunki.jpg\" alt=\"2. Kierunki dzia\u0142a\u0144 strategicznych\" width=\"706\" height=\"464\" srcset=\"https:\/\/pb.edu.pl\/strategiarozwoju\/wp-content\/uploads\/sites\/68\/2021\/05\/1-kierunki.jpg 706w, https:\/\/pb.edu.pl\/strategiarozwoju\/wp-content\/uploads\/sites\/68\/2021\/05\/1-kierunki-300x197.jpg 300w\" sizes=\"auto, (max-width: 706px) 100vw, 706px\" \/><\/a><\/div>\n<div class=\"col-sm-3 image\"><a href=\"\/strategiarozwoju\/etap-3-opracowanie-programu-dzialan-operacyjnych\/\"><img loading=\"lazy\" decoding=\"async\" class=\"aligncenter size-full wp-image-31\" src=\"https:\/\/pb.edu.pl\/strategiarozwoju\/wp-content\/uploads\/sites\/68\/2021\/05\/1-opracowanie.jpg\" alt=\"3. Opracowanie programu dzia\u0142a\u0144 operacyjnych\" width=\"706\" height=\"464\" srcset=\"https:\/\/pb.edu.pl\/strategiarozwoju\/wp-content\/uploads\/sites\/68\/2021\/05\/1-opracowanie.jpg 706w, https:\/\/pb.edu.pl\/strategiarozwoju\/wp-content\/uploads\/sites\/68\/2021\/05\/1-opracowanie-300x197.jpg 300w\" sizes=\"auto, (max-width: 706px) 100vw, 706px\" \/><\/a><\/div>\n<div class=\"col-sm-3 image\"><a href=\"\/strategiarozwoju\/etap-4-wnioski-z-diagnozy\/\"><img loading=\"lazy\" decoding=\"async\" src=\"https:\/\/pb.edu.pl\/strategiarozwoju\/wp-content\/uploads\/sites\/68\/2023\/01\/4-wnioski.jpg\" alt=\"4. Wnioski z diagnozy\" width=\"706\" height=\"464\" class=\"aligncenter size-full wp-image-527\" srcset=\"https:\/\/pb.edu.pl\/strategiarozwoju\/wp-content\/uploads\/sites\/68\/2023\/01\/4-wnioski.jpg 706w, https:\/\/pb.edu.pl\/strategiarozwoju\/wp-content\/uploads\/sites\/68\/2023\/01\/4-wnioski-300x197.jpg 300w\" sizes=\"auto, (max-width: 706px) 100vw, 706px\" \/><\/a><\/div>\n<\/div>\n<div class=\"buttons\"><a class=\"button medium size-24 text-center\" href=\"https:\/\/pb.edu.pl\/strategiarozwoju\/zespoly-do-realizacji-strategii-rozwoju-pb\">Zespo\u0142y do realizacji Strategii Rozwoju PB<\/a><\/div>\n<p>&nbsp;<\/p>\n","protected":false},"excerpt":{"rendered":"<p>Opis metodyki &nbsp; G\u0142\u00f3wnym celem badania by\u0142o uzupe\u0142nienie Strategii Rozwoju Politechniki Bia\u0142ostockiej na lata 2020-2024<\/p>\n","protected":false},"author":2,"featured_media":0,"parent":0,"menu_order":2,"comment_status":"closed","ping_status":"closed","template":"templates\/dzial.php","meta":{"_acf_changed":false,"ngg_post_thumbnail":0,"footnotes":""},"class_list":["post-60","page","type-page","status-publish","hentry"],"acf":[],"_links":{"self":[{"href":"https:\/\/pb.edu.pl\/strategiarozwoju\/wp-json\/wp\/v2\/pages\/60","targetHints":{"allow":["GET"]}}],"collection":[{"href":"https:\/\/pb.edu.pl\/strategiarozwoju\/wp-json\/wp\/v2\/pages"}],"about":[{"href":"https:\/\/pb.edu.pl\/strategiarozwoju\/wp-json\/wp\/v2\/types\/page"}],"author":[{"embeddable":true,"href":"https:\/\/pb.edu.pl\/strategiarozwoju\/wp-json\/wp\/v2\/users\/2"}],"replies":[{"embeddable":true,"href":"https:\/\/pb.edu.pl\/strategiarozwoju\/wp-json\/wp\/v2\/comments?post=60"}],"version-history":[{"count":0,"href":"https:\/\/pb.edu.pl\/strategiarozwoju\/wp-json\/wp\/v2\/pages\/60\/revisions"}],"wp:attachment":[{"href":"https:\/\/pb.edu.pl\/strategiarozwoju\/wp-json\/wp\/v2\/media?parent=60"}],"curies":[{"name":"wp","href":"https:\/\/api.w.org\/{rel}","templated":true}]}}