{"id":565,"date":"2023-01-14T21:06:10","date_gmt":"2023-01-14T20:06:10","guid":{"rendered":"https:\/\/pb.edu.pl\/strategiarozwoju\/?page_id=565"},"modified":"2023-01-14T21:28:52","modified_gmt":"2023-01-14T20:28:52","slug":"laureaci-konkursu-zostan-strategiem-pb","status":"publish","type":"page","link":"https:\/\/pb.edu.pl\/strategiarozwoju\/etap-2-kierunki-dzialan-strategicznych\/zadanie-4\/laureaci-konkursu-zostan-strategiem-pb\/","title":{"rendered":"Laureaci konkursu \u201eZosta\u0144 Strategiem PB\u201d"},"content":{"rendered":"<p>&nbsp;<\/p>\n<div class=\"green bold size-24\"><span class=\"orange\">2.<\/span> Laureaci konkursu \u201eZosta\u0144 Strategiem PB\u201d<\/div>\n<p>&nbsp;<br \/>\nPracujemy nad uzupe\u0142nieniem Strategii Rozwoju Politechniki Bia\u0142ostockiej na lata 2020-2024 z perspektyw\u0105 przed\u0142u\u017cenia do 2030. Jednym z etap\u00f3w prac jest tworzenie scenariuszy rozwoju PB! Przeprowadzili\u015bmy konkurs z nagrodami, w kt\u00f3rym wzi\u0119li udzia\u0142 m\u0142odzi wizjonerzy. Zaproponowali nazwy do 4 scenariuszy rozwoju. To kreatorzy przysz\u0142o\u015bci naszej Uczelni! Wzi\u0119li udzia\u0142 w konkursie i wygrali! Poznajcie laureat\u00f3w.<br \/>\n&nbsp;<br \/>\n<strong>Oto zwyci\u0119zcy w konkursie &#8222;Zosta\u0144 Strategiem PB&#8221;:<\/strong><\/p>\n<ul>\n<li><strong class=\"orange\">zadanie konkursowe 1:<\/strong><\/li>\n<\/ul>\n<p>I miejsce: Ma\u0142gorzata Ki\u015blak za has\u0142o \u201ePolitechnika Bia\u0142ostocka \u2013 Centrum Nowoczesno\u015bci i Post\u0119pu\u201d<\/p>\n<p>II miejsce: Grzesiek Cicho\u0144ski: \u201eSzerokie horyzonty\u201d<\/p>\n<p>III miejsce: Karolina Gordon: \u201eNowoczesno\u015b\u0107 bez granic\u201d<\/p>\n<p>nagroda pocieszenia: Daniel G\u00f3rski: \u201ePolitechnika Bia\u0142ostocka \u2013 przysz\u0142o\u015b\u0107, rozw\u00f3j, wsp\u00f3\u0142praca\u201d<\/p>\n<ul>\n<li><strong class=\"orange\">zadanie konkursowe 2:<\/strong><\/li>\n<\/ul>\n<p>I miejsce: Karolina Gordon: \u201ePolitechnika Bia\u0142ostocka \u2013 pewno\u015b\u0107 w niepewnych czasach\u201d<\/p>\n<p>II miejsce: Micha\u0142 Brzozowski: \u201eSkuteczny rozw\u00f3j w niestabilnym czasie\u201d<\/p>\n<p>III miejsce: Ewelina Rudowska: \u201ePewnym krokiem w niepewn\u0105 przysz\u0142o\u015b\u0107 z Politechnik\u0105 Bia\u0142ostock\u0105\u201d<\/p>\n<p>nagroda pocieszenia: Valentina Yar: \u201eBurzliwo\u015b\u0107 otoczenia jako wyzwanie i nap\u0119d\u201d<\/p>\n<ul>\n<li><strong class=\"orange\">zadanie konkursowe 3:<\/strong><\/li>\n<\/ul>\n<p>I miejsce: Piotr Kownacki: \u201ePocz\u0105tek ko\u0144ca\u201d<\/p>\n<p>II miejsce: Karolina Gordon: \u201eKoniec nowym pocz\u0105tkiem\u201d<\/p>\n<p>III miejsce: Valentina Yar: \u201eKoniec marze\u0144\u201d<\/p>\n<p>nagroda pocieszenia: Kacper Korol: \u201ePolitechnika Bia\u0142ostocka w obliczu zagro\u017cenia rozwoju\u201d<\/p>\n<ul>\n<li><strong class=\"orange\">zadanie konkursowe 4 :<\/strong><\/li>\n<\/ul>\n<p>I miejsce: Valentina Yar: \u201eKropla dr\u0105\u017cy ska\u0142\u0119\u201d<\/p>\n<p>II miejsce: Grzesiek Cicho\u0144ski: \u201eW poszukiwaniu drogi rozwoju\u201d<\/p>\n<p>III miejsce: \u0141ukasz Kowalczuk: \u201eWiatr w plecy a piach w oczy\u201d<\/p>\n<p>nagroda pocieszenia: Weronika Sak: \u201ePowoli, ale do przodu!\u201d<\/p>\n<p>&nbsp;<br \/>\nngg_shortcode_0_placeholder\n<p><strong>Laureat\u00f3w w konkursie ju\u017c znamy. Wielkie brawa dla Strateg\u00f3w PB! <\/strong><\/p>\n<p><strong>A jak wygl\u0105da\u0142 sam konkurs? Co nale\u017ca\u0142o zrobi\u0107? Oto zadania konkursowe.<\/strong><br \/>\n&nbsp;<\/p>\n<div class=\"h3 green\">Konkurs &#8222;Zosta\u0144 Strategiem PB&#8221;<\/div>\n<ul>\n<li><strong class=\"orange\">Scenariusze rozwoju PB \u2013 co to w\u0142a\u015bciwie znaczy?<\/strong><br \/>\nW pracach nad pog\u0142\u0119bieniem Strategii Rozwoju Politechniki Bia\u0142ostockiej opracowali\u015bmy scenariusze rozwoju Uczelni w horyzoncie 10 lat. S\u0105 to r\u00f3\u017cne obrazy przysz\u0142o\u015bci Politechniki Bia\u0142ostockiej. Jak mo\u017ce ona wygl\u0105da\u0107? R\u00f3\u017cnie! Wszystko zale\u017cy od dzia\u0142a\u0144 podj\u0119tych teraz, a tak\u017ce wielu czynnik\u00f3w m.in. przemian spo\u0142ecznych, gospodarczych, \u015brodowiskowych, politycznych czy kulturowych.\n<\/li>\n<\/ul>\n<ul>\n<li><strong class=\"orange\">Po co tworzymy scenariusze rozwoju PB?<\/strong><br \/>\nPomagaj\u0105 one zarz\u0105dza\u0107 Uczelni\u0105. Czyni\u0105 przysz\u0142o\u015b\u0107 bardziej realn\u0105. R\u00f3\u017cne warianty przysz\u0142o\u015bci sk\u0142aniaj\u0105 nas do rozwa\u017cania alternatywnych kierunk\u00f3w dzia\u0142ania.&nbsp; Pokazuj\u0105 konsekwencje pewnych dzia\u0142a\u0144 lub ich zaniechania. Pozwalaj\u0105 nabra\u0107 dystansu i my\u015ble\u0107 nieszablonowo.<\/li>\n<\/ul>\n<ul>\n<li><strong class=\"orange\">Opracowali\u015bmy 4 scenariusze. Jak s\u0105 zbudowane?<\/strong><br \/>\nKonstruuj\u0105c scenariusze wybrali\u015bmy 2 kluczowe czynniki:<\/p>\n<ul>\n<li>Poziom stabilno\u015bci zewn\u0119trznych i wewn\u0119trznych regulacji prawnych<\/li>\n<li>Tempo przemian systemu nauki w kierunku modelu uniwersytetu przedsi\u0119biorczego<\/li>\n<\/ul>\n<p>Czynniki te stanowi\u0105 tzw. osie scenariuszy, kt\u00f3re s\u0105 kanw\u0105 do budowania 4 mo\u017cliwych wizji przysz\u0142o\u015bci PB. S\u0105 one zar\u00f3wno wa\u017cne dla rozwoju Politechniki Bia\u0142ostockiej (mog\u0105 mie\u0107 decyduj\u0105cy wp\u0142yw na kierunek rozwoju Uczelni), jak i niepewne (trudno przewidzie\u0107 ich stan za 10 lat, dlatego nale\u017cy rozpatrywa\u0107 je w spos\u00f3b wielowariantowy). 4 scenariusze uwzgl\u0119dniaj\u0105 r\u00f3\u017cne kombinacje stan\u00f3w czynnik\u00f3w b\u0119d\u0105cych ich osiami i r\u00f3\u017cni\u0105 si\u0119 stopniem optymizmu co do przysz\u0142o\u015bci PB.<\/p>\n<p>Nie oceniamy poszczeg\u00f3lnych scenariuszy pod k\u0105tem prawdopodobie\u0144stwa ich zaistnienia. Celem tworzenia tych scenariuszy nie jest bowiem przewidywanie, co stanie si\u0119 z Politechnik\u0105 Bia\u0142ostock\u0105 za 10 lat, lecz nak\u0142onienie do refleksji nad tym, co mo\u017ce&nbsp; si\u0119 sta\u0107.\n<\/li>\n<\/ul>\n<div class=\"h4 green\">ZADANIA KONKURSOWE \u2013 CO NALE\u017bY ZROBI\u0106?<\/div>\n<ul>\n<li>Startujemy 17 stycznia. Przez 4 kolejne dni b\u0119dziemy na naszym profilu FB publikowa\u0107 poszczeg\u00f3lne zadania konkursowe: https:\/\/www.facebook.com\/politechnikabialostocka<\/li>\n<li>Ka\u017cde zadanie dotyczy innego scenariusza rozwoju PB.<\/li>\n<li>Do ka\u017cdego scenariusza nale\u017cy zaproponowa\u0107 nazw\u0119 \u2013 tytu\u0142 scenariusza.<\/li>\n<li>Zadanie zaprezentujemy w formie wideo. Nasi eksperci z Wydzia\u0142u In\u017cynierii Zarz\u0105dzania PB wyja\u015bni\u0105 o co chodzi w danym scenariuszu.<\/li>\n<li>Twoim zadaniem b\u0119dzie zaproponowa\u0107 nazw\u0119 scenariusza rozwoju PB, bior\u0105c pod uwag\u0119 2 czynniki, kt\u00f3re r\u00f3wnie\u017c podamy w wideo.<\/li>\n<li>Propozycj\u0119 nazwy scenariusza nale\u017cy wpisa\u0107 w komentarzu pod postem konkursowym do godz. 23.59 (tego samego dnia).<\/li>\n<li>W przypadku, gdy uczestnicy zaproponuj\u0105 takie same nazwy scenariuszy, liczy si\u0119 kolejno\u015b\u0107 wpisania ich w komentarzu pod postem konkursowym.<\/li>\n<\/ul>\n<p>Dodatkowo, ka\u017cde nowe zadanie w formie pisemnej b\u0119dziemy r\u00f3wnie\u017c zamieszcza\u0107 na stronie uczelnianej.<\/p>\n<div class=\"h4\">Ch\u0119tny na nagrody? Czekaj na pierwsze zadanie! Wygrywaj w konkursie i zosta\u0144 Strategiem PB!<\/div>\n<p>&nbsp;<\/p>\n<p>Zapoznaj si\u0119 z Regulaminem Konkursu: <a class=\"pdf\" title=\"otworzy si\u0119 w nowej karcie\" href=\"https:\/\/pb.edu.pl\/wp-content\/uploads\/2022\/01\/REGULAMIN-KONKURSU_Zostan_Strategiem_PB.pdf\" target=\"_blank\" rel=\"noopener\" data-id=\"66556\">REGULAMIN KONKURSU &#8222;Zosta\u0144 Strategiem PB&#8221; (PDF, wersja dost\u0119pna cyfrowo, 685 KB)<\/a><\/p>\n<p>&nbsp;<\/p>\n<div class=\"h3 orange\" style=\"text-align: center\">ZADANIE KONKURSOWE NR 1<\/div>\n<p><strong>SCENARIUSZ 1<\/strong><\/p>\n<ul>\n<li>Przeczytaj scenariusz 1.<\/li>\n<\/ul>\n<p>Na kszta\u0142t scenariusza 1 mia\u0142y wp\u0142yw nast\u0119puj\u0105ce 2 czynniki:<\/p>\n<ol>\n<li>Tempo przemian systemu nauki w kierunku modelu uniwersytetu przedsi\u0119biorczego \u2013 <strong>WYSOKIE<\/strong><\/li>\n<li>Poziom stabilno\u015bci regulacji prawnych (zewn\u0119trznych i wewn\u0119trznych) &#8211; <strong>WYSOKI<\/strong><\/li>\n<\/ol>\n<ul>\n<li>Zaproponuj nazw\u0119 \u2013 tytu\u0142 scenariusza, kt\u00f3ry w spos\u00f3b zwi\u0119z\u0142y opisuje wizj\u0119 przysz\u0142o\u015bci PB.<\/li>\n<li>Swoj\u0105 propozycj\u0119 wpisz w komentarzu pod postem konkursowym na profilu FB do godz. 23.59.<\/li>\n<\/ul>\n<p>Scenariusz zak\u0142ada wysokie tempo przemian krajowego systemu nauki w kierunku modelu uniwersytetu przedsi\u0119biorczego oraz wysoki poziom stabilno\u015bci zewn\u0119trznych i wewn\u0119trznych regulacji prawnych mi\u0119dzy rokiem 2021 a 2030.<\/p>\n<p>Mamy do czynienia z politycznym konsensusem co do po\u017c\u0105danego kierunku przemian systemu szkolnictwa wy\u017cszego i nauki w Polsce. \u015arodowisko akademickie nie jest zaskakiwane wprowadzanymi chaotycznie i uznaniowo regulacjami, a wszelkie zmiany systemowe s\u0105 zaplanowane i stanowi\u0105 element ca\u0142o\u015bciowej strategii. Taki uk\u0142ad kluczowych czynnik\u00f3w pozwala Politechnice Bia\u0142ostockiej skutecznie wykorzystywa\u0107 swoje szanse rozwojowe, szczeg\u00f3lnie bior\u0105c pod uwag\u0119 systemowe uprzywilejowanie kszta\u0142cenia i bada\u0144 w obszarze nauk stosowanych. Jej system zarz\u0105dczy cechuje si\u0119 umiej\u0119tno\u015bci\u0105 gromadzenia i przetwarzania danych o&nbsp;otoczeniu i sobie samej, odpowiedzialno\u015bci\u0105 spo\u0142eczn\u0105 oraz zdolno\u015bci\u0105 do szybkiej reakcji na&nbsp;zachodz\u0105ce zmiany.<\/p>\n<p>D\u0142ugofalowe cele rozwojowe s\u0105 akceptowane i wspieranie przez spo\u0142eczno\u015b\u0107 akademick\u0105. M\u0105drze stanowione i stabilne prawo uczelniane jest podstaw\u0105 do wszechstronnej aktywno\u015bci i&nbsp;rozwoju pracownik\u00f3w.<\/p>\n<p>W obszarze kszta\u0142cenia, Politechnika konsekwentnie realizuje priorytet, jakim jest kszta\u0142towania wysokiej jako\u015bci, r\u00f3\u017cnorodnej, obejmuj\u0105cej wszystkie formy kszta\u0142cenia i uczenia si\u0119, oferty dydaktycznej, dopasowanej do potrzeb nowoczesnej gospodarki i&nbsp;imperatywu uczenia si\u0119 przez ca\u0142e \u017cycie.<\/p>\n<p>Jako lider technologiczny, odwa\u017cnie wdra\u017ca do nauczania najnowsze rozwi\u0105zania cyfrowej komunikacji i interakcji. W obliczu niekorzystnych zjawisk demograficznych w kraju, Politechnika rozwin\u0119\u0142a dobrze funkcjonuj\u0105ce mechanizmy rekrutacji student\u00f3w zagranicznych na studia pierwszego, drugiego i trzeciego stopnia. J\u0119zyk angielski jest w&nbsp;powszechnym u\u017cyciu na zaj\u0119ciach, w pracach zespo\u0142\u00f3w badawczych oraz w administracji.<\/p>\n<p>Uczelnia mo\u017ce pochwali\u0107 si\u0119 przynajmniej kilkoma obszarami bada\u0144, w kt\u00f3rych jest wiod\u0105cym o\u015brodkiem w&nbsp;kraju i rozpoznawalnym na arenie mi\u0119dzynarodowej. Jest to mo\u017cliwe mi\u0119dzy innymi dzi\u0119ki wsparciu dla tworzenia mi\u0119dzynarodowych, interdyscyplinarnych zespo\u0142\u00f3w badawczych. Politechnika jest znana z tworzenia doskona\u0142ych warunk\u00f3w rozwoju dla ambitnych i kreatywnych student\u00f3w, kt\u00f3rzy w&nbsp;toku nauki oraz po jej uko\u0144czeniu staj\u0105 si\u0119 entuzjastycznymi ambasadorami swojej uczelni.<\/p>\n<p>Stabilno\u015b\u0107 i ciekawe perspektywy to g\u0142\u00f3wne argumenty przy pozyskiwaniu najbardziej obiecuj\u0105cych kandydat\u00f3w do rozpocz\u0119cia kariery naukowej na Politechnice. Uczelnia konkuruje z&nbsp;Jagielloni\u0105 o&nbsp;miano najbardziej rozpoznawalnej marki miasta i regionu.<\/p>\n<p>Dzia\u0142alno\u015b\u0107 edukacyjna, badawcza i&nbsp;innowacyjna Uczelni przyczynia si\u0119 do spowolnienia procesu drena\u017cu m\u00f3zg\u00f3w z regionu, a&nbsp;jednocze\u015bnie sprawia, \u017ce studiami i prac\u0105 na Politechnice Bia\u0142ostockiej interesuj\u0105 si\u0119 osoby r\u00f3wnie\u017c spoza wojew\u00f3dztwa. Innowacyjne przedsi\u0119biorstwa z jednej strony korzystaj\u0105 z potencja\u0142u absolwent\u00f3w i naukowc\u00f3w Politechniki, a z drugiej ch\u0119tnie przeznaczaj\u0105 swoje zasoby na wsp\u00f3lne przedsi\u0119wzi\u0119cia z Politechnik\u0105.<\/p>\n<p>Uniwersytet Medyczny i Uniwersytet w Bia\u0142ymstoku upatruj\u0105 w&nbsp;Politechnice Bia\u0142ostockiej lidera proces\u00f3w integracyjnych bia\u0142ostockich uczelni, z ostatecznym celem utworzenia silnego i dynamicznego o\u015brodka akademickiego nale\u017c\u0105cego do czo\u0142\u00f3wki uniwersytet\u00f3w w basenie Morza Ba\u0142tyckiego i w Europie \u015arodkowo-Wschodniej.<\/p>\n<div class=\"embed-responsive embed-responsive-16by9\"><iframe loading=\"lazy\" title=\"ZADANIE KONKURSOWE NR 1!\" width=\"500\" height=\"281\" src=\"https:\/\/www.youtube.com\/embed\/PN6fNI0wcpM?feature=oembed\" frameborder=\"0\" allow=\"accelerometer; autoplay; clipboard-write; encrypted-media; gyroscope; picture-in-picture; web-share\" referrerpolicy=\"strict-origin-when-cross-origin\" allowfullscreen><\/iframe><\/div>\n<p>&nbsp;<\/p>\n<div class=\"h3 orange\" style=\"text-align: center\">ZADANIE KONKURSOWE NR 2<\/div>\n<p><strong>SCENARIUSZ 2<\/strong><\/p>\n<ul>\n<li>Przeczytaj scenariusz 2.<\/li>\n<\/ul>\n<p>Na kszta\u0142t scenariusza 2 mia\u0142y wp\u0142yw nast\u0119puj\u0105ce 2 czynniki:<\/p>\n<ol>\n<li>Tempo przemian systemu nauki w kierunku modelu uniwersytetu przedsi\u0119biorczego \u2013&nbsp; <strong>WYSOKIE <\/strong><\/li>\n<li>Poziom stabilno\u015bci regulacji prawnych (zewn\u0119trznych i wewn\u0119trznych) &#8211; <strong>NISKI<\/strong><\/li>\n<\/ol>\n<ul>\n<li>Zaproponuj nazw\u0119 \u2013 tytu\u0142 scenariusza, kt\u00f3ry w spos\u00f3b zwi\u0119z\u0142y opisuje wizj\u0119 przysz\u0142o\u015bci PB.<\/li>\n<li>Swoj\u0105 propozycj\u0119 wpisz w komentarzu pod postem konkursowym na profilu FB do godz. 23.59.<\/li>\n<\/ul>\n<p>W tym scenariuszu wysokiemu tempu przemian krajowego systemu nauki w kierunku modelu uniwersytetu przedsi\u0119biorczego towarzyszy niski poziom stabilno\u015bci zewn\u0119trznych i wewn\u0119trznych regulacji prawnych.<\/p>\n<p>Na szczeblu krajowym, w\u0142adze podj\u0119\u0142y decyzj\u0119 o transformacji polskich uczelni wy\u017cszych w uniwersytety przedsi\u0119biorcze. Nie powsta\u0142a jednak mapa drogowa przedstawiaj\u0105ca porz\u0105dek i logik\u0119 planowanych zmian w kolejnych latach. W konsekwencji, w latach 2021-2030 uczelnie s\u0105 zaskakiwane nowymi regulacjami i nie s\u0105 w stanie racjonalnie planowa\u0107 swojego rozwoju.<\/p>\n<p>Polskie szkolnictwo wy\u017csze i nauka pozostaj\u0105 w stanie permanentnej reformy, w kt\u00f3rej systemowe przywileje co i raz uzyskuj\u0105 i trac\u0105 r\u00f3\u017cne dyscypliny oraz o\u015brodki naukowe.<\/p>\n<p>Spo\u0142eczno\u015b\u0107 Politechniki Bia\u0142ostockiej zrozumia\u0142a, \u017ce w obecnych realiach jedynym wyj\u015bciem jest ucieczka do przodu: dywersyfikacja \u017ar\u00f3de\u0142 finansowania, elastyczna struktura organizacyjna i \u201ezwinny\u201d system zarz\u0105dzania pozwalaj\u0105cy szybko wykorzystywa\u0107 okazje zar\u00f3wno na rynku edukacyjnym, jak i w badaniach naukowych.<\/p>\n<p>Uczelnia postawi\u0142a na pozyskiwanie i promocj\u0119 lider\u00f3w naukowych zdolnych do prowadzenia bada\u0144 na \u015bwiatowym poziomie, oferuj\u0105c im atrakcyjne warunki finansowe i laboratoryjne. W po\u0142\u0105czeniu z walorami miasta i regionu jako miejsca przyjaznego do \u017cycia, starania te zaczynaj\u0105 przynosi\u0107 pierwsze owoce. Coraz wi\u0119kszy nacisk k\u0142adziony jest na projektowy styl pracy.<\/p>\n<p>Procesy demograficzne zaostrzaj\u0105 konkurencj\u0119 o kandydat\u00f3w na studia. Liczba student\u00f3w wyra\u017anie spada, co skutkuje wygaszeniem niekt\u00f3rych kierunk\u00f3w i trudnymi decyzjami kadrowymi.<\/p>\n<p>Uczelnia stara si\u0119 przyci\u0105gn\u0105\u0107 kandydat\u00f3w o jak najwi\u0119kszym potencjale intelektualnym. Pozycjonuje si\u0119 na rynku edukacyjnym jako o\u015brodek wymagaj\u0105cy, lecz gwarantuj\u0105cy najwy\u017cszej jako\u015bci, elitarne, wykszta\u0142cenie. Politechnika nie szcz\u0119dzi \u015brodk\u00f3w na pr\u00f3by budowania mi\u0119dzynarodowych konsorcj\u00f3w projektowych oraz wspiera interdyscyplinarne zespo\u0142y badawcze.<\/p>\n<p>Niestety, niestabilno\u015b\u0107 regulacji ogranicza skuteczno\u015b\u0107 tych dzia\u0142a\u0144, szczeg\u00f3lnie w zakresie pozyskiwania student\u00f3w i naukowc\u00f3w z zagranicy.<\/p>\n<div class=\"embed-responsive embed-responsive-16by9\"><iframe loading=\"lazy\" title=\"ZADANIE KONKURSOWE NR 2!\" width=\"500\" height=\"281\" src=\"https:\/\/www.youtube.com\/embed\/S95rugSnc0U?feature=oembed\" frameborder=\"0\" allow=\"accelerometer; autoplay; clipboard-write; encrypted-media; gyroscope; picture-in-picture; web-share\" referrerpolicy=\"strict-origin-when-cross-origin\" allowfullscreen><\/iframe><\/div>\n<p>&nbsp;<\/p>\n<div class=\"h3 orange\" style=\"text-align: center\">ZADANIE KONKURSOWE NR 3<\/div>\n<p><strong>SCENARIUSZ 3<\/strong><\/p>\n<ul>\n<li>Przeczytaj scenariusz 3.<\/li>\n<\/ul>\n<p>Na kszta\u0142t scenariusza 3 mia\u0142y wp\u0142yw nast\u0119puj\u0105ce 2 czynniki:<\/p>\n<ol>\n<li>Tempo przemian systemu nauki w kierunku modelu uniwersytetu przedsi\u0119biorczego &#8211; <strong>NISKIE <\/strong><\/li>\n<li>Poziom stabilno\u015bci regulacji prawnych (zewn\u0119trznych i wewn\u0119trznych) &#8211; <strong>NISKI<\/strong><\/li>\n<\/ol>\n<ul>\n<li>Zaproponuj nazw\u0119 \u2013 tytu\u0142 scenariusza, kt\u00f3ry w spos\u00f3b zwi\u0119z\u0142y opisuje wizj\u0119 przysz\u0142o\u015bci PB.<\/li>\n<li>Swoj\u0105 propozycj\u0119 wpisz w komentarzu pod postem konkursowym na profilu FB do godz. 23.59.<\/li>\n<\/ul>\n<p>Wed\u0142ug tego scenariusza, w latach 2021-2030 tempo przemian krajowego systemu nauki w kierunku modelu uniwersytetu przedsi\u0119biorczego jest niskie. Niska jest te\u017c stabilno\u015b\u0107 regulacji prawnych na&nbsp;poziomie pa\u0144stwa, co poci\u0105ga za sob\u0105 chaos w prawodawstwie uczelnianym.<\/p>\n<p>Kolejnym falom epidemii koronawirusa towarzysz\u0105 cz\u0119ste i niezapowiedziane zmiany przepis\u00f3w w wielu dziedzinach \u017cycia, r\u00f3wnie\u017c w szkolnictwie wy\u017cszym. Zmiany te, jednak, podyktowane s\u0105 dora\u017anymi, kr\u00f3tkoterminowymi celami cz\u0119sto zmieniaj\u0105cych si\u0119 u w\u0142adzy grup interesu.<\/p>\n<p>Niestety, skuteczno\u015b\u0107 polityk\u00f3w z naszego regionu jest niska i Politechnika Bia\u0142ostocka nie otrzymuje takiego politycznego wsparcia, na kt\u00f3re mog\u0105 liczy\u0107 uczelnie z innych cz\u0119\u015bci Polski. W warunkach kurcz\u0105cych si\u0119 zasob\u00f3w i&nbsp;konkurencji innych o\u015brodk\u00f3w, Politechnika Bia\u0142ostocka nie jest w stanie przekona\u0107 potencjalnych kandydat\u00f3w o warto\u015bci jej dyplomu. Skutkuje to porzuceniem plan\u00f3w zdobycia wy\u017cszego wykszta\u0142cenia na Politechnice przez cz\u0119\u015b\u0107 absolwent\u00f3w szk\u00f3\u0142 \u015brednich. Spora cz\u0119\u015b\u0107, natomiast, wybiera kszta\u0142cenie zdalne oferowane przez wiod\u0105ce o\u015brodki krajowe i zagraniczne.<\/p>\n<p>Liczba student\u00f3w na Uczelni maleje z roku na rok. Brakuje \u015brodk\u00f3w na rozwojowe i odtworzeniowe inwestycje w&nbsp;infrastruktur\u0119 naukowo-badawcz\u0105. \u015awiatowy kryzys dotyka r\u00f3wnie\u017c gospodark\u0119 regionu. Przedsi\u0119biorstwa przechodz\u0105 w tryb przetrwania, trac\u0105 zainteresowanie absolwentami Politechniki Bia\u0142ostockiej oraz inwestycjami w dzia\u0142alno\u015b\u0107 badawczo-rozwojow\u0105 i innowacyjn\u0105.<\/p>\n<p>Brak przyjaznych ram prawnych i systemowych zach\u0119t sprawia, \u017ce uczelnia nie jest w stanie rozwija\u0107 relacji z otoczeniem spo\u0142eczno-gospodarczym. Rzeczywisto\u015b\u0107 spo\u0142eczna post-prawdy podkopuje autorytet wiedzy naukowej oraz powoduje dalsz\u0105 erozj\u0119 presti\u017cu zawodu naukowca i nauczyciela.<\/p>\n<p>W\u0142adze uczelni upatruj\u0105 ratunku przed dalsz\u0105 degeneracj\u0105 akademick\u0105 i ruin\u0105 finansow\u0105 w silnej integracji z&nbsp;pozosta\u0142ymi bia\u0142ostockimi uczelniami. Niestety, nie s\u0105 one zainteresowane, widz\u0105c w&nbsp;Politechnice niepotrzebny balast, a nie \u017ar\u00f3d\u0142o szans rozwojowych. Realna staje si\u0119 perspektywa utrata uprawnie\u0144 akademickich i przekszta\u0142cenia Politechniki w uczelni\u0119 zawodow\u0105.<\/p>\n<div class=\"embed-responsive embed-responsive-16by9\"><iframe loading=\"lazy\" title=\"ZADANIE KONKURSOWE NR 3!\" width=\"500\" height=\"281\" src=\"https:\/\/www.youtube.com\/embed\/WNi4UzHUFTI?feature=oembed\" frameborder=\"0\" allow=\"accelerometer; autoplay; clipboard-write; encrypted-media; gyroscope; picture-in-picture; web-share\" referrerpolicy=\"strict-origin-when-cross-origin\" allowfullscreen><\/iframe><\/div>\n<p>&nbsp;<\/p>\n<div class=\"h3 orange\" style=\"text-align: center\">ZADANIE KONKURSOWE NR 4<\/div>\n<p><strong>SCENARIUSZ 4<\/strong><\/p>\n<ul>\n<li>Przeczytaj scenariusz 4<\/li>\n<\/ul>\n<p>Na kszta\u0142t scenariusza 4 mia\u0142y wp\u0142yw nast\u0119puj\u0105ce 2 czynniki:<\/p>\n<ol>\n<li>Tempo przemian systemu nauki w kierunku modelu uniwersytetu przedsi\u0119biorczego \u2013 <strong>NISKIE <\/strong><\/li>\n<li>Poziom stabilno\u015bci regulacji prawnych (zewn\u0119trznych i wewn\u0119trznych) <strong>\u2013 WYSOKIE<\/strong><\/li>\n<\/ol>\n<ul>\n<li>Zaproponuj nazw\u0119 \u2013 tytu\u0142 scenariusza, kt\u00f3ry w spos\u00f3b zwi\u0119z\u0142y opisuje wizj\u0119 przysz\u0142o\u015bci PB.<\/li>\n<li>Swoj\u0105 propozycj\u0119 wpisz w komentarzu pod postem konkursowym na profilu FB do godz. 23.59.<\/li>\n<\/ul>\n<p>Rozw\u00f3j wed\u0142ug tego scenariusza odbywa si\u0119 w warunkach niskiego tempa przemian krajowego systemu nauki w kierunku modelu uniwersytetu przedsi\u0119biorczego przy jednoczesnym wysokim poziomie stabilno\u015bci zewn\u0119trznych i wewn\u0119trznych regulacji prawnych.<\/p>\n<p>Okres kilkunastu lat przed rokiem 2030 nie przynosi istotnych zmian w pozycji polskiej nauki na arenie mi\u0119dzynarodowej. Mimo to, najbardziej wp\u0142ywowe krajowe podmioty sektora nauki i szkolnictwa wy\u017cszego popieraj\u0105 obowi\u0105zuj\u0105ce od prawie dekady regu\u0142y finansowania bada\u0144, zarz\u0105dzania uczelniami oraz zasad awansu naukowego.<\/p>\n<p>Model uniwersytetu przedsi\u0119biorczego nie jest po\u017c\u0105danych przez najwa\u017cniejsze uczelnie i nie jest te\u017c propagowany przez w\u0142adze. Politechnika Bia\u0142ostocka, jako uczelnia o randze regionalnej, b\u0119d\u0105ca poza czo\u0142\u00f3wk\u0105 krajow\u0105, nie ma wp\u0142ywu na kszta\u0142t systemu oraz nie jest jego g\u0142\u00f3wnym beneficjentem. Niemniej jednak, Uczelnia stara si\u0119 jak najlepiej przystosowa\u0107 do istniej\u0105cych uwarunkowa\u0144, poszukuje korzy\u015bci w zastanym systemie.<\/p>\n<p>Mimo, \u017ce Politechnice nie grozi bankructwo, to dost\u0119pne \u015brodki nie pozwalaj\u0105 na istotny rozw\u00f3j bazy materialnej, w tym infrastruktury naukowo-badawczej. Nie umo\u017cliwiaj\u0105 te\u017c oferowania rynkowo atrakcyjnych wynagrodze\u0144 zach\u0119caj\u0105cych osoby z najwi\u0119kszymi predyspozycjami do obrania naukowej \u015bcie\u017cki kariery.<\/p>\n<p>Pomimo ograniczonych zasob\u00f3w, Politechnika podejmuje kreatywne starania w kierunku podwy\u017cszania jako\u015bci dzia\u0142alno\u015bci naukowej i dydaktycznej. Najwi\u0119ksz\u0105 warto\u015bci\u0105 Uczelni s\u0105 niezmiennie pracownicy, kt\u00f3rzy utrzymuj\u0105 motywacj\u0119 i poczucie misji pomimo ma\u0142o sprzyjaj\u0105cych tendencji rozwojowych.<\/p>\n<p> Politechnika podejmuje wysi\u0142ki na rzecz zacie\u015bnienia zwi\u0105zk\u00f3w z otoczeniem spo\u0142eczno-gospodarczym, komercjalizacji wynik\u00f3w bada\u0144 i realizacji zada\u0144 na rzecz rozwoju regionu, jednak przestarza\u0142e rozwi\u0105zania organizacyjne i biurokratyczne oraz skomplikowane przepisy nie pozwalaj\u0105 w pe\u0142ni wykorzysta\u0107 potencja\u0142u tej wsp\u00f3\u0142pracy.<\/p>\n<div class=\"embed-responsive embed-responsive-16by9\"><iframe loading=\"lazy\" title=\"ZADANIE KONKURSOWE NR 4!\" width=\"500\" height=\"281\" src=\"https:\/\/www.youtube.com\/embed\/WovdSCyUqJc?feature=oembed\" frameborder=\"0\" allow=\"accelerometer; autoplay; clipboard-write; encrypted-media; gyroscope; picture-in-picture; web-share\" referrerpolicy=\"strict-origin-when-cross-origin\" allowfullscreen><\/iframe><\/div>\n<p>&nbsp;<br \/>\n&nbsp;<br \/>\n<img loading=\"lazy\" decoding=\"async\" class=\"aligncenter size-full wp-image-43\" src=\"https:\/\/pb.edu.pl\/strategiarozwoju\/wp-content\/uploads\/sites\/68\/2021\/05\/strzalki.jpg\" alt=\"strza\u0142ki\" width=\"700\" height=\"186\" srcset=\"https:\/\/pb.edu.pl\/strategiarozwoju\/wp-content\/uploads\/sites\/68\/2021\/05\/strzalki.jpg 700w, https:\/\/pb.edu.pl\/strategiarozwoju\/wp-content\/uploads\/sites\/68\/2021\/05\/strzalki-300x80.jpg 300w\" sizes=\"auto, (max-width: 700px) 100vw, 700px\" \/><br \/>\n&nbsp;<\/p>\n","protected":false},"excerpt":{"rendered":"<p>&nbsp; 2. Laureaci konkursu \u201eZosta\u0144 Strategiem PB\u201d &nbsp; Pracujemy nad uzupe\u0142nieniem Strategii Rozwoju Politechniki Bia\u0142ostockiej<\/p>\n","protected":false},"author":2,"featured_media":0,"parent":344,"menu_order":2,"comment_status":"closed","ping_status":"closed","template":"templates\/dzial.php","meta":{"_acf_changed":false,"ngg_post_thumbnail":0,"footnotes":""},"class_list":["post-565","page","type-page","status-publish","hentry"],"acf":[],"_links":{"self":[{"href":"https:\/\/pb.edu.pl\/strategiarozwoju\/wp-json\/wp\/v2\/pages\/565","targetHints":{"allow":["GET"]}}],"collection":[{"href":"https:\/\/pb.edu.pl\/strategiarozwoju\/wp-json\/wp\/v2\/pages"}],"about":[{"href":"https:\/\/pb.edu.pl\/strategiarozwoju\/wp-json\/wp\/v2\/types\/page"}],"author":[{"embeddable":true,"href":"https:\/\/pb.edu.pl\/strategiarozwoju\/wp-json\/wp\/v2\/users\/2"}],"replies":[{"embeddable":true,"href":"https:\/\/pb.edu.pl\/strategiarozwoju\/wp-json\/wp\/v2\/comments?post=565"}],"version-history":[{"count":0,"href":"https:\/\/pb.edu.pl\/strategiarozwoju\/wp-json\/wp\/v2\/pages\/565\/revisions"}],"up":[{"embeddable":true,"href":"https:\/\/pb.edu.pl\/strategiarozwoju\/wp-json\/wp\/v2\/pages\/344"}],"wp:attachment":[{"href":"https:\/\/pb.edu.pl\/strategiarozwoju\/wp-json\/wp\/v2\/media?parent=565"}],"curies":[{"name":"wp","href":"https:\/\/api.w.org\/{rel}","templated":true}]}}