{"id":518,"date":"2023-01-03T16:09:29","date_gmt":"2023-01-03T15:09:29","guid":{"rendered":"https:\/\/pb.edu.pl\/strategiarozwoju\/?page_id=518"},"modified":"2025-10-16T19:08:21","modified_gmt":"2025-10-16T17:08:21","slug":"strategia-rozwoju-pb-2021-2024","status":"publish","type":"page","link":"https:\/\/pb.edu.pl\/strategiarozwoju\/strategia-rozwoju-pb-2021-2024\/","title":{"rendered":"Strategia Rozwoju Politechniki Bia\u0142ostockiej 2021-2024"},"content":{"rendered":"<div class=\"green medium size-30\">Strategia Rozwoju Politechniki Bia\u0142ostockiej<\/div>\n<div class=\"buttons\"><a class=\"button bg-orange medium size-24 text-center no-icon\" href=\"https:\/\/pb.edu.pl\/strategiarozwoju\/wp-content\/uploads\/sites\/68\/2023\/01\/Strategia-Rozwoju-Politechniki-Bialostockiej-na-lata-2021-2024-z-perspektywa-przedluzenia-do-roku-2030.pdf\" target=\"_blank\" rel=\"noopener\">Strategia Rozwoju Politechniki Bia\u0142ostockiej 2021-2024<br \/>z perspektyw\u0105 przed\u0142u\u017cenia do 2030<br \/><span style=\"font-weight:300\">(PDF, 1 MB, otworzy si\u0119 w nowej karcie)<\/span><\/a><\/div>\n","protected":false},"excerpt":{"rendered":"<p>Strategia Rozwoju Politechniki Bia\u0142ostockiej Strategia Rozwoju Politechniki Bia\u0142ostockiej 2021-2024z perspektyw\u0105 przed\u0142u\u017cenia do 2030(PDF, 1 MB,<\/p>\n","protected":false},"author":2,"featured_media":0,"parent":0,"menu_order":0,"comment_status":"closed","ping_status":"closed","template":"templates\/dzial.php","meta":{"_acf_changed":false,"ngg_post_thumbnail":0,"footnotes":""},"class_list":["post-518","page","type-page","status-publish","hentry"],"acf":[],"_links":{"self":[{"href":"https:\/\/pb.edu.pl\/strategiarozwoju\/wp-json\/wp\/v2\/pages\/518","targetHints":{"allow":["GET"]}}],"collection":[{"href":"https:\/\/pb.edu.pl\/strategiarozwoju\/wp-json\/wp\/v2\/pages"}],"about":[{"href":"https:\/\/pb.edu.pl\/strategiarozwoju\/wp-json\/wp\/v2\/types\/page"}],"author":[{"embeddable":true,"href":"https:\/\/pb.edu.pl\/strategiarozwoju\/wp-json\/wp\/v2\/users\/2"}],"replies":[{"embeddable":true,"href":"https:\/\/pb.edu.pl\/strategiarozwoju\/wp-json\/wp\/v2\/comments?post=518"}],"version-history":[{"count":0,"href":"https:\/\/pb.edu.pl\/strategiarozwoju\/wp-json\/wp\/v2\/pages\/518\/revisions"}],"wp:attachment":[{"href":"https:\/\/pb.edu.pl\/strategiarozwoju\/wp-json\/wp\/v2\/media?parent=518"}],"curies":[{"name":"wp","href":"https:\/\/api.w.org\/{rel}","templated":true}]}}