{"id":49,"date":"2021-05-25T18:13:17","date_gmt":"2021-05-25T16:13:17","guid":{"rendered":"https:\/\/pb.edu.pl\/strategiarozwoju\/?page_id=49"},"modified":"2021-09-16T22:31:19","modified_gmt":"2021-09-16T20:31:19","slug":"etap-2-kierunki-dzialan-strategicznych","status":"publish","type":"page","link":"https:\/\/pb.edu.pl\/strategiarozwoju\/etap-2-kierunki-dzialan-strategicznych\/","title":{"rendered":"Etap 2: Kierunki dzia\u0142a\u0144 strategicznych"},"content":{"rendered":"<p><img loading=\"lazy\" decoding=\"async\" class=\"aligncenter size-full wp-image-51 fototop\" src=\"https:\/\/pb.edu.pl\/strategiarozwoju\/wp-content\/uploads\/sites\/68\/2021\/05\/header-etap2.jpg\" alt=\"ustawianie drewnianych klock\u00f3w\" width=\"1140\" height=\"539\" srcset=\"https:\/\/pb.edu.pl\/strategiarozwoju\/wp-content\/uploads\/sites\/68\/2021\/05\/header-etap2.jpg 1140w, https:\/\/pb.edu.pl\/strategiarozwoju\/wp-content\/uploads\/sites\/68\/2021\/05\/header-etap2-300x142.jpg 300w, https:\/\/pb.edu.pl\/strategiarozwoju\/wp-content\/uploads\/sites\/68\/2021\/05\/header-etap2-1024x484.jpg 1024w, https:\/\/pb.edu.pl\/strategiarozwoju\/wp-content\/uploads\/sites\/68\/2021\/05\/header-etap2-768x363.jpg 768w\" sizes=\"auto, (max-width: 1140px) 100vw, 1140px\" \/><\/p>\n<div class=\"green medium size-30\"><span class=\"orange\">Etap 2:<\/span> Kierunki dzia\u0142a\u0144 strategicznych<\/div>\n<p>&nbsp;<br \/>\nEtap ten b\u0119dzie sk\u0142ada\u0142 si\u0119 z trzech zda\u0144, kt\u00f3re <strong>mog\u0105 by\u0107 prowadzone r\u00f3wnolegle (kolejno\u015b\u0107 jest dowolna, w tym dokumencie zosta\u0142a przyj\u0119ta arbitralnie)<\/strong>:<br \/>\n&nbsp;<br \/>\n\n      <a href=\"https:\/\/pb.edu.pl\/strategiarozwoju\/etap-2-kierunki-dzialan-strategicznych\/zadanie-4\/\" target=\"\" class=\"button_strategia\">\n      <span class=\"button_strategia-number\">\n        Zadanie        <span>4<\/span>\n      <\/span>\n      <span class=\"button_strategia-text\">\n        OPRACOWANIE SCENARIUSZY ROZWOJU PB      <\/span>\n    <\/a>\n      <a href=\"https:\/\/pb.edu.pl\/strategiarozwoju\/etap-2-kierunki-dzialan-strategicznych\/zadanie-5\/\" target=\"\" class=\"button_strategia\">\n      <span class=\"button_strategia-number\">\n        Zadanie        <span>5<\/span>\n      <\/span>\n      <span class=\"button_strategia-text\">\n        ZEBRANIE OPINII PRACOWNIK\u00d3W<br>NA TEMAT WIZJI i MISJI PB      <\/span>\n    <\/a>\n      <a href=\"https:\/\/pb.edu.pl\/strategiarozwoju\/etap-2-kierunki-dzialan-strategicznych\/zadanie-6\/\" target=\"\" class=\"button_strategia\">\n      <span class=\"button_strategia-number\">\n        Zadanie        <span>6<\/span>\n      <\/span>\n      <span class=\"button_strategia-text\">\n        BADANIE WP\u0141YWU PANDEMII NA CELE STRATEGICZNE      <\/span>\n    <\/a>\n  \n","protected":false},"excerpt":{"rendered":"<p>Etap 2: Kierunki dzia\u0142a\u0144 strategicznych &nbsp; Etap ten b\u0119dzie sk\u0142ada\u0142 si\u0119 z trzech zda\u0144, kt\u00f3re<\/p>\n","protected":false},"author":2,"featured_media":0,"parent":0,"menu_order":5,"comment_status":"closed","ping_status":"closed","template":"templates\/dzial.php","meta":{"_acf_changed":false,"ngg_post_thumbnail":0,"footnotes":""},"class_list":["post-49","page","type-page","status-publish","hentry"],"acf":[],"_links":{"self":[{"href":"https:\/\/pb.edu.pl\/strategiarozwoju\/wp-json\/wp\/v2\/pages\/49","targetHints":{"allow":["GET"]}}],"collection":[{"href":"https:\/\/pb.edu.pl\/strategiarozwoju\/wp-json\/wp\/v2\/pages"}],"about":[{"href":"https:\/\/pb.edu.pl\/strategiarozwoju\/wp-json\/wp\/v2\/types\/page"}],"author":[{"embeddable":true,"href":"https:\/\/pb.edu.pl\/strategiarozwoju\/wp-json\/wp\/v2\/users\/2"}],"replies":[{"embeddable":true,"href":"https:\/\/pb.edu.pl\/strategiarozwoju\/wp-json\/wp\/v2\/comments?post=49"}],"version-history":[{"count":0,"href":"https:\/\/pb.edu.pl\/strategiarozwoju\/wp-json\/wp\/v2\/pages\/49\/revisions"}],"wp:attachment":[{"href":"https:\/\/pb.edu.pl\/strategiarozwoju\/wp-json\/wp\/v2\/media?parent=49"}],"curies":[{"name":"wp","href":"https:\/\/api.w.org\/{rel}","templated":true}]}}