{"id":37,"date":"2021-05-25T11:51:10","date_gmt":"2021-05-25T09:51:10","guid":{"rendered":"https:\/\/pb.edu.pl\/strategiarozwoju\/?page_id=37"},"modified":"2021-09-16T22:25:24","modified_gmt":"2021-09-16T20:25:24","slug":"etap-1-diagnoza-stanu-istniejacego","status":"publish","type":"page","link":"https:\/\/pb.edu.pl\/strategiarozwoju\/etap-1-diagnoza-stanu-istniejacego\/","title":{"rendered":"Etap 1: Diagnoza stanu istniej\u0105cego"},"content":{"rendered":"<p><img loading=\"lazy\" decoding=\"async\" class=\"aligncenter size-full wp-image-41 fototop\" src=\"https:\/\/pb.edu.pl\/strategiarozwoju\/wp-content\/uploads\/sites\/68\/2021\/05\/header-etap1.jpg\" alt=\"monitor\" width=\"1140\" height=\"539\" srcset=\"https:\/\/pb.edu.pl\/strategiarozwoju\/wp-content\/uploads\/sites\/68\/2021\/05\/header-etap1.jpg 1140w, https:\/\/pb.edu.pl\/strategiarozwoju\/wp-content\/uploads\/sites\/68\/2021\/05\/header-etap1-300x142.jpg 300w, https:\/\/pb.edu.pl\/strategiarozwoju\/wp-content\/uploads\/sites\/68\/2021\/05\/header-etap1-1024x484.jpg 1024w, https:\/\/pb.edu.pl\/strategiarozwoju\/wp-content\/uploads\/sites\/68\/2021\/05\/header-etap1-768x363.jpg 768w\" sizes=\"auto, (max-width: 1140px) 100vw, 1140px\" \/><\/p>\n<div class=\"green medium size-30\"><span class=\"orange\">Etap 1:<\/span> Diagnoza stanu istniej\u0105cego<\/div>\n<p>&nbsp;<br \/>\nDiagnoza b\u0119dzie sk\u0142ada\u0142a si\u0119 z trzech nast\u0119puj\u0105cych po sobie zada\u0144:<br \/>\n&nbsp;<br \/>\n\n      <a href=\"https:\/\/pb.edu.pl\/strategiarozwoju\/etap-1-diagnoza-stanu-istniejacego\/zadanie-1\/\" target=\"\" class=\"button_strategia\">\n      <span class=\"button_strategia-number\">\n        Zadanie        <span>1<\/span>\n      <\/span>\n      <span class=\"button_strategia-text\">\n        CHARAKTERYSTYKA PB      <\/span>\n    <\/a>\n      <a href=\"https:\/\/pb.edu.pl\/strategiarozwoju\/etap-1-diagnoza-stanu-istniejacego\/zadanie-2\/\" target=\"\" class=\"button_strategia\">\n      <span class=\"button_strategia-number\">\n        Zadanie        <span>2<\/span>\n      <\/span>\n      <span class=\"button_strategia-text\">\n        IDENTYFIKACJA G\u0141\u00d3WNYCH<br>SI\u0141 NAP\u0118DOWYCH ROZWOJU PB      <\/span>\n    <\/a>\n      <a href=\"https:\/\/pb.edu.pl\/strategiarozwoju\/etap-1-diagnoza-stanu-istniejacego\/zadanie-3\/\" target=\"\" class=\"button_strategia\">\n      <span class=\"button_strategia-number\">\n        Zadanie        <span>3<\/span>\n      <\/span>\n      <span class=\"button_strategia-text\">\n        ANALIZA OTOCZENIA ORGANIZACJI<br>ORAZ JEJ SILNYCH I S\u0141ABYCH STRON      <\/span>\n    <\/a>\n  \n","protected":false},"excerpt":{"rendered":"<p>Etap 1: Diagnoza stanu istniej\u0105cego &nbsp; Diagnoza b\u0119dzie sk\u0142ada\u0142a si\u0119 z trzech nast\u0119puj\u0105cych po sobie<\/p>\n","protected":false},"author":2,"featured_media":0,"parent":0,"menu_order":4,"comment_status":"closed","ping_status":"closed","template":"templates\/dzial.php","meta":{"_acf_changed":false,"ngg_post_thumbnail":0,"footnotes":""},"class_list":["post-37","page","type-page","status-publish","hentry"],"acf":[],"_links":{"self":[{"href":"https:\/\/pb.edu.pl\/strategiarozwoju\/wp-json\/wp\/v2\/pages\/37","targetHints":{"allow":["GET"]}}],"collection":[{"href":"https:\/\/pb.edu.pl\/strategiarozwoju\/wp-json\/wp\/v2\/pages"}],"about":[{"href":"https:\/\/pb.edu.pl\/strategiarozwoju\/wp-json\/wp\/v2\/types\/page"}],"author":[{"embeddable":true,"href":"https:\/\/pb.edu.pl\/strategiarozwoju\/wp-json\/wp\/v2\/users\/2"}],"replies":[{"embeddable":true,"href":"https:\/\/pb.edu.pl\/strategiarozwoju\/wp-json\/wp\/v2\/comments?post=37"}],"version-history":[{"count":0,"href":"https:\/\/pb.edu.pl\/strategiarozwoju\/wp-json\/wp\/v2\/pages\/37\/revisions"}],"wp:attachment":[{"href":"https:\/\/pb.edu.pl\/strategiarozwoju\/wp-json\/wp\/v2\/media?parent=37"}],"curies":[{"name":"wp","href":"https:\/\/api.w.org\/{rel}","templated":true}]}}