{"id":354,"date":"2021-09-16T16:29:01","date_gmt":"2021-09-16T14:29:01","guid":{"rendered":"https:\/\/pb.edu.pl\/strategiarozwoju\/?page_id=354"},"modified":"2021-09-16T16:52:58","modified_gmt":"2021-09-16T14:52:58","slug":"zadanie-6","status":"publish","type":"page","link":"https:\/\/pb.edu.pl\/strategiarozwoju\/etap-2-kierunki-dzialan-strategicznych\/zadanie-6\/","title":{"rendered":"Zadanie 6: BADANIE WP\u0141YWU PANDEMII NA CELE STRATEGICZNE"},"content":{"rendered":"<p>&nbsp;<\/p>\n<div class=\"green bold size-24\"><span class=\"orange\">Zadanie 6:<\/span> BADANIE WP\u0141YWU PANDEMII NA CELE STRATEGICZNE<\/div>\n<p>&nbsp;<\/p>\n<div class=\"text-center\">\n<div class=\"medium size-16\"><span class=\"green2 bold size-18\">Wykonawcy:<\/span> zesp\u00f3\u0142 I, II i III<\/div>\n<div class=\"medium size-16\"><span class=\"green2 bold size-18\">Metoda:<\/span> <strong>futures wheel<\/strong><\/div>\n<p>&nbsp;<br \/>\nB\u0119dzie si\u0119 koncertowa\u0142o na przenalizowaniu wp\u0142ywu pandemii na realizacj\u0119 cel\u00f3w g\u0142\u00f3wnych strategii.<br \/>\nZostanie tutaj wykorzystana metoda futrures wheel, kt\u00f3ra umo\u017cliwia zidentyfikowanie bezpo\u015brednich oraz po\u015brednich konsekwencji wyst\u0119puj\u0105cego zdarzenia (w tym przypadku pandemii). Narz\u0119dzie to umo\u017cliwia poszerzenie percepcji na temat szerokiego wachlarza mo\u017cliwych kierunk\u00f3w rozwoju w przysz\u0142o\u015bci, oferuj\u0105c perspektyw\u0119 \u015bwiadomej przysz\u0142o\u015bci.<br \/>\n&nbsp;<br \/>\n&nbsp;<br \/>\n<img loading=\"lazy\" decoding=\"async\" class=\"aligncenter size-full wp-image-43\" src=\"https:\/\/pb.edu.pl\/strategiarozwoju\/wp-content\/uploads\/sites\/68\/2021\/05\/strzalki.jpg\" alt=\"strza\u0142ki\" width=\"700\" height=\"186\" srcset=\"https:\/\/pb.edu.pl\/strategiarozwoju\/wp-content\/uploads\/sites\/68\/2021\/05\/strzalki.jpg 700w, https:\/\/pb.edu.pl\/strategiarozwoju\/wp-content\/uploads\/sites\/68\/2021\/05\/strzalki-300x80.jpg 300w\" sizes=\"auto, (max-width: 700px) 100vw, 700px\" \/>\n<\/div>\n<p>&nbsp;<\/p>\n","protected":false},"excerpt":{"rendered":"<p>&nbsp; Zadanie 6: BADANIE WP\u0141YWU PANDEMII NA CELE STRATEGICZNE &nbsp; Wykonawcy: zesp\u00f3\u0142 I, II i<\/p>\n","protected":false},"author":2,"featured_media":0,"parent":49,"menu_order":3,"comment_status":"closed","ping_status":"closed","template":"templates\/dzial.php","meta":{"_acf_changed":false,"ngg_post_thumbnail":0,"footnotes":""},"class_list":["post-354","page","type-page","status-publish","hentry"],"acf":[],"_links":{"self":[{"href":"https:\/\/pb.edu.pl\/strategiarozwoju\/wp-json\/wp\/v2\/pages\/354","targetHints":{"allow":["GET"]}}],"collection":[{"href":"https:\/\/pb.edu.pl\/strategiarozwoju\/wp-json\/wp\/v2\/pages"}],"about":[{"href":"https:\/\/pb.edu.pl\/strategiarozwoju\/wp-json\/wp\/v2\/types\/page"}],"author":[{"embeddable":true,"href":"https:\/\/pb.edu.pl\/strategiarozwoju\/wp-json\/wp\/v2\/users\/2"}],"replies":[{"embeddable":true,"href":"https:\/\/pb.edu.pl\/strategiarozwoju\/wp-json\/wp\/v2\/comments?post=354"}],"version-history":[{"count":0,"href":"https:\/\/pb.edu.pl\/strategiarozwoju\/wp-json\/wp\/v2\/pages\/354\/revisions"}],"up":[{"embeddable":true,"href":"https:\/\/pb.edu.pl\/strategiarozwoju\/wp-json\/wp\/v2\/pages\/49"}],"wp:attachment":[{"href":"https:\/\/pb.edu.pl\/strategiarozwoju\/wp-json\/wp\/v2\/media?parent=354"}],"curies":[{"name":"wp","href":"https:\/\/api.w.org\/{rel}","templated":true}]}}