{"id":344,"date":"2021-09-16T16:18:31","date_gmt":"2021-09-16T14:18:31","guid":{"rendered":"https:\/\/pb.edu.pl\/strategiarozwoju\/?page_id=344"},"modified":"2023-01-14T21:57:40","modified_gmt":"2023-01-14T20:57:40","slug":"zadanie-4","status":"publish","type":"page","link":"https:\/\/pb.edu.pl\/strategiarozwoju\/etap-2-kierunki-dzialan-strategicznych\/zadanie-4\/","title":{"rendered":"Zadanie 4: OPRACOWANIE SCENARIUSZY ROZWOJU PB"},"content":{"rendered":"<p>&nbsp;<\/p>\n<div class=\"green bold size-24\"><span class=\"orange\">Zadanie 4:<\/span> OPRACOWANIE SCENARIUSZY ROZWOJU PB<\/div>\n<p>&nbsp;<br \/>\n\n      <a href=\"\/strategiarozwoju\/etap-2-kierunki-dzialan-strategicznych\/zadanie-4\/w-nurcie-badan-foresight\/\" target=\"\" class=\"button_strategia\">\n      <span class=\"button_strategia-number\">\n                <span>1<\/span>\n      <\/span>\n      <span class=\"button_strategia-text\">\n        W  nurcie bada\u0144 Foresight      <\/span>\n    <\/a>\n      <a href=\"\/strategiarozwoju\/etap-2-kierunki-dzialan-strategicznych\/zadanie-4\/laureaci-konkursu-zostan-strategiem-pb\/\" target=\"\" class=\"button_strategia\">\n      <span class=\"button_strategia-number\">\n                <span>2<\/span>\n      <\/span>\n      <span class=\"button_strategia-text\">\n        Laureaci konkursu \u201eZosta\u0144 Strategiem PB\u201d       <\/span>\n    <\/a>\n      <a href=\"\/strategiarozwoju\/etap-2-kierunki-dzialan-strategicznych\/zadanie-4\/scenariusze-rozwoju-pb\/\" target=\"\" class=\"button_strategia\">\n      <span class=\"button_strategia-number\">\n                <span>3<\/span>\n      <\/span>\n      <span class=\"button_strategia-text\">\n        Scenariusze rozwoju PB      <\/span>\n    <\/a>\n  \n<p>&nbsp;<\/p>\n<div id=\"konkurs\" class=\"row\">\n<div class=\"col-sm-12 text-center\"><span style=\"font-size: 8pt\"><a class=\"button text-center animated zoomIn lead\" style=\"width: 100%\" title=\"otworzy si\u0119 w nowej karcie\" href=\"https:\/\/pb.edu.pl\/2022\/01\/14\/zostan-strategiem-pb-konkurs-z-nagrodami\/\" target=\"_blank\" rel=\"noopener\">Jaka b\u0119dzie nasza Uczelnia za 10 lat?<br \/>\nPoznaj laureat\u00f3w konkursu &#8222;Zosta\u0144 Strategiem PB&#8221;!<br \/>\nRazem wsp\u00f3\u0142tworzymy scenariusze rozwoju Politechniki Bia\u0142ostockiej!<br \/>\n<em>Przejd\u017a do informacji<\/em><\/a><br \/>\n<\/span><\/div>\n<\/div>\n","protected":false},"excerpt":{"rendered":"<p>&nbsp; Zadanie 4: OPRACOWANIE SCENARIUSZY ROZWOJU PB &nbsp; &nbsp; Jaka b\u0119dzie nasza Uczelnia za 10<\/p>\n","protected":false},"author":2,"featured_media":0,"parent":49,"menu_order":1,"comment_status":"closed","ping_status":"closed","template":"templates\/dzial.php","meta":{"_acf_changed":false,"ngg_post_thumbnail":0,"footnotes":""},"class_list":["post-344","page","type-page","status-publish","hentry"],"acf":[],"_links":{"self":[{"href":"https:\/\/pb.edu.pl\/strategiarozwoju\/wp-json\/wp\/v2\/pages\/344","targetHints":{"allow":["GET"]}}],"collection":[{"href":"https:\/\/pb.edu.pl\/strategiarozwoju\/wp-json\/wp\/v2\/pages"}],"about":[{"href":"https:\/\/pb.edu.pl\/strategiarozwoju\/wp-json\/wp\/v2\/types\/page"}],"author":[{"embeddable":true,"href":"https:\/\/pb.edu.pl\/strategiarozwoju\/wp-json\/wp\/v2\/users\/2"}],"replies":[{"embeddable":true,"href":"https:\/\/pb.edu.pl\/strategiarozwoju\/wp-json\/wp\/v2\/comments?post=344"}],"version-history":[{"count":0,"href":"https:\/\/pb.edu.pl\/strategiarozwoju\/wp-json\/wp\/v2\/pages\/344\/revisions"}],"up":[{"embeddable":true,"href":"https:\/\/pb.edu.pl\/strategiarozwoju\/wp-json\/wp\/v2\/pages\/49"}],"wp:attachment":[{"href":"https:\/\/pb.edu.pl\/strategiarozwoju\/wp-json\/wp\/v2\/media?parent=344"}],"curies":[{"name":"wp","href":"https:\/\/api.w.org\/{rel}","templated":true}]}}