{"id":337,"date":"2021-09-16T16:01:38","date_gmt":"2021-09-16T14:01:38","guid":{"rendered":"https:\/\/pb.edu.pl\/strategiarozwoju\/?page_id=337"},"modified":"2021-09-29T13:06:32","modified_gmt":"2021-09-29T11:06:32","slug":"zadanie-3","status":"publish","type":"page","link":"https:\/\/pb.edu.pl\/strategiarozwoju\/etap-1-diagnoza-stanu-istniejacego\/zadanie-3\/","title":{"rendered":"Zadanie 3: ANALIZA OTOCZENIA ORGANIZACJI ORAZ JEJ SILNYCH I S\u0141ABYCH STRON"},"content":{"rendered":"<p>&nbsp;<\/p>\n<div class=\"green bold size-24\"><span class=\"orange\">Zadanie 3:<\/span> ANALIZA OTOCZENIA ORGANIZACJI ORAZ JEJ SILNYCH I S\u0141ABYCH STRON<\/div>\n<p>&nbsp;<br \/>\nPolega na analizie otoczenia organizacji oraz identyfikacji jej silnych i s\u0142abych stron oraz szans i zagro\u017ce\u0144 Uczelni zgodnie z za\u0142o\u017ceniami metody SWOT. Dyskusja nad czynnikami rozwoju Politechniki Bia\u0142ostockiej b\u0119dzie koncentrowana wok\u00f3\u0142 czterech g\u0142\u00f3wnych cel\u00f3w strategii PB:<\/p>\n<p><span class=\"orange medium\">1.<\/span> <span class=\"green\">dzia\u0142alno\u015b\u0107 naukowa;<\/span><br \/>\n<span class=\"orange medium\">2.<\/span> <span class=\"green\">dzia\u0142alno\u015b\u0107 dydaktyczna;<\/span><br \/>\n<span class=\"orange medium\">3.<\/span> <span class=\"green\">zarz\u0105dzanie i przyjazna organizacja;<\/span><br \/>\n<span class=\"orange medium\">4.<\/span> <span class=\"green\">relacje z otoczeniem.<\/span><\/p>\n<div>\n<p><strong>Analiza SWOT &#8211; dr hab. Ewa Gli\u0144ska, prof. PB, Kierownik Katedry Marketingu i Turystyki na Wydziale In\u017cynierii Zarz\u0105dzania Politechniki Bia\u0142ostockiej<\/strong><\/p>\n<p>Jednym z etap\u00f3w prac nad Strategi\u0105 Rozwoju Politechniki Bia\u0142ostockiej jest opracowanie analizy SWOT. Metoda ta pozwala na diagnoz\u0119 sytuacji organizacji poprzez identyfikacj\u0119 jej silnych stron, s\u0142abych stron oraz szans i zagro\u017ce\u0144, kt\u00f3re wyst\u0119puj\u0105 w jej otoczeniu.<\/p>\n<p>Analiza SWOT zosta\u0142a opracowana poprzez cztery zespo\u0142y, kt\u00f3re zosta\u0142y powo\u0142ane spo\u015br\u00f3d pracownik\u00f3w i student\u00f3w naszej uczelni. Utworzono cztery nast\u0119puj\u0105ce zespo\u0142y: dzia\u0142alno\u015b\u0107 dydaktyczna, wsp\u00f3\u0142praca z otoczeniem, system zarz\u0105dzania oraz nauka i badania.<\/p>\n<p>Na pocz\u0105tku lipca zosta\u0142y zorganizowane warsztaty online, podczas kt\u00f3rych zespo\u0142y w trakcie dyskusji grupowej identyfikowa\u0142y poszczeg\u00f3lne grupy czynnik\u00f3w.<\/p>\n<p>Je\u015bli chodzi o obszar systemu zarz\u0105dzania, to jedn\u0105 z mocnych stron wskazanych przez zesp\u00f3\u0142, jest funkcjonuj\u0105cy na uczelni system motywacyjny pracownik\u00f3w.<\/p>\n<p>Natomiast w\u015br\u00f3d s\u0142abych stron pojawi\u0142 si\u0119 taki czynnik, jak niewystarczaj\u0105ce \u015brodki finansowe na rozw\u00f3j i realizacji zada\u0144 uczelni.<\/p>\n<p>Je\u015bli chodzi o szanse w obszarze systemu zarz\u0105dzania ustalono, \u017ce jest ni\u0105 funkcjonowanie mechanizm\u00f3w wsparcia student\u00f3w, doktorant\u00f3w, kadry naukowo-dydaktycznej oraz administracyjno-kierowniczej. W\u015br\u00f3d zagro\u017ce\u0144 wskazano obecn\u0105 sytuacj\u0119 finansow\u0105 kraju wynikaj\u0105c\u0105 z pandemii.<\/p>\n<p>Nast\u0119pny obszar &#8211; obszar nauka i badania. I tutaj jedn\u0105 z silnych stron Politechniki Bia\u0142ostockiej jest niew\u0105tpliwie aktywno\u015b\u0107 pracownik\u00f3w w zakresie publikowania artyku\u0142\u00f3w w czasopismach z listy Ministra Edukacji i Nauki. Je\u015bli chodzi o s\u0142ab\u0105 stron\u0119, to niewystarczaj\u0105ca liczba naukowc\u00f3w b\u0119d\u0105cych w mi\u0119dzynarodowych instytucjach naukowych gruntowych, czy te\u017c w redakcjach presti\u017cowych czasopism zagranicznych.<\/p>\n<p>Je\u015bli chodzi o szanse w obszarze nauka i badania, to wskazano na uzyskanie co najmniej kategorii B plus przez wszystkie ewaluowane w uczelni dyscypliny. W\u015br\u00f3d zagro\u017ce\u0144 pojawi\u0142 si\u0119 taki czynnik, jak niewystarczaj\u0105ce \u015brodki publiczne przeznaczane na nauk\u0119.<\/p>\n<p>Kolejny obszar &#8211; obszar dzia\u0142alno\u015bci dydaktycznej. I tutaj je\u015bli chodzi o mocne strony podkre\u015blono funkcjonowanie szerokiej i zr\u00f3\u017cnicowanej oferty kszta\u0142cenia, kt\u00f3ra w przypadku Politechniki Bia\u0142ostockiej jest skierowana do r\u00f3\u017cnych grup odbiorc\u00f3w, m.in. takich jak dzieci, m\u0142odzie\u017c szkolna czy osoby doros\u0142e. W\u015br\u00f3d s\u0142abych stron pojawi\u0142y si\u0119 takie czynniki, jak niewystarczaj\u0105ce dostosowanie program\u00f3w do potrzeb rynku pracy, czy te\u017c niewystarczaj\u0105ca oferta kszta\u0142cenia w j\u0119zyku angielskim. Szans\u0105 w obszarze dzia\u0142alno\u015bci dydaktycznej jest niew\u0105tpliwie wzrost internacjonalizacji kszta\u0142cenia, a silnym zagro\u017ceniem &#8211; ni\u017c demograficzny.<\/p>\n<p>Kolejny obszar, czyli wsp\u00f3\u0142praca z otoczeniem. Jedn\u0105 z mocnych stron podkre\u015blan\u0105 w ramach wsp\u00f3\u0142pracy z otoczeniem, kt\u00f3ra charakteryzuje Politechnik\u0119 Bia\u0142ostock\u0105, to s\u0105 \u015bcis\u0142e zwi\u0105zki uczelni z przemys\u0142em w regionie. Z kolei s\u0142ab\u0105 stron\u0105 &#8211; niewystarczaj\u0105ca wsp\u00f3\u0142praca z najwi\u0119kszymi przedsi\u0119biorstwami krajowymi i korporacjami mi\u0119dzynarodowymi. Tutaj jako szans\u0119 podkre\u015blano rozw\u00f3j sektor\u00f3w ICT i przetw\u00f3rstwa przemys\u0142owego w regionie. Natomiast jednym z zidentyfikowanych zagro\u017ce\u0144 jest pomijanie akademicko\u015bci w budowaniu marki miasta i regionu.<\/p>\n<p>Lista czynnik\u00f3w jest bardzo rozbudowana i stanowi niezwykle u\u017cyteczn\u0105 podstaw\u0119 do formu\u0142owania w dalszym etapie prac nad strategi\u0105 rozwoju, cel\u00f3w rozwoju Politechniki Bia\u0142ostockiej i konkretnych zada\u0144, kt\u00f3re pozwol\u0105 te cele osi\u0105gn\u0105\u0107.<\/p>\n<p>Rezultatem prac nad analiz\u0105 SWOT jest lista ponad stu czynnik\u00f3w ukazuj\u0105cych walory, jak te\u017c mankamenty Politechniki Bia\u0142ostockiej.<\/p>\n<p>Lista ta b\u0119dzie u\u017cyteczna w dalszych etapach prac nad dokumentem strategicznym, poniewa\u017c w oparciu o ni\u0105 zostan\u0105 sformu\u0142owane cele rozwoju Politechniki Bia\u0142ostockiej, jak te\u017c zadania stanowi\u0105ce konkretyzacj\u0119 poszczeg\u00f3lnych cel\u00f3w.<\/p>\n<p>&nbsp;<\/p>\n<\/div>\n<div class=\"text-center\">\n<div class=\"medium size-16\"><span class=\"green2 bold size-18\">Wykonawcy:<\/span> zesp\u00f3\u0142 I, II i III<\/div>\n<div class=\"medium size-16\"><span class=\"green2 bold size-18\">Metoda:<\/span> <strong>SWOT<\/strong><\/div>\n<div class=\"medium size-16\"><span class=\"green2 bold size-18\">Rezultat:<\/span> <a href=\"\/strategiarozwoju\/etap-1-diagnoza-stanu-istniejacego\/zadanie-3\/analiza-swot\/\">klasyfikacja czynnik\u00f3w w grupach: mocne i s\u0142abe strony, szanse i zagro\u017cenia w obr\u0119bie 4 g\u0142\u00f3wnych cel\u00f3w strategicznych<\/a><\/div>\n<p>&nbsp;<\/p>\n<div class=\"embed-responsive embed-responsive-16by9\"><iframe loading=\"lazy\" title=\"dr hab. Ewa Gli\u0144ska, prof. PB, Kierownik Katedry Marketingu i Turystyki\" width=\"500\" height=\"281\" src=\"https:\/\/www.youtube.com\/embed\/5ZhAj4Qay_8?feature=oembed\" frameborder=\"0\" allow=\"accelerometer; autoplay; clipboard-write; encrypted-media; gyroscope; picture-in-picture; web-share\" referrerpolicy=\"strict-origin-when-cross-origin\" allowfullscreen><\/iframe><\/div>\n<p><img loading=\"lazy\" decoding=\"async\" class=\"aligncenter size-full wp-image-43\" src=\"https:\/\/pb.edu.pl\/strategiarozwoju\/wp-content\/uploads\/sites\/68\/2021\/05\/strzalki.jpg\" alt=\"strza\u0142ki\" width=\"700\" height=\"186\" srcset=\"https:\/\/pb.edu.pl\/strategiarozwoju\/wp-content\/uploads\/sites\/68\/2021\/05\/strzalki.jpg 700w, https:\/\/pb.edu.pl\/strategiarozwoju\/wp-content\/uploads\/sites\/68\/2021\/05\/strzalki-300x80.jpg 300w\" sizes=\"auto, (max-width: 700px) 100vw, 700px\" \/><\/p>\n<\/div>\n","protected":false},"excerpt":{"rendered":"<p>&nbsp; Zadanie 3: ANALIZA OTOCZENIA ORGANIZACJI ORAZ JEJ SILNYCH I S\u0141ABYCH STRON &nbsp; Polega na<\/p>\n","protected":false},"author":2,"featured_media":0,"parent":37,"menu_order":3,"comment_status":"closed","ping_status":"closed","template":"templates\/dzial.php","meta":{"_acf_changed":false,"ngg_post_thumbnail":0,"footnotes":""},"class_list":["post-337","page","type-page","status-publish","hentry"],"acf":[],"_links":{"self":[{"href":"https:\/\/pb.edu.pl\/strategiarozwoju\/wp-json\/wp\/v2\/pages\/337","targetHints":{"allow":["GET"]}}],"collection":[{"href":"https:\/\/pb.edu.pl\/strategiarozwoju\/wp-json\/wp\/v2\/pages"}],"about":[{"href":"https:\/\/pb.edu.pl\/strategiarozwoju\/wp-json\/wp\/v2\/types\/page"}],"author":[{"embeddable":true,"href":"https:\/\/pb.edu.pl\/strategiarozwoju\/wp-json\/wp\/v2\/users\/2"}],"replies":[{"embeddable":true,"href":"https:\/\/pb.edu.pl\/strategiarozwoju\/wp-json\/wp\/v2\/comments?post=337"}],"version-history":[{"count":0,"href":"https:\/\/pb.edu.pl\/strategiarozwoju\/wp-json\/wp\/v2\/pages\/337\/revisions"}],"up":[{"embeddable":true,"href":"https:\/\/pb.edu.pl\/strategiarozwoju\/wp-json\/wp\/v2\/pages\/37"}],"wp:attachment":[{"href":"https:\/\/pb.edu.pl\/strategiarozwoju\/wp-json\/wp\/v2\/media?parent=337"}],"curies":[{"name":"wp","href":"https:\/\/api.w.org\/{rel}","templated":true}]}}