{"id":326,"date":"2021-09-16T15:19:53","date_gmt":"2021-09-16T13:19:53","guid":{"rendered":"https:\/\/pb.edu.pl\/strategiarozwoju\/?page_id=326"},"modified":"2021-09-17T09:21:41","modified_gmt":"2021-09-17T07:21:41","slug":"zadanie-2","status":"publish","type":"page","link":"https:\/\/pb.edu.pl\/strategiarozwoju\/etap-1-diagnoza-stanu-istniejacego\/zadanie-2\/","title":{"rendered":"Zadanie 2: IDENTYFIKACJA G\u0141\u00d3WNYCH SI\u0141 NAP\u0118DOWYCH ROZWOJU PB"},"content":{"rendered":"<p>&nbsp;<\/p>\n<div class=\"green bold size-24\"><span class=\"orange\">Zadanie 2:<\/span> IDENTYFIKACJA G\u0141\u00d3WNYCH SI\u0141 NAP\u0118DOWYCH ROZWOJU PB<\/div>\n<p>&nbsp;<br \/>\nPolega na identyfikacji g\u0142\u00f3wnych si\u0142 nap\u0119dowych rozwoju PB. Do realizacji tego zadania zostan\u0105<br \/>\nwykorzystane takie metody jak: analiza danych oraz analiza STEEPVL. Czynniki rozwoju Politechniki Bia\u0142ostockiej zostan\u0105<br \/>\npoddane ocenie pod wzgl\u0119dem:<\/p>\n<ul>\n<li>wa\u017cno\u015bci dla rozwoju PB w perspektywie 2030 roku, z zastosowaniem siedmiostopniowej skali oceny,<br \/>\ngdzie 1 oznacza najni\u017csz\u0105 ocen\u0119 wa\u017cno\u015bci, a 7 najwy\u017csz\u0105;<\/li>\n<li>niepewno\u015bci ich rozwoju w perspektywie 2030 roku, z zastosowaniem siedmiostopniowej skali oceny,<br \/>\ngdzie 1 oznacza najni\u017csz\u0105 ocen\u0119 niepewno\u015bci a 7 najwy\u017csz\u0105.<\/li>\n<\/ul>\n<p>&nbsp;<\/p>\n<div class=\"text-center\">\n<div class=\"green bold size-18 text-uppercase\">Identyfikacja czynnik\u00f3w wp\u0142ywaj\u0105cych na rozw\u00f3j PB<br \/>\nna podstawie cel\u00f3w szczeg\u00f3\u0142owych strategii<\/div>\n<p>&nbsp;<\/p>\n<div style=\"max-width: 600px; margin:0 auto\">\n<div class=\"embed-responsive embed-responsive-16by9\"><iframe loading=\"lazy\" title=\"Badanie ankietowe - uzupe\u0142nienie Strategii Rozwoju Politechniki Bia\u0142ostockiej\" width=\"500\" height=\"281\" src=\"https:\/\/www.youtube.com\/embed\/YeK2MLbTumk?feature=oembed\" frameborder=\"0\" allow=\"accelerometer; autoplay; clipboard-write; encrypted-media; gyroscope; picture-in-picture; web-share\" referrerpolicy=\"strict-origin-when-cross-origin\" allowfullscreen><\/iframe><\/div>\n<\/div>\n<p>&nbsp;<br \/>\n&nbsp;<\/p>\n<div class=\"medium size-16\"><span class=\"green2 bold size-18\">Wykonawcy:<\/span> zesp\u00f3\u0142 II<\/div>\n<div class=\"medium size-16\"><span class=\"green2 bold size-18\">Metoda:<\/span> analiza danych <strong>STEEPVL<\/strong><\/div>\n<div class=\"medium size-16\"><span class=\"green2 bold size-18\">Rezultat:<\/span> uporz\u0105dkowane pod k\u0105tem metody STEEPVL czynniki<\/div>\n<p>&nbsp;<br \/>\n<img loading=\"lazy\" decoding=\"async\" class=\"aligncenter size-full wp-image-46\" src=\"https:\/\/pb.edu.pl\/strategiarozwoju\/wp-content\/uploads\/sites\/68\/2021\/05\/strzalka-mala-pomaranczowa.jpg\" alt=\"strza\u0142ka pomara\u0144czowa\" width=\"42\" height=\"43\"><br \/>\n&nbsp;<\/p>\n<div class=\"green bold size-18 text-uppercase\">Identyfikacja czynnik\u00f3w wp\u0142ywaj\u0105cych na rozw\u00f3j PB<br \/>\nna podstawie cel\u00f3w szczeg\u00f3\u0142owych strategii<\/div>\n<p>&nbsp;<\/p>\n<div class=\"medium size-16\"><span class=\"green2 bold size-18\">Wykonawcy:<\/span> zesp\u00f3\u0142 II<\/div>\n<div class=\"medium size-16\"><span class=\"green2 bold size-18\">Metoda:<\/span> przegl\u0105d literatury<\/div>\n<div class=\"medium size-16\"><span class=\"green2 bold size-18\">Rezultat:<\/span> uzupe\u0142niona lista czynnik\u00f3w<\/div>\n<p>&nbsp;<br \/>\n<img loading=\"lazy\" decoding=\"async\" class=\"aligncenter size-full wp-image-46\" src=\"https:\/\/pb.edu.pl\/strategiarozwoju\/wp-content\/uploads\/sites\/68\/2021\/05\/strzalka-mala-pomaranczowa.jpg\" alt=\"strza\u0142ka pomara\u0144czowa\" width=\"42\" height=\"43\"><br \/>\n&nbsp;<\/p>\n<div class=\"green bold size-18 text-uppercase\">Ocena wa\u017cno\u015bci i niepewno\u015bci<\/div>\n<p>&nbsp;<\/p>\n<div class=\"medium size-16\"><span class=\"green2 bold size-18\">Wykonawcy:<\/span> zesp\u00f3\u0142 I, II i III<\/div>\n<div class=\"medium size-16\"><span class=\"green2 bold size-18\">Metoda:<\/span> sonda\u017ce<\/div>\n<div class=\"medium size-16\"><span class=\"green2 bold size-18\">Rezultat:<\/span> ocenione czynniki<\/div>\n<p>&nbsp;<br \/>\n<img loading=\"lazy\" decoding=\"async\" class=\"aligncenter size-full wp-image-46\" src=\"https:\/\/pb.edu.pl\/strategiarozwoju\/wp-content\/uploads\/sites\/68\/2021\/05\/strzalka-mala-pomaranczowa.jpg\" alt=\"strza\u0142ka pomara\u0144czowa\" width=\"42\" height=\"43\"><br \/>\n&nbsp;<\/p>\n<div class=\"green bold size-18 text-uppercase\">Wyb\u00f3r osi scenariuszy<\/div>\n<p>&nbsp;<\/p>\n<div class=\"medium size-16\"><span class=\"green2 bold size-18\">Wykonawcy:<\/span> zesp\u00f3\u0142 I i II<\/div>\n<div class=\"medium size-16\"><span class=\"green2 bold size-18\">Metoda:<\/span> priorytetyzacja<\/div>\n<div class=\"medium size-16\"><span class=\"green2 bold size-18\">Rezultat:<\/span> 2 czynniki \u2013 si\u0142y nap\u0119dowe rozwoju PB w perspektywie 2030 roku<\/div>\n<\/div>\n<p>&nbsp;<br \/>\n&nbsp;<br \/>\n<img loading=\"lazy\" decoding=\"async\" class=\"aligncenter size-full wp-image-43\" src=\"https:\/\/pb.edu.pl\/strategiarozwoju\/wp-content\/uploads\/sites\/68\/2021\/05\/strzalki.jpg\" alt=\"strza\u0142ki\" width=\"700\" height=\"186\" srcset=\"https:\/\/pb.edu.pl\/strategiarozwoju\/wp-content\/uploads\/sites\/68\/2021\/05\/strzalki.jpg 700w, https:\/\/pb.edu.pl\/strategiarozwoju\/wp-content\/uploads\/sites\/68\/2021\/05\/strzalki-300x80.jpg 300w\" sizes=\"auto, (max-width: 700px) 100vw, 700px\" \/><br \/>\n&nbsp;<\/p>\n","protected":false},"excerpt":{"rendered":"<p>&nbsp; Zadanie 2: IDENTYFIKACJA G\u0141\u00d3WNYCH SI\u0141 NAP\u0118DOWYCH ROZWOJU PB &nbsp; Polega na identyfikacji g\u0142\u00f3wnych si\u0142<\/p>\n","protected":false},"author":2,"featured_media":0,"parent":37,"menu_order":2,"comment_status":"closed","ping_status":"closed","template":"templates\/dzial.php","meta":{"_acf_changed":false,"ngg_post_thumbnail":0,"footnotes":""},"class_list":["post-326","page","type-page","status-publish","hentry"],"acf":[],"_links":{"self":[{"href":"https:\/\/pb.edu.pl\/strategiarozwoju\/wp-json\/wp\/v2\/pages\/326","targetHints":{"allow":["GET"]}}],"collection":[{"href":"https:\/\/pb.edu.pl\/strategiarozwoju\/wp-json\/wp\/v2\/pages"}],"about":[{"href":"https:\/\/pb.edu.pl\/strategiarozwoju\/wp-json\/wp\/v2\/types\/page"}],"author":[{"embeddable":true,"href":"https:\/\/pb.edu.pl\/strategiarozwoju\/wp-json\/wp\/v2\/users\/2"}],"replies":[{"embeddable":true,"href":"https:\/\/pb.edu.pl\/strategiarozwoju\/wp-json\/wp\/v2\/comments?post=326"}],"version-history":[{"count":0,"href":"https:\/\/pb.edu.pl\/strategiarozwoju\/wp-json\/wp\/v2\/pages\/326\/revisions"}],"up":[{"embeddable":true,"href":"https:\/\/pb.edu.pl\/strategiarozwoju\/wp-json\/wp\/v2\/pages\/37"}],"wp:attachment":[{"href":"https:\/\/pb.edu.pl\/strategiarozwoju\/wp-json\/wp\/v2\/media?parent=326"}],"curies":[{"name":"wp","href":"https:\/\/api.w.org\/{rel}","templated":true}]}}