{"id":15,"date":"2021-05-25T10:59:39","date_gmt":"2021-05-25T08:59:39","guid":{"rendered":"https:\/\/pb.edu.pl\/strategiarozwoju\/?page_id=15"},"modified":"2026-03-23T22:25:47","modified_gmt":"2026-03-23T21:25:47","slug":"home","status":"publish","type":"page","link":"https:\/\/pb.edu.pl\/strategiarozwoju\/","title":{"rendered":""},"content":{"rendered":"<p><img loading=\"lazy\" decoding=\"async\" class=\"aligncenter size-full wp-image-35\" src=\"https:\/\/pb.edu.pl\/strategiarozwoju\/wp-content\/uploads\/sites\/68\/2021\/05\/header-home.jpg\" alt=\"u\u015bcisk d\u0142oni\" width=\"1140\" height=\"539\" srcset=\"https:\/\/pb.edu.pl\/strategiarozwoju\/wp-content\/uploads\/sites\/68\/2021\/05\/header-home.jpg 1140w, https:\/\/pb.edu.pl\/strategiarozwoju\/wp-content\/uploads\/sites\/68\/2021\/05\/header-home-300x142.jpg 300w, https:\/\/pb.edu.pl\/strategiarozwoju\/wp-content\/uploads\/sites\/68\/2021\/05\/header-home-1024x484.jpg 1024w, https:\/\/pb.edu.pl\/strategiarozwoju\/wp-content\/uploads\/sites\/68\/2021\/05\/header-home-768x363.jpg 768w\" sizes=\"auto, (max-width: 1140px) 100vw, 1140px\" \/><\/p>\n<p>&nbsp;<\/p>\n<div class=\"extrabold size-24 text-center\">Strategia Rozwoju Politechniki Bia\u0142ostockiej 2025-2028<\/div>\n<div class=\"size-24 text-center\">z perspektyw\u0105 przed\u0142u\u017cenia do 2035<\/div>\n<p><img loading=\"lazy\" decoding=\"async\" src=\"https:\/\/pb.edu.pl\/strategiarozwoju\/wp-content\/uploads\/sites\/68\/2025\/10\/2025-2035.jpg\" alt=\"graf z latami realizacji strategii rozwoju PB 2021, 2024, 2030\" width=\"839\" height=\"102\" class=\"aligncenter size-full wp-image-607\" srcset=\"https:\/\/pb.edu.pl\/strategiarozwoju\/wp-content\/uploads\/sites\/68\/2025\/10\/2025-2035.jpg 839w, https:\/\/pb.edu.pl\/strategiarozwoju\/wp-content\/uploads\/sites\/68\/2025\/10\/2025-2035-300x36.jpg 300w, https:\/\/pb.edu.pl\/strategiarozwoju\/wp-content\/uploads\/sites\/68\/2025\/10\/2025-2035-768x93.jpg 768w\" sizes=\"auto, (max-width: 839px) 100vw, 839px\" \/><br \/>\n&nbsp;<\/p>\n<div class=\"text-center\"><a class=\"h3\" href=\"https:\/\/bip.pb.edu.pl\/?event=informacja&#038;id=22307\">Strategia rozwoju Politechniki Bia\u0142ostockiej na lata 2025-2028 z perspektyw\u0105 przed\u0142u\u017cenia do roku 2035<\/a><\/div>\n<p>&nbsp;<\/p>\n<div class=\"buttons\"><a class=\"button bg-orange medium size-24 text-center no-icon\" href=\"\/strategiarozwoju\/strategia-rozwoju-pb-2025-2028\/\" >Strategia Rozwoju Politechniki Bia\u0142ostockiej 2025-2028<br \/>z perspektyw\u0105 przed\u0142u\u017cenia do 2035<\/a><br \/>\n&nbsp;<br \/>\n&nbsp;<\/p>\n<div class=\"extrabold size-24 text-center\">Strategia Rozwoju Politechniki Bia\u0142ostockiej 2021-2024<\/div>\n<div class=\"size-24 text-center\">z perspektyw\u0105 przed\u0142u\u017cenia do 2030<\/div>\n<p><img loading=\"lazy\" decoding=\"async\" class=\"aligncenter size-full wp-image-33\" src=\"https:\/\/pb.edu.pl\/strategiarozwoju\/wp-content\/uploads\/sites\/68\/2021\/05\/2021-2030.jpg\" alt=\"graf z latami realizacji strategii rozwoju PB 2021, 2024, 2030\" width=\"839\" height=\"102\" srcset=\"https:\/\/pb.edu.pl\/strategiarozwoju\/wp-content\/uploads\/sites\/68\/2021\/05\/2021-2030.jpg 839w, https:\/\/pb.edu.pl\/strategiarozwoju\/wp-content\/uploads\/sites\/68\/2021\/05\/2021-2030-300x36.jpg 300w, https:\/\/pb.edu.pl\/strategiarozwoju\/wp-content\/uploads\/sites\/68\/2021\/05\/2021-2030-768x93.jpg 768w\" sizes=\"auto, (max-width: 839px) 100vw, 839px\" \/><br \/>\n&nbsp;<\/p>\n<div class=\"buttons\"><a class=\"button bg-orange medium size-24 text-center no-icon\" href=\"\/strategiarozwoju\/strategia-rozwoju-pb-2021-2024\/\" >Strategia Rozwoju Politechniki Bia\u0142ostockiej 2021-2024<br \/>z perspektyw\u0105 przed\u0142u\u017cenia do 2030<\/a><a class=\"button medium size-24 text-center\" href=\"https:\/\/pb.edu.pl\/strategiarozwoju\/opis-metodyki\">Opis metodyki<\/a><\/div>\n<p>&nbsp;<\/p>\n","protected":false},"excerpt":{"rendered":"<p>&nbsp; Strategia Rozwoju Politechniki Bia\u0142ostockiej 2025-2028 z perspektyw\u0105 przed\u0142u\u017cenia do 2035 &nbsp; Strategia rozwoju Politechniki<\/p>\n","protected":false},"author":2,"featured_media":0,"parent":0,"menu_order":1,"comment_status":"closed","ping_status":"closed","template":"","meta":{"_acf_changed":false,"ngg_post_thumbnail":0,"footnotes":""},"class_list":["post-15","page","type-page","status-publish","hentry"],"acf":[],"_links":{"self":[{"href":"https:\/\/pb.edu.pl\/strategiarozwoju\/wp-json\/wp\/v2\/pages\/15","targetHints":{"allow":["GET"]}}],"collection":[{"href":"https:\/\/pb.edu.pl\/strategiarozwoju\/wp-json\/wp\/v2\/pages"}],"about":[{"href":"https:\/\/pb.edu.pl\/strategiarozwoju\/wp-json\/wp\/v2\/types\/page"}],"author":[{"embeddable":true,"href":"https:\/\/pb.edu.pl\/strategiarozwoju\/wp-json\/wp\/v2\/users\/2"}],"replies":[{"embeddable":true,"href":"https:\/\/pb.edu.pl\/strategiarozwoju\/wp-json\/wp\/v2\/comments?post=15"}],"version-history":[{"count":3,"href":"https:\/\/pb.edu.pl\/strategiarozwoju\/wp-json\/wp\/v2\/pages\/15\/revisions"}],"predecessor-version":[{"id":625,"href":"https:\/\/pb.edu.pl\/strategiarozwoju\/wp-json\/wp\/v2\/pages\/15\/revisions\/625"}],"wp:attachment":[{"href":"https:\/\/pb.edu.pl\/strategiarozwoju\/wp-json\/wp\/v2\/media?parent=15"}],"curies":[{"name":"wp","href":"https:\/\/api.w.org\/{rel}","templated":true}]}}