{"id":2318,"date":"2024-10-29T17:40:34","date_gmt":"2024-10-29T16:40:34","guid":{"rendered":"https:\/\/pb.edu.pl\/strategia-spolecznej-odpowiedzialnosci\/?page_id=2318"},"modified":"2024-10-31T12:33:28","modified_gmt":"2024-10-31T11:33:28","slug":"netykieta-pb","status":"publish","type":"page","link":"https:\/\/pb.edu.pl\/strategia-spolecznej-odpowiedzialnosci\/netykieta-pb\/","title":{"rendered":"Netykieta PB. Kultura komunikacji w sieci"},"content":{"rendered":"<p><img loading=\"lazy\" decoding=\"async\" class=\"aligncenter size-full wp-image-2349\" src=\"https:\/\/pb.edu.pl\/strategia-spolecznej-odpowiedzialnosci\/wp-content\/uploads\/sites\/111\/2024\/10\/baner-glowny-1140x235px.png\" alt=\"Baner Netykieta PB. Kultura komunikacji w sieci.\" width=\"1140\" height=\"235\" srcset=\"https:\/\/pb.edu.pl\/strategia-spolecznej-odpowiedzialnosci\/wp-content\/uploads\/sites\/111\/2024\/10\/baner-glowny-1140x235px.png 1140w, https:\/\/pb.edu.pl\/strategia-spolecznej-odpowiedzialnosci\/wp-content\/uploads\/sites\/111\/2024\/10\/baner-glowny-1140x235px-300x62.png 300w, https:\/\/pb.edu.pl\/strategia-spolecznej-odpowiedzialnosci\/wp-content\/uploads\/sites\/111\/2024\/10\/baner-glowny-1140x235px-1024x211.png 1024w, https:\/\/pb.edu.pl\/strategia-spolecznej-odpowiedzialnosci\/wp-content\/uploads\/sites\/111\/2024\/10\/baner-glowny-1140x235px-768x158.png 768w\" sizes=\"auto, (max-width: 1140px) 100vw, 1140px\" \/><\/p>\n<div class=\"h2\">Co to jest Netykieta?<\/div>\n<p><strong>Netykieta<\/strong> (ang. netiquette, zbitka wyrazowa: net &#8211; z ang. sie\u0107 i etykieta) \u2013 to zbi\u00f3r zasad dotycz\u0105cych dobrego, bezpiecznego zachowania w internecie, kt\u00f3rego przestrzegaj\u0105 u\u017cytkownicy sieci m.in. w portalach spo\u0142eczno\u015bciowych. Netykieta zak\u0142ada, \u017ce odnosimy si\u0119 do siebie z szacunkiem w sieci, cho\u0107 stosowanie jej zasad \u201ew realu\u201d jest tak samo wa\u017cne. Zasady te w spos\u00f3b niepisany obowi\u0105zuj\u0105 od dawna, ale warto sformu\u0142owa\u0107 te kluczowe, by pami\u0119ta\u0107 o nich w momencie publikowania tre\u015bci w internecie.<\/p>\n<div class=\"h2\">Netykieta Politechniki Bia\u0142ostockiej, czyli internetowy kodeks zachowania<\/div>\n<p><strong>Netykieta Politechniki Bia\u0142ostockiej<\/strong> to zbi\u00f3r 11 najwa\u017cniejszych zasad zachowania w sieci \u2013 taki internetowy savoir-vivre. Jako uczelnia odpowiedzialna spo\u0142ecznie, promujemy dobre praktyki komunikacji z innymi u\u017cytkownikami sieci za po\u015brednictwem kana\u0142\u00f3w internetowych uczelni m.in. medi\u00f3w spo\u0142eczno\u015bciowych, w oparciu o takie warto\u015bci jak szacunek, bezpiecze\u0144stwo, prawda i kultura. Chcemy dba\u0107 o swobod\u0119 wypowiedzi, ale w odpowiedzialny i przemy\u015blany spos\u00f3b.<\/p>\n<div class=\"h2\">Dla kogo?<\/div>\n<p>Zasady naszej netykiety s\u0105 uniwersalne, wi\u0119c mog\u0105 by\u0107 stosowane przez wszystkich u\u017cytkownik\u00f3w sieci. Stworzyli\u015bmy je g\u0142\u00f3wnie z my\u015bl\u0105 o studentach i pracownikach Politechniki Bia\u0142ostockiej, kt\u00f3rzy publikuj\u0105 posty, zamieszczaj\u0105 komentarze i wszelkie informacje w internecie.<\/p>\n<div class=\"h2\">Czemu s\u0142u\u017cy internetowy savoir-vivre?<\/div>\n<p>S\u0142owa maj\u0105 wielk\u0105 moc \u2013 mog\u0105 uczy\u0107, inspirowa\u0107, przekonywa\u0107, ale i \u2026powodowa\u0107 niepotrzebne konflikty, obra\u017ca\u0107 czyje\u015b uczucia, a nawet fa\u0142szowa\u0107 rzeczywisto\u015b\u0107. Przyj\u0119te przez nas zasady s\u0142u\u017c\u0105 naszej spo\u0142eczno\u015bci akademickiej. Pytajmy, dyskutujmy, informujemy po to by, budowa\u0107 dialog i wspiera\u0107 spo\u0142eczno\u015b\u0107 akademick\u0105. Ka\u017cda dyskusja, nawet ta najbardziej zaci\u0119ta, jest warto\u015bciowa, o ile jej uczestnicy traktuj\u0105 siebie z szacunkiem.<br \/>\n&nbsp;<\/p>\n<div class=\"row\">\n<div class=\"col-sm-6\"><img loading=\"lazy\" decoding=\"async\" class=\"aligncenter size-full wp-image-2322\" src=\"https:\/\/pb.edu.pl\/strategia-spolecznej-odpowiedzialnosci\/wp-content\/uploads\/sites\/111\/2024\/10\/01.png\" alt=\"01 - Tylko z szacunkiem prosz\u0119\" width=\"555\" height=\"255\" srcset=\"https:\/\/pb.edu.pl\/strategia-spolecznej-odpowiedzialnosci\/wp-content\/uploads\/sites\/111\/2024\/10\/01.png 555w, https:\/\/pb.edu.pl\/strategia-spolecznej-odpowiedzialnosci\/wp-content\/uploads\/sites\/111\/2024\/10\/01-300x138.png 300w\" sizes=\"auto, (max-width: 555px) 100vw, 555px\" \/><br \/>\nOdno\u015b si\u0119 do innych z szacunkiem w internecie.<\/p>\n<div id=\"more1\" class=\"collapse\">\n<p>Nie obra\u017caj, nie poni\u017caj, nie wy\u015bmiewaj. Traktuj wszystkich na r\u00f3wni. Nie r\u00f3b nikomu tego, co Tobie niemi\u0142e.<\/p>\n<\/div>\n<p><a class=\"link\" role=\"button\" href=\"#more1\" data-toggle=\"collapse\"><span class=\"more\">Zobacz wi\u0119cej<\/span><span class=\"less\">Zobacz mniej<\/span><\/a><\/p>\n<\/div>\n<div class=\"col-sm-6\"><img loading=\"lazy\" decoding=\"async\" class=\"aligncenter size-full wp-image-2325\" src=\"https:\/\/pb.edu.pl\/strategia-spolecznej-odpowiedzialnosci\/wp-content\/uploads\/sites\/111\/2024\/10\/02.png\" alt=\"02 - korzystaj rozs\u0105dnie z poczty s\u0142u\u017cbowej\" width=\"555\" height=\"255\" srcset=\"https:\/\/pb.edu.pl\/strategia-spolecznej-odpowiedzialnosci\/wp-content\/uploads\/sites\/111\/2024\/10\/02.png 555w, https:\/\/pb.edu.pl\/strategia-spolecznej-odpowiedzialnosci\/wp-content\/uploads\/sites\/111\/2024\/10\/02-300x138.png 300w\" sizes=\"auto, (max-width: 555px) 100vw, 555px\" \/><br \/>\nZasady netykiety s\u0105 uniwersalne.<\/p>\n<div id=\"more2\" class=\"collapse\">\n<p>Obowi\u0105zuj\u0105 zar\u00f3wno w mediach spo\u0142eczno\u015bciowych, jak i w politechnicznej poczcie s\u0142u\u017cbowej, z kt\u00f3rej korzystaj\u0105 pracownicy uczelni. To forum wymiany informacji s\u0142u\u017cbowych, nie prywatny kana\u0142 komunikacji.<\/p>\n<\/div>\n<p><a class=\"link\" role=\"button\" href=\"#more2\" data-toggle=\"collapse\"><span class=\"more\">Zobacz wi\u0119cej<\/span><span class=\"less\">Zobacz mniej<\/span><\/a><\/p>\n<\/div>\n<\/div>\n<p>&nbsp;<\/p>\n<div class=\"row\">\n<div class=\"col-sm-6\"><img loading=\"lazy\" decoding=\"async\" class=\"aligncenter size-full wp-image-2327\" src=\"https:\/\/pb.edu.pl\/strategia-spolecznej-odpowiedzialnosci\/wp-content\/uploads\/sites\/111\/2024\/10\/03.png\" alt=\"03 - nie trolluj\" width=\"555\" height=\"255\" srcset=\"https:\/\/pb.edu.pl\/strategia-spolecznej-odpowiedzialnosci\/wp-content\/uploads\/sites\/111\/2024\/10\/03.png 555w, https:\/\/pb.edu.pl\/strategia-spolecznej-odpowiedzialnosci\/wp-content\/uploads\/sites\/111\/2024\/10\/03-300x138.png 300w\" sizes=\"auto, (max-width: 555px) 100vw, 555px\" \/><br \/>\nM\u00f3wi si\u0119: zgoda buduje, a niezgoda rujnuje.<\/p>\n<div id=\"more3\" class=\"collapse\">\n<p>Co\u015b w tym jest. Zamiast prowokowa\u0107 innych do niepotrzebnych k\u0142\u00f3tni, lepiej wykorzystaj swoj\u0105 energi\u0119 w konstruktywnym celu. Je\u015bli pad\u0142e\u015b ofiar\u0105 zaczepek internetowych trolli, nie wchod\u017a z nimi w interakcj\u0119. Stracisz tylko czas i nerwy.<\/p>\n<\/div>\n<p><a class=\"link\" role=\"button\" href=\"#more3\" data-toggle=\"collapse\"><span class=\"more\">Zobacz wi\u0119cej<\/span><span class=\"less\">Zobacz mniej<\/span><\/a><\/p>\n<\/div>\n<div class=\"col-sm-6\"><img loading=\"lazy\" decoding=\"async\" class=\"aligncenter size-full wp-image-2328\" src=\"https:\/\/pb.edu.pl\/strategia-spolecznej-odpowiedzialnosci\/wp-content\/uploads\/sites\/111\/2024\/10\/04.png\" alt=\"04 - reaguj na hejt\" width=\"555\" height=\"255\" srcset=\"https:\/\/pb.edu.pl\/strategia-spolecznej-odpowiedzialnosci\/wp-content\/uploads\/sites\/111\/2024\/10\/04.png 555w, https:\/\/pb.edu.pl\/strategia-spolecznej-odpowiedzialnosci\/wp-content\/uploads\/sites\/111\/2024\/10\/04-300x138.png 300w\" sizes=\"auto, (max-width: 555px) 100vw, 555px\" \/><br \/>\nNie hejtuj i nie b\u0105d\u017a oboj\u0119tny na hejt.<\/p>\n<div id=\"more4\" class=\"collapse\">\n<p>Reaguj, gdy kto\u015b jest poni\u017cany lub nies\u0142usznie pos\u0105dzony o z\u0142e intencje lub czyny. Ka\u017cdy pope\u0142nia b\u0142\u0119dy, Ty r\u00f3wnie\u017c, wi\u0119c warto zachowa\u0107 ostro\u017cno\u015b\u0107 w krytykowaniu innych.<\/p>\n<\/div>\n<p><a class=\"link\" role=\"button\" href=\"#more4\" data-toggle=\"collapse\"><span class=\"more\">Zobacz wi\u0119cej<\/span><span class=\"less\">Zobacz mniej<\/span><\/a><\/p>\n<\/div>\n<\/div>\n<p>&nbsp;<\/p>\n<div class=\"row\">\n<div class=\"col-sm-6\"><img loading=\"lazy\" decoding=\"async\" class=\"aligncenter size-full wp-image-2335\" src=\"https:\/\/pb.edu.pl\/strategia-spolecznej-odpowiedzialnosci\/wp-content\/uploads\/sites\/111\/2024\/10\/04-nazwa.png\" alt=\"internetowy kodeks zachowania\" width=\"555\" height=\"255\" srcset=\"https:\/\/pb.edu.pl\/strategia-spolecznej-odpowiedzialnosci\/wp-content\/uploads\/sites\/111\/2024\/10\/04-nazwa.png 555w, https:\/\/pb.edu.pl\/strategia-spolecznej-odpowiedzialnosci\/wp-content\/uploads\/sites\/111\/2024\/10\/04-nazwa-300x138.png 300w\" sizes=\"auto, (max-width: 555px) 100vw, 555px\" \/><\/div>\n<div class=\"col-sm-6\"><img loading=\"lazy\" decoding=\"async\" class=\"aligncenter size-full wp-image-2336\" src=\"https:\/\/pb.edu.pl\/strategia-spolecznej-odpowiedzialnosci\/wp-content\/uploads\/sites\/111\/2024\/10\/05.png\" alt=\"05 - publikuj ale odpowiedzialnie\" width=\"555\" height=\"255\" srcset=\"https:\/\/pb.edu.pl\/strategia-spolecznej-odpowiedzialnosci\/wp-content\/uploads\/sites\/111\/2024\/10\/05.png 555w, https:\/\/pb.edu.pl\/strategia-spolecznej-odpowiedzialnosci\/wp-content\/uploads\/sites\/111\/2024\/10\/05-300x138.png 300w\" sizes=\"auto, (max-width: 555px) 100vw, 555px\" \/><br \/>\nNie chcesz by\u0107 pos\u0105dzony\/a o znies\u0142awienie albo najzwyczajniej o g\u0142upi wybryk?<\/p>\n<div id=\"more5\" class=\"collapse\">\n<p>Publikuj z g\u0142ow\u0105. Korzystaj z fakt\u00f3w, merytorycznych informacji, a nie z podejrze\u0144 czy domys\u0142\u00f3w. Zastan\u00f3w si\u0119 czy tw\u00f3j post lub komentarz warto upubliczni\u0107 i czy inni b\u0119d\u0105 mieli ochot\u0119 to przeczyta\u0107. Unikaj publikowania dygresji, niezwi\u0105zanych z g\u0142\u00f3wnym tematem dyskusji. Lepiej si\u0119 zastanowi\u0107, ni\u017c si\u0119 potem wstydzi\u0107.<\/p>\n<\/div>\n<p><a class=\"link\" role=\"button\" href=\"#more5\" data-toggle=\"collapse\"><span class=\"more\">Zobacz wi\u0119cej<\/span><span class=\"less\">Zobacz mniej<\/span><\/a><\/p>\n<\/div>\n<\/div>\n<p>&nbsp;<\/p>\n<div class=\"row\">\n<div class=\"col-sm-6\"><img loading=\"lazy\" decoding=\"async\" class=\"aligncenter size-full wp-image-2338\" src=\"https:\/\/pb.edu.pl\/strategia-spolecznej-odpowiedzialnosci\/wp-content\/uploads\/sites\/111\/2024\/10\/06.png\" alt=\"06 - zachowaj kultur\u0119\" width=\"555\" height=\"255\" srcset=\"https:\/\/pb.edu.pl\/strategia-spolecznej-odpowiedzialnosci\/wp-content\/uploads\/sites\/111\/2024\/10\/06.png 555w, https:\/\/pb.edu.pl\/strategia-spolecznej-odpowiedzialnosci\/wp-content\/uploads\/sites\/111\/2024\/10\/06-300x138.png 300w\" sizes=\"auto, (max-width: 555px) 100vw, 555px\" \/><br \/>\nUwa\u017caj na to, co m\u00f3wisz i jak m\u00f3wisz.<\/p>\n<div id=\"more6\" class=\"collapse\">\n<p>Stosuj odpowiednie s\u0142ownictwo, pozbawione wulgaryzm\u00f3w. \u0141acina jest pi\u0119kna, ale ta antyczna. Tw\u00f3j j\u0119zyk w sieci to twoja wizyt\u00f3wka. Niew\u0142a\u015bciwy komentarz mo\u017cna usun\u0105\u0107, ale z\u0142e wra\u017cenie pozostawione po sobie \u2013 zostaje w pami\u0119ci u\u017cytkownik\u00f3w na d\u0142u\u017cej.<\/p>\n<\/div>\n<p><a class=\"link\" role=\"button\" href=\"#more6\" data-toggle=\"collapse\"><span class=\"more\">Zobacz wi\u0119cej<\/span><span class=\"less\">Zobacz mniej<\/span><\/a><\/p>\n<\/div>\n<div class=\"col-sm-6\"><img loading=\"lazy\" decoding=\"async\" class=\"aligncenter size-full wp-image-2339\" src=\"https:\/\/pb.edu.pl\/strategia-spolecznej-odpowiedzialnosci\/wp-content\/uploads\/sites\/111\/2024\/10\/07.png\" alt=\"07 - dbaj o prywatno\u015b\u0107 swoj\u0105 i innych\" width=\"555\" height=\"255\" srcset=\"https:\/\/pb.edu.pl\/strategia-spolecznej-odpowiedzialnosci\/wp-content\/uploads\/sites\/111\/2024\/10\/07.png 555w, https:\/\/pb.edu.pl\/strategia-spolecznej-odpowiedzialnosci\/wp-content\/uploads\/sites\/111\/2024\/10\/07-300x138.png 300w\" sizes=\"auto, (max-width: 555px) 100vw, 555px\" \/><br \/>\nNigdy nie wiadomo kto jest po drugiej stronie monitora.<\/p>\n<div id=\"more7\" class=\"collapse\">\n<p>Nie publikuj w sieci wra\u017cliwych danych, prywatnych informacji czy zdj\u0119\u0107 i film\u00f3w. Otrzyma\u0142e\u015b dyplom? Super! Pochwal si\u0119 nim, ale nie pokazuj wyra\u017anie odr\u0119cznego podpisu, kt\u00f3ry na nim widnieje. Kto\u015b mo\u017ce wykorzysta\u0107 go w z\u0142ych celach.<\/p>\n<\/div>\n<p><a class=\"link\" role=\"button\" href=\"#more7\" data-toggle=\"collapse\"><span class=\"more\">Zobacz wi\u0119cej<\/span><span class=\"less\">Zobacz mniej<\/span><\/a><\/p>\n<\/div>\n<\/div>\n<p>&nbsp;<\/p>\n<div class=\"row\">\n<div class=\"col-sm-6\"><img loading=\"lazy\" decoding=\"async\" class=\"aligncenter size-full wp-image-2341\" src=\"https:\/\/pb.edu.pl\/strategia-spolecznej-odpowiedzialnosci\/wp-content\/uploads\/sites\/111\/2024\/10\/08.png\" alt=\"08 - uwaga fakenews\" width=\"555\" height=\"255\" srcset=\"https:\/\/pb.edu.pl\/strategia-spolecznej-odpowiedzialnosci\/wp-content\/uploads\/sites\/111\/2024\/10\/08.png 555w, https:\/\/pb.edu.pl\/strategia-spolecznej-odpowiedzialnosci\/wp-content\/uploads\/sites\/111\/2024\/10\/08-300x138.png 300w\" sizes=\"auto, (max-width: 555px) 100vw, 555px\" \/><br \/>\nCzasami dzia\u0142amy bez zastanowienia.<\/p>\n<div id=\"more8\" class=\"collapse\">\n<p>Warto jednak sprawdzi\u0107 czy udost\u0119pniana przez nas wiadomo\u015b\u0107 pochodzi z wiarygodnego \u017ar\u00f3d\u0142a, by nie rozpowszechnia\u0107 fa\u0142szywych informacji.<\/p>\n<\/div>\n<p><a class=\"link\" role=\"button\" href=\"#more8\" data-toggle=\"collapse\"><span class=\"more\">Zobacz wi\u0119cej<\/span><span class=\"less\">Zobacz mniej<\/span><\/a><\/p>\n<\/div>\n<div class=\"col-sm-6\"><img loading=\"lazy\" decoding=\"async\" class=\"aligncenter size-full wp-image-2342\" src=\"https:\/\/pb.edu.pl\/strategia-spolecznej-odpowiedzialnosci\/wp-content\/uploads\/sites\/111\/2024\/10\/09.png\" alt=\"09 - unikaj spamu\" width=\"555\" height=\"255\" srcset=\"https:\/\/pb.edu.pl\/strategia-spolecznej-odpowiedzialnosci\/wp-content\/uploads\/sites\/111\/2024\/10\/09.png 555w, https:\/\/pb.edu.pl\/strategia-spolecznej-odpowiedzialnosci\/wp-content\/uploads\/sites\/111\/2024\/10\/09-300x138.png 300w\" sizes=\"auto, (max-width: 555px) 100vw, 555px\" \/><br \/>\nNie wysy\u0142amy \u0142a\u0144cuszk\u00f3w szcz\u0119\u015bcia ani zb\u0119dnych link\u00f3w.<\/p>\n<div id=\"more9\" class=\"collapse\">\n<p>\u2013 mog\u0105 zawiera\u0107 wirusy i by\u0107 wykorzystane przez cyberprzest\u0119pc\u00f3w. Nie zasypujmy te\u017c innych reklamami, czy te\u017c mailami, kt\u00f3re niekoniecznie mog\u0105 by\u0107 dla nich interesuj\u0105ce.<\/p>\n<\/div>\n<p><a class=\"link\" role=\"button\" href=\"#more9\" data-toggle=\"collapse\"><span class=\"more\">Zobacz wi\u0119cej<\/span><span class=\"less\">Zobacz mniej<\/span><\/a><\/p>\n<\/div>\n<\/div>\n<p>&nbsp;<\/p>\n<div class=\"row\">\n<div class=\"col-sm-6\"><img loading=\"lazy\" decoding=\"async\" class=\"aligncenter size-full wp-image-2345\" src=\"https:\/\/pb.edu.pl\/strategia-spolecznej-odpowiedzialnosci\/wp-content\/uploads\/sites\/111\/2024\/10\/10.png\" alt=\"10 - szanuj w\u0142asno\u015b\u0107 intelektualn\u0105\" width=\"555\" height=\"255\" srcset=\"https:\/\/pb.edu.pl\/strategia-spolecznej-odpowiedzialnosci\/wp-content\/uploads\/sites\/111\/2024\/10\/10.png 555w, https:\/\/pb.edu.pl\/strategia-spolecznej-odpowiedzialnosci\/wp-content\/uploads\/sites\/111\/2024\/10\/10-300x138.png 300w\" sizes=\"auto, (max-width: 555px) 100vw, 555px\" \/><br \/>\nSzanujesz swoj\u0105 prac\u0119?<\/p>\n<div id=\"more10\" class=\"collapse\">\n<p>Szanuj tak\u017ce cudz\u0105. Kto\u015b si\u0119 napracowa\u0142 nad danym zdj\u0119ciem czy tekstem. Nie kradnij cudzej w\u0142asno\u015bci intelektualnej, zawsze wskazuj autora lub link do \u017ar\u00f3d\u0142a, z kt\u00f3rego korzystasz.<\/p>\n<\/div>\n<p><a class=\"link\" role=\"button\" href=\"#more10\" data-toggle=\"collapse\"><span class=\"more\">Zobacz wi\u0119cej<\/span><span class=\"less\">Zobacz mniej<\/span><\/a><\/p>\n<\/div>\n<div class=\"col-sm-6\"><img loading=\"lazy\" decoding=\"async\" class=\"aligncenter size-full wp-image-2346\" src=\"https:\/\/pb.edu.pl\/strategia-spolecznej-odpowiedzialnosci\/wp-content\/uploads\/sites\/111\/2024\/10\/11.png\" alt=\"11 - wszystko z umiarem\" width=\"555\" height=\"255\" srcset=\"https:\/\/pb.edu.pl\/strategia-spolecznej-odpowiedzialnosci\/wp-content\/uploads\/sites\/111\/2024\/10\/11.png 555w, https:\/\/pb.edu.pl\/strategia-spolecznej-odpowiedzialnosci\/wp-content\/uploads\/sites\/111\/2024\/10\/11-300x138.png 300w\" sizes=\"auto, (max-width: 555px) 100vw, 555px\" \/><br \/>\nMiej wyczucie.<\/p>\n<div id=\"more11\" class=\"collapse\">\n<p>Czasami warto zako\u0144czy\u0107 dyskusj\u0119 nim osi\u0105gnie stopie\u0144 wrzenia. Nie zawsze musisz mie\u0107 ostatnie s\u0142owo. We\u017a dwa g\u0142\u0119bokie wdechy, policz do dziesi\u0119ciu, och\u0142o\u0144. Lub po prostu wy\u0142\u0105cz internet. \u015awiat offline oferuje du\u017co wi\u0119cej wra\u017ce\u0144.<\/p>\n<\/div>\n<p><a class=\"link\" role=\"button\" href=\"#more11\" data-toggle=\"collapse\"><span class=\"more\">Zobacz wi\u0119cej<\/span><span class=\"less\">Zobacz mniej<\/span><\/a><\/p>\n<\/div>\n<\/div>\n<p>&nbsp;<\/p>\n<div class=\"h4\">Je\u015bli widzisz, \u017ce kto\u015b ra\u017c\u0105co \u0142amie te zasady \u2013 mo\u017cesz zg\u0142osi\u0107 je administratorowi naszych medi\u00f3w spo\u0142eczno\u015bciowych, pisz\u0105c wiadomo\u015b\u0107 na maila: <i class=\"fal fa-envelope\"><\/i> <a href=\"#\" rel=\"nofollow\"  onclick=\"this.href='mailto:' + 'biuroprasowe' + '@' + 'pb.edu.pl'\">biuroprasowe [at] pb.edu.pl<\/a>.<\/div>\n<div class=\"h4\">Internet to wspania\u0142a kopalnia wiedzy, inspiracji, wymiany my\u015bli. Korzystajmy z sieci rozs\u0105dnie. Dbajmy o mark\u0119 Politechniki Bia\u0142ostockiej i promujmy osi\u0105gni\u0119cia naszych student\u00f3w oraz pracownik\u00f3w. Nasza praca, \u015bwietne projekty i pomys\u0142y zas\u0142uguj\u0105 na rozg\u0142os. Komunikujmy si\u0119 z szacunkiem, otwarto\u015bci\u0105 i \u017cyczliwo\u015bci\u0105. \u0141\u0105czy nas PB.<\/div>\n","protected":false},"excerpt":{"rendered":"<p>Co to jest Netykieta? Netykieta (ang. netiquette, zbitka wyrazowa: net &#8211; z ang. sie\u0107 i<\/p>\n","protected":false},"author":2,"featured_media":0,"parent":0,"menu_order":0,"comment_status":"closed","ping_status":"closed","template":"templates\/dzial.php","meta":{"_acf_changed":false,"ngg_post_thumbnail":0,"footnotes":""},"class_list":["post-2318","page","type-page","status-publish","hentry"],"acf":[],"_links":{"self":[{"href":"https:\/\/pb.edu.pl\/strategia-spolecznej-odpowiedzialnosci\/wp-json\/wp\/v2\/pages\/2318","targetHints":{"allow":["GET"]}}],"collection":[{"href":"https:\/\/pb.edu.pl\/strategia-spolecznej-odpowiedzialnosci\/wp-json\/wp\/v2\/pages"}],"about":[{"href":"https:\/\/pb.edu.pl\/strategia-spolecznej-odpowiedzialnosci\/wp-json\/wp\/v2\/types\/page"}],"author":[{"embeddable":true,"href":"https:\/\/pb.edu.pl\/strategia-spolecznej-odpowiedzialnosci\/wp-json\/wp\/v2\/users\/2"}],"replies":[{"embeddable":true,"href":"https:\/\/pb.edu.pl\/strategia-spolecznej-odpowiedzialnosci\/wp-json\/wp\/v2\/comments?post=2318"}],"version-history":[{"count":0,"href":"https:\/\/pb.edu.pl\/strategia-spolecznej-odpowiedzialnosci\/wp-json\/wp\/v2\/pages\/2318\/revisions"}],"wp:attachment":[{"href":"https:\/\/pb.edu.pl\/strategia-spolecznej-odpowiedzialnosci\/wp-json\/wp\/v2\/media?parent=2318"}],"curies":[{"name":"wp","href":"https:\/\/api.w.org\/{rel}","templated":true}]}}