{"id":2235,"date":"2023-09-19T22:48:03","date_gmt":"2023-09-19T20:48:03","guid":{"rendered":"https:\/\/pb.edu.pl\/strategia-spolecznej-odpowiedzialnosci\/?page_id=2235"},"modified":"2023-09-20T08:20:05","modified_gmt":"2023-09-20T06:20:05","slug":"cele-strategiczne","status":"publish","type":"page","link":"https:\/\/pb.edu.pl\/strategia-spolecznej-odpowiedzialnosci\/cele-strategiczne\/","title":{"rendered":"Cele strategiczne"},"content":{"rendered":"<div class=\"h2\">Cele strategiczne Strategii nawi\u0105zuj\u0105ce do Cel\u00f3w Zr\u00f3wnowa\u017conego Rozwoju ONZ<\/div>\n<p>Strategia Spo\u0142ecznej Odpowiedzialno\u015bci Politechniki Bia\u0142ostockiej, nawi\u0105zuje do Strategii Rozwoju Politechniki Bia\u0142ostockiej na lata 2021\u20132024 z perspektyw\u0105 przed\u0142u\u017cenia do 2030 przyj\u0119tej Uchwa\u0142\u0105 Senatu Politechniki Bia\u0142ostockiej nr 33\/IV\/XVI\/2020 19 listopada 2020 roku. Jest dokumentem sp\u00f3jnym z Planem dzia\u0142a\u0144 r\u00f3wno\u015bciowych Politechniki Bia\u0142ostockiej na lata 2022\u20132024 oraz strategi\u0105 \u201eMoja Zielona Politechnika\u201d.<\/p>\n<div class=\"h2\">G\u0142\u00f3wne cele strategiczne Politechniki Bia\u0142ostockiej:<\/div>\n<ol>\n<li>Wiod\u0105cy o\u015brodek naukowy<\/li>\n<li>Nowoczesna jednostka dydaktyczna<\/li>\n<li>Skutecznie zarz\u0105dzana i przyjazna organizacja<\/li>\n<li>Korzystne relacje z otoczeniem.<\/li>\n<\/ol>\n<p>Strategia Spo\u0142ecznej Odpowiedzialno\u015bci Uczelni jest jednym z cel\u00f3w operacyjnych realizowanych w ramach Strategii Rozwoju Uczelni na lata 2021\u20132024 z perspektyw\u0105 przed\u0142u\u017cenia do 2030 r. Strategiczne cele spo\u0142eczne realizowane s\u0105 w zgodzie z globalnymi celami zr\u00f3wnowa\u017conego rozwoju ONZ: nr 4 &#8211; dobra jako\u015b\u0107 edukacji, nr 6 \u2013 czysta woda i warunki sanitarne, nr 8 \u2013 wzrost gospodarczy i godna praca, nr 7 &#8211; czysta i dost\u0119pna energia, nr 9 \u2013 innowacyjno\u015b\u0107, przemys\u0142, infrastruktura, nr 10 \u2013 mniej nier\u00f3wno\u015bci, nr 11 \u2013 zr\u00f3wnowa\u017cone miasta i spo\u0142eczno\u015bci, nr 13 \u2013 dzia\u0142ania w dziedzinie klimatu, nr 5 \u2013 r\u00f3wno\u015b\u0107 p\u0142ci, nr 3 \u2013 dobre zdrowie i jako\u015b\u0107 \u017cycia oraz nr 17 \u2013 partnerstwa na rzecz cel\u00f3w.<\/p>\n<p><strong>Cele zr\u00f3wnowa\u017conego rozwoju ONZ s\u0105 realizowane poprzez cele strategiczne przyj\u0119te w Strategii Spo\u0142ecznej Odpowiedzialno\u015bci Politechniki Bia\u0142ostockiej:<\/strong><\/p>\n<ul>\n<li>nr 4 \u2013 dobra jako\u015b\u0107 edukacji (odpowiadaj\u0105 za realizacj\u0119 Cele: (1) Spo\u0142ecznie odpowiedzialne i nowoczesne nauczanie, (2) Profesjonalizm i wysokiej jako\u015bci kszta\u0142cenie)<\/li>\n<li>nr 8 \u2013 wzrost gospodarczy i godna praca (odpowiada za realizacj\u0119 Cel: (1) \u0141ad, bezpiecze\u0144stwo i godne warunki pracy, etyka zawodowa, wzrost kompetencji i rozwoju pracownik\u00f3w)<\/li>\n<li>nr 7 &#8211; czysta i dost\u0119pna energia (odpowiada za realizacj\u0119 Cel: (1) Nowoczesne, etyczne i przyjazne \u015brodowisku zarz\u0105dzanie Politechnik\u0105 Bia\u0142ostock\u0105)<\/li>\n<li>nr 9 \u2013 innowacyjno\u015b\u0107, przemys\u0142, infrastruktura (odpowiadaj\u0105 za realizacj\u0119 Cele: (1) Odpowiedzialne spo\u0142ecznie badania naukowe, (2) Ci\u0105g\u0142o\u015b\u0107 rozwoju wsp\u00f3\u0142pracy z interesariuszami zewn\u0119trznymi)<\/li>\n<li>nr 10 \u2013 mniej nier\u00f3wno\u015bci (odpowiadaj\u0105 za realizacj\u0119 Cele: (1) Innowacyjno\u015b\u0107 i umi\u0119dzynarodowienie ekosystemu zr\u00f3wnowa\u017conej przedsi\u0119biorczo\u015bci, (2) Zr\u00f3wnowa\u017cony rozw\u00f3j zr\u00f3\u017cnicowanej wsp\u00f3lnoty)<\/li>\n<li>nr 5 \u2013 r\u00f3wno\u015b\u0107 p\u0142ci (odpowiada za realizacj\u0119 Cel: (1) Zr\u00f3wnowa\u017cony rozw\u00f3j zr\u00f3\u017cnicowanej wsp\u00f3lnoty)<\/li>\n<li>nr 3 \u2013 dobre zdrowie i jako\u015b\u0107 \u017cycia (odpowiada za realizacj\u0119 Cel: (1) Zr\u00f3wnowa\u017cony rozw\u00f3j zr\u00f3\u017cnicowanej wsp\u00f3lnoty)<\/li>\n<li>nr 17 \u2013 partnerstwa na rzecz cel\u00f3w (odpowiada za realizacj\u0119 Cel: (1) Innowacyjno\u015b\u0107 i umi\u0119dzynarodowienie ekosystemu zr\u00f3wnowa\u017conej przedsi\u0119biorczo\u015bci).<\/li>\n<\/ul>\n","protected":false},"excerpt":{"rendered":"<p>Cele strategiczne Strategii nawi\u0105zuj\u0105ce do Cel\u00f3w Zr\u00f3wnowa\u017conego Rozwoju ONZ Strategia Spo\u0142ecznej Odpowiedzialno\u015bci Politechniki Bia\u0142ostockiej, nawi\u0105zuje<\/p>\n","protected":false},"author":2,"featured_media":0,"parent":0,"menu_order":0,"comment_status":"closed","ping_status":"closed","template":"","meta":{"_acf_changed":false,"ngg_post_thumbnail":0,"footnotes":""},"class_list":["post-2235","page","type-page","status-publish","hentry"],"acf":[],"_links":{"self":[{"href":"https:\/\/pb.edu.pl\/strategia-spolecznej-odpowiedzialnosci\/wp-json\/wp\/v2\/pages\/2235","targetHints":{"allow":["GET"]}}],"collection":[{"href":"https:\/\/pb.edu.pl\/strategia-spolecznej-odpowiedzialnosci\/wp-json\/wp\/v2\/pages"}],"about":[{"href":"https:\/\/pb.edu.pl\/strategia-spolecznej-odpowiedzialnosci\/wp-json\/wp\/v2\/types\/page"}],"author":[{"embeddable":true,"href":"https:\/\/pb.edu.pl\/strategia-spolecznej-odpowiedzialnosci\/wp-json\/wp\/v2\/users\/2"}],"replies":[{"embeddable":true,"href":"https:\/\/pb.edu.pl\/strategia-spolecznej-odpowiedzialnosci\/wp-json\/wp\/v2\/comments?post=2235"}],"version-history":[{"count":0,"href":"https:\/\/pb.edu.pl\/strategia-spolecznej-odpowiedzialnosci\/wp-json\/wp\/v2\/pages\/2235\/revisions"}],"wp:attachment":[{"href":"https:\/\/pb.edu.pl\/strategia-spolecznej-odpowiedzialnosci\/wp-json\/wp\/v2\/media?parent=2235"}],"curies":[{"name":"wp","href":"https:\/\/api.w.org\/{rel}","templated":true}]}}